{"id":109,"date":"2024-06-14T13:19:17","date_gmt":"2024-06-14T11:19:17","guid":{"rendered":"https:\/\/semmelweis.hu\/mintahonlap\/?page_id=109"},"modified":"2024-11-20T13:59:24","modified_gmt":"2024-11-20T12:59:24","slug":"segedanyagok","status":"publish","type":"page","link":"https:\/\/semmelweis.hu\/mintahonlap\/bevezetes\/segedanyagok\/","title":{"rendered":"Seg\u00e9danyagok"},"content":{"rendered":"<h3>Szerkeszt\u00e9si gyakorlatokhoz aj\u00e1nlott sz\u00f6vegmint\u00e1k (Lorem Ipsum)<\/h3>\n<p>Kattintson <a href=\"https:\/\/www.lipsum.com\/feed\/html\" target=\"_blank\" rel=\"noopener\">erre a linkre<\/a> majd az \u00faj f\u00fclben megny\u00edl\u00f3 weboldalr\u00f3l a Lorem Ipsum c\u00edmsor ut\u00e1n m\u00e1solja ki azt a sz\u00f6vegm\u00e9retet (annyi bekezd\u00e9st), amely az aktu\u00e1lis feladathoz ide\u00e1lis az \u00d6n sz\u00e1m\u00e1ra.<\/p>\n<h3>Gyakorl\u00e1shoz szabadon felhaszn\u00e1lhat\u00f3 k\u00e9pek<\/h3>\n<p>Amennyiben nem rendelkezik az egyes l\u00e9p\u00e9sek elv\u00e9gz\u00e9s\u00e9hez sz\u00fcks\u00e9ges k\u00e9pekkel, \u00fagy az al\u00e1bbi gal\u00e9ri\u00e1ban tal\u00e1lhat\u00f3 f\u00e1jlokat b\u00e1tran haszn\u00e1lhatja. Azok a Semmelweis arch\u00edvum r\u00e9szei, \u00edgy felhaszn\u00e1l\u00e1suk semmif\u00e9le probl\u00e9m\u00e1ba nem \u00fctk\u00f6zik.<\/p>\n\r\n        [slb_exclude]\r\n        <div class=\"row galeria-wrapper mx-0 h-auto\">\r\n            <div class=\"col-9 pl-0 pr-2\">\r\n            <span class=\"gallery-item frame\">\r\n\t\t\t\t<div class=\"galeria-left-img\"><a href=\"https:\/\/semmelweis.hu\/mintahonlap\/files\/2024\/06\/RS101147_IMG_0704-scr.jpg\"><img src=https:\/\/semmelweis.hu\/mintahonlap\/files\/2024\/06\/RS101147_IMG_0704-scr.jpg  \r\n                            alt=\"\" \r\n                            class=\"attachment-sote-gallery-big size-sote-gallery-big\" \r\n                            srcset=\"https:\/\/semmelweis.hu\/mintahonlap\/files\/2024\/06\/RS101147_IMG_0704-scr-400x267.jpg 400w, https:\/\/semmelweis.hu\/mintahonlap\/files\/2024\/06\/RS101147_IMG_0704-scr-1024x683.jpg 1024w, https:\/\/semmelweis.hu\/mintahonlap\/files\/2024\/06\/RS101147_IMG_0704-scr-768x512.jpg 768w, https:\/\/semmelweis.hu\/mintahonlap\/files\/2024\/06\/RS101147_IMG_0704-scr-753x502.jpg 753w, https:\/\/semmelweis.hu\/mintahonlap\/files\/2024\/06\/RS101147_IMG_0704-scr-203x135.jpg 203w, https:\/\/semmelweis.hu\/mintahonlap\/files\/2024\/06\/RS101147_IMG_0704-scr.jpg 1200w\" ><\/a><\/div>\r\n            <\/span>\r\n\r\n            <\/div>\r\n\r\n\t\t\t<div class=\"col-3 pl-0 pr-0\">\r\n\t\t\t\t<div class=\"galeria-right-img d-flex justify-content-between flex-column h-100 w-100 px-0 mx-0 \">\r\n                <div class=\"galeria-box\">\r\n\t\t\t\t\t<h3 class=\"galeria-title\">Gal\u00e9ria<\/h3>\r\n\t\t\t\t\t<div class=\"galeria-subtitle\">\r\n\r\n\t\t\t\t\t\t<div class=\"galeria-page-counter\"><span>14<\/span>k\u00e9p<\/div>\r\n                    <\/div> <\/div>\r\n                    <span class=\"gallery-item frame d-none d-md-flex\">\r\n\t\t\t\t\t<div class=\"galeria-small-img mt-0\"><a href=\"https:\/\/semmelweis.hu\/mintahonlap\/files\/2024\/06\/RS95152_IMG_7050-scr.jpg\"><img src=https:\/\/semmelweis.hu\/mintahonlap\/files\/2024\/06\/RS95152_IMG_7050-scr.jpg \r\n                                alt=\"\"  \r\n                                class=\"attachment-sote-gallery-small size-sote-gallery-small\" \r\n                                srcset=\"https:\/\/semmelweis.hu\/mintahonlap\/files\/2024\/06\/RS95152_IMG_7050-scr-271x400.jpg 271w, https:\/\/semmelweis.hu\/mintahonlap\/files\/2024\/06\/RS95152_IMG_7050-scr.jpg 609w\" ><\/a><\/div>\r\n                    <\/span>\r\n                    <span class=\"gallery-item frame d-none d-md-flex\">\r\n\t\t\t\t\t<div class=\"galeria-small-img mt-0\"><a href=\"https:\/\/semmelweis.hu\/mintahonlap\/files\/2024\/06\/RS72415_IMG_0695-scr.jpg\"><img src=https:\/\/semmelweis.hu\/mintahonlap\/files\/2024\/06\/RS72415_IMG_0695-scr.jpg \r\n                                alt=\"\" \r\n                                class=\"attachment-sote-gallery-small size-sote-gallery-small\" \r\n                                srcset=\"https:\/\/semmelweis.hu\/mintahonlap\/files\/2024\/06\/RS72415_IMG_0695-scr-267x400.jpg 267w, https:\/\/semmelweis.hu\/mintahonlap\/files\/2024\/06\/RS72415_IMG_0695-scr.jpg 600w\" ><\/a><\/div>\r\n                    <\/span>\r\n\r\n                <\/div>\r\n\r\n            <\/div>\r\n\r\n            <span class=\"gallery-item\"><div class=\"hidden\"><a href=\"https:\/\/semmelweis.hu\/mintahonlap\/files\/2024\/06\/RS101141_IMG_0725-scr.jpg\">\r\n        <img src=https:\/\/semmelweis.hu\/mintahonlap\/files\/2024\/06\/RS101141_IMG_0725-scr.jpg alt=\"\" class=\"attachment-sote-gallery-big size-sote-gallery-big\" srcset=\"https:\/\/semmelweis.hu\/mintahonlap\/files\/2024\/06\/RS101141_IMG_0725-scr-262x400.jpg 262w, https:\/\/semmelweis.hu\/mintahonlap\/files\/2024\/06\/RS101141_IMG_0725-scr.jpg 590w\" >\r\n        <\/a><\/div><\/span><span class=\"gallery-item\"><div class=\"hidden\"><a href=\"https:\/\/semmelweis.hu\/mintahonlap\/files\/2024\/06\/RS63731_AG_20170630_0177-scr.jpg\">\r\n        <img src=https:\/\/semmelweis.hu\/mintahonlap\/files\/2024\/06\/RS63731_AG_20170630_0177-scr.jpg alt=\"\" class=\"attachment-sote-gallery-big size-sote-gallery-big\" srcset=\"https:\/\/semmelweis.hu\/mintahonlap\/files\/2024\/06\/RS63731_AG_20170630_0177-scr-267x400.jpg 267w, https:\/\/semmelweis.hu\/mintahonlap\/files\/2024\/06\/RS63731_AG_20170630_0177-scr.jpg 600w\" >\r\n        <\/a><\/div><\/span><span class=\"gallery-item\"><div class=\"hidden\"><a href=\"https:\/\/semmelweis.hu\/mintahonlap\/files\/2024\/06\/RS92880_IMG_8856-scr.jpg\">\r\n        <img src=https:\/\/semmelweis.hu\/mintahonlap\/files\/2024\/06\/RS92880_IMG_8856-scr.jpg alt=\"\" class=\"attachment-sote-gallery-big size-sote-gallery-big\" srcset=\"https:\/\/semmelweis.hu\/mintahonlap\/files\/2024\/06\/RS92880_IMG_8856-scr-400x267.jpg 400w, https:\/\/semmelweis.hu\/mintahonlap\/files\/2024\/06\/RS92880_IMG_8856-scr-1024x683.jpg 1024w, https:\/\/semmelweis.hu\/mintahonlap\/files\/2024\/06\/RS92880_IMG_8856-scr-768x512.jpg 768w, https:\/\/semmelweis.hu\/mintahonlap\/files\/2024\/06\/RS92880_IMG_8856-scr-753x502.jpg 753w, https:\/\/semmelweis.hu\/mintahonlap\/files\/2024\/06\/RS92880_IMG_8856-scr-203x135.jpg 203w, https:\/\/semmelweis.hu\/mintahonlap\/files\/2024\/06\/RS92880_IMG_8856-scr.jpg 1200w\" >\r\n        <\/a><\/div><\/span><span class=\"gallery-item\"><div class=\"hidden\"><a href=\"https:\/\/semmelweis.hu\/mintahonlap\/files\/2024\/06\/RS92742_IMG_9036-scr.jpg\">\r\n        <img src=https:\/\/semmelweis.hu\/mintahonlap\/files\/2024\/06\/RS92742_IMG_9036-scr.jpg alt=\"\" class=\"attachment-sote-gallery-big size-sote-gallery-big\" srcset=\"https:\/\/semmelweis.hu\/mintahonlap\/files\/2024\/06\/RS92742_IMG_9036-scr-400x267.jpg 400w, https:\/\/semmelweis.hu\/mintahonlap\/files\/2024\/06\/RS92742_IMG_9036-scr-1024x683.jpg 1024w, https:\/\/semmelweis.hu\/mintahonlap\/files\/2024\/06\/RS92742_IMG_9036-scr-768x512.jpg 768w, https:\/\/semmelweis.hu\/mintahonlap\/files\/2024\/06\/RS92742_IMG_9036-scr-753x502.jpg 753w, https:\/\/semmelweis.hu\/mintahonlap\/files\/2024\/06\/RS92742_IMG_9036-scr-203x135.jpg 203w, https:\/\/semmelweis.hu\/mintahonlap\/files\/2024\/06\/RS92742_IMG_9036-scr.jpg 1200w\" >\r\n        <\/a><\/div><\/span><span class=\"gallery-item\"><div class=\"hidden\"><a href=\"https:\/\/semmelweis.hu\/mintahonlap\/files\/2024\/06\/RS92829_IMG_8921-scr.jpg\">\r\n        <img src=https:\/\/semmelweis.hu\/mintahonlap\/files\/2024\/06\/RS92829_IMG_8921-scr.jpg alt=\"\" class=\"attachment-sote-gallery-big size-sote-gallery-big\" srcset=\"https:\/\/semmelweis.hu\/mintahonlap\/files\/2024\/06\/RS92829_IMG_8921-scr-400x267.jpg 400w, https:\/\/semmelweis.hu\/mintahonlap\/files\/2024\/06\/RS92829_IMG_8921-scr-1024x683.jpg 1024w, https:\/\/semmelweis.hu\/mintahonlap\/files\/2024\/06\/RS92829_IMG_8921-scr-768x512.jpg 768w, https:\/\/semmelweis.hu\/mintahonlap\/files\/2024\/06\/RS92829_IMG_8921-scr-753x502.jpg 753w, https:\/\/semmelweis.hu\/mintahonlap\/files\/2024\/06\/RS92829_IMG_8921-scr-203x135.jpg 203w, https:\/\/semmelweis.hu\/mintahonlap\/files\/2024\/06\/RS92829_IMG_8921-scr.jpg 1200w\" >\r\n        <\/a><\/div><\/span><span class=\"gallery-item\"><div class=\"hidden\"><a href=\"https:\/\/semmelweis.hu\/mintahonlap\/files\/2024\/06\/RS72211_IMG_9488-scr.jpg\">\r\n        <img src=https:\/\/semmelweis.hu\/mintahonlap\/files\/2024\/06\/RS72211_IMG_9488-scr.jpg alt=\"\" class=\"attachment-sote-gallery-big size-sote-gallery-big\" srcset=\"https:\/\/semmelweis.hu\/mintahonlap\/files\/2024\/06\/RS72211_IMG_9488-scr-267x400.jpg 267w, https:\/\/semmelweis.hu\/mintahonlap\/files\/2024\/06\/RS72211_IMG_9488-scr.jpg 600w\" >\r\n        <\/a><\/div><\/span><span class=\"gallery-item\"><div class=\"hidden\"><a href=\"https:\/\/semmelweis.hu\/mintahonlap\/files\/2024\/06\/RS92741_IMG_9039-scr.jpg\">\r\n        <img src=https:\/\/semmelweis.hu\/mintahonlap\/files\/2024\/06\/RS92741_IMG_9039-scr.jpg alt=\"\" class=\"attachment-sote-gallery-big size-sote-gallery-big\" srcset=\"https:\/\/semmelweis.hu\/mintahonlap\/files\/2024\/06\/RS92741_IMG_9039-scr-400x267.jpg 400w, https:\/\/semmelweis.hu\/mintahonlap\/files\/2024\/06\/RS92741_IMG_9039-scr-1024x683.jpg 1024w, https:\/\/semmelweis.hu\/mintahonlap\/files\/2024\/06\/RS92741_IMG_9039-scr-768x512.jpg 768w, https:\/\/semmelweis.hu\/mintahonlap\/files\/2024\/06\/RS92741_IMG_9039-scr-753x502.jpg 753w, https:\/\/semmelweis.hu\/mintahonlap\/files\/2024\/06\/RS92741_IMG_9039-scr-203x135.jpg 203w, https:\/\/semmelweis.hu\/mintahonlap\/files\/2024\/06\/RS92741_IMG_9039-scr.jpg 1200w\" >\r\n        <\/a><\/div><\/span><span class=\"gallery-item\"><div class=\"hidden\"><a href=\"https:\/\/semmelweis.hu\/mintahonlap\/files\/2024\/06\/RS49354_KA-20160621-KA__2680-scr.jpg\">\r\n        <img src=https:\/\/semmelweis.hu\/mintahonlap\/files\/2024\/06\/RS49354_KA-20160621-KA__2680-scr.jpg alt=\"\" class=\"attachment-sote-gallery-big size-sote-gallery-big\" srcset=\"https:\/\/semmelweis.hu\/mintahonlap\/files\/2024\/06\/RS49354_KA-20160621-KA__2680-scr-267x400.jpg 267w, https:\/\/semmelweis.hu\/mintahonlap\/files\/2024\/06\/RS49354_KA-20160621-KA__2680-scr.jpg 600w\" >\r\n        <\/a><\/div><\/span><span class=\"gallery-item\"><div class=\"hidden\"><a href=\"https:\/\/semmelweis.hu\/mintahonlap\/files\/2024\/06\/RS92796_IMG_8967-scr.jpg\">\r\n        <img src=https:\/\/semmelweis.hu\/mintahonlap\/files\/2024\/06\/RS92796_IMG_8967-scr.jpg alt=\"\" class=\"attachment-sote-gallery-big size-sote-gallery-big\" srcset=\"https:\/\/semmelweis.hu\/mintahonlap\/files\/2024\/06\/RS92796_IMG_8967-scr-400x267.jpg 400w, https:\/\/semmelweis.hu\/mintahonlap\/files\/2024\/06\/RS92796_IMG_8967-scr-1024x683.jpg 1024w, https:\/\/semmelweis.hu\/mintahonlap\/files\/2024\/06\/RS92796_IMG_8967-scr-768x512.jpg 768w, https:\/\/semmelweis.hu\/mintahonlap\/files\/2024\/06\/RS92796_IMG_8967-scr-753x502.jpg 753w, https:\/\/semmelweis.hu\/mintahonlap\/files\/2024\/06\/RS92796_IMG_8967-scr-203x135.jpg 203w, https:\/\/semmelweis.hu\/mintahonlap\/files\/2024\/06\/RS92796_IMG_8967-scr.jpg 1200w\" >\r\n        <\/a><\/div><\/span><span class=\"gallery-item\"><div class=\"hidden\"><a href=\"https:\/\/semmelweis.hu\/mintahonlap\/files\/2024\/06\/RS64936_KA-20170724-IMG_0063-scr.jpg\">\r\n        <img src=https:\/\/semmelweis.hu\/mintahonlap\/files\/2024\/06\/RS64936_KA-20170724-IMG_0063-scr.jpg alt=\"\" class=\"attachment-sote-gallery-big size-sote-gallery-big\" srcset=\"https:\/\/semmelweis.hu\/mintahonlap\/files\/2024\/06\/RS64936_KA-20170724-IMG_0063-scr-400x267.jpg 400w, https:\/\/semmelweis.hu\/mintahonlap\/files\/2024\/06\/RS64936_KA-20170724-IMG_0063-scr-1024x683.jpg 1024w, https:\/\/semmelweis.hu\/mintahonlap\/files\/2024\/06\/RS64936_KA-20170724-IMG_0063-scr-768x512.jpg 768w, https:\/\/semmelweis.hu\/mintahonlap\/files\/2024\/06\/RS64936_KA-20170724-IMG_0063-scr-753x502.jpg 753w, https:\/\/semmelweis.hu\/mintahonlap\/files\/2024\/06\/RS64936_KA-20170724-IMG_0063-scr-203x135.jpg 203w, https:\/\/semmelweis.hu\/mintahonlap\/files\/2024\/06\/RS64936_KA-20170724-IMG_0063-scr.jpg 1200w\" >\r\n        <\/a><\/div><\/span><span class=\"gallery-item\"><div class=\"hidden\"><a href=\"https:\/\/semmelweis.hu\/mintahonlap\/files\/2024\/06\/RS92789_IMG_8975-scr.jpg\">\r\n        <img src=https:\/\/semmelweis.hu\/mintahonlap\/files\/2024\/06\/RS92789_IMG_8975-scr.jpg alt=\"\" class=\"attachment-sote-gallery-big size-sote-gallery-big\" srcset=\"https:\/\/semmelweis.hu\/mintahonlap\/files\/2024\/06\/RS92789_IMG_8975-scr-400x267.jpg 400w, https:\/\/semmelweis.hu\/mintahonlap\/files\/2024\/06\/RS92789_IMG_8975-scr-1024x683.jpg 1024w, https:\/\/semmelweis.hu\/mintahonlap\/files\/2024\/06\/RS92789_IMG_8975-scr-768x512.jpg 768w, https:\/\/semmelweis.hu\/mintahonlap\/files\/2024\/06\/RS92789_IMG_8975-scr-753x502.jpg 753w, https:\/\/semmelweis.hu\/mintahonlap\/files\/2024\/06\/RS92789_IMG_8975-scr-203x135.jpg 203w, https:\/\/semmelweis.hu\/mintahonlap\/files\/2024\/06\/RS92789_IMG_8975-scr.jpg 1200w\" >\r\n        <\/a><\/div><\/span>\r\n            <\/div>\r\n\r\n            [\/slb_exclude]\r\n\t\n<p>&nbsp;<\/p>\n","protected":false},"excerpt":{"rendered":"<p>Szerkeszt\u00e9si gyakorlatokhoz aj\u00e1nlott sz\u00f6vegmint\u00e1k (Lorem Ipsum) Kattintson <a href=\"https:\/\/www.lipsum.com\/feed\/html\" target=\"_blank\" rel=\"noopener\">erre a linkre<\/a> majd az \u00faj f\u00fclben megny\u00edl\u00f3 weboldalr\u00f3l a Lorem Ipsum c\u00edmsor ut\u00e1n m\u00e1solja ki azt a sz\u00f6vegm\u00e9retet (annyi bekezd\u00e9st), amely az aktu\u00e1lis feladathoz ide\u00e1lis az \u00d6n sz\u00e1m\u00e1ra. Gyakorl\u00e1shoz szabadon felhaszn\u00e1lhat\u00f3 k\u00e9pek Amennyiben nem rendelkezik az egyes l\u00e9p\u00e9sek elv\u00e9gz\u00e9s\u00e9hez sz\u00fcks\u00e9ges k\u00e9pekkel, \u00fagy az al\u00e1bbi gal\u00e9ri\u00e1ban tal\u00e1lhat\u00f3 f\u00e1jlokat b\u00e1tran haszn\u00e1lhatja. Azok &hellip;<\/p>\n","protected":false},"author":102160,"featured_media":0,"parent":80,"menu_order":5,"comment_status":"closed","ping_status":"closed","template":"template-fullwidth.php","meta":{"_acf_changed":false,"footnotes":""},"categories":[],"tags":[],"class_list":["post-109","page","type-page","status-publish","hentry"],"acf":[],"publishpress_future_action":{"enabled":false,"date":"1970-01-01 01:00:00","action":"","terms":[],"taxonomy":"","browser_timezone_offset":0},"_links":{"self":[{"href":"https:\/\/semmelweis.hu\/mintahonlap\/wp-json\/wp\/v2\/pages\/109","targetHints":{"allow":["GET"]}}],"collection":[{"href":"https:\/\/semmelweis.hu\/mintahonlap\/wp-json\/wp\/v2\/pages"}],"about":[{"href":"https:\/\/semmelweis.hu\/mintahonlap\/wp-json\/wp\/v2\/types\/page"}],"author":[{"embeddable":true,"href":"https:\/\/semmelweis.hu\/mintahonlap\/wp-json\/wp\/v2\/users\/102160"}],"replies":[{"embeddable":true,"href":"https:\/\/semmelweis.hu\/mintahonlap\/wp-json\/wp\/v2\/comments?post=109"}],"version-history":[{"count":6,"href":"https:\/\/semmelweis.hu\/mintahonlap\/wp-json\/wp\/v2\/pages\/109\/revisions"}],"predecessor-version":[{"id":465,"href":"https:\/\/semmelweis.hu\/mintahonlap\/wp-json\/wp\/v2\/pages\/109\/revisions\/465"}],"up":[{"embeddable":true,"href":"https:\/\/semmelweis.hu\/mintahonlap\/wp-json\/wp\/v2\/pages\/80"}],"wp:attachment":[{"href":"https:\/\/semmelweis.hu\/mintahonlap\/wp-json\/wp\/v2\/media?parent=109"}],"wp:term":[{"taxonomy":"category","embeddable":true,"href":"https:\/\/semmelweis.hu\/mintahonlap\/wp-json\/wp\/v2\/categories?post=109"},{"taxonomy":"post_tag","embeddable":true,"href":"https:\/\/semmelweis.hu\/mintahonlap\/wp-json\/wp\/v2\/tags?post=109"}],"curies":[{"name":"wp","href":"https:\/\/api.w.org\/{rel}","templated":true}]}}