{"id":960,"date":"2014-06-17T14:53:49","date_gmt":"2014-06-17T12:53:49","guid":{"rendered":"http:\/\/semmelweis.hu\/minoseg\/?page_id=960"},"modified":"2025-04-01T13:36:13","modified_gmt":"2025-04-01T11:36:13","slug":"egyetemi-gyogyszertar-gyogyszerugyi-szervezesi-intezet","status":"publish","type":"page","link":"https:\/\/semmelweis.hu\/minoseg\/mir-dokumentacio\/gytk\/egyetemi-gyogyszertar-gyogyszerugyi-szervezesi-intezet\/","title":{"rendered":"Egyetemi Gy\u00f3gyszert\u00e1r, Gy\u00f3gyszer\u00fcgyi Szervez\u00e9si Int\u00e9zet"},"content":{"rendered":"<p><strong>Min\u0151s\u00e9g\u00fcgyi dokumentum &#8211; elj\u00e1r\u00e1s<\/strong><\/p>\n<ul>\n<li><a href=\"https:\/\/semmelweis.hu\/minoseg\/files\/2014\/06\/SE-EGYI-ME-01.doc\" rel=\"noopener\">SE-EGYI-ME-01 &#8211; Az Int\u00e9zet oktat\u00e1si tev\u00e9kenys\u00e9ge<\/a><\/li>\n<\/ul>\n<ul>\n<li><a href=\"https:\/\/semmelweis.hu\/minoseg\/files\/2014\/06\/SE-EGYI-ME-02.doc\" rel=\"noopener\">SE-EGYI-ME-02 &#8211; Az Int\u00e9zet kutat\u00e1si tev\u00e9kenys\u00e9ge<\/a><br \/>\n<a href=\"https:\/\/semmelweis.hu\/minoseg\/files\/2014\/06\/SE-EGYI-ME-02-A01.doc\" rel=\"noopener\">SE-EGYI-ME-02-A01 &#8211; Tudom\u00e1nyos munkatervek, p\u00e1ly\u00e1zatok \u00e9s ezekkel kapcsolatos jegyz\u0151k\u00f6nyvek, besz\u00e1mol\u00f3k \u00e9s egy\u00e9b iratok nyilv\u00e1ntart\u00f3 lapja<br \/>\n<\/a><a href=\"https:\/\/semmelweis.hu\/minoseg\/files\/2014\/06\/SE-EGYI-ME-02-A02.doc\" rel=\"noopener\">SE-EGYI-ME-02-A02 &#8211; Tudom\u00e1nyos kiadv\u00e1ny nyilv\u00e1ntart\u00f3 lapja<\/a><br \/>\n<a href=\"https:\/\/semmelweis.hu\/minoseg\/files\/2014\/06\/SE-EGYI-ME-02-A03.doc\" rel=\"noopener\">SE-EGYI-ME-02-A03 &#8211; \u00d6sszefoglal\u00f3 t\u00e1bl\u00e1zat az int\u00e9zetben t\u00f6rt\u00e9n\u0151 kutat\u00e1si munk\u00e1kr\u00f3l<\/a><\/li>\n<\/ul>\n<p><strong>Min\u0151s\u00e9g\u00fcgyi dokumentum &#8211; Egys\u00e9gszint\u0171 M\u0171k\u00f6d\u00e9si Szab\u00e1lyzat<\/strong><\/p>\n<ul>\n<li><a href=\"https:\/\/semmelweis.hu\/minoseg\/files\/2014\/06\/SE-EGYI-GP-EMSZ.doc\" rel=\"noopener\">SE-EGYI-GP-EMSZ &#8211; Gazdas\u00e1gi, P\u00e9nz\u00fcgyi Oszt\u00e1ly \u00e9s Titk\u00e1rs\u00e1g Egys\u00e9gszint\u0171 M\u0171k\u00f6d\u00e9si Szab\u00e1lyzat<\/a><br \/>\n<a href=\"https:\/\/semmelweis.hu\/minoseg\/files\/2014\/06\/SE-EGYI-GP-EMSZ-M01.doc\" rel=\"noopener\">SE-EGYI-GP-EMSZ-M01 &#8211; Munkautas\u00edt\u00e1sok list\u00e1ja<br \/>\n<\/a><a href=\"https:\/\/semmelweis.hu\/minoseg\/files\/2014\/06\/SE-EGYI-GP-EMSZ-M02.xls\" rel=\"noopener\">SE-EGYI-GP-EMSZ-M02 &#8211; A klinikai gy\u00f3gyszerfelel\u0151s\u00f6k el\u00e9rhet\u0151s\u00e9gei<\/a><\/li>\n<\/ul>\n<ul>\n<li><a href=\"https:\/\/semmelweis.hu\/minoseg\/files\/2014\/06\/SE-EGYI-KGYO-EMSZ.doc\" rel=\"noopener\">SE-EGYI-KGYO-EMSZ &#8211; Gy\u00e1ri Gy\u00f3gyszerek \u00e9s Alapanyag Oszt\u00e1ly Egys\u00e9gszint\u0171 M\u0171k\u00f6d\u00e9si Szab\u00e1lyzat<\/a><br \/>\n<a href=\"https:\/\/semmelweis.hu\/minoseg\/files\/2014\/06\/SE-EGYI-KGYO-EMSZ-M01.doc\" rel=\"noopener\">SE-EGYI-KGYO-EMSZ-M01 &#8211; Munkautas\u00edt\u00e1sok list\u00e1ja<\/a><\/li>\n<\/ul>\n<ul>\n<li><a href=\"https:\/\/semmelweis.hu\/minoseg\/files\/2014\/06\/SE-EGYI-GYT-EMSZ.doc\" rel=\"noopener\">SE-EGYI-GYT-EMSZ &#8211; Gy\u00f3gyszertechnol\u00f3giai Oszt\u00e1ly \u00e9s Gy\u00f3gyszerellen\u0151rz\u00e9si Oszt\u00e1ly Egys\u00e9gszint\u0171 M\u0171k\u00f6d\u00e9si Szab\u00e1lyzat<\/a><br \/>\n<a href=\"https:\/\/semmelweis.hu\/minoseg\/files\/2014\/06\/SE-EGYI-GYT-EMSZ-M01.doc\" rel=\"noopener\">SE-EGYI-GYT-EMSZ-M01 &#8211; Munkautas\u00edt\u00e1sok list\u00e1ja<\/a><\/li>\n<\/ul>\n<ul>\n<li><a href=\"https:\/\/semmelweis.hu\/minoseg\/files\/2023\/05\/SE-EGYI-VSZEK-EMSZ-2020-09-02.pdf\">SE-EGYI-VSZEK-EMSZ &#8211; V\u00e1rosmajori Sz\u00edv- \u00e9s \u00c9rgy\u00f3gy\u00e1szati Klinika Int\u00e9zeti Gy\u00f3gyszert\u00e1ri R\u00e9szleg Egys\u00e9gszint\u0171 M\u0171k\u00f6d\u00e9si Szab\u00e1lyzat<\/a><\/li>\n<\/ul>\n<ul>\n<li><a href=\"https:\/\/semmelweis.hu\/minoseg\/files\/2014\/06\/SE-EGYI-KUT-EMSZ.doc\" rel=\"noopener\"> SE-EGYI-KUT-EMSZ &#8211; K\u00fatv\u00f6lgyi Klinikai T\u00f6mb Egys\u00e9gszint\u0171 M\u0171k\u00f6d\u00e9si Szab\u00e1lyzat<\/a><\/li>\n<\/ul>\n","protected":false},"excerpt":{"rendered":"<p>Min\u0151s\u00e9g\u00fcgyi dokumentumok.<\/p>\n","protected":false},"author":326,"featured_media":0,"parent":155,"menu_order":1,"comment_status":"closed","ping_status":"closed","template":"","meta":{"_acf_changed":false,"footnotes":""},"categories":[],"tags":[],"class_list":["post-960","page","type-page","status-publish","hentry"],"acf":[],"_links":{"self":[{"href":"https:\/\/semmelweis.hu\/minoseg\/wp-json\/wp\/v2\/pages\/960","targetHints":{"allow":["GET"]}}],"collection":[{"href":"https:\/\/semmelweis.hu\/minoseg\/wp-json\/wp\/v2\/pages"}],"about":[{"href":"https:\/\/semmelweis.hu\/minoseg\/wp-json\/wp\/v2\/types\/page"}],"author":[{"embeddable":true,"href":"https:\/\/semmelweis.hu\/minoseg\/wp-json\/wp\/v2\/users\/326"}],"replies":[{"embeddable":true,"href":"https:\/\/semmelweis.hu\/minoseg\/wp-json\/wp\/v2\/comments?post=960"}],"version-history":[{"count":10,"href":"https:\/\/semmelweis.hu\/minoseg\/wp-json\/wp\/v2\/pages\/960\/revisions"}],"predecessor-version":[{"id":19785,"href":"https:\/\/semmelweis.hu\/minoseg\/wp-json\/wp\/v2\/pages\/960\/revisions\/19785"}],"up":[{"embeddable":true,"href":"https:\/\/semmelweis.hu\/minoseg\/wp-json\/wp\/v2\/pages\/155"}],"wp:attachment":[{"href":"https:\/\/semmelweis.hu\/minoseg\/wp-json\/wp\/v2\/media?parent=960"}],"wp:term":[{"taxonomy":"category","embeddable":true,"href":"https:\/\/semmelweis.hu\/minoseg\/wp-json\/wp\/v2\/categories?post=960"},{"taxonomy":"post_tag","embeddable":true,"href":"https:\/\/semmelweis.hu\/minoseg\/wp-json\/wp\/v2\/tags?post=960"}],"curies":[{"name":"wp","href":"https:\/\/api.w.org\/{rel}","templated":true}]}}