{"id":9122,"date":"2018-11-20T11:40:57","date_gmt":"2018-11-20T10:40:57","guid":{"rendered":"http:\/\/semmelweis.hu\/minoseg\/?page_id=9122"},"modified":"2025-09-16T17:15:36","modified_gmt":"2025-09-16T15:15:36","slug":"propedeutika-tanszek","status":"publish","type":"page","link":"https:\/\/semmelweis.hu\/minoseg\/mir-dokumentacio\/fok\/propedeutika-tanszek\/","title":{"rendered":"Propedeutika Tansz\u00e9k"},"content":{"rendered":"<p><strong>Min\u0151s\u00e9g\u00fcgyi dokumentum &#8211; Egys\u00e9gszint\u0171 M\u0171k\u00f6d\u00e9si Szab\u00e1lyzat<\/strong><\/p>\n<ul>\n<li><a href=\"https:\/\/semmelweis.hu\/minoseg\/files\/2014\/05\/SE-FOK-PROP-EMSZ.doc\" rel=\"noopener noreferrer\">SE-FOK-PROP-EMSZ &#8211; Egys\u00e9gszint\u0171 M\u0171k\u00f6d\u00e9si Szab\u00e1lyzat<\/a><br \/>\n<a href=\"https:\/\/semmelweis.hu\/minoseg\/files\/2014\/05\/SE-FOK-PROP-EMSZ-M01.doc\" rel=\"noopener noreferrer\">SE-FOK-PROP-EMSZ-M01 &#8211; &#8222;F\u00f6ldv\u00e1ri&#8221; terem hallgat\u00f3i lelt\u00e1r<\/a><br \/>\n<a href=\"https:\/\/semmelweis.hu\/minoseg\/files\/2014\/05\/SE-FOK-PROP-EMSZ-M02.doc\" rel=\"noopener noreferrer\">SE-FOK-PROP-EMSZ-M02 &#8211; Hallgat\u00f3i el\u00e9gedetts\u00e9g k\u00e9rd\u0151\u00edv<\/a><br \/>\n<a href=\"https:\/\/semmelweis.hu\/minoseg\/files\/2014\/05\/SE-FOK-PROP-EMSZ-M03.doc\" rel=\"noopener\">SE-FOK-PROP-EMSZ-M03 &#8211; Hallgat\u00f3i H\u00e1zirend<\/a><\/p>\n<\/li>\n<\/ul>\n<p><strong>Min\u0151s\u00e9g\u00fcgyi dokumentum -Elj\u00e1r\u00e1sok<\/strong><\/p>\n<ul>\n<li><a href=\"https:\/\/semmelweis.hu\/minoseg\/files\/2023\/11\/SE-FOK-PROP-ME-01-2024-01-01.docx\">SE-FOK-PROP-ME-01 &#8211; Oktat\u00e1si tev\u00e9kenys\u00e9g elj\u00e1r\u00e1s<\/a><br \/>\n<a href=\"https:\/\/semmelweis.hu\/minoseg\/files\/2023\/11\/SE-FOK-PROP-ME-01-2024-01-01.pdf\">SE-FOK-PROP-ME-01 &#8211; fedlap<\/a><\/li>\n<\/ul>\n","protected":false},"excerpt":{"rendered":"<p>Min\u0151s\u00e9g\u00fcgyi dokumentumok.<\/p>\n","protected":false},"author":326,"featured_media":0,"parent":151,"menu_order":10,"comment_status":"closed","ping_status":"closed","template":"","meta":{"_acf_changed":false,"footnotes":""},"categories":[],"tags":[],"class_list":["post-9122","page","type-page","status-publish","hentry"],"acf":[],"_links":{"self":[{"href":"https:\/\/semmelweis.hu\/minoseg\/wp-json\/wp\/v2\/pages\/9122","targetHints":{"allow":["GET"]}}],"collection":[{"href":"https:\/\/semmelweis.hu\/minoseg\/wp-json\/wp\/v2\/pages"}],"about":[{"href":"https:\/\/semmelweis.hu\/minoseg\/wp-json\/wp\/v2\/types\/page"}],"author":[{"embeddable":true,"href":"https:\/\/semmelweis.hu\/minoseg\/wp-json\/wp\/v2\/users\/326"}],"replies":[{"embeddable":true,"href":"https:\/\/semmelweis.hu\/minoseg\/wp-json\/wp\/v2\/comments?post=9122"}],"version-history":[{"count":10,"href":"https:\/\/semmelweis.hu\/minoseg\/wp-json\/wp\/v2\/pages\/9122\/revisions"}],"predecessor-version":[{"id":19771,"href":"https:\/\/semmelweis.hu\/minoseg\/wp-json\/wp\/v2\/pages\/9122\/revisions\/19771"}],"up":[{"embeddable":true,"href":"https:\/\/semmelweis.hu\/minoseg\/wp-json\/wp\/v2\/pages\/151"}],"wp:attachment":[{"href":"https:\/\/semmelweis.hu\/minoseg\/wp-json\/wp\/v2\/media?parent=9122"}],"wp:term":[{"taxonomy":"category","embeddable":true,"href":"https:\/\/semmelweis.hu\/minoseg\/wp-json\/wp\/v2\/categories?post=9122"},{"taxonomy":"post_tag","embeddable":true,"href":"https:\/\/semmelweis.hu\/minoseg\/wp-json\/wp\/v2\/tags?post=9122"}],"curies":[{"name":"wp","href":"https:\/\/api.w.org\/{rel}","templated":true}]}}