{"id":9118,"date":"2018-11-20T11:40:05","date_gmt":"2018-11-20T10:40:05","guid":{"rendered":"http:\/\/semmelweis.hu\/minoseg\/?page_id=9118"},"modified":"2025-04-01T13:35:07","modified_gmt":"2025-04-01T11:35:07","slug":"oralis-diagnosztikai-tanszek","status":"publish","type":"page","link":"https:\/\/semmelweis.hu\/minoseg\/mir-dokumentacio\/fok\/oralis-diagnosztikai-tanszek\/","title":{"rendered":"Or\u00e1lis Diagnosztikai Klinika"},"content":{"rendered":"<p><strong>Min\u0151s\u00e9g\u00fcgyi dokumentum &#8211; Egys\u00e9gszint\u0171 m\u0171k\u00f6d\u00e9si szab\u00e1lyzat<\/strong><\/p>\n<ul>\n<li><a href=\"https:\/\/semmelweis.hu\/minoseg\/files\/2014\/05\/SE-FOK-ODT-EMSZ.docx\">SE-FOK-ODT-EMSZ &#8211; Egys\u00e9gszint\u0171 M\u0171k\u00f6d\u00e9si Szab\u00e1lyza<\/a>t<br \/>\n<a href=\"https:\/\/semmelweis.hu\/minoseg\/files\/2014\/05\/SE-FOK-ODT-EMSZ-fedlap.pdf\" target=\"_blank\" rel=\"noopener noreferrer\">SE-FOK-ODT-EMSZ &#8211; fedlap<\/a><br \/>\n<a href=\"https:\/\/semmelweis.hu\/minoseg\/files\/2014\/05\/SE-FOK-ODT-EMSZ-M01.docx\">SE-FOK-ODT-EMSZ-M01 &#8211; Munkautas\u00edt\u00e1sok list\u00e1ja<br \/>\n<\/a><a href=\"https:\/\/semmelweis.hu\/minoseg\/files\/2014\/05\/SE-FOK-ODT-EMSZ-M02.xls\">SE-FOK-ODT-EMSZ-M02 &#8211; Anamn\u00e9zis k\u00e9rd\u0151\u00edv<\/a><\/li>\n<\/ul>\n<p><strong>Min\u0151s\u00e9g\u00fcgyi dokumentum &#8211; Elj\u00e1r\u00e1sok<\/strong><\/p>\n<ul style=\"list-style-type: disc\">\n<li><a href=\"https:\/\/semmelweis.hu\/minoseg\/files\/2022\/10\/SE-FOK-ODT-ME-01-2021-11-10.docx\">SE-FOK-ODT-ME-01 &#8211; Oktat\u00e1si tev\u00e9kenys\u00e9g<\/a><br \/>\n<a href=\"https:\/\/semmelweis.hu\/minoseg\/files\/2022\/10\/SE-FOK-ODT-ME-01-fedlap-2021-11-10.pdf\">SE-FOK-ODT-ME-01 &#8211; fedlap<\/a><br \/>\n<a href=\"https:\/\/semmelweis.hu\/minoseg\/files\/2022\/10\/SE-FOK-ODT-ME-01-M01-2021-11-10.docx\">SE-FOK-ODT-ME-01-M01 &#8211; Gradu\u00e1lis k\u00e9pz\u00e9sben oktatott tant\u00e1rgyak<\/a><\/li>\n<\/ul>\n<ul style=\"list-style-type: disc\">\n<li><a href=\"https:\/\/semmelweis.hu\/minoseg\/files\/2022\/10\/SE-FOK-ODT-ME-02-2021-11-10.docx\">SE-FOK-ODT-ME-02 &#8211; Tudom\u00e1nyos kutat\u00e1si tev\u00e9kenys\u00e9g<\/a><br \/>\n<a href=\"https:\/\/semmelweis.hu\/minoseg\/files\/2022\/10\/SE-FOK-ODT-ME-02-fedlap-2021-11-10.pdf\">SE-FOK-ODT-ME-02 &#8211; fedlap<\/a><\/li>\n<\/ul>\n<p>&nbsp;<\/p>\n","protected":false},"excerpt":{"rendered":"<p>Min\u0151s\u00e9g\u00fcgyi dokumentumok.<\/p>\n","protected":false},"author":326,"featured_media":0,"parent":151,"menu_order":7,"comment_status":"closed","ping_status":"closed","template":"","meta":{"_acf_changed":false,"footnotes":""},"categories":[],"tags":[],"class_list":["post-9118","page","type-page","status-publish","hentry"],"acf":[],"_links":{"self":[{"href":"https:\/\/semmelweis.hu\/minoseg\/wp-json\/wp\/v2\/pages\/9118","targetHints":{"allow":["GET"]}}],"collection":[{"href":"https:\/\/semmelweis.hu\/minoseg\/wp-json\/wp\/v2\/pages"}],"about":[{"href":"https:\/\/semmelweis.hu\/minoseg\/wp-json\/wp\/v2\/types\/page"}],"author":[{"embeddable":true,"href":"https:\/\/semmelweis.hu\/minoseg\/wp-json\/wp\/v2\/users\/326"}],"replies":[{"embeddable":true,"href":"https:\/\/semmelweis.hu\/minoseg\/wp-json\/wp\/v2\/comments?post=9118"}],"version-history":[{"count":10,"href":"https:\/\/semmelweis.hu\/minoseg\/wp-json\/wp\/v2\/pages\/9118\/revisions"}],"predecessor-version":[{"id":19765,"href":"https:\/\/semmelweis.hu\/minoseg\/wp-json\/wp\/v2\/pages\/9118\/revisions\/19765"}],"up":[{"embeddable":true,"href":"https:\/\/semmelweis.hu\/minoseg\/wp-json\/wp\/v2\/pages\/151"}],"wp:attachment":[{"href":"https:\/\/semmelweis.hu\/minoseg\/wp-json\/wp\/v2\/media?parent=9118"}],"wp:term":[{"taxonomy":"category","embeddable":true,"href":"https:\/\/semmelweis.hu\/minoseg\/wp-json\/wp\/v2\/categories?post=9118"},{"taxonomy":"post_tag","embeddable":true,"href":"https:\/\/semmelweis.hu\/minoseg\/wp-json\/wp\/v2\/tags?post=9118"}],"curies":[{"name":"wp","href":"https:\/\/api.w.org\/{rel}","templated":true}]}}