{"id":9112,"date":"2018-11-20T11:38:55","date_gmt":"2018-11-20T10:38:55","guid":{"rendered":"http:\/\/semmelweis.hu\/minoseg\/?page_id=9112"},"modified":"2025-04-01T13:34:41","modified_gmt":"2025-04-01T11:34:41","slug":"gyermekfogaszati-es-fogszabalyozasi-klinika","status":"publish","type":"page","link":"https:\/\/semmelweis.hu\/minoseg\/mir-dokumentacio\/fok\/gyermekfogaszati-es-fogszabalyozasi-klinika\/","title":{"rendered":"Gyermekfog\u00e1szati \u00e9s Fogszab\u00e1lyoz\u00e1si Klinika"},"content":{"rendered":"<p><strong>Min\u0151s\u00e9g\u00fcgyi dokumentum &#8211; Egys\u00e9gszint\u0171 M\u0171k\u00f6d\u00e9si Szab\u00e1lyzat<\/strong><\/p>\n<ul>\n<li><a href=\"https:\/\/semmelweis.hu\/minoseg\/files\/2014\/05\/SE-FOK-GYER-EMSZ.doc\" rel=\"noopener noreferrer\">SE-FOK-GYER-EMSZ &#8211; Gyermekfog\u00e1szati \u00e9s Fogszab\u00e1lyoz\u00e1si Klinika Egys\u00e9gszint\u0171 M\u0171k\u00f6d\u00e9si Szab\u00e1lyzata<\/a><br \/>\n<a href=\"https:\/\/semmelweis.hu\/minoseg\/files\/2014\/05\/SE-FOK-GYER-EMSZ-M01.doc\" rel=\"noopener noreferrer\">SE-FOK-GYER-EMSZ-M01 &#8211; Munkautas\u00edt\u00e1sok list\u00e1ja<\/a><\/li>\n<\/ul>\n<p><strong>Min\u0151s\u00e9g\u00fcgyi dokumentum &#8211; elj\u00e1r\u00e1s<\/strong><\/p>\n<ul>\n<li><a href=\"https:\/\/semmelweis.hu\/minoseg\/files\/2021\/04\/SE-FOK-GYER-ME-01.docx\">SE-FOK-GYER-ME-01 &#8211; Oktat\u00e1si tev\u00e9kenys\u00e9g-Gradu\u00e1lis k\u00e9pz\u00e9s<\/a><br \/>\n<a href=\"https:\/\/semmelweis.hu\/minoseg\/files\/2021\/04\/SE-FOK-GYER-ME-01-fedlap.pdf\">SE-FOK-GYER-ME-01 &#8211; fedlap<\/a><br \/>\n<a href=\"https:\/\/semmelweis.hu\/minoseg\/files\/2021\/04\/SE-FOK-GYER-ME-01-M01.doc\">SE-FOK-GYER-ME-01-M01 &#8211; A gradu\u00e1lis k\u00e9pz\u00e9s folyamat\u00e1br\u00e1ja<\/a><\/li>\n<\/ul>\n<ul>\n<li><a href=\"https:\/\/semmelweis.hu\/minoseg\/files\/2021\/04\/SE-FOK-GYER-ME-02.docx\">SE-FOK-GYER-ME-02 &#8211; Oktat\u00e1si tev\u00e9kenys\u00e9g-Posztgradu\u00e1lis k\u00e9pz\u00e9s<\/a><br \/>\n<a href=\"https:\/\/semmelweis.hu\/minoseg\/files\/2021\/04\/SE-FOK-GYER-ME-02-fedlap.pdf\">SE-FOK-GYER-ME-02 &#8211; fedlap<\/a><br \/>\n<a href=\"https:\/\/semmelweis.hu\/minoseg\/files\/2021\/04\/SE-FOK-GYER-ME-02-M01.doc\">SE-FOK-GYER-ME-02-M01 &#8211; A rezidens k\u00e9pz\u00e9s folyamat\u00e1br\u00e1ja<\/a><\/li>\n<\/ul>\n<ul>\n<li><a href=\"https:\/\/semmelweis.hu\/minoseg\/files\/2022\/11\/SE-FOK-GYER-ME-03.docx\">SE-FOK-GYER-ME-03 &#8211; Tudom\u00e1nyos kutat\u00e1si tev\u00e9kenys\u00e9g<\/a><br \/>\n<a href=\"https:\/\/semmelweis.hu\/minoseg\/files\/2022\/11\/SE-FOK-GYER-ME-03-fedlap.pdf\">SE-FOK-GYER-ME-03 &#8211; fedlap<\/a><\/li>\n<\/ul>\n","protected":false},"excerpt":{"rendered":"<p>Min\u0151s\u00e9g\u00fcgyi dokumentumok.<\/p>\n","protected":false},"author":326,"featured_media":0,"parent":151,"menu_order":5,"comment_status":"closed","ping_status":"closed","template":"","meta":{"_acf_changed":false,"footnotes":""},"categories":[],"tags":[],"class_list":["post-9112","page","type-page","status-publish","hentry"],"acf":[],"_links":{"self":[{"href":"https:\/\/semmelweis.hu\/minoseg\/wp-json\/wp\/v2\/pages\/9112","targetHints":{"allow":["GET"]}}],"collection":[{"href":"https:\/\/semmelweis.hu\/minoseg\/wp-json\/wp\/v2\/pages"}],"about":[{"href":"https:\/\/semmelweis.hu\/minoseg\/wp-json\/wp\/v2\/types\/page"}],"author":[{"embeddable":true,"href":"https:\/\/semmelweis.hu\/minoseg\/wp-json\/wp\/v2\/users\/326"}],"replies":[{"embeddable":true,"href":"https:\/\/semmelweis.hu\/minoseg\/wp-json\/wp\/v2\/comments?post=9112"}],"version-history":[{"count":10,"href":"https:\/\/semmelweis.hu\/minoseg\/wp-json\/wp\/v2\/pages\/9112\/revisions"}],"predecessor-version":[{"id":19759,"href":"https:\/\/semmelweis.hu\/minoseg\/wp-json\/wp\/v2\/pages\/9112\/revisions\/19759"}],"up":[{"embeddable":true,"href":"https:\/\/semmelweis.hu\/minoseg\/wp-json\/wp\/v2\/pages\/151"}],"wp:attachment":[{"href":"https:\/\/semmelweis.hu\/minoseg\/wp-json\/wp\/v2\/media?parent=9112"}],"wp:term":[{"taxonomy":"category","embeddable":true,"href":"https:\/\/semmelweis.hu\/minoseg\/wp-json\/wp\/v2\/categories?post=9112"},{"taxonomy":"post_tag","embeddable":true,"href":"https:\/\/semmelweis.hu\/minoseg\/wp-json\/wp\/v2\/tags?post=9112"}],"curies":[{"name":"wp","href":"https:\/\/api.w.org\/{rel}","templated":true}]}}