{"id":9110,"date":"2018-11-20T11:38:27","date_gmt":"2018-11-20T10:38:27","guid":{"rendered":"http:\/\/semmelweis.hu\/minoseg\/?page_id=9110"},"modified":"2025-04-01T13:34:26","modified_gmt":"2025-04-01T11:34:26","slug":"fogaszati-es-szajsebeszeti-oktato-intezet","status":"publish","type":"page","link":"https:\/\/semmelweis.hu\/minoseg\/mir-dokumentacio\/fok\/fogaszati-es-szajsebeszeti-oktato-intezet\/","title":{"rendered":"Fog\u00e1szati \u00e9s Sz\u00e1jseb\u00e9szeti Oktat\u00f3 Int\u00e9zet"},"content":{"rendered":"<p><strong>Min\u0151s\u00e9g\u00fcgyi dokumentum &#8211; Elj\u00e1r\u00e1sok<\/strong><\/p>\n<ul style=\"list-style-type: disc\">\n<li><a href=\"https:\/\/semmelweis.hu\/minoseg\/files\/2022\/07\/SE-FOK-FSZOI-ME-01.docx\">SE-FOK-FSZOI-ME-01 &#8211; Ir\u00e1nymutat\u00e1s oktat\u00e1si tev\u00e9kenys\u00e9ghez<\/a><br \/>\n<a href=\"https:\/\/semmelweis.hu\/minoseg\/files\/2022\/07\/SE-FOK-FSZOI-ME-01-fedlap.pdf\">SE-FOK-FSZOI-ME-01 &#8211; fedlap<\/a><\/li>\n<li><a href=\"https:\/\/semmelweis.hu\/minoseg\/files\/2022\/07\/SE-FOK-FSZOI-ME-02.docx\">SE-FOK-FSZOI-ME-02 &#8211; Tudom\u00e1nyos kutat\u00e1si tev\u00e9kenys\u00e9g<\/a><br \/>\n<a href=\"https:\/\/semmelweis.hu\/minoseg\/files\/2022\/07\/SE-FOK-FSZOI-ME-02-fedlap.pdf\">SE-FOK-FSZOI-ME-02 &#8211; fedlap<\/a><\/li>\n<\/ul>\n<hr \/>\n<p><strong>Min\u0151s\u00e9g\u00fcgyi dokumentum &#8211; Egys\u00e9gszint\u0171 M\u0171k\u00f6d\u00e9si Szab\u00e1lyzat<\/strong><\/p>\n<ul>\n<li><a href=\"https:\/\/semmelweis.hu\/minoseg\/files\/2014\/05\/SE-FOK-FSZOI-FSZ-EMSZ.doc\" rel=\"noopener noreferrer\">SE-FOK-FSZOI-FSZ-EMSZ &#8211; Fogszab\u00e1lyoz\u00e1si Oszt\u00e1ly<\/a><\/li>\n<\/ul>\n<ul>\n<li><a href=\"https:\/\/semmelweis.hu\/minoseg\/files\/2014\/05\/SE-FOK-FSZOI-GAZD-EMSZ.doc\" rel=\"noopener noreferrer\">SE-FOK-FSZOI-GAZD-EMSZ &#8211; Gazdas\u00e1gi-m\u0171szaki Csoport<\/a><\/li>\n<\/ul>\n<ul>\n<li><a href=\"https:\/\/semmelweis.hu\/minoseg\/files\/2014\/05\/SE-FOK-FSZOI-GERO-EMSZ.doc\" rel=\"noopener noreferrer\">SE-FOK-FSZOI-GERO-EMSZ &#8211; Gerostomatol\u00f3giai Oszt\u00e1ly<\/a><\/li>\n<\/ul>\n<ul>\n<li><a href=\"https:\/\/semmelweis.hu\/minoseg\/files\/2014\/05\/SE-FOK-FSZOI-GYER-EMSZ.doc\" rel=\"noopener noreferrer\">SE-FOK-FSZOI-GYER-EMSZ &#8211; Gyermekfog\u00e1szati Oszt\u00e1ly<\/a><\/li>\n<\/ul>\n<ul>\n<li><a href=\"https:\/\/semmelweis.hu\/minoseg\/files\/2018\/01\/SE-FOK-FSZOI-IMPL-EMSZ.docx\">SE-FOK-FSZOI-IMPL-EMSZ &#8211; Implantol\u00f3giai Oszt\u00e1ly<\/a><br \/>\n<a href=\"https:\/\/semmelweis.hu\/minoseg\/files\/2018\/01\/SE-FOK-FSZOI-IMPL-EMSZ-fedlap.pdf\" target=\"_blank\" rel=\"noopener noreferrer\">SE-FOK-FSZOI-IMPL-EMSZ &#8211; fedlap<\/a><br \/>\n<a href=\"https:\/\/semmelweis.hu\/minoseg\/files\/2018\/01\/SE-FOK-FSZOI-IMPL-EMSZ-M01.docx\">SE-FOK-FSZOI-IMPL-EMSZ-M01 &#8211; Folyamat\u00e1bra<\/a><br \/>\n<a href=\"https:\/\/semmelweis.hu\/minoseg\/files\/2018\/01\/SE-FOK-FSZOI-IMPL-EMSZ-M02.docx\">SE-FOK-FSZOI-IMPL-EMSZ-M02 &#8211; Implantol\u00f3giai Team tagjai<\/a><br \/>\n<a href=\"https:\/\/semmelweis.hu\/minoseg\/files\/2018\/01\/SE-FOK-FSZOI-IMPL-EMSZ-M03.docx\">SE-FOK-FSZOI-IMPL-EMSZ-M03 &#8211; Az Implantol\u00f3giai Oszt\u00e1ly folyamatai \u00e9s teend\u0151i az egyes l\u00e9p\u00e9sekn\u00e9l <\/a><br \/>\n<a href=\"https:\/\/semmelweis.hu\/minoseg\/files\/2018\/01\/SE-FOK-FSZOI-IMPL-EMSZ-A01.docx\">SE-FOK-FSZOI-IMPL-EMSZ-A01 &#8211; Betegdokument\u00e1ci\u00f3s adatlapok -Betegt\u00e1j\u00e9koztat\u00f3<\/a><br \/>\n<a href=\"https:\/\/semmelweis.hu\/minoseg\/files\/2018\/01\/SE-FOK-FSZOI-IMPL-EMSZ-A02.doc\">SE-FOK-FSZOI-IMPL-EMSZ-A02 &#8211; Anamn\u00e9zis<\/a><br \/>\n<a href=\"https:\/\/semmelweis.hu\/minoseg\/files\/2018\/01\/SE-FOK-FSZOI-IMPL-EMSZ-A03.doc\">SE-FOK-FSZOI-IMPL-EMSZ-A03 &#8211; Beleegyez\u0151 nyilatkozat<\/a><br \/>\n<a href=\"https:\/\/semmelweis.hu\/minoseg\/files\/2018\/01\/SE-FOK-FSZOI-IMPL-EMSZ-A04.docx\">SE-FOK-FSZOI-IMPL-EMSZ-A04 &#8211; Checklist<\/a><br \/>\n<a href=\"https:\/\/semmelweis.hu\/minoseg\/files\/2018\/01\/SE-FOK-FSZOI-IMPL-EMSZ-A05.doc\">SE-FOK-FSZOI-IMPL-EMSZ-A05 &#8211; T\u00f6rzslap<\/a><br \/>\n<a href=\"https:\/\/semmelweis.hu\/minoseg\/files\/2018\/01\/SE-FOK-FSZOI-IMPL-EMSZ-A06.docx\">SE-FOK-FSZOI-IMPL-EMSZ-A06 &#8211; Kezel\u00e9si terv<\/a><\/li>\n<\/ul>\n<ul>\n<li><a href=\"https:\/\/semmelweis.hu\/minoseg\/files\/2014\/05\/SE-FOK-FSZOI-KONZ-EMSZ.doc\" rel=\"noopener noreferrer\">SE-FOK-FSZOI-KONZ-EMSZ &#8211; Konzerv\u00e1l\u00f3 fog\u00e1szati \u00e9s Fogp\u00f3tl\u00e1stani Oszt\u00e1ly<\/a><\/li>\n<\/ul>\n<ul>\n<li><a href=\"https:\/\/semmelweis.hu\/minoseg\/files\/2014\/05\/SE-FOK-FSZOI-OD-EMSZ.doc\" rel=\"noopener noreferrer\">SE-FOK-FSZOI-OD-EMSZ &#8211; Or\u00e1lis Diagnosztika Oszt\u00e1ly<\/a><\/li>\n<\/ul>\n<ul>\n<li><a href=\"https:\/\/semmelweis.hu\/minoseg\/files\/2014\/05\/SE-FOK-FSZOI-OM-EMSZ.doc\" rel=\"noopener noreferrer\">SE-FOK-FSZOI-OM-EMSZ &#8211; Or\u00e1lis Medicina Oszt\u00e1ly<\/a><\/li>\n<\/ul>\n<ul>\n<li><a href=\"https:\/\/semmelweis.hu\/minoseg\/files\/2014\/05\/SE-FOK-FSZOI-PARO-EMSZ.doc\" rel=\"noopener noreferrer\">SE-FOK-FSZOI-PARO-EMSZ &#8211; Parodontol\u00f3giai Oszt\u00e1ly<\/a><\/li>\n<\/ul>\n<ul>\n<li><a href=\"https:\/\/semmelweis.hu\/minoseg\/files\/2014\/05\/SE-FOK-FSZOI-PREV-EMSZ.doc\" rel=\"noopener noreferrer\">SE-FOK-FSZOI-PREV-EMSZ &#8211; Prevenci\u00f3s Oszt\u00e1ly<\/a><\/li>\n<\/ul>\n<ul>\n<li><a href=\"https:\/\/semmelweis.hu\/minoseg\/files\/2014\/05\/SE-FOK-FSZOI-RAD-EMSZ.doc\" rel=\"noopener noreferrer\">SE-FOK-FSZOI-RAD-EMSZ &#8211; Radiol\u00f3giai Oszt\u00e1ly<\/a><\/li>\n<\/ul>\n<ul>\n<li><a href=\"https:\/\/semmelweis.hu\/minoseg\/files\/2014\/05\/SE-FOK-FSZOI-SURG-EMSZ.doc\" rel=\"noopener noreferrer\">SE-FOK-FSZOI-SURG-EMSZ &#8211; Betegfelv\u00e9teli \u00e9s S\u00fcrg\u0151ss\u00e9gi Oszt\u00e1ly<\/a><\/li>\n<\/ul>\n<ul>\n<li><a href=\"https:\/\/semmelweis.hu\/minoseg\/files\/2014\/05\/SE-FOK-FSZOI-SZS-EMSZ.doc\" rel=\"noopener noreferrer\">SE-FOK-FSZOI-SZS-EMSZ &#8211; Sz\u00e1jseb\u00e9szeti Oszt\u00e1ly<\/a><\/li>\n<\/ul>\n","protected":false},"excerpt":{"rendered":"<p>Min\u0151s\u00e9g\u00fcgyi dokumentumok.<\/p>\n","protected":false},"author":326,"featured_media":0,"parent":151,"menu_order":4,"comment_status":"closed","ping_status":"closed","template":"","meta":{"_acf_changed":false,"footnotes":""},"categories":[],"tags":[],"class_list":["post-9110","page","type-page","status-publish","hentry"],"acf":[],"_links":{"self":[{"href":"https:\/\/semmelweis.hu\/minoseg\/wp-json\/wp\/v2\/pages\/9110","targetHints":{"allow":["GET"]}}],"collection":[{"href":"https:\/\/semmelweis.hu\/minoseg\/wp-json\/wp\/v2\/pages"}],"about":[{"href":"https:\/\/semmelweis.hu\/minoseg\/wp-json\/wp\/v2\/types\/page"}],"author":[{"embeddable":true,"href":"https:\/\/semmelweis.hu\/minoseg\/wp-json\/wp\/v2\/users\/326"}],"replies":[{"embeddable":true,"href":"https:\/\/semmelweis.hu\/minoseg\/wp-json\/wp\/v2\/comments?post=9110"}],"version-history":[{"count":10,"href":"https:\/\/semmelweis.hu\/minoseg\/wp-json\/wp\/v2\/pages\/9110\/revisions"}],"predecessor-version":[{"id":19755,"href":"https:\/\/semmelweis.hu\/minoseg\/wp-json\/wp\/v2\/pages\/9110\/revisions\/19755"}],"up":[{"embeddable":true,"href":"https:\/\/semmelweis.hu\/minoseg\/wp-json\/wp\/v2\/pages\/151"}],"wp:attachment":[{"href":"https:\/\/semmelweis.hu\/minoseg\/wp-json\/wp\/v2\/media?parent=9110"}],"wp:term":[{"taxonomy":"category","embeddable":true,"href":"https:\/\/semmelweis.hu\/minoseg\/wp-json\/wp\/v2\/categories?post=9110"},{"taxonomy":"post_tag","embeddable":true,"href":"https:\/\/semmelweis.hu\/minoseg\/wp-json\/wp\/v2\/tags?post=9110"}],"curies":[{"name":"wp","href":"https:\/\/api.w.org\/{rel}","templated":true}]}}