{"id":9108,"date":"2018-11-20T11:37:34","date_gmt":"2018-11-20T10:37:34","guid":{"rendered":"http:\/\/semmelweis.hu\/minoseg\/?page_id=9108"},"modified":"2025-04-01T13:34:11","modified_gmt":"2025-04-01T11:34:11","slug":"fogpotlastani-klinika","status":"publish","type":"page","link":"https:\/\/semmelweis.hu\/minoseg\/mir-dokumentacio\/fok\/fogpotlastani-klinika\/","title":{"rendered":"Fogp\u00f3tl\u00e1stani Klinika"},"content":{"rendered":"<p><strong>Min\u0151s\u00e9g\u00fcgyi dokumentum &#8211; Elj\u00e1r\u00e1s<\/strong><\/p>\n<ul>\n<li><a href=\"https:\/\/semmelweis.hu\/minoseg\/files\/2021\/11\/SE-FOK-FOGP-ME-01-2021-11-19.docx\">SE-FOK-FOGP-ME-01 &#8211; Oktat\u00e1si tev\u00e9kenys\u00e9g<\/a> <br \/>\n<a href=\"https:\/\/semmelweis.hu\/minoseg\/files\/2021\/11\/SE-FOK-FOGP-ME-01-fedlap.pdf\">SE-FOK-FOGP-ME-01 &#8211; fedlap<\/a><\/li>\n<\/ul>\n<ul>\n<li><a href=\"https:\/\/semmelweis.hu\/minoseg\/files\/2021\/11\/SE-FOK-FOGP-ME-02-2021-11-19.docx\">SE-FOK-FOGP-ME-02 &#8211; Tudom\u00e1nyos kutat\u00e1si tev\u00e9kenys\u00e9g<\/a><br \/>\n<a href=\"https:\/\/semmelweis.hu\/minoseg\/files\/2021\/11\/SE-FOK-FOGP-ME-02-fedlap.pdf\">SE-FOK-FOGP-ME-02 &#8211; fedlap<\/a><\/li>\n<\/ul>\n<ul>\n<li><a href=\"https:\/\/semmelweis.hu\/minoseg\/files\/2022\/03\/SE-FOK-FOGP-ME-03-2022-03-04.docx\">SE-FOK-FOGP-ME-03 &#8211; J\u00e1r\u00f3beteg-ell\u00e1t\u00e1s<\/a><br \/>\n<a href=\"https:\/\/semmelweis.hu\/minoseg\/files\/2022\/03\/SE-FOK-FOGP-ME-03-2022-03-04.pdf\">SE-FOK-FOGP-ME-03 &#8211; fedlap<\/a><\/li>\n<\/ul>\n","protected":false},"excerpt":{"rendered":"<p>Min\u0151s\u00e9g\u00fcgyi dokumentumok.<\/p>\n","protected":false},"author":326,"featured_media":0,"parent":151,"menu_order":3,"comment_status":"closed","ping_status":"closed","template":"","meta":{"_acf_changed":false,"footnotes":""},"categories":[],"tags":[],"class_list":["post-9108","page","type-page","status-publish","hentry"],"acf":[],"_links":{"self":[{"href":"https:\/\/semmelweis.hu\/minoseg\/wp-json\/wp\/v2\/pages\/9108","targetHints":{"allow":["GET"]}}],"collection":[{"href":"https:\/\/semmelweis.hu\/minoseg\/wp-json\/wp\/v2\/pages"}],"about":[{"href":"https:\/\/semmelweis.hu\/minoseg\/wp-json\/wp\/v2\/types\/page"}],"author":[{"embeddable":true,"href":"https:\/\/semmelweis.hu\/minoseg\/wp-json\/wp\/v2\/users\/326"}],"replies":[{"embeddable":true,"href":"https:\/\/semmelweis.hu\/minoseg\/wp-json\/wp\/v2\/comments?post=9108"}],"version-history":[{"count":10,"href":"https:\/\/semmelweis.hu\/minoseg\/wp-json\/wp\/v2\/pages\/9108\/revisions"}],"predecessor-version":[{"id":19757,"href":"https:\/\/semmelweis.hu\/minoseg\/wp-json\/wp\/v2\/pages\/9108\/revisions\/19757"}],"up":[{"embeddable":true,"href":"https:\/\/semmelweis.hu\/minoseg\/wp-json\/wp\/v2\/pages\/151"}],"wp:attachment":[{"href":"https:\/\/semmelweis.hu\/minoseg\/wp-json\/wp\/v2\/media?parent=9108"}],"wp:term":[{"taxonomy":"category","embeddable":true,"href":"https:\/\/semmelweis.hu\/minoseg\/wp-json\/wp\/v2\/categories?post=9108"},{"taxonomy":"post_tag","embeddable":true,"href":"https:\/\/semmelweis.hu\/minoseg\/wp-json\/wp\/v2\/tags?post=9108"}],"curies":[{"name":"wp","href":"https:\/\/api.w.org\/{rel}","templated":true}]}}