{"id":9106,"date":"2018-11-20T11:37:09","date_gmt":"2018-11-20T10:37:09","guid":{"rendered":"http:\/\/semmelweis.hu\/minoseg\/?page_id=9106"},"modified":"2025-04-01T13:33:53","modified_gmt":"2025-04-01T11:33:53","slug":"arc-allcsont-szajsebeszeti-es-fogaszati-klinika","status":"publish","type":"page","link":"https:\/\/semmelweis.hu\/minoseg\/mir-dokumentacio\/fok\/arc-allcsont-szajsebeszeti-es-fogaszati-klinika\/","title":{"rendered":"Arc-\u00c1llcsont-Sz\u00e1jseb\u00e9szeti \u00e9s Fog\u00e1szati Klinika"},"content":{"rendered":"<p><strong>Min\u0151s\u00e9g\u00fcgyi dokumentum &#8211; elj\u00e1r\u00e1s<\/strong><\/p>\n<ul>\n<li><a href=\"https:\/\/semmelweis.hu\/minoseg\/files\/2014\/05\/SE-FOK-ARC-ME-01.doc\" rel=\"noopener noreferrer\">SE-FOK-ARC-ME-01 &#8211; Fekv\u0151beteg-ell\u00e1t\u00e1s fel\u00fcgyelete<\/a><\/li>\n<\/ul>\n<p><strong>Min\u0151s\u00e9g\u00fcgyi dokumentum &#8211; Egys\u00e9gszint\u0171 M\u0171k\u00f6d\u00e9si Szab\u00e1lyzat<\/strong><\/p>\n<ul>\n<li><a href=\"https:\/\/semmelweis.hu\/minoseg\/files\/2014\/05\/SE-FOK-ARC-F-EMSZ.doc\" rel=\"noopener noreferrer\">SE-FOK-ARC-F-EMSZ &#8211; Fekv\u0151beteg Oszt\u00e1ly Egys\u00e9gszint\u0171 M\u0171k\u00f6d\u00e9si Szab\u00e1lyzat<\/a><br \/>\n<a href=\"https:\/\/semmelweis.hu\/minoseg\/files\/2014\/05\/SE-FOK-ARC-F-EMSZ-M01.doc\" rel=\"noopener noreferrer\">SE-FOK-ARC-F-EMSZ-M01 &#8211; Organogram<\/a><\/li>\n<li><a href=\"https:\/\/semmelweis.hu\/minoseg\/files\/2014\/05\/SE-FOK-ARC-J-EMSZ.doc\" rel=\"noopener noreferrer\">SE-FOK-ARC-J-EMSZ &#8211; J\u00e1r\u00f3beteg-r\u00e9szlegek Egys\u00e9gszint\u0171 M\u0171k\u00f6d\u00e9si Szab\u00e1lyzat<\/a><br \/>\n<a href=\"https:\/\/semmelweis.hu\/minoseg\/files\/2014\/05\/SE-FOK-ARC-J-EMSZ-M01.doc\" rel=\"noopener noreferrer\">SE-FOK-ARC-J-EMSZ-M01 &#8211; Betegell\u00e1t\u00e1si ter\u00fclethez tartoz\u00f3 telep\u00fcl\u00e9sek list\u00e1ja<\/a><br \/>\n<a href=\"https:\/\/semmelweis.hu\/minoseg\/files\/2014\/05\/SE-FOK-ARC-J-EMSZ-M02.doc\" rel=\"noopener noreferrer\">SE-FOK-ARC-J-EMSZ-M02 &#8211; Munkautas\u00edt\u00e1sok list\u00e1ja<\/a><\/li>\n<\/ul>\n<ul>\n<li><a href=\"https:\/\/semmelweis.hu\/minoseg\/files\/2014\/05\/SE-FOK-ARC-GAZD-EMSZ.doc\" rel=\"noopener noreferrer\">SE-FOK-ARC-GAZD-EMSZ &#8211; Gazdas\u00e1gi Oszt\u00e1ly Egys\u00e9gszint\u0171 M\u0171k\u00f6d\u00e9si Szab\u00e1lyzat<\/a><\/li>\n<\/ul>\n<ul>\n<li><a href=\"https:\/\/semmelweis.hu\/minoseg\/files\/2014\/05\/SE-FOK-ARC-MUTO-EMSZ.doc\" rel=\"noopener noreferrer\">SE-FOK-ARC-MUTO-EMSZ &#8211; M\u0171t\u0151 r\u00e9szleg Egys\u00e9gszint\u0171 M\u0171k\u00f6d\u00e9si Szab\u00e1lyzat<\/a><\/li>\n<\/ul>\n<ul>\n<li><a href=\"https:\/\/semmelweis.hu\/minoseg\/files\/2014\/05\/SE-FOK-ARC-R-EMSZ.doc\" rel=\"noopener noreferrer\">SE-FOK-ARC-R-EMSZ &#8211; Fog\u00e1szati \u00e9s Sz\u00e1jseb\u00e9szeti Radiol\u00f3gia<\/a><\/li>\n<\/ul>\n","protected":false},"excerpt":{"rendered":"<p>Min\u0151s\u00e9g\u00fcgyi dokumentumok.<\/p>\n","protected":false},"author":326,"featured_media":0,"parent":151,"menu_order":2,"comment_status":"closed","ping_status":"closed","template":"","meta":{"_acf_changed":false,"footnotes":""},"categories":[],"tags":[],"class_list":["post-9106","page","type-page","status-publish","hentry"],"acf":[],"_links":{"self":[{"href":"https:\/\/semmelweis.hu\/minoseg\/wp-json\/wp\/v2\/pages\/9106","targetHints":{"allow":["GET"]}}],"collection":[{"href":"https:\/\/semmelweis.hu\/minoseg\/wp-json\/wp\/v2\/pages"}],"about":[{"href":"https:\/\/semmelweis.hu\/minoseg\/wp-json\/wp\/v2\/types\/page"}],"author":[{"embeddable":true,"href":"https:\/\/semmelweis.hu\/minoseg\/wp-json\/wp\/v2\/users\/326"}],"replies":[{"embeddable":true,"href":"https:\/\/semmelweis.hu\/minoseg\/wp-json\/wp\/v2\/comments?post=9106"}],"version-history":[{"count":10,"href":"https:\/\/semmelweis.hu\/minoseg\/wp-json\/wp\/v2\/pages\/9106\/revisions"}],"predecessor-version":[{"id":19750,"href":"https:\/\/semmelweis.hu\/minoseg\/wp-json\/wp\/v2\/pages\/9106\/revisions\/19750"}],"up":[{"embeddable":true,"href":"https:\/\/semmelweis.hu\/minoseg\/wp-json\/wp\/v2\/pages\/151"}],"wp:attachment":[{"href":"https:\/\/semmelweis.hu\/minoseg\/wp-json\/wp\/v2\/media?parent=9106"}],"wp:term":[{"taxonomy":"category","embeddable":true,"href":"https:\/\/semmelweis.hu\/minoseg\/wp-json\/wp\/v2\/categories?post=9106"},{"taxonomy":"post_tag","embeddable":true,"href":"https:\/\/semmelweis.hu\/minoseg\/wp-json\/wp\/v2\/tags?post=9106"}],"curies":[{"name":"wp","href":"https:\/\/api.w.org\/{rel}","templated":true}]}}