{"id":8,"date":"2012-07-06T09:48:52","date_gmt":"2012-07-06T07:48:52","guid":{"rendered":"http:\/\/semmelweis-egyetem.hu\/kulfoldi-hallgatok-titkarsaga\/?page_id=8"},"modified":"2025-04-15T13:18:09","modified_gmt":"2025-04-15T11:18:09","slug":"minosegiranyitas-ajanlas","status":"publish","type":"page","link":"https:\/\/semmelweis.hu\/minoseg\/minosegiranyitas-ajanlas\/","title":{"rendered":"Aj\u00e1nl\u00e1s"},"content":{"rendered":"<div class=\"keretes w-100\">\n<h6 style=\"text-align: justify\"><span style=\"font-size: 14pt;color: #008c49\">\u201eEgy v\u00e1llalat versenyk\u00e9pess\u00e9g\u00e9t nagyban meghat\u00e1rozza az, amit a c\u00e9gn\u00e9l dolgoz\u00f3k \u00f6sszess\u00e9ge tud, ha k\u00e9pes arra, hogy ezt a tud\u00e1st kell\u0151k\u00e9ppen mozg\u00f3s\u00edtsa.&#8221;<br \/>\n<\/span><em><span style=\"color: #242f62;font-size: 14pt\"><span style=\"color: #008c49\">(Daniel Golemann: \u00c9rzelmi intelligencia a munkahelyen SHL Hungary Kft. Bp. 2002. 420.oldal)<\/span><\/span><\/em><\/h6>\n<\/div>\n<div class=\"responsive-tabs\">\n<h2 class=\"tabtitle\">Aj\u00e1nl\u00e1s<\/h2>\n<div class=\"tabcontent\">\n\n<p>Kedves Munkat\u00e1rsunk!<\/p>\n<p style=\"text-align: justify\">A k\u00f6vetkez\u0151 oldalakon a Min\u0151s\u00e9gbiztos\u00edt\u00e1si Oszt\u00e1ly feladatain kereszt\u00fcl mutatjuk be az Egyetem Min\u0151s\u00e9gir\u00e1ny\u00edt\u00e1si Rendszer\u00e9nek &#8211; <strong>PDCA<\/strong>-elv szerinti &#8211; m\u0171k\u00f6d\u00e9s\u00e9t.<\/p>\n<h6 style=\"text-align: justify\"><span style=\"font-size: 14pt;color: #008c49\">2030-ra a Semmelweis Egyetem Eur\u00f3pa \u00f6t legsikeresebb, a gy\u00f3gy\u00edt\u00f3 tudom\u00e1nyokkal foglalkoz\u00f3 egyetem\u00e9v\u00e9 v\u00e1lik, illetve a vil\u00e1g 28 ezer egyeteme k\u00f6z\u00fcl a legjobb 100 k\u00f6z\u00e9 ker\u00fcl.<\/span><\/h6>\n<p style=\"text-align: justify\">Mit tehetek \u00e9n az Egyetem strat\u00e9giai c\u00e9lj\u00e1nak megval\u00f3s\u00edt\u00e1s\u00e1\u00e9rt?<\/p>\n<ul style=\"list-style-type: circle\">\n<li>A min\u0151s\u00e9get nem k\u00fcl\u00f6n entit\u00e1sk\u00e9nt kezelj\u00fck, hanem a napi munkav\u00e9gz\u00e9s\u00fcnk r\u00e9sz\u00e9v\u00e9 tessz\u00fck.<\/li>\n<\/ul>\n<p style=\"text-align: justify\">Hogyan?<\/p>\n<ul style=\"list-style-type: circle\">\n<li>Munkafolyamataink ell\u00e1t\u00e1s\u00e1hoz ismern\u00fcnk kell, hogy milyen t\u00f6rv\u00e9nyek, rendeletek, egyetemi szab\u00e1lyzatok, el\u0151\u00edr\u00e1sok vonatkoznak r\u00e1nk. Figyelj\u00fck a v\u00e1ltoz\u00e1sokat.<\/li>\n<li>Tanuljunk egym\u00e1st\u00f3l, vegy\u00fck \u00e1t a j\u00f3 p\u00e9ld\u00e1kat, osszuk meg a j\u00f3gyakorlatokat, \u00e9s tanuljunk a hib\u00e1kb\u00f3l is.<\/li>\n<li>Fogalmazzunk egyszer\u0171en, k\u00f6z\u00e9rthet\u0151en, besz\u00e9lj\u00fcnk egy nyelvet.<\/li>\n<\/ul>\n<p style=\"text-align: justify\">Mit tesz a Min\u0151s\u00e9gbiztos\u00edt\u00e1si Oszt\u00e1ly az Egyetem strat\u00e9giai c\u00e9ljainak megval\u00f3s\u00edt\u00e1s\u00e1\u00e9rt?<\/p>\n<ul style=\"list-style-type: circle\">\n<li><a href=\"https:\/\/semmelweis.hu\/minoseg\/feladatok\/iso-navigator\/\" target=\"_blank\" rel=\"noopener\">ISO Navig\u00e1tor<\/a> men\u00fcpontunk folyamatos felt\u00f6lt\u00e9s\u00e9vel az a c\u00e9lunk, hogy a szabv\u00e1ny k\u00f6vetelm\u00e9nyeit egyetemi gyakorlati p\u00e9ld\u00e1kon kereszt\u00fcl mutassuk be, meghivatkozva a vonatkoz\u00f3 egyetemi szab\u00e1lyzatot is.<\/li>\n<li>Kezdem\u00e9nyezz\u00fck egyetemi <a href=\"https:\/\/semmelweis.hu\/minoseg\/feladatok\/jogyakorlatok-az-egyetemen\/\" target=\"_blank\" rel=\"noopener\">J\u00f3gyakorlat<\/a> fel\u00fclet l\u00e9trehoz\u00e1s\u00e1t.<\/li>\n<li><a href=\"https:\/\/semmelweis.hu\/minoseg\/feladatok\/mit-jelent\/\" target=\"_blank\" rel=\"noopener\">Mit jelent?<\/a> men\u00fcpontot hoztunk l\u00e9tre a szabv\u00e1nyokban el\u0151fordul\u00f3 fogalmak magyar\u00e1zat\u00e1val.<\/li>\n<\/ul>\n<p style=\"text-align: justify\">J\u00f3zsef Attil\u00e1t id\u00e9zve: &#8222;&#8230;ez a mi munk\u00e1nk \u00e9s nem is kev\u00e9s.&#8221;<\/p>\n<p style=\"text-align: justify\">Honlapunk folyamatos fejleszt\u00e9s\u00e9hez v\u00e1rjuk Munkat\u00e1rsaink javaslatait, \u00e9szrev\u00e9teleit \u00e9s a hib\u00e1k jelz\u00e9s\u00e9t is.<\/p>\n<p style=\"text-align: justify\">Eredm\u00e9nyes b\u00f6ng\u00e9sz\u00e9st k\u00edv\u00e1nok:<\/p>\n<p>Kov\u00e1csn\u00e9 Sz\u0171cs \u00c9va<br \/>\na honlap szerkeszt\u0151je<\/p>\n\n<\/div><h2 class=\"tabtitle\"><strong>PDCA<\/strong><\/h2>\n<div class=\"tabcontent\">\n\n<p style=\"text-align: justify\">Ez egy probl\u00e9mamegold\u00f3 eszk\u00f6z, a folyamatos fejleszt\u00e9s n\u00e9gyl\u00e9p\u00e9ses k\u00f6rfolyamata. Kidolgoz\u00f3ja Walter A. Shewhart, de a jelenlegi n\u00e9pszer\u0171s\u00e9g\u00e9t <a href=\"https:\/\/hu.wikipedia.org\/wiki\/W._Edwards_Deming\" target=\"_blank\" rel=\"noopener\">W. Edwards Demingnek<\/a><span style=\"font-size: 1rem\"> k\u00f6sz\u00f6nheti. Ez a s\u00e9ma sz\u00e1mos tov\u00e1bbi k\u00f6rfolyamat megalkot\u00e1s\u00e1nak alapja.<\/span><\/p>\n<p style=\"text-align: justify\"><strong>L\u00e9nyege<\/strong> az, ami mindezekben a k\u00f6rfolyamatokban azonos: <strong>a l\u00e9p\u00e9sek pontos meghat\u00e1roz\u00e1sa \u00e9s a folyamatos ism\u00e9tl\u0151d\u00e9s.<\/strong> A n\u00e9gy l\u00e9p\u00e9s a k\u00f6vetkez\u0151:<\/p>\n<p><strong>Plan<\/strong>: A c\u00e9lok \u00e9s teend\u0151k r\u00e9szletes meghat\u00e1roz\u00e1sa.<br \/>\n<strong>Do:<\/strong> A tervek megval\u00f3s\u00edt\u00e1sa.<br \/>\n<strong>Check:<\/strong> Az eredm\u00e9nyek ellen\u0151rz\u00e9se.<br \/>\n<strong>Act:<\/strong> Az elt\u00e9r\u00e9sek korrig\u00e1l\u00e1sa.<\/p>\n\n<\/div><h2 class=\"tabtitle\">K\u00f6vetelm\u00e9ny<\/h2>\n<div class=\"tabcontent\">\n\n<p style=\"text-align: justify\"><span style=\"text-align: justify;font-size: 1rem\">A <\/span><strong style=\"text-align: justify;font-size: 1rem\">nemzetk\u00f6zi szabv\u00e1ny<\/strong><span style=\"text-align: justify;font-size: 1rem\">\u00a0(ISO 9001) arra az esetre hat\u00e1rozza meg a <\/span><strong style=\"text-align: justify;font-size: 1rem\">min\u0151s\u00e9gir\u00e1ny\u00edt\u00e1si rendszerre<\/strong><span style=\"text-align: justify;font-size: 1rem\"> vonatkoz\u00f3 k\u00f6vetelm\u00e9nyeket, amikor egy szervezetnek:<\/span><\/p>\n<ul style=\"list-style-type: circle\">\n<li style=\"text-align: justify\">bizony\u00edtani kell, hogy k\u00e9pes folyamatosan olyan term\u00e9ket sz\u00e1ll\u00edtani, vagy szolg\u00e1ltat\u00e1st ny\u00fajtani, amely megfelel a vev\u0151i, valamint az alkalmazhat\u00f3 jogszab\u00e1lyi \u00e9s egy\u00e9b szab\u00e1lyoz\u00f3 k\u00f6vetelm\u00e9nyeknek, valamint<\/li>\n<li style=\"text-align: justify\">c\u00e9lja a vev\u0151i el\u00e9gedetts\u00e9g n\u00f6vel\u00e9se a rendszer eredm\u00e9nyes alkalmaz\u00e1s\u00e1val, bele\u00e9rtve azokat a folyamatokat, amelyek a rendszer fejleszt\u00e9s\u00e9t \u00e9s a vev\u0151i, valamint az alkalmazhat\u00f3 jogszab\u00e1lyi \u00e9s egy\u00e9b szab\u00e1lyoz\u00f3 k\u00f6vetelm\u00e9nyeknek val\u00f3 megfelel\u0151s\u00e9get szavatolj\u00e1k.<\/li>\n<\/ul>\n\n<\/div><h2 class=\"tabtitle\">Egyetemi<br \/>\nszab\u00e1lyzat<\/h2>\n<div class=\"tabcontent\">\n\n<p><a href=\"https:\/\/semmelweis.hu\/jogigfoig\/dokumentumtar\/szabalyzattar\/szervezeti-es-mukodesi-szabalyzat\/i-konyv-szmr\/\" target=\"_blank\" rel=\"noopener\">Semmelweis Egyetem Szervezeti \u00e9s M\u0171k\u00f6d\u00e9si Szab\u00e1lyzat \u2013 I. K\u00d6NYV Szervezeti \u00e9s M\u0171k\u00f6d\u00e9si Rend \u2013 I.5. R\u00c9SZ Min\u0151s\u00e9gir\u00e1ny\u00edt\u00e1si szab\u00e1lyoz\u00e1s<\/a><\/p>\n<\/div><\/div>\n","protected":false},"excerpt":{"rendered":"<h4 style=\"text-align: justify\"><span style=\"font-size: 20pt;color: #ffffff\">&#8222;A neh\u00e9zs\u00e9g nem is annyira abban rejlik, <\/p>\n<p>hogy \u00faj elk\u00e9pzel\u00e9seket dolgozzunk ki, <\/p>\n<p>ink\u00e1bb abban, hogy mi magunk <\/p>\n<p>megszabaduljunk a r\u00e9giek hat\u00e1sa al\u00f3l.&#8221;<\/p>\n<p>(John Maynard Keynes)<\/span><\/h4>\n","protected":false},"author":8,"featured_media":18136,"parent":0,"menu_order":1,"comment_status":"closed","ping_status":"closed","template":"","meta":{"_acf_changed":false,"footnotes":""},"categories":[],"tags":[],"class_list":["post-8","page","type-page","status-publish","has-post-thumbnail","hentry"],"acf":[],"_links":{"self":[{"href":"https:\/\/semmelweis.hu\/minoseg\/wp-json\/wp\/v2\/pages\/8","targetHints":{"allow":["GET"]}}],"collection":[{"href":"https:\/\/semmelweis.hu\/minoseg\/wp-json\/wp\/v2\/pages"}],"about":[{"href":"https:\/\/semmelweis.hu\/minoseg\/wp-json\/wp\/v2\/types\/page"}],"author":[{"embeddable":true,"href":"https:\/\/semmelweis.hu\/minoseg\/wp-json\/wp\/v2\/users\/8"}],"replies":[{"embeddable":true,"href":"https:\/\/semmelweis.hu\/minoseg\/wp-json\/wp\/v2\/comments?post=8"}],"version-history":[{"count":11,"href":"https:\/\/semmelweis.hu\/minoseg\/wp-json\/wp\/v2\/pages\/8\/revisions"}],"predecessor-version":[{"id":20073,"href":"https:\/\/semmelweis.hu\/minoseg\/wp-json\/wp\/v2\/pages\/8\/revisions\/20073"}],"wp:featuredmedia":[{"embeddable":true,"href":"https:\/\/semmelweis.hu\/minoseg\/wp-json\/wp\/v2\/media\/18136"}],"wp:attachment":[{"href":"https:\/\/semmelweis.hu\/minoseg\/wp-json\/wp\/v2\/media?parent=8"}],"wp:term":[{"taxonomy":"category","embeddable":true,"href":"https:\/\/semmelweis.hu\/minoseg\/wp-json\/wp\/v2\/categories?post=8"},{"taxonomy":"post_tag","embeddable":true,"href":"https:\/\/semmelweis.hu\/minoseg\/wp-json\/wp\/v2\/tags?post=8"}],"curies":[{"name":"wp","href":"https:\/\/api.w.org\/{rel}","templated":true}]}}