{"id":73,"date":"2014-05-09T14:56:18","date_gmt":"2014-05-09T12:56:18","guid":{"rendered":"http:\/\/semmelweis.hu\/minoseg\/?page_id=73"},"modified":"2026-03-27T09:20:21","modified_gmt":"2026-03-27T08:20:21","slug":"tanusito-audit","status":"publish","type":"page","link":"https:\/\/semmelweis.hu\/minoseg\/feladatok\/tanusito-audit\/","title":{"rendered":"Tan\u00fas\u00edt\u00f3 audit"},"content":{"rendered":"<div class=\"fontos_div\">\n<p><span style=\"font-size: 18pt\"><span style=\"color: #ffcc99\"><span style=\"color: #ffcc00;font-size: 24pt\"><span style=\"font-size: 36pt\">\u21b5<\/span><\/span><\/span>\u00a0<a href=\"https:\/\/semmelweis.hu\/minoseg\/feladatok\/iso-navigator\/teljesitmenyertekeles\/\" target=\"_blank\" rel=\"noopener\"><span style=\"color: #ffcc00\">Teljes\u00edtm\u00e9ny\u00e9rt\u00e9kel\u00e9s<\/span><\/a><\/span><\/p>\n<\/div>\n<div class=\"responsive-tabs\">\n<h2 class=\"tabtitle\">Fogalmak<\/h2>\n<div class=\"tabcontent\">\n\n<p><strong>Tan\u00fas\u00edt\u00f3 audit (harmadik f\u00e9l \u00e1ltal v\u00e9gzett)<\/strong><\/p>\n<p style=\"text-align: justify\">Az audit\u00e1land\u00f3 szervezett\u0151l gazdas\u00e1gi, szakmai, kereskedelmi \u00e9rtelemben v\u00e9ve f\u00fcggetlen, p\u00e1rtatlan, semleges tan\u00fas\u00edt\u00f3 szervezet(ek) \u00e1ltal v\u00e9grehajtott fel\u00fclvizsg\u00e1lat, amelynek c\u00e9lja a vonatkoz\u00f3 k\u00f6vetelm\u00e9nyeknek val\u00f3 megfelel\u0151s\u00e9g meg\u00e1llap\u00edt\u00e1sa a regisztr\u00e1l\u00e1s, illetve a tan\u00fas\u00edtv\u00e1ny kiadhat\u00f3s\u00e1ga szempontj\u00e1b\u00f3l.<\/p>\n<h4 class=\"keretes w-100\" style=\"text-align: center\"><span style=\"font-size: 18pt\">2025-t\u0151l az egyetem min\u0151s\u00e9gir\u00e1ny\u00edt\u00e1si rendszer\u00e9t a <br \/>\n<a href=\"https:\/\/www.mszt.hu\/hu-hu\/tanusitas\/hirek\/2025\/10\/a-semmelweis-egyetem-az-mszt-uj-tanusitott-ugyfele\" target=\"_blank\" rel=\"noopener\"><strong>MAGYAR SZABV\u00c1NY\u00dcGYI TEST\u00dcLET (MSZT)<\/strong><\/a> audit\u00e1lja.<\/span><\/h4>\n<hr \/>\n<p style=\"text-align: justify\">Az egyetem min\u0151s\u00e9gir\u00e1ny\u00edt\u00e1si rendszer\u00e9t (2008-2024) a genfi sz\u00e9khely\u0171 <a href=\"https:\/\/www.sgs.com\/hu-hu\" target=\"_blank\" rel=\"noopener\">SGS Hung\u00e1ria Kft.<\/a> (<span style=\"font-size: 1rem;text-align: left\">Soci\u00e9t\u00e9 G\u00e9n\u00e9rale de Surveillance SA.) <\/span>a vil\u00e1g vezet\u0151 min\u0151s\u00e9gellen\u0151rz\u0151, vizsg\u00e1l\u00f3 \u00e9s tan\u00fas\u00edt\u00f3 szervezete audit\u00e1lta.<\/p>\n\n<\/div><h2 class=\"tabtitle\">MSZT 2026.<\/h2>\n<div class=\"tabcontent\">\n\n<h5>2026. 04.29. &#8211; KIR (K\u00f6rnyezetir\u00e1ny\u00edt\u00e1si Rendszer \u2013 ISO 14001)\u00a0<\/h5>\n<h5>2026. \u00c9VI MIR-MEES-EIR-KIR Tan\u00fas\u00edt\u00f3 audit<\/h5>\n<p><b>Tervezett id\u0151pont:<\/b><br \/>\n2026. m\u00e1jus 12-13. (kedd-szerda)<br \/>\n2026. m\u00e1jus 19-20. (kedd-szerda)<br \/>\n<span style=\"font-size: 1rem\">2026. m\u00e1jus 22. (z\u00e1r\u00f3 nap \u2013 szervezeti egys\u00e9gekn\u00e9l audit ekkor m\u00e1r nem lesz)<\/span><\/p>\n<p>Tervezett helysz\u00ednek:<\/p>\n<ul>\n<li style=\"list-style-type: none\">\n<ul style=\"list-style-type: square\">\n<li>Arc-\u00c1llcsont-Sz\u00e1jseb\u00e9szeti \u00e9s Fog\u00e1szati Klinika<\/li>\n<li>\u00c1pol\u00e1svezet\u00e9si \u00e9s Szakdolgoz\u00f3i Oktat\u00e1si Igazgat\u00f3s\u00e1g: K\u00f6zponti Steriliz\u00e1l\u00f3<\/li>\n<li>Belgy\u00f3gy\u00e1szati \u00e9s Onkol\u00f3giai Klinika<\/li>\n<li>Biofizikai \u00e9s Sug\u00e1rbiol\u00f3giai Int\u00e9zet<\/li>\n<li>Biok\u00e9miai Tansz\u00e9k<\/li>\n<li>Biztons\u00e1gtechnikai Igazgat\u00f3s\u00e1g<\/li>\n<li>Geri\u00e1triai Klinika \u00e9s \u00c1pol\u00e1studom\u00e1nyi K\u00f6zpont<\/li>\n<li>Idegseb\u00e9szeti \u00e9s Neurointervenci\u00f3s Klinika<\/li>\n<li>K\u00f6lts\u00e9gvet\u00e9si \u00e9s Kontrolling F\u0151igazgat\u00f3s\u00e1g<\/li>\n<li>L\u00e9tes\u00edtm\u00e9nyfejleszt\u00e9si \u00e9s \u00dczemeltet\u00e9si Igazgat\u00f3s\u00e1g<\/li>\n<li>M\u0171szernyilv\u00e1ntart\u00e1si \u00e9s Fejleszt\u00e9si Oszt\u00e1ly<\/li>\n<li>Oktat\u00e1sfejleszt\u00e9si, -m\u00f3dszertani \u00e9s -szervez\u00e9si K\u00f6zpont<\/li>\n<li>Orvosi K\u00e9palkot\u00f3 Klinika<\/li>\n<li>P\u00e9nz\u00fcgyi \u00e9s Vagyongazd\u00e1lkod\u00e1si F\u0151igazgat\u00f3s\u00e1g<\/li>\n<li>Rehabilit\u00e1ci\u00f3s Klinika<\/li>\n<li>Szakk\u00e9pz\u0151 Int\u00e9zm\u00e9nyek Igazgat\u00f3s\u00e1ga<\/li>\n<li>Tudom\u00e1nyos \u00e9s Innov\u00e1ci\u00f3s Rektorhelyettesi \u00e9s \u00dczletfejleszt\u00e9si K\u00f6zpont<\/li>\n<li>Testnevel\u00e9si \u00e9s Sportk\u00f6zpont<\/li>\n<\/ul>\n<\/li>\n<\/ul>\n\n<\/div><h2 class=\"tabtitle\">MSZT 2025.<\/h2>\n<div class=\"tabcontent\">\n\n<ul>\n<li><a href=\"https:\/\/semmelweis.hu\/minoseg\/files\/2025\/06\/MSZT-auditjelentes-2025-06-06.pdf\" target=\"_blank\" rel=\"noopener\">Auditjelent\u00e9s-2025.06.06.<\/a><\/li>\n<li><a href=\"https:\/\/semmelweis.hu\/minoseg\/files\/2025\/05\/MSZT-zaro-2025-05-22.pptx\">MSZT-Z\u00e1r\u00f3 \u00e9rtekezlet-2025.05.22.<\/a><\/li>\n<li><a href=\"https:\/\/semmelweis.hu\/minoseg\/files\/2025\/05\/MSZT-SE-FORGATOKONYV-2025-05-15.xlsx\">Forgat\u00f3k\u00f6nyv 2025.05.16-22.<\/a><\/li>\n<\/ul>\n<p>\n<\/div><h2 class=\"tabtitle\">Feladatok<\/h2>\n<div class=\"tabcontent\">\n<a href=\"https:\/\/semmelweis.hu\/minoseg\/files\/2025\/02\/SE-ISO-9001-TANUSITO-AUDIT-2025.jpg\"><img loading=\"lazy\" decoding=\"async\" class=\"aligncenter size-full wp-image-19386\" src=\"https:\/\/semmelweis.hu\/minoseg\/files\/2025\/02\/SE-ISO-9001-TANUSITO-AUDIT-2025.jpg\" alt=\"\" width=\"1300\" height=\"748\" srcset=\"https:\/\/semmelweis.hu\/minoseg\/files\/2025\/02\/SE-ISO-9001-TANUSITO-AUDIT-2025.jpg 1300w, https:\/\/semmelweis.hu\/minoseg\/files\/2025\/02\/SE-ISO-9001-TANUSITO-AUDIT-2025-400x230.jpg 400w, https:\/\/semmelweis.hu\/minoseg\/files\/2025\/02\/SE-ISO-9001-TANUSITO-AUDIT-2025-1024x589.jpg 1024w, https:\/\/semmelweis.hu\/minoseg\/files\/2025\/02\/SE-ISO-9001-TANUSITO-AUDIT-2025-768x442.jpg 768w, https:\/\/semmelweis.hu\/minoseg\/files\/2025\/02\/SE-ISO-9001-TANUSITO-AUDIT-2025-753x433.jpg 753w\" sizes=\"auto, (max-width: 1300px) 100vw, 1300px\" \/><\/a><\/p>\n\n<\/div><h2 class=\"tabtitle\">SGS 2008-2024<\/h2>\n<div class=\"tabcontent\">\n\n<table style=\"width: 100%\" width=\"100%\">\n<thead>\n<tr>\n<td style=\"width: 35.7863%;height: 36px;text-align: left\">SGS \u00d6sszefoglal\u00f3 jelent\u00e9s<\/td>\n<td style=\"width: 29.2339%;height: 36px;vertical-align: top;text-align: left\">Audit t\u00edpusa<\/td>\n<td style=\"width: 35.6871%;height: 36px;vertical-align: top;text-align: left\">Excel t\u00e1bl\u00e1zat<\/td>\n<\/tr>\n<\/thead>\n<tbody>\n<tr>\n<td style=\"width: 35.7863%;text-align: left\">\n<p><a href=\"https:\/\/semmelweis.hu\/minoseg\/files\/2024\/10\/EIR-osszefoglalo-jelentes-2024-07-04.pdf\">2024.07.04-EIR<\/a><\/p>\n<\/td>\n<td style=\"width: 29.2339%;text-align: left\">fel\u00fclvizsg\u00e1lati<\/td>\n<td style=\"width: 35.6871%;text-align: left\">\n<p><a href=\"https:\/\/semmelweis.hu\/minoseg\/files\/2025\/05\/2024-tanusito-audit-sgs-zaras-2025-05-22.xlsx\">Int\u00e9zked\u00e9si Tervek MIR -2025.05.22.<\/a><\/p>\n<p><a href=\"https:\/\/semmelweis.hu\/minoseg\/files\/2024\/05\/Auditjelentes-MIR-2024-05-15.xlsx\">Auditjelent\u00e9s-MIR -2024.05.15.<\/a><\/p>\n<\/td>\n<\/tr>\n<tr>\n<td style=\"width: 35.7863%;text-align: left\">\n<p><a href=\"https:\/\/semmelweis.hu\/minoseg\/files\/2023\/07\/MIR-osszefoglalo-jelentes-2023-07-11.pdf\">2023.05.30-MIR<\/a><\/p>\n<p><a href=\"https:\/\/semmelweis.hu\/minoseg\/files\/2023\/06\/EIR-osszefoglalo-2023-06-09.pdf\">2023.06.09-EIR<\/a><\/p>\n<\/td>\n<td style=\"width: 29.2339%;text-align: left\">fel\u00fclvizsg\u00e1lati<\/td>\n<td style=\"width: 35.6871%;text-align: left\">\n<p><a href=\"https:\/\/semmelweis.hu\/minoseg\/files\/2023\/09\/Auditjelentes-MIR-intezkedesek-2023.xlsx\">Auditjelent\u00e9s MIR &#8211; 2023.05.30<\/a>.<\/p>\n<p>&nbsp;<\/p>\n<\/td>\n<\/tr>\n<tr>\n<td style=\"width: 35.7863%;text-align: left\">\n<p><a href=\"https:\/\/semmelweis.hu\/minoseg\/files\/2022\/06\/MIR-osszefoglalo-jelentes-2022-06-23.pdf\">2022.06.23-MIR<\/a><\/p>\n<p><a href=\"https:\/\/semmelweis.hu\/minoseg\/files\/2022\/09\/EIR-osszefoglalo-jelentes-2022-09-15.pdf\">2022.09.15-EIR<\/a><\/p>\n<\/td>\n<td style=\"width: 29.2339%;text-align: left\">meg\u00faj\u00edt\u00f3<\/td>\n<td style=\"width: 35.6871%;text-align: left\">\n<p><a href=\"https:\/\/semmelweis.hu\/minoseg\/files\/2022\/06\/Auditjelentes-2022-06-23.xlsx\">Auditjelent\u00e9s MIR &#8211; 2022.06.23.<\/a><\/p>\n<\/td>\n<\/tr>\n<tr>\n<td style=\"width: 35.7863%;text-align: left\">\n<p><a href=\"https:\/\/semmelweis.hu\/minoseg\/files\/2021\/09\/MIR-Ossszefoglalo-jelentes-2021-08-25.pdf\">2021.06.03-MIR<\/a><\/p>\n<p><a href=\"https:\/\/semmelweis.hu\/minoseg\/files\/2021\/09\/EIR-Osszefoglalo-jelentes-2021-07-30.pdf\">2021. 07.30-EIR<\/a><\/p>\n<\/td>\n<td style=\"width: 29.2339%;text-align: left\">fel\u00fclvizsg\u00e1lati<\/td>\n<td style=\"width: 35.6871%;text-align: left\">\n<p><a href=\"https:\/\/semmelweis.hu\/minoseg\/files\/2021\/09\/Auditjelentes-SGS-2021-06-03.xlsx\">Auditjelent\u00e9s MIR &#8211; 2021.06.03.<\/a><br \/>\n<a href=\"https:\/\/semmelweis.hu\/minoseg\/files\/2021\/06\/Auditjelentes-SGS-2020-10-01-2021-06-03.xlsx\" target=\"_blank\" rel=\"noopener noreferrer\">Auditejelent\u00e9s EIR &#8211; 2020.10.01-2021.06.03.<\/a><\/p>\n<\/td>\n<\/tr>\n<tr>\n<td style=\"width: 35.7863%;text-align: left\">\n<p><a href=\"https:\/\/semmelweis.hu\/minoseg\/files\/2020\/10\/SGS-Osszefoglalo-jelentes-2020-10-01.pdf\">2020.10.01-MIR<\/a><\/p>\n<p><a href=\"https:\/\/semmelweis.hu\/minoseg\/files\/2020\/10\/EIR-Osszefoglalo-jelentes-2020-10-01.pdf\">2020.10.01-EIR<\/a><\/p>\n<p>&nbsp;<\/p>\n<\/td>\n<td style=\"width: 29.2339%;text-align: left\">fel\u00fclvizsg\u00e1lati<\/td>\n<td style=\"width: 35.6871%;text-align: left\"><a href=\"https:\/\/semmelweis.hu\/minoseg\/files\/2021\/02\/Auditjelentes-SGS-2021-01-31.xlsx\">Auditjelent\u00e9s 2020.10.01.<\/a><\/td>\n<\/tr>\n<tr>\n<td style=\"width: 35.7863%;text-align: left\">\n<p><a href=\"https:\/\/semmelweis.hu\/minoseg\/files\/2019\/06\/SGS-Osszefoglalo-jelentes-2019-06-07.docx\">2019.06.07-MIR<\/a><\/p>\n<p><a href=\"https:\/\/semmelweis.hu\/minoseg\/files\/2019\/07\/EIR-Osszefoglalo-2019.docx\">2019.06.07-EIR<\/a><\/p>\n<\/td>\n<td style=\"width: 29.2339%;text-align: left\">meg\u00faj\u00edt\u00f3<\/td>\n<td style=\"width: 35.6871%;text-align: left\"><a href=\"https:\/\/semmelweis.hu\/minoseg\/files\/2020\/02\/Auditjelentes-SGS-2019-06-07.xlsx\">Auditjelent\u00e9s 2019.06.07.<\/a><\/td>\n<\/tr>\n<tr style=\"height: 36px\">\n<td style=\"width: 35.7863%;height: 36px;text-align: left\"><a href=\"https:\/\/semmelweis.hu\/minoseg\/files\/2018\/07\/SGS-Osszefoglalo-2018-07-12.pdf\"> 2018.07.12.<\/a><\/td>\n<td style=\"width: 29.2339%;height: 36px;text-align: left\">kiterjeszt\u0151<\/td>\n<td style=\"width: 35.6871%;height: 36px;text-align: left\"><a href=\"https:\/\/semmelweis.hu\/minoseg\/files\/2019\/02\/Auditjelentes-2018-07-12.xlsx\">Auditjelent\u00e9s 2018.07.12. <\/a><\/td>\n<\/tr>\n<tr style=\"height: 56px\">\n<td style=\"width: 35.7863%;height: 56px;text-align: left\">\n<p><a href=\"https:\/\/semmelweis.hu\/minoseg\/files\/2018\/04\/SGS-Osszefoglalo-2018-04-23.pdf\">2018.04.23. <\/a><\/p>\n<\/td>\n<td style=\"width: 29.2339%;height: 56px;text-align: left\">\n<p>fel\u00fclvizsg\u00e1lati<\/p>\n<\/td>\n<td style=\"width: 35.6871%;height: 56px;text-align: left\">\n<p><a href=\"https:\/\/semmelweis.hu\/minoseg\/files\/2019\/02\/Auditjelentes-SGS-2018-04-23.xlsx\">Auditjelent\u00e9s 2018. 04.23. <\/a><\/p>\n<\/td>\n<\/tr>\n<tr style=\"height: 36px\">\n<td style=\"width: 35.7863%;height: 36px;text-align: left\"><a href=\"https:\/\/semmelweis.hu\/minoseg\/files\/2019\/05\/SGS-Osszefoglalo-2017-04-04.pdf\">2017.04.04. <\/a><\/td>\n<td style=\"width: 29.2339%;height: 36px;text-align: left\">meg\u00faj\u00edt\u00f3<\/td>\n<td style=\"width: 35.6871%;height: 36px;text-align: left\"><a href=\"https:\/\/semmelweis.hu\/minoseg\/files\/2018\/02\/Auditjelentes-SGS-2017-04-04.xlsx\">Auditjelent\u00e9s 2017.04.04.<\/a><\/td>\n<\/tr>\n<tr style=\"height: 36px\">\n<td style=\"width: 35.7863%;height: 36px;text-align: left\"><a href=\"https:\/\/semmelweis.hu\/minoseg\/files\/2019\/05\/SGS-osszefogalo-2016-06-29.pdf\">2016.06.29. <\/a><\/td>\n<td style=\"width: 29.2339%;height: 36px;text-align: left\">kiterjeszt\u0151<\/td>\n<td style=\"width: 35.6871%;height: 36px;text-align: left\">\n<p><a href=\"https:\/\/semmelweis.hu\/minoseg\/files\/2014\/05\/Auditjelentes-2016-06-29-SGS-statusz-2017-04-04.xlsx\">Auditjelent\u00e9s 2016.06.29. &#8211; SGS statusz 2017.04.04. <\/a><\/p>\n<\/td>\n<\/tr>\n<tr style=\"height: 36px\">\n<td style=\"width: 35.7863%;height: 36px;text-align: left\"><a href=\"https:\/\/semmelweis.hu\/minoseg\/files\/2019\/05\/SGS-osszefoglalo-2016-03-23.pdf\">2016.03.23.<\/a><\/td>\n<td style=\"width: 29.2339%;height: 36px;text-align: left\">fel\u00fclvizsg\u00e1lati<\/td>\n<td style=\"width: 35.6871%;height: 36px;text-align: left\"><a href=\"https:\/\/semmelweis.hu\/minoseg\/files\/2014\/05\/Auditjelentes-2016-03-23-SGS-statusz-2017-04-04.xlsx\">Auditjelent\u00e9s 2016.03.23. &#8211; SGS statusz 2017.04.04. <\/a><\/td>\n<\/tr>\n<tr style=\"height: 36px\">\n<td style=\"width: 35.7863%;height: 36px;text-align: left\"><a href=\"https:\/\/semmelweis.hu\/minoseg\/files\/2019\/05\/SGS-Osszefoglalo-2015-06-29.pdf\">2015.06.29. <\/a><\/td>\n<td style=\"width: 29.2339%;height: 36px;text-align: left\">kiterjeszt\u0151<\/td>\n<td style=\"width: 35.6871%;height: 36px;text-align: left\"><a href=\"https:\/\/semmelweis.hu\/minoseg\/files\/2014\/05\/Auditjelentes-2015-06-29-SGS-statusz-2016-03-23.xlsx\">Auditjelent\u00e9s 2015.06.29. &#8211; SGS statusz 2016.03.23. <\/a><\/td>\n<\/tr>\n<tr style=\"height: 36px\">\n<td style=\"width: 35.7863%;height: 36px;text-align: left\"><a href=\"https:\/\/semmelweis.hu\/minoseg\/files\/2019\/05\/SGS-Osszefoglalo-2015-03-31.pdf\">2015.03.31.<\/a><\/td>\n<td style=\"width: 29.2339%;height: 36px;text-align: left\">fel\u00fclvizsg\u00e1lati<\/td>\n<td style=\"width: 35.6871%;height: 36px;text-align: left\">\n<p><a href=\"https:\/\/semmelweis.hu\/minoseg\/files\/2014\/05\/Auditjelentes-2015-03-31-SGS-statusz-2016-03-23.xlsx\">Auditjelent\u00e9s 2015.03.31. &#8211; SGS statusz 2016.03.23. <\/a><\/p>\n<\/td>\n<\/tr>\n<tr style=\"height: 36px\">\n<td style=\"width: 35.7863%;height: 36px;text-align: left\"><a href=\"https:\/\/semmelweis.hu\/minoseg\/files\/2019\/05\/Auditjelentes-2014-11.docx\">2014.11.12. <\/a><\/td>\n<td style=\"width: 29.2339%;height: 36px;text-align: left\">kiterjeszt\u0151<\/td>\n<td style=\"width: 35.6871%;height: 36px;text-align: left\"><a href=\"https:\/\/semmelweis.hu\/minoseg\/files\/2014\/05\/Auditjelentes-2014-11-SGS-statusz-2016-03-23.xlsx\">Auditjelent\u00e9s 2014.11.12. &#8211; SGS statusz 2016.03.23. <\/a><\/td>\n<\/tr>\n<tr style=\"height: 36px\">\n<td style=\"width: 35.7863%;height: 36px;text-align: left\"><a href=\"https:\/\/semmelweis.hu\/minoseg\/files\/2019\/05\/Auditjelentes-2014-04-30.pdf\">2014.04.30. <\/a><\/td>\n<td style=\"width: 29.2339%;height: 36px;text-align: left\">meg\u00faj\u00edt\u00f3<\/td>\n<td style=\"width: 35.6871%;height: 36px;text-align: left\"><a href=\"https:\/\/semmelweis.hu\/minoseg\/files\/2014\/05\/Auditjelentes-2014-04-SGS-2015-03-31.xls\">Auditjelent\u00e9s 2014.04.30. &#8211; SGS statusz 2015.03.31. <\/a><\/td>\n<\/tr>\n<tr style=\"height: 36px\">\n<td style=\"width: 35.7863%;height: 36px;text-align: left\"><a href=\"https:\/\/semmelweis.hu\/minoseg\/files\/2019\/05\/SGS-OSSZEFOGLALO-2013-05-02.pdf\">2013.05.02.<\/a><\/td>\n<td style=\"width: 29.2339%;height: 36px;text-align: left\">kiterjeszt\u0151<\/td>\n<td style=\"width: 35.6871%;height: 324px;text-align: left\" rowspan=\"9\"><a href=\"https:\/\/semmelweis.hu\/minoseg\/files\/2014\/05\/2008-2013.xls\" target=\"_blank\" rel=\"noopener noreferrer\">Tan\u00fas\u00edt\u00f3 auditok-2008-2013<\/a><\/td>\n<\/tr>\n<tr style=\"height: 36px\">\n<td style=\"width: 35.7863%;height: 36px;text-align: left\"><a href=\"https:\/\/semmelweis.hu\/minoseg\/files\/2019\/05\/SGS-OSSZEFOGLALO-2013-03-21.pdf\">2013.03.21.<\/a><\/td>\n<td style=\"width: 29.2339%;height: 36px;text-align: left\">fel\u00fclvizsg\u00e1lati<\/td>\n<\/tr>\n<tr style=\"height: 36px\">\n<td style=\"width: 35.7863%;height: 36px;text-align: left\"><a href=\"https:\/\/semmelweis.hu\/minoseg\/files\/2019\/05\/SGS-OSSZFOGLALO-2012-04-02.doc\">2012.04.02.<\/a><\/td>\n<td style=\"width: 29.2339%;height: 36px;text-align: left\">fel\u00fclvizsg\u00e1lati<\/td>\n<\/tr>\n<tr style=\"height: 36px\">\n<td style=\"width: 35.7863%;height: 36px;text-align: left\"><a href=\"https:\/\/semmelweis.hu\/minoseg\/files\/2019\/05\/SGS-OSSZEFOGLALO-2011-04-11.pdf\">2011.04.11.<\/a><\/td>\n<td style=\"width: 29.2339%;height: 36px;text-align: left\">meg\u00faj\u00edt\u00f3<\/td>\n<\/tr>\n<tr style=\"height: 36px\">\n<td style=\"width: 35.7863%;height: 36px;text-align: left\"><a href=\"https:\/\/semmelweis.hu\/minoseg\/files\/2019\/05\/SGS-OSSZEFOGLALO-2010-04-12.pdf\">2010.04.12.<\/a><\/td>\n<td style=\"width: 29.2339%;height: 36px;text-align: left\">kiterjeszt\u0151<\/td>\n<\/tr>\n<tr style=\"height: 36px\">\n<td style=\"width: 35.7863%;height: 36px;text-align: left\"><a href=\"https:\/\/semmelweis.hu\/minoseg\/files\/2019\/05\/SGS-OSSZEFOGLALO-2010-03-11.pdf\">2010.03.11.<\/a><\/td>\n<td style=\"width: 29.2339%;height: 36px;text-align: left\">fel\u00fclvizsg\u00e1lati<\/td>\n<\/tr>\n<tr style=\"height: 36px\">\n<td style=\"width: 35.7863%;height: 36px;text-align: left\"><a href=\"https:\/\/semmelweis.hu\/minoseg\/files\/2019\/05\/SGS-OSSZEFOGLALO-2009-03-25.pdf\">2009.03.25.<\/a><\/td>\n<td style=\"width: 29.2339%;height: 36px;text-align: left\">kiterjeszt\u0151<\/td>\n<\/tr>\n<tr style=\"height: 36px\">\n<td style=\"width: 35.7863%;height: 36px;text-align: left\"><a href=\"https:\/\/semmelweis.hu\/minoseg\/files\/2019\/05\/SGS-OSSZEFOGLALO-2009-01-15.pdf\">2009.01.15.<\/a><\/td>\n<td style=\"width: 29.2339%;height: 36px;text-align: left\">fel\u00fclvizsg\u00e1lati<\/td>\n<\/tr>\n<tr style=\"height: 36px\">\n<td style=\"width: 35.7863%;height: 36px;text-align: left\"><a href=\"https:\/\/semmelweis.hu\/minoseg\/files\/2019\/05\/SGS-OSSZEFOGLALO-2008-01-18.pdf\">2008.01.18.<\/a><\/td>\n<td style=\"width: 29.2339%;height: 36px;text-align: left\">TAN\u00daS\u00cdT\u00d3<\/td>\n<\/tr>\n<\/tbody>\n<\/table>\n<\/div><\/div>\n<p>&nbsp;<\/p>\n","protected":false},"excerpt":{"rendered":"<p>Szervezeti egys\u00e9gek feladatok, hat\u00e1rid\u0151k. Tan\u00fas\u00edt\u00f3 auditok \u00f6sszefoglal\u00f3 jelent\u00e9se 2008-t\u00f3l.<\/p>\n","protected":false},"author":12,"featured_media":0,"parent":13853,"menu_order":8,"comment_status":"closed","ping_status":"closed","template":"","meta":{"_acf_changed":false,"footnotes":""},"categories":[],"tags":[],"class_list":["post-73","page","type-page","status-publish","hentry"],"acf":[],"_links":{"self":[{"href":"https:\/\/semmelweis.hu\/minoseg\/wp-json\/wp\/v2\/pages\/73","targetHints":{"allow":["GET"]}}],"collection":[{"href":"https:\/\/semmelweis.hu\/minoseg\/wp-json\/wp\/v2\/pages"}],"about":[{"href":"https:\/\/semmelweis.hu\/minoseg\/wp-json\/wp\/v2\/types\/page"}],"author":[{"embeddable":true,"href":"https:\/\/semmelweis.hu\/minoseg\/wp-json\/wp\/v2\/users\/12"}],"replies":[{"embeddable":true,"href":"https:\/\/semmelweis.hu\/minoseg\/wp-json\/wp\/v2\/comments?post=73"}],"version-history":[{"count":11,"href":"https:\/\/semmelweis.hu\/minoseg\/wp-json\/wp\/v2\/pages\/73\/revisions"}],"predecessor-version":[{"id":20682,"href":"https:\/\/semmelweis.hu\/minoseg\/wp-json\/wp\/v2\/pages\/73\/revisions\/20682"}],"up":[{"embeddable":true,"href":"https:\/\/semmelweis.hu\/minoseg\/wp-json\/wp\/v2\/pages\/13853"}],"wp:attachment":[{"href":"https:\/\/semmelweis.hu\/minoseg\/wp-json\/wp\/v2\/media?parent=73"}],"wp:term":[{"taxonomy":"category","embeddable":true,"href":"https:\/\/semmelweis.hu\/minoseg\/wp-json\/wp\/v2\/categories?post=73"},{"taxonomy":"post_tag","embeddable":true,"href":"https:\/\/semmelweis.hu\/minoseg\/wp-json\/wp\/v2\/tags?post=73"}],"curies":[{"name":"wp","href":"https:\/\/api.w.org\/{rel}","templated":true}]}}