{"id":7187,"date":"2018-04-18T09:58:40","date_gmt":"2018-04-18T07:58:40","guid":{"rendered":"http:\/\/semmelweis.hu\/minoseg\/?page_id=7187"},"modified":"2025-04-01T12:17:55","modified_gmt":"2025-04-01T10:17:55","slug":"idegsebeszeti-tanszek","status":"publish","type":"page","link":"https:\/\/semmelweis.hu\/minoseg\/mir-dokumentacio\/aok-klinikak\/idegsebeszeti-es-neurointervencios-klinika\/idegsebeszeti-tanszek\/","title":{"rendered":"Idegseb\u00e9szeti Tansz\u00e9k"},"content":{"rendered":"<p><strong>Min\u0151s\u00e9g\u00fcgyi dokumentum &#8211; elj\u00e1r\u00e1s<\/strong><\/p>\n<ul>\n<li><a href=\"https:\/\/semmelweis.hu\/minoseg\/files\/2021\/03\/SE-AOIDS-ME-01-2021-03-12.docx\">SE-AOIDS-ME-01 &#8211; Oktat\u00e1si tev\u00e9kenys\u00e9g<\/a> <br \/>\n<a href=\"https:\/\/semmelweis.hu\/minoseg\/files\/2021\/03\/SE-AOIDS-ME-01-fedlap-2021-03-12-scaled.jpg\" target=\"_blank\" rel=\"noopener noreferrer\">SE-AOIDS-ME-01 &#8211; fedlap<\/a><\/li>\n<\/ul>\n","protected":false},"excerpt":{"rendered":"<p>Min\u0151s\u00e9g\u00fcgyi dokumentumok.<\/p>\n","protected":false},"author":326,"featured_media":0,"parent":18167,"menu_order":1,"comment_status":"closed","ping_status":"closed","template":"","meta":{"_acf_changed":false,"footnotes":""},"categories":[],"tags":[],"class_list":["post-7187","page","type-page","status-publish","hentry"],"acf":[],"_links":{"self":[{"href":"https:\/\/semmelweis.hu\/minoseg\/wp-json\/wp\/v2\/pages\/7187","targetHints":{"allow":["GET"]}}],"collection":[{"href":"https:\/\/semmelweis.hu\/minoseg\/wp-json\/wp\/v2\/pages"}],"about":[{"href":"https:\/\/semmelweis.hu\/minoseg\/wp-json\/wp\/v2\/types\/page"}],"author":[{"embeddable":true,"href":"https:\/\/semmelweis.hu\/minoseg\/wp-json\/wp\/v2\/users\/326"}],"replies":[{"embeddable":true,"href":"https:\/\/semmelweis.hu\/minoseg\/wp-json\/wp\/v2\/comments?post=7187"}],"version-history":[{"count":10,"href":"https:\/\/semmelweis.hu\/minoseg\/wp-json\/wp\/v2\/pages\/7187\/revisions"}],"predecessor-version":[{"id":19579,"href":"https:\/\/semmelweis.hu\/minoseg\/wp-json\/wp\/v2\/pages\/7187\/revisions\/19579"}],"up":[{"embeddable":true,"href":"https:\/\/semmelweis.hu\/minoseg\/wp-json\/wp\/v2\/pages\/18167"}],"wp:attachment":[{"href":"https:\/\/semmelweis.hu\/minoseg\/wp-json\/wp\/v2\/media?parent=7187"}],"wp:term":[{"taxonomy":"category","embeddable":true,"href":"https:\/\/semmelweis.hu\/minoseg\/wp-json\/wp\/v2\/categories?post=7187"},{"taxonomy":"post_tag","embeddable":true,"href":"https:\/\/semmelweis.hu\/minoseg\/wp-json\/wp\/v2\/tags?post=7187"}],"curies":[{"name":"wp","href":"https:\/\/api.w.org\/{rel}","templated":true}]}}