{"id":7162,"date":"2018-04-17T16:23:49","date_gmt":"2018-04-17T14:23:49","guid":{"rendered":"http:\/\/semmelweis.hu\/minoseg\/?page_id=7162"},"modified":"2025-04-01T13:26:19","modified_gmt":"2025-04-01T11:26:19","slug":"etk-morfologiai-es-fiziologiai-tanszek","status":"publish","type":"page","link":"https:\/\/semmelweis.hu\/minoseg\/mir-dokumentacio\/egeszsegtudomanyi-kar\/etk-morfologiai-es-fiziologiai-tanszek\/","title":{"rendered":"Morfol\u00f3giai \u00e9s Fiziol\u00f3giai Tansz\u00e9k"},"content":{"rendered":"<p><strong>Min\u0151s\u00e9g\u00fcgyi dokumentum &#8211; elj\u00e1r\u00e1s<\/strong><\/p>\n<ul>\n<li><a href=\"https:\/\/semmelweis.hu\/minoseg\/files\/2018\/04\/SE-ETK-MO-ME-01.docx\">SE-ETK-MO-ME-01 &#8211; Oktat\u00e1si tev\u00e9kenys\u00e9g<\/a><br \/>\n<a href=\"https:\/\/semmelweis.hu\/minoseg\/files\/2018\/04\/SE-ETK-MO-ME-01-fedlap.pdf\" target=\"_blank\" rel=\"noopener noreferrer\"> SE-ETK-MO-ME-01 &#8211; fedlap<\/a><\/li>\n<\/ul>\n","protected":false},"excerpt":{"rendered":"<p>Min\u0151s\u00e9g\u00fcgyi dokumentumok.<\/p>\n","protected":false},"author":326,"featured_media":0,"parent":3045,"menu_order":11,"comment_status":"closed","ping_status":"closed","template":"","meta":{"_acf_changed":false,"footnotes":""},"categories":[],"tags":[],"class_list":["post-7162","page","type-page","status-publish","hentry"],"acf":[],"_links":{"self":[{"href":"https:\/\/semmelweis.hu\/minoseg\/wp-json\/wp\/v2\/pages\/7162","targetHints":{"allow":["GET"]}}],"collection":[{"href":"https:\/\/semmelweis.hu\/minoseg\/wp-json\/wp\/v2\/pages"}],"about":[{"href":"https:\/\/semmelweis.hu\/minoseg\/wp-json\/wp\/v2\/types\/page"}],"author":[{"embeddable":true,"href":"https:\/\/semmelweis.hu\/minoseg\/wp-json\/wp\/v2\/users\/326"}],"replies":[{"embeddable":true,"href":"https:\/\/semmelweis.hu\/minoseg\/wp-json\/wp\/v2\/comments?post=7162"}],"version-history":[{"count":10,"href":"https:\/\/semmelweis.hu\/minoseg\/wp-json\/wp\/v2\/pages\/7162\/revisions"}],"predecessor-version":[{"id":19718,"href":"https:\/\/semmelweis.hu\/minoseg\/wp-json\/wp\/v2\/pages\/7162\/revisions\/19718"}],"up":[{"embeddable":true,"href":"https:\/\/semmelweis.hu\/minoseg\/wp-json\/wp\/v2\/pages\/3045"}],"wp:attachment":[{"href":"https:\/\/semmelweis.hu\/minoseg\/wp-json\/wp\/v2\/media?parent=7162"}],"wp:term":[{"taxonomy":"category","embeddable":true,"href":"https:\/\/semmelweis.hu\/minoseg\/wp-json\/wp\/v2\/categories?post=7162"},{"taxonomy":"post_tag","embeddable":true,"href":"https:\/\/semmelweis.hu\/minoseg\/wp-json\/wp\/v2\/tags?post=7162"}],"curies":[{"name":"wp","href":"https:\/\/api.w.org\/{rel}","templated":true}]}}