{"id":6949,"date":"2018-04-10T16:09:37","date_gmt":"2018-04-10T14:09:37","guid":{"rendered":"http:\/\/semmelweis.hu\/minoseg\/?page_id=6949"},"modified":"2025-04-01T13:28:21","modified_gmt":"2025-04-01T11:28:21","slug":"tanulmanyi-osztaly","status":"publish","type":"page","link":"https:\/\/semmelweis.hu\/minoseg\/mir-dokumentacio\/egeszsegtudomanyi-kar\/tanulmanyi-osztaly\/","title":{"rendered":"Tanulm\u00e1nyi Oszt\u00e1ly"},"content":{"rendered":"<p><strong>Min\u0151s\u00e9g\u00fcgyi dokumentum &#8211; Egys\u00e9gszint\u0171 M\u0171k\u00f6d\u00e9si Szab\u00e1lyzat<\/strong><\/p>\n<ul>\n<li><a href=\"https:\/\/semmelweis.hu\/minoseg\/files\/2015\/06\/SE-ETK-TO-EMSZ.doc\" rel=\"noopener noreferrer\">SE-ETK-TO-EMSZ &#8211; Tanulm\u00e1nyi Oszt\u00e1ly Egys\u00e9gszint\u0171 M\u0171k\u00f6d\u00e9si Szab\u00e1lyzata<\/a><br \/>\n<a href=\"https:\/\/semmelweis.hu\/minoseg\/files\/2015\/06\/SE-ETK-TO-EMSZ-M01.doc\" rel=\"noopener noreferrer\">SE-ETK-TO-EMSZ-M01 &#8211; Munkautas\u00edt\u00e1sok list\u00e1ja<\/a><br \/>\n<a href=\"https:\/\/semmelweis.hu\/minoseg\/files\/2015\/06\/SE-ETK-TO-EMSZ-M02.doc\" rel=\"noopener noreferrer\">SE-ETK-TO-EMSZ-M02 &#8211; \u00dcgyf\u00e9lfogad\u00e1si Rend<\/a><\/li>\n<\/ul>\n","protected":false},"excerpt":{"rendered":"<p>Min\u0151s\u00e9g\u00fcgyi dokumentumok.<\/p>\n","protected":false},"author":326,"featured_media":0,"parent":3045,"menu_order":1,"comment_status":"closed","ping_status":"closed","template":"","meta":{"_acf_changed":false,"footnotes":""},"categories":[],"tags":[],"class_list":["post-6949","page","type-page","status-publish","hentry"],"acf":[],"_links":{"self":[{"href":"https:\/\/semmelweis.hu\/minoseg\/wp-json\/wp\/v2\/pages\/6949","targetHints":{"allow":["GET"]}}],"collection":[{"href":"https:\/\/semmelweis.hu\/minoseg\/wp-json\/wp\/v2\/pages"}],"about":[{"href":"https:\/\/semmelweis.hu\/minoseg\/wp-json\/wp\/v2\/types\/page"}],"author":[{"embeddable":true,"href":"https:\/\/semmelweis.hu\/minoseg\/wp-json\/wp\/v2\/users\/326"}],"replies":[{"embeddable":true,"href":"https:\/\/semmelweis.hu\/minoseg\/wp-json\/wp\/v2\/comments?post=6949"}],"version-history":[{"count":10,"href":"https:\/\/semmelweis.hu\/minoseg\/wp-json\/wp\/v2\/pages\/6949\/revisions"}],"predecessor-version":[{"id":19727,"href":"https:\/\/semmelweis.hu\/minoseg\/wp-json\/wp\/v2\/pages\/6949\/revisions\/19727"}],"up":[{"embeddable":true,"href":"https:\/\/semmelweis.hu\/minoseg\/wp-json\/wp\/v2\/pages\/3045"}],"wp:attachment":[{"href":"https:\/\/semmelweis.hu\/minoseg\/wp-json\/wp\/v2\/media?parent=6949"}],"wp:term":[{"taxonomy":"category","embeddable":true,"href":"https:\/\/semmelweis.hu\/minoseg\/wp-json\/wp\/v2\/categories?post=6949"},{"taxonomy":"post_tag","embeddable":true,"href":"https:\/\/semmelweis.hu\/minoseg\/wp-json\/wp\/v2\/tags?post=6949"}],"curies":[{"name":"wp","href":"https:\/\/api.w.org\/{rel}","templated":true}]}}