{"id":6944,"date":"2018-04-10T16:04:59","date_gmt":"2018-04-10T14:04:59","guid":{"rendered":"http:\/\/semmelweis.hu\/minoseg\/?page_id=6944"},"modified":"2025-04-01T13:45:01","modified_gmt":"2025-04-01T11:45:01","slug":"etk-gazdasagi-igazgatosag","status":"publish","type":"page","link":"https:\/\/semmelweis.hu\/minoseg\/mir-dokumentacio\/kozponti-szervezeti-egysegek\/oktatasi-halozat-iranyitasi-igazgatosag\/etk-gazdasagi-igazgatosag\/","title":{"rendered":"ETK Kari Gazdas\u00e1gi Igazgat\u00f3s\u00e1ga"},"content":{"rendered":"<p><strong>Min\u0151s\u00e9g\u00fcgyi dokumentumok &#8211; Munkautas\u00edt\u00e1sok<\/strong><\/p>\n<ul>\n<li><a href=\"https:\/\/semmelweis.hu\/minoseg\/files\/2021\/01\/SE-GFI-ETKG-MU-01.doc\">SE-GFI-ETKG-MU-01 &#8211; Kari k\u00f6lts\u00e9gvet\u00e9s tervez\u00e9s\u00e9nek rendje<\/a><br \/>\n<a href=\"https:\/\/semmelweis.hu\/minoseg\/files\/2021\/01\/SE-GFI-ETKG-MU-01-fedlap.pdf\">SE-GFI-ETKG-MU-01 &#8211; fedlap<\/a><\/li>\n<li><a href=\"https:\/\/semmelweis.hu\/minoseg\/files\/2021\/01\/SE-GFI-ETKG-MU-02.doc\">SE-GFI-ETKG-MU-02 &#8211; B\u00e9rjelleg\u0171 megb\u00edz\u00e1si szerz\u0151d\u00e9sek, illetm\u00e9nykieg\u00e9sz\u00edt\u00e9sek \u00a0\u00a0\u00a0adminisztr\u00e1ci\u00f3ja<\/a><br \/>\n<a href=\"https:\/\/semmelweis.hu\/minoseg\/files\/2021\/01\/SE-GFI-ETKG-MU-02-fedlap.pdf\">SE-GFI-ETKG-MU-02 &#8211; fedlap<\/a><\/li>\n<li><a href=\"https:\/\/semmelweis.hu\/minoseg\/files\/2021\/01\/SE-GFI-ETKG-MU-03.doc\">SE-GFI-ETKG-MU-03 &#8211; Kik\u00fcldet\u00e9sek \u00e9s Utik\u00f6lts\u00e9gt\u00e9r\u00edt\u00e9sek elsz\u00e1mol\u00e1sa<\/a><br \/>\n<a href=\"https:\/\/semmelweis.hu\/minoseg\/files\/2021\/01\/SE-GFI-ETKG-MU-03-fedlap.pdf\">SE-GFI-ETKG-MU-03 &#8211; fedlap<\/a><\/li>\n<li><a href=\"https:\/\/semmelweis.hu\/minoseg\/files\/2021\/01\/SE-GFI-ETKG-MU-04.doc\">SE-GFI-ETKG-MU-04 &#8211; Hum\u00e1ner\u0151forr\u00e1s-gazd\u00e1lkod\u00e1s kari munkafolyamatai<\/a><br \/>\n<a href=\"https:\/\/semmelweis.hu\/minoseg\/files\/2021\/01\/SE-GFI-ETKG-MU-04-fedlap.pdf\">SE-GFI-ETKG-MU-04 &#8211; fedlap<\/a><\/li>\n<li><a href=\"https:\/\/semmelweis.hu\/minoseg\/files\/2021\/01\/SE-GFI-ETKG-MU-05.doc\">SE-GFI-ETKG-MU-05 &#8211; Kari beszerz\u00e9sek bonyol\u00edt\u00e1s\u00e1nak rendje<\/a><br \/>\n<a href=\"https:\/\/semmelweis.hu\/minoseg\/files\/2021\/01\/SE-GFI-ETKG-MU-05-fedlap.pdf\">SE-GFI-ETKG-MU-05 &#8211; fedlap<\/a><\/li>\n<li><a href=\"https:\/\/semmelweis.hu\/minoseg\/files\/2021\/01\/SE-GFI-ETKG-MU-06.doc\">SE-GFI-ETKG-MU-06 &#8211; Sz\u00e1ml\u00e1s oktat\u00e1si szolg\u00e1ltat\u00e1s megb\u00edz\u00e1si szerz\u0151d\u00e9seinek kezel\u00e9se, adminisztr\u00e1ci\u00f3ja<\/a> <br \/>\n<a href=\"https:\/\/semmelweis.hu\/minoseg\/files\/2021\/01\/SE-GFI-ETKG-MU-06-fedlap.pdf\">SE-GFI-ETKG-MU-06 &#8211; fedlap<\/a><\/li>\n<li><a href=\"https:\/\/semmelweis.hu\/minoseg\/files\/2021\/01\/SE-GFI-ETKG-MU-07.doc\">SE-GFI-ETKG-MU-07 &#8211; Sz\u00e1ll\u00edt\u00f3i sz\u00e1ml\u00e1k\/szerz\u0151d\u00e9sek kezel\u00e9se-adminisztr\u00e1ci\u00f3ja<\/a><br \/>\n<a href=\"https:\/\/semmelweis.hu\/minoseg\/files\/2021\/01\/SE-GFI-ETKG-MU-07-fedlap.pdf\">SE-GFI-ETKG-MU-07 &#8211; fedlap<\/a><\/li>\n<li><a href=\"https:\/\/semmelweis.hu\/minoseg\/files\/2021\/01\/SE-GFI-ETKG-MU-08.doc\">SE-GFI-ETKG-MU-08 &#8211; Vev\u0151 sz\u00e1ml\u00e1k-vev\u0151 szerz\u0151d\u00e9sek kezel\u00e9se, adminisztr\u00e1ci\u00f3ja<\/a><br \/>\n<a href=\"https:\/\/semmelweis.hu\/minoseg\/files\/2021\/01\/SE-GFI-ETKG-MU-08-fedlap.pdf\">SE-GFI-ETKG-MU-08 &#8211; fedlap<\/a><\/li>\n<li><a href=\"https:\/\/semmelweis.hu\/minoseg\/files\/2021\/01\/SE-GFI-ETKG-MU-09.doc\">SE-GFI-ETKG-MU-09 &#8211; Kontrolling feladatok: elemz\u00e9sek, besz\u00e1mol\u00f3k k\u00e9sz\u00edt\u00e9se<\/a><br \/>\n<a href=\"https:\/\/semmelweis.hu\/minoseg\/files\/2021\/01\/SE-GFI-ETKG-MU-09-fedlap.pdf\">SE-GFI-ETKG-MU-09 &#8211; fedlap<\/a><\/li>\n<li><a href=\"https:\/\/semmelweis.hu\/minoseg\/files\/2021\/01\/SE-GFI-ETKG-MU-10.doc\">SE-GFI-ETKG-MU-10 &#8211; Karbantart\u00e1si feladatok elj\u00e1r\u00e1srendje<\/a><br \/>\n<a href=\"https:\/\/semmelweis.hu\/minoseg\/files\/2021\/01\/SE-GFI-ETKG-MU-10-fedlap.pdf\">SE-GFI-ETKG-MU-10 &#8211; fedlap<\/a><\/li>\n<li><a href=\"https:\/\/semmelweis.hu\/minoseg\/files\/2021\/01\/SE-GFI-ETKG-MU-11.doc\">SE-GFI-ETKG-MU-11 &#8211; Az eszk\u00f6zgazd\u00e1lkod\u00e1s\u00a0(bev\u00e9telez\u00e9s, lelt\u00e1roz\u00e1s, selejtez\u00e9s)<\/a><br \/>\n<a href=\"https:\/\/semmelweis.hu\/minoseg\/files\/2021\/01\/SE-GFI-ETKG-MU-11-fedlap.pdf\">SE-GFI-ETKG-MU-11 &#8211; fedlap<\/a><\/li>\n<li><a href=\"https:\/\/semmelweis.hu\/minoseg\/files\/2021\/01\/SE-GFI-ETKG-MU-12.doc\">SE-GFI-ETKG-MU-12 &#8211; Ell\u00e1tm\u00e1nykezel\u00e9s folyamata<\/a><br \/>\n<a href=\"https:\/\/semmelweis.hu\/minoseg\/files\/2021\/01\/SE-GFI-ETKG-MU-12-fedlap.pdf\">SE-GFI-ETKG-MU-12 &#8211; fedlap<\/a><\/li>\n<\/ul>\n<p>&nbsp;<\/p>\n<p>&nbsp;<\/p>\n<p>&nbsp;<\/p>\n","protected":false},"excerpt":{"rendered":"<p>Min\u0151s\u00e9g\u00fcgyi dokumentumok.<\/p>\n","protected":false},"author":326,"featured_media":0,"parent":7841,"menu_order":2,"comment_status":"closed","ping_status":"closed","template":"","meta":{"_acf_changed":false,"footnotes":""},"categories":[],"tags":[],"class_list":["post-6944","page","type-page","status-publish","hentry"],"acf":[],"_links":{"self":[{"href":"https:\/\/semmelweis.hu\/minoseg\/wp-json\/wp\/v2\/pages\/6944","targetHints":{"allow":["GET"]}}],"collection":[{"href":"https:\/\/semmelweis.hu\/minoseg\/wp-json\/wp\/v2\/pages"}],"about":[{"href":"https:\/\/semmelweis.hu\/minoseg\/wp-json\/wp\/v2\/types\/page"}],"author":[{"embeddable":true,"href":"https:\/\/semmelweis.hu\/minoseg\/wp-json\/wp\/v2\/users\/326"}],"replies":[{"embeddable":true,"href":"https:\/\/semmelweis.hu\/minoseg\/wp-json\/wp\/v2\/comments?post=6944"}],"version-history":[{"count":10,"href":"https:\/\/semmelweis.hu\/minoseg\/wp-json\/wp\/v2\/pages\/6944\/revisions"}],"predecessor-version":[{"id":19729,"href":"https:\/\/semmelweis.hu\/minoseg\/wp-json\/wp\/v2\/pages\/6944\/revisions\/19729"}],"up":[{"embeddable":true,"href":"https:\/\/semmelweis.hu\/minoseg\/wp-json\/wp\/v2\/pages\/7841"}],"wp:attachment":[{"href":"https:\/\/semmelweis.hu\/minoseg\/wp-json\/wp\/v2\/media?parent=6944"}],"wp:term":[{"taxonomy":"category","embeddable":true,"href":"https:\/\/semmelweis.hu\/minoseg\/wp-json\/wp\/v2\/categories?post=6944"},{"taxonomy":"post_tag","embeddable":true,"href":"https:\/\/semmelweis.hu\/minoseg\/wp-json\/wp\/v2\/tags?post=6944"}],"curies":[{"name":"wp","href":"https:\/\/api.w.org\/{rel}","templated":true}]}}