{"id":6922,"date":"2018-04-06T13:53:53","date_gmt":"2018-04-06T11:53:53","guid":{"rendered":"http:\/\/semmelweis.hu\/minoseg\/?page_id=6922"},"modified":"2025-04-01T12:20:00","modified_gmt":"2025-04-01T10:20:00","slug":"okk-radiologiai-tanszek","status":"publish","type":"page","link":"https:\/\/semmelweis.hu\/minoseg\/mir-dokumentacio\/aok-klinikak\/orvosi-kepalkoto-klinika\/okk-radiologiai-tanszek\/","title":{"rendered":"OKK Radiol\u00f3giai Tansz\u00e9k"},"content":{"rendered":"<p><strong>Egys\u00e9gszint\u0171 M\u0171k\u00f6d\u00e9si Szab\u00e1lyzat<\/strong><\/p>\n<ul>\n<li><a href=\"https:\/\/semmelweis.hu\/minoseg\/files\/2023\/01\/SE-OKK-CT-EMSZ-2023-01-01.docx\">SE-OKK-CT-EMSZ &#8211; CT-Diagnosztikai R\u00e9szleg Egys\u00e9gszint\u0171 M\u0171k\u00f6d\u00e9si Szab\u00e1lyzat<\/a><br \/>\n<a href=\"https:\/\/semmelweis.hu\/minoseg\/files\/2023\/01\/SE-OKK-CT-EMSZ-fedlap-2023-01-01.pdf\">SE-OKK-CT-EMSZ &#8211; fedlap<\/a><\/li>\n<li><a href=\"https:\/\/semmelweis.hu\/minoseg\/files\/2023\/01\/SE-OKK-EDR-EMSZ-2023-01-01.docx\">SE-OKK-EDR-EMSZ &#8211; Eml\u0151diagnosztikai R\u00e9szleg Egys\u00e9gszint\u0171 M\u0171k\u00f6d\u00e9si Szab\u00e1lyzat<\/a><br \/>\n<a href=\"https:\/\/semmelweis.hu\/minoseg\/files\/2023\/01\/SE-OKK-EDR-EMSZ-fedlap-2023-01-01.pdf\">SE-OKK-EDR-EMSZ &#8211; fedlap<\/a><\/li>\n<li><a href=\"https:\/\/semmelweis.hu\/minoseg\/files\/2023\/01\/SE-OKK-INT-EMSZ-2023-01-01.docx\">SE-OKK-INT-EMSZ &#8211; Intervenci\u00f3s Radiol\u00f3giai R\u00e9szleg Egys\u00e9gszint\u0171 M\u0171k\u00f6d\u00e9si Szab\u00e1lyzat<\/a><br \/>\n<a href=\"https:\/\/semmelweis.hu\/minoseg\/files\/2023\/01\/SE-OKK-INT-EMSZ-fedlap-2023-01-01.pdf\">SE-OKK-INT-EMSZ &#8211; fedlap<\/a><\/li>\n<li><a href=\"https:\/\/semmelweis.hu\/minoseg\/files\/2023\/01\/SE-OKK-RDR-EMSZ-2023-01-01.docx\">SE-OKK-RDR-EMSZ &#8211; Radiol\u00f3giai R\u00f6ntgen Diagnosztikai R\u00e9szleg Egys\u00e9gszint\u0171 M\u0171k\u00f6d\u00e9si Szab\u00e1lyzat<\/a><br \/>\n<a href=\"https:\/\/semmelweis.hu\/minoseg\/files\/2023\/01\/SE-OKK-RDR-EMSZ-fedlap-2023-01-01.pdf\">SE-OKK-RDR-EMSZ &#8211; fedlap<\/a><\/li>\n<li><a href=\"https:\/\/semmelweis.hu\/minoseg\/files\/2023\/01\/SE-OKK-SRR-EMSZ-2023-01-01.docx\">SE-OKK-SRR-EMSZ &#8211; S\u00fcrg\u0151ss\u00e9gi Radiol\u00f3giai R\u00e9szleg Egys\u00e9gszint\u0171 M\u0171k\u00f6d\u00e9si Szab\u00e1lyzat<\/a><br \/>\n<a href=\"https:\/\/semmelweis.hu\/minoseg\/files\/2023\/01\/SE-OKK-SRR-EMSZ-fedlap-2023-01-01.pdf\">SE-OKK-SRR-EMSZ &#8211; fedlap<\/a><\/li>\n<li><a href=\"https:\/\/semmelweis.hu\/minoseg\/files\/2023\/01\/SE-OKK-UH-EMSZ-2023-01-01.doc\">SE-OKK-UH-EMSZ &#8211; Ultrahang-Diagnosztikai R\u00e9szleg Egys\u00e9gszint\u0171 M\u0171k\u00f6d\u00e9si Szab\u00e1lyzat<\/a><br \/>\n<a href=\"https:\/\/semmelweis.hu\/minoseg\/files\/2023\/01\/SE-OKK-UH-EMSZ-fedlap-2023-01-01.pdf\">SE-OKK-UH-EMSZ &#8211; fedlap<\/a><\/li>\n<\/ul>\n","protected":false},"excerpt":{"rendered":"<p>Min\u0151s\u00e9g\u00fcgyi dokumentumok.<\/p>\n","protected":false},"author":326,"featured_media":0,"parent":11440,"menu_order":3,"comment_status":"closed","ping_status":"closed","template":"","meta":{"_acf_changed":false,"footnotes":""},"categories":[],"tags":[],"class_list":["post-6922","page","type-page","status-publish","hentry"],"acf":[],"_links":{"self":[{"href":"https:\/\/semmelweis.hu\/minoseg\/wp-json\/wp\/v2\/pages\/6922","targetHints":{"allow":["GET"]}}],"collection":[{"href":"https:\/\/semmelweis.hu\/minoseg\/wp-json\/wp\/v2\/pages"}],"about":[{"href":"https:\/\/semmelweis.hu\/minoseg\/wp-json\/wp\/v2\/types\/page"}],"author":[{"embeddable":true,"href":"https:\/\/semmelweis.hu\/minoseg\/wp-json\/wp\/v2\/users\/326"}],"replies":[{"embeddable":true,"href":"https:\/\/semmelweis.hu\/minoseg\/wp-json\/wp\/v2\/comments?post=6922"}],"version-history":[{"count":10,"href":"https:\/\/semmelweis.hu\/minoseg\/wp-json\/wp\/v2\/pages\/6922\/revisions"}],"predecessor-version":[{"id":19605,"href":"https:\/\/semmelweis.hu\/minoseg\/wp-json\/wp\/v2\/pages\/6922\/revisions\/19605"}],"up":[{"embeddable":true,"href":"https:\/\/semmelweis.hu\/minoseg\/wp-json\/wp\/v2\/pages\/11440"}],"wp:attachment":[{"href":"https:\/\/semmelweis.hu\/minoseg\/wp-json\/wp\/v2\/media?parent=6922"}],"wp:term":[{"taxonomy":"category","embeddable":true,"href":"https:\/\/semmelweis.hu\/minoseg\/wp-json\/wp\/v2\/categories?post=6922"},{"taxonomy":"post_tag","embeddable":true,"href":"https:\/\/semmelweis.hu\/minoseg\/wp-json\/wp\/v2\/tags?post=6922"}],"curies":[{"name":"wp","href":"https:\/\/api.w.org\/{rel}","templated":true}]}}