{"id":6907,"date":"2018-04-05T10:33:57","date_gmt":"2018-04-05T08:33:57","guid":{"rendered":"http:\/\/semmelweis.hu\/minoseg\/?page_id=6907"},"modified":"2025-04-02T13:28:40","modified_gmt":"2025-04-02T11:28:40","slug":"ortopediai-klinika","status":"publish","type":"page","link":"https:\/\/semmelweis.hu\/minoseg\/mir-dokumentacio\/aok-klinikak\/ortopediai-klinika\/","title":{"rendered":"Ortop\u00e9diai Klinika"},"content":{"rendered":"<p><strong>Min\u0151s\u00e9g\u00fcgyi dokumentum &#8211; elj\u00e1r\u00e1s<\/strong><\/p>\n<ul>\n<li><a href=\"https:\/\/semmelweis.hu\/minoseg\/files\/2018\/04\/SE-ORT-ME-01.docx\">SE-ORT-ME-01 &#8211; Fekv\u0151beteg-ell\u00e1t\u00e1s fel\u00fcgyelete<\/a><br \/>\n<a href=\"https:\/\/semmelweis.hu\/minoseg\/files\/2018\/04\/SE-ORT-ME-01.pdf\" target=\"_blank\" rel=\"noopener noreferrer\">SE-ORT-ME-01 &#8211; fedlap<\/a><\/p>\n<\/li>\n<\/ul>\n<ul>\n<li><a href=\"https:\/\/semmelweis.hu\/minoseg\/files\/2018\/04\/SE-ORT-ME-02.docx\">SE-ORT-ME-02 &#8211; J\u00e1r\u00f3beteg-ell\u00e1t\u00e1s fel\u00fcgyelete<\/a><br \/>\n<a href=\"https:\/\/semmelweis.hu\/minoseg\/files\/2018\/04\/SE-ORT-ME-02.pdf\" target=\"_blank\" rel=\"noopener noreferrer\">SE-ORT-ME-02 &#8211; fedlap<\/a><\/p>\n<\/li>\n<\/ul>\n<ul>\n<li><a href=\"https:\/\/semmelweis.hu\/minoseg\/files\/2018\/04\/SE-ORT-ME-03.docx\">SE-ORT-ME-03 &#8211; Oktat\u00e1si tev\u00e9kenys\u00e9g<\/a><br \/>\n<a href=\"https:\/\/semmelweis.hu\/minoseg\/files\/2018\/04\/SE-ORT-ME-03.pdf\" target=\"_blank\" rel=\"noopener noreferrer\">SE-ORT-ME-03 &#8211; fedlap<\/a><\/p>\n<\/li>\n<\/ul>\n<ul>\n<li><a href=\"https:\/\/semmelweis.hu\/minoseg\/files\/2018\/04\/SE-ORT-ME-04.docx\">SE-ORT-ME-04 &#8211; Kutat\u00e1si tev\u00e9kenys\u00e9g<\/a><br \/>\n<a href=\"https:\/\/semmelweis.hu\/minoseg\/files\/2018\/04\/SE-ORT-ME-04.pdf\" target=\"_blank\" rel=\"noopener noreferrer\">SE-ORT-ME-04 &#8211; fedlap<\/a><\/li>\n<\/ul>\n<p><strong>Min\u0151s\u00e9g\u00fcgyi dokumentum &#8211; Egys\u00e9gszint\u0171 M\u0171k\u00f6d\u00e9si Szab\u00e1lyzat<\/strong><\/p>\n<ul>\n<li><a href=\"https:\/\/semmelweis.hu\/minoseg\/files\/2018\/04\/SE-ORT-AMB-EMSZ.docx\">SE-ORT-AMB-EMSZ &#8211; Klinikai Szakambulanci\u00e1k Egys\u00e9gszint\u0171 M\u0171k\u00f6d\u00e9si Szab\u00e1lyzat<\/a><br \/>\n<a href=\"https:\/\/semmelweis.hu\/minoseg\/files\/2018\/04\/SE-ORT-AMB-EMSZ.pdf\" target=\"_blank\" rel=\"noopener noreferrer\">SE-ORT-AMB-EMSZ &#8211; fedlap<\/a><\/p>\n<\/li>\n<\/ul>\n<ul>\n<li><a href=\"https:\/\/semmelweis.hu\/minoseg\/files\/2018\/04\/SE-ORT-AP-EMSZ.docx\">SE-ORT-AP-EMSZ &#8211; \u00c1pol\u00e1svezet\u00e9s Egys\u00e9gszint\u0171 M\u0171k\u00f6d\u00e9si Szab\u00e1lyzat<\/a><br \/>\n<a href=\"https:\/\/semmelweis.hu\/minoseg\/files\/2018\/04\/SE-ORT-AP-EMSZ.pdf\" target=\"_blank\" rel=\"noopener noreferrer\">SE-ORT-AP-EMSZ &#8211; fedlap<\/a><br \/>\n<a href=\"https:\/\/semmelweis.hu\/minoseg\/files\/2018\/04\/SE-ORT-AP-EMSZ-M01.docx\">SE-ORT-AP-EMSZ-M01 &#8211; Munkautas\u00edt\u00e1sok list\u00e1ja<\/a><\/p>\n<\/li>\n<\/ul>\n<ul>\n<li><a href=\"https:\/\/semmelweis.hu\/minoseg\/files\/2018\/04\/SE-ORT-F-EMSZ.docx\">SE-ORT-F-EMSZ &#8211; Fekv\u0151beteg r\u00e9szlegek Egys\u00e9gszint\u0171 M\u0171k\u00f6d\u00e9si Szab\u00e1lyzat<\/a><br \/>\n<a href=\"https:\/\/semmelweis.hu\/minoseg\/files\/2018\/04\/SE-ORT-F-EMSZ.pdf\" target=\"_blank\" rel=\"noopener noreferrer\">SE-ORT-F-EMSZ &#8211; fedlap<br \/>\n<\/a><\/li>\n<\/ul>\n<ul>\n<li><a href=\"https:\/\/semmelweis.hu\/minoseg\/files\/2018\/04\/SE-ORT-JAL-EMSZ.doc\">SE-ORT-JAL-EMSZ &#8211; J\u00e1r\u00e1sanalitikai Laborat\u00f3rium Egys\u00e9gszint\u0171 M\u0171k\u00f6d\u00e9si Szab\u00e1lyzat<\/a><br \/>\n<a href=\"https:\/\/semmelweis.hu\/minoseg\/files\/2018\/04\/SE-ORT-JAL-EMSZ.pdf\" target=\"_blank\" rel=\"noopener noreferrer\">SE-ORT-JAL-EMSZ &#8211; fedlap<\/a><\/li>\n<\/ul>\n<ul>\n<li><a href=\"https:\/\/semmelweis.hu\/minoseg\/files\/2022\/07\/SE-ORT-MUTO-EMSZ.docx\">SE-ORT-MUTO-EMSZ &#8211; M\u0171t\u0151 Egys\u00e9gszint\u0171 M\u0171k\u00f6d\u00e9si Szab\u00e1lyzat<\/a><br \/>\n<a href=\"https:\/\/semmelweis.hu\/minoseg\/files\/2018\/04\/SE-ORT-MUTO-EMSZ.pdf\" target=\"_blank\" rel=\"noopener noreferrer\">SE-ORT-MUTO-EMSZ &#8211; fedlap<\/a><\/li>\n<\/ul>\n<ul>\n<li><a href=\"https:\/\/semmelweis.hu\/minoseg\/files\/2018\/04\/SE-ORT-POO-EMSZ.docx\">SE-ORT-POO-EMSZ &#8211; Posztoperat\u00edv \u0151rz\u0151 Egys\u00e9gszint\u0171 M\u0171k\u00f6d\u00e9si Szab\u00e1lyzat<\/a><br \/>\n<a href=\"https:\/\/semmelweis.hu\/minoseg\/files\/2018\/04\/SE-ORT-POO-EMSZ.pdf\" target=\"_blank\" rel=\"noopener noreferrer\">SE-ORT-POO-EMSZ &#8211; fedlap<\/a><\/p>\n<\/li>\n<\/ul>\n<ul>\n<li><a href=\"https:\/\/semmelweis.hu\/minoseg\/files\/2018\/04\/SE-ORT-UH-EMSZ.docx\">SE-ORT-UH-EMSZ &#8211; Ultrahang diagnosztika r\u00e9szleg Egys\u00e9gszint\u0171 M\u0171k\u00f6d\u00e9si Szab\u00e1lyzat<\/a><br \/>\n<a href=\"https:\/\/semmelweis.hu\/minoseg\/files\/2018\/04\/SE-ORT-UH-EMSZ.pdf\" target=\"_blank\" rel=\"noopener noreferrer\">SE-ORT-UH-EMSZ &#8211; fedlap<\/a><\/li>\n<\/ul>\n<p>&nbsp;<\/p>\n<p>&nbsp;<\/p>\n","protected":false},"excerpt":{"rendered":"<p>Min\u0151s\u00e9g\u00fcgyi dokumentumok.<\/p>\n","protected":false},"author":326,"featured_media":0,"parent":147,"menu_order":10,"comment_status":"closed","ping_status":"closed","template":"","meta":{"_acf_changed":false,"footnotes":""},"categories":[],"tags":[],"class_list":["post-6907","page","type-page","status-publish","hentry"],"acf":[],"_links":{"self":[{"href":"https:\/\/semmelweis.hu\/minoseg\/wp-json\/wp\/v2\/pages\/6907","targetHints":{"allow":["GET"]}}],"collection":[{"href":"https:\/\/semmelweis.hu\/minoseg\/wp-json\/wp\/v2\/pages"}],"about":[{"href":"https:\/\/semmelweis.hu\/minoseg\/wp-json\/wp\/v2\/types\/page"}],"author":[{"embeddable":true,"href":"https:\/\/semmelweis.hu\/minoseg\/wp-json\/wp\/v2\/users\/326"}],"replies":[{"embeddable":true,"href":"https:\/\/semmelweis.hu\/minoseg\/wp-json\/wp\/v2\/comments?post=6907"}],"version-history":[{"count":10,"href":"https:\/\/semmelweis.hu\/minoseg\/wp-json\/wp\/v2\/pages\/6907\/revisions"}],"predecessor-version":[{"id":19598,"href":"https:\/\/semmelweis.hu\/minoseg\/wp-json\/wp\/v2\/pages\/6907\/revisions\/19598"}],"up":[{"embeddable":true,"href":"https:\/\/semmelweis.hu\/minoseg\/wp-json\/wp\/v2\/pages\/147"}],"wp:attachment":[{"href":"https:\/\/semmelweis.hu\/minoseg\/wp-json\/wp\/v2\/media?parent=6907"}],"wp:term":[{"taxonomy":"category","embeddable":true,"href":"https:\/\/semmelweis.hu\/minoseg\/wp-json\/wp\/v2\/categories?post=6907"},{"taxonomy":"post_tag","embeddable":true,"href":"https:\/\/semmelweis.hu\/minoseg\/wp-json\/wp\/v2\/tags?post=6907"}],"curies":[{"name":"wp","href":"https:\/\/api.w.org\/{rel}","templated":true}]}}