{"id":6729,"date":"2018-01-31T13:58:28","date_gmt":"2018-01-31T12:58:28","guid":{"rendered":"http:\/\/semmelweis.hu\/minoseg\/?page_id=6729"},"modified":"2025-04-02T13:29:28","modified_gmt":"2025-04-02T11:29:28","slug":"pszichiatriai-es-pszichoterapias-klinika","status":"publish","type":"page","link":"https:\/\/semmelweis.hu\/minoseg\/mir-dokumentacio\/aok-klinikak\/pszichiatriai-es-pszichoterapias-klinika\/","title":{"rendered":"Pszichi\u00e1triai \u00e9s Pszichoter\u00e1pi\u00e1s Klinika"},"content":{"rendered":"<p><strong>Min\u0151s\u00e9g\u00fcgyi dokumentum &#8211; elj\u00e1r\u00e1s<\/strong><\/p>\n<ul>\n<li><a href=\"https:\/\/semmelweis.hu\/minoseg\/files\/2019\/10\/SE-AOK-PPK-ME-01.docx\">SE-AOK-PPK-ME-01 &#8211; Fekv\u0151beteg-ell\u00e1t\u00e1s fel\u00fcgyelete<\/a><br \/>\n<a href=\"https:\/\/semmelweis.hu\/minoseg\/files\/2019\/10\/SE-AOK-PPK-ME-01.pdf\">SE-AOK-PPK-ME-01 &#8211; fedlap<\/a><\/li>\n<\/ul>\n<ul>\n<li><a href=\"https:\/\/semmelweis.hu\/minoseg\/files\/2018\/05\/SE-PPK-ME-02.docx\">SE-PPK-ME-02 &#8211; J\u00e1r\u00f3beteg-ell\u00e1t\u00e1s fel\u00fcgyelete<\/a><br \/>\n<a href=\"https:\/\/semmelweis.hu\/minoseg\/files\/2018\/05\/SE-PPK-ME-02-fedlap.pdf\" target=\"_blank\" rel=\"noopener noreferrer\">SE-PPK-ME-02 &#8211; fedlap<\/a><\/li>\n<\/ul>\n<ul>\n<li><a href=\"https:\/\/semmelweis.hu\/minoseg\/files\/2018\/05\/SE-PPK-ME-03.docx\">SE-PPK-ME-03 &#8211; Az oktat\u00e1si tev\u00e9kenys\u00e9g fel\u00fcgyelete<\/a><br \/>\n<a href=\"https:\/\/semmelweis.hu\/minoseg\/files\/2018\/05\/SE-PPK-ME-03-fedlap.pdf\" target=\"_blank\" rel=\"noopener noreferrer\">SE-PPK-ME-03 &#8211; fedlap<\/a><\/li>\n<\/ul>\n<ul>\n<li><a href=\"https:\/\/semmelweis.hu\/minoseg\/files\/2018\/05\/SE-PPK-ME-04.docx\">SE-PPK-ME-04 &#8211; Kutat\u00e1si tev\u00e9kenys\u00e9g fel\u00fcgyelete<\/a><br \/>\n<a href=\"https:\/\/semmelweis.hu\/minoseg\/files\/2018\/05\/SE-PPK-ME-04-fedlap.pdf\" target=\"_blank\" rel=\"noopener noreferrer\">SE-PPK-ME-04 &#8211; fedlap<\/a><\/li>\n<\/ul>\n<p><strong>Min\u0151s\u00e9g\u00fcgyi dokumentum &#8211; Egys\u00e9gszint\u0171 M\u0171k\u00f6d\u00e9si Szab\u00e1lyzat<\/strong><\/p>\n<ul>\n<li><a href=\"https:\/\/semmelweis.hu\/minoseg\/files\/2018\/05\/SE-PPK-ADHD-EMSZ.docx\">SE-PPK-ADHD-EMSZ &#8211; Feln\u0151tt ADHD szakambulancia Egys\u00e9gszint\u0171 M\u0171k\u00f6d\u00e9si Szab\u00e1lyzat<\/a><br \/>\n<a href=\"https:\/\/semmelweis.hu\/minoseg\/files\/2018\/05\/SE-PPK-ADHD-EMSZ-fedlap.pdf\" target=\"_blank\" rel=\"noopener noreferrer\">SE-PPK-ADHD-EMSZ &#8211; fedlap<\/a><\/p>\n<\/li>\n<\/ul>\n<ul>\n<li><a href=\"https:\/\/semmelweis.hu\/minoseg\/files\/2018\/05\/SE-PPK-AP-EMSZ.docx\">SE-PPK-AP-EMSZ &#8211; \u00c1pol\u00e1svezet\u00e9s Egys\u00e9gszint\u0171 M\u0171k\u00f6d\u00e9si Szab\u00e1lyzat<\/a><br \/>\n<a href=\"https:\/\/semmelweis.hu\/minoseg\/files\/2018\/05\/SE-PPK-AP-EMSZ-fedlap.pdf\" target=\"_blank\" rel=\"noopener noreferrer\">SE-PPK-AP-EMSZ &#8211; fedlap<\/a><br \/>\n<a href=\"https:\/\/semmelweis.hu\/minoseg\/files\/2018\/05\/SE-PPK-AP-EMSZ-M01.docx\">SE-PPK-AP-EMSZ-M01 &#8211; Munkautas\u00edt\u00e1sok list\u00e1ja<\/a><\/li>\n<\/ul>\n<ul>\n<li><a href=\"https:\/\/semmelweis.hu\/minoseg\/files\/2018\/05\/SE-PPK-F-EMSZ.docx\">SE-PPK-F-EMSZ &#8211; Fekv\u0151beteg oszt\u00e1lyok Egys\u00e9gszint\u0171 M\u0171k\u00f6d\u00e9si Szab\u00e1lyzat<\/a><br \/>\n<a href=\"https:\/\/semmelweis.hu\/minoseg\/files\/2018\/05\/SE-PPK-F-EMSZ-fedlap.pdf\" target=\"_blank\" rel=\"noopener noreferrer\">SE-PPK-F-EMSZ &#8211; fedlap<\/a><\/p>\n<\/li>\n<\/ul>\n<ul>\n<li><a href=\"https:\/\/semmelweis.hu\/minoseg\/files\/2018\/05\/SE-PPK-KKMO-EMSZ.docx\">SE-PPK-KKMO-EMSZ &#8211; Klinikai \u00e9s Kutat\u00e1si Ment\u00e1lhigi\u00e9n\u00e9s Oszt\u00e1ly Egys\u00e9gszint\u0171 M\u0171k\u00f6d\u00e9si Szab\u00e1lyzat<\/a><br \/>\n<a href=\"https:\/\/semmelweis.hu\/minoseg\/files\/2018\/05\/SE-PPK-KKMO-EMSZ-fedlap.pdf\" target=\"_blank\" rel=\"noopener noreferrer\">SE-PPK-KKMO-EMSZ &#8211; fedlap<\/a><\/p>\n<\/li>\n<\/ul>\n<ul>\n<li><a href=\"https:\/\/semmelweis.hu\/minoseg\/files\/2018\/05\/SE-PPK-KUTA-EMSZ.docx\">SE-PPK-KUTA-EMSZ &#8211; Pszichi\u00e1triai szakambulancia (KUT) Egys\u00e9gszint\u0171 M\u0171k\u00f6d\u00e9si Szab\u00e1lyzat<\/a><br \/>\n<a href=\"https:\/\/semmelweis.hu\/minoseg\/files\/2018\/05\/SE-PPK-KUTA-EMSZ-fedlap.pdf\" target=\"_blank\" rel=\"noopener noreferrer\">SE-PPK-KUTA-EMSZ &#8211; fedlap<\/a><\/p>\n<\/li>\n<\/ul>\n<ul>\n<li><a href=\"https:\/\/semmelweis.hu\/minoseg\/files\/2018\/05\/SE-PPK-NKA-EMSZ.docx\">SE-PPK-NKA-EMSZ &#8211; Nappali K\u00f3rh\u00e1z Egys\u00e9gszint\u0171 M\u0171k\u00f6d\u00e9si Szab\u00e1lyzat<\/a><br \/>\n<a href=\"https:\/\/semmelweis.hu\/minoseg\/files\/2018\/05\/SE-PPK-NKA-EMSZ-fedlap.pdf\" target=\"_blank\" rel=\"noopener noreferrer\">SE-PPK-NKA-EMSZ &#8211; fedlap<\/a><\/p>\n<\/li>\n<\/ul>\n<ul>\n<li><a href=\"https:\/\/semmelweis.hu\/minoseg\/files\/2018\/05\/SE-PPK-PFA-EMSZ.docx\">SE-PPK-PFA-EMSZ &#8211; Pszichofarmakol\u00f3giai Szakambulancia Egys\u00e9gszint\u0171 M\u0171k\u00f6d\u00e9si Szab\u00e1lyzat<\/a><br \/>\n<a href=\"https:\/\/semmelweis.hu\/minoseg\/files\/2018\/05\/SE-PPK-PFA-EMSZ-fedlap.pdf\" target=\"_blank\" rel=\"noopener noreferrer\">SE-PPK-PFA-EMSZ &#8211; fedlap<\/a><br \/>\n<a href=\"https:\/\/semmelweis.hu\/minoseg\/files\/2018\/05\/SE-PPK-PFA-EMSZ-M01.docx\">SE-PPK-PFA-EMSZ-M01 &#8211; Munkautas\u00edt\u00e1sok list\u00e1ja<\/a><\/li>\n<\/ul>\n<ul>\n<li><a href=\"https:\/\/semmelweis.hu\/minoseg\/files\/2018\/05\/SE-PPK-PRO-EMSZ.docx\">SE-PPK-PRO-EMSZ &#8211; Pszichoter\u00e1pi\u00e1s Rehabilit\u00e1ci\u00f3s Oszt\u00e1ly \u00e9s Pszichoter\u00e1pi\u00e1s Oszt\u00e1ly\u00a0 Egys\u00e9gszint\u0171 M\u0171k\u00f6d\u00e9si Szab\u00e1lyzat<\/a><br \/>\n<a href=\"https:\/\/semmelweis.hu\/minoseg\/files\/2018\/05\/SE-PPK-PRO-EMSZ-fedlap.pdf\" target=\"_blank\" rel=\"noopener noreferrer\">SE-PPK-PRO-EMSZ &#8211; fedlap<\/a><\/p>\n<\/li>\n<\/ul>\n<ul>\n<li><a href=\"https:\/\/semmelweis.hu\/minoseg\/files\/2018\/05\/SE-PPK-PSA-EMSZ.docx\">SE-PPK-PSA-EMSZ &#8211; Pszichi\u00e1triai ambulanci\u00e1k Egys\u00e9gszint\u0171 M\u0171k\u00f6d\u00e9si Szab\u00e1lyzat<\/a><br \/>\n<a href=\"https:\/\/semmelweis.hu\/minoseg\/files\/2018\/05\/SE-PPK-PSA-EMSZ-fedlap.pdf\" target=\"_blank\" rel=\"noopener noreferrer\">SE-PPK-PSA-EMSZ &#8211; fedlap<\/a><\/p>\n<\/li>\n<\/ul>\n<ul>\n<li><a href=\"https:\/\/semmelweis.hu\/minoseg\/files\/2018\/05\/SE-PPK-PSZ-EMSZ.docx\">SE-PPK-PSZ-EMSZ &#8211; Pszichoter\u00e1pi\u00e1s szakrendel\u00e9sek Egys\u00e9gszint\u0171 M\u0171k\u00f6d\u00e9si Szab\u00e1lyzat<\/a><br \/>\n<a href=\"https:\/\/semmelweis.hu\/minoseg\/files\/2018\/05\/SE-PPK-PSZ-EMSZ-fedlap.pdf\" target=\"_blank\" rel=\"noopener noreferrer\">SE-PPK-PSZ-EMSZ &#8211; fedlap<\/a><\/li>\n<\/ul>\n","protected":false},"excerpt":{"rendered":"<p>Min\u0151s\u00e9g\u00fcgyi dokumentumok.<\/p>\n","protected":false},"author":326,"featured_media":0,"parent":147,"menu_order":12,"comment_status":"closed","ping_status":"closed","template":"","meta":{"_acf_changed":false,"footnotes":""},"categories":[],"tags":[],"class_list":["post-6729","page","type-page","status-publish","hentry"],"acf":[],"_links":{"self":[{"href":"https:\/\/semmelweis.hu\/minoseg\/wp-json\/wp\/v2\/pages\/6729","targetHints":{"allow":["GET"]}}],"collection":[{"href":"https:\/\/semmelweis.hu\/minoseg\/wp-json\/wp\/v2\/pages"}],"about":[{"href":"https:\/\/semmelweis.hu\/minoseg\/wp-json\/wp\/v2\/types\/page"}],"author":[{"embeddable":true,"href":"https:\/\/semmelweis.hu\/minoseg\/wp-json\/wp\/v2\/users\/326"}],"replies":[{"embeddable":true,"href":"https:\/\/semmelweis.hu\/minoseg\/wp-json\/wp\/v2\/comments?post=6729"}],"version-history":[{"count":10,"href":"https:\/\/semmelweis.hu\/minoseg\/wp-json\/wp\/v2\/pages\/6729\/revisions"}],"predecessor-version":[{"id":19613,"href":"https:\/\/semmelweis.hu\/minoseg\/wp-json\/wp\/v2\/pages\/6729\/revisions\/19613"}],"up":[{"embeddable":true,"href":"https:\/\/semmelweis.hu\/minoseg\/wp-json\/wp\/v2\/pages\/147"}],"wp:attachment":[{"href":"https:\/\/semmelweis.hu\/minoseg\/wp-json\/wp\/v2\/media?parent=6729"}],"wp:term":[{"taxonomy":"category","embeddable":true,"href":"https:\/\/semmelweis.hu\/minoseg\/wp-json\/wp\/v2\/categories?post=6729"},{"taxonomy":"post_tag","embeddable":true,"href":"https:\/\/semmelweis.hu\/minoseg\/wp-json\/wp\/v2\/tags?post=6729"}],"curies":[{"name":"wp","href":"https:\/\/api.w.org\/{rel}","templated":true}]}}