{"id":6666,"date":"2018-01-18T08:36:05","date_gmt":"2018-01-18T07:36:05","guid":{"rendered":"http:\/\/semmelweis.hu\/minoseg\/?page_id=6666"},"modified":"2025-04-01T12:36:57","modified_gmt":"2025-04-01T10:36:57","slug":"klinikai-kiserleti-kutato-intezet","status":"publish","type":"page","link":"https:\/\/semmelweis.hu\/minoseg\/mir-dokumentacio\/aok-intezetek\/transzlacios-medicina-intezet\/klinikai-kiserleti-kutato-intezet\/","title":{"rendered":"Klinikai K\u00eds\u00e9rleti Kutat\u00f3 Int\u00e9zet"},"content":{"rendered":"<p><strong>Min\u0151s\u00e9g\u00fcgyi dokumentum &#8211; munkautas\u00edt\u00e1s<\/strong><\/p>\n<ul>\n<li><a href=\"https:\/\/semmelweis.hu\/minoseg\/files\/2018\/05\/SE-KKKI-ME-01.docx\">SE-KKKI-ME-01 &#8211; Oktat\u00e1si tev\u00e9kenys\u00e9g<\/a><\/li>\n<li><a href=\"https:\/\/semmelweis.hu\/minoseg\/files\/2018\/05\/SE-KKKI-ME-01.pdf\">SE-KKKI-ME-01 &#8211; fedlap<\/a><\/li>\n<li><a href=\"https:\/\/semmelweis.hu\/minoseg\/files\/2018\/05\/SE-KKKI-ME-02.docx\">SE-KKKI-ME-02 &#8211; A tudom\u00e1nyos kutat\u00e1si tev\u00e9kenys\u00e9g fel\u00fcgyelete<\/a><\/li>\n<li><a href=\"https:\/\/semmelweis.hu\/minoseg\/files\/2018\/05\/SE-KKKI-ME-02.pdf\">SE-KKKI-ME-02 &#8211; fedlap<\/a><\/li>\n<\/ul>\n<p><strong>Min\u0151s\u00e9g\u00fcgyi dokumentum &#8211; Laborat\u00f3rium M\u0171k\u00f6d\u00e9si Rend<\/strong><\/p>\n<ul>\n<li><a href=\"https:\/\/semmelweis.hu\/minoseg\/files\/2018\/05\/SE-KKKI-LAB-LMR.docx\">SE-KKKI-LAB-LMR &#8211; Laborat\u00f3riumok m\u0171k\u00f6d\u00e9si rendje<\/a><\/li>\n<li><a href=\"https:\/\/semmelweis.hu\/minoseg\/files\/2018\/05\/SE-KKKI-LAB-LMR.pdf\">SE-KKKI-LAB-LMR &#8211; fedlap<\/a><\/li>\n<\/ul>\n","protected":false},"excerpt":{"rendered":"<p>Min\u0151s\u00e9g\u00fcgyi dokumentumok.<\/p>\n","protected":false},"author":326,"featured_media":0,"parent":11458,"menu_order":1,"comment_status":"closed","ping_status":"closed","template":"","meta":{"_acf_changed":false,"footnotes":""},"categories":[],"tags":[],"class_list":["post-6666","page","type-page","status-publish","hentry"],"acf":[],"_links":{"self":[{"href":"https:\/\/semmelweis.hu\/minoseg\/wp-json\/wp\/v2\/pages\/6666","targetHints":{"allow":["GET"]}}],"collection":[{"href":"https:\/\/semmelweis.hu\/minoseg\/wp-json\/wp\/v2\/pages"}],"about":[{"href":"https:\/\/semmelweis.hu\/minoseg\/wp-json\/wp\/v2\/types\/page"}],"author":[{"embeddable":true,"href":"https:\/\/semmelweis.hu\/minoseg\/wp-json\/wp\/v2\/users\/326"}],"replies":[{"embeddable":true,"href":"https:\/\/semmelweis.hu\/minoseg\/wp-json\/wp\/v2\/comments?post=6666"}],"version-history":[{"count":10,"href":"https:\/\/semmelweis.hu\/minoseg\/wp-json\/wp\/v2\/pages\/6666\/revisions"}],"predecessor-version":[{"id":19634,"href":"https:\/\/semmelweis.hu\/minoseg\/wp-json\/wp\/v2\/pages\/6666\/revisions\/19634"}],"up":[{"embeddable":true,"href":"https:\/\/semmelweis.hu\/minoseg\/wp-json\/wp\/v2\/pages\/11458"}],"wp:attachment":[{"href":"https:\/\/semmelweis.hu\/minoseg\/wp-json\/wp\/v2\/media?parent=6666"}],"wp:term":[{"taxonomy":"category","embeddable":true,"href":"https:\/\/semmelweis.hu\/minoseg\/wp-json\/wp\/v2\/categories?post=6666"},{"taxonomy":"post_tag","embeddable":true,"href":"https:\/\/semmelweis.hu\/minoseg\/wp-json\/wp\/v2\/tags?post=6666"}],"curies":[{"name":"wp","href":"https:\/\/api.w.org\/{rel}","templated":true}]}}