{"id":6621,"date":"2018-01-11T08:51:59","date_gmt":"2018-01-11T07:51:59","guid":{"rendered":"http:\/\/semmelweis.hu\/minoseg\/?page_id=6621"},"modified":"2025-04-01T12:32:51","modified_gmt":"2025-04-01T10:32:51","slug":"anatomiai-szovet-es-fejlodestani-intezet","status":"publish","type":"page","link":"https:\/\/semmelweis.hu\/minoseg\/mir-dokumentacio\/aok-intezetek\/anatomiai-szovet-es-fejlodestani-intezet\/","title":{"rendered":"Anat\u00f3miai Sz\u00f6vet \u00e9s Fejl\u0151d\u00e9stani Int\u00e9zet"},"content":{"rendered":"<p><strong>Min\u0151s\u00e9g\u00fcgyi dokumentum &#8211; elj\u00e1r\u00e1s<\/strong><\/p>\n<ul>\n<li><a href=\"https:\/\/semmelweis.hu\/minoseg\/files\/2018\/05\/SE-ANAT-ME-01.docx\" rel=\"noopener\">SE-ANAT-ME-01 &#8211; Oktat\u00e1si tev\u00e9kenys\u00e9g<\/a><br \/>\n<a href=\"https:\/\/semmelweis.hu\/minoseg\/files\/2018\/05\/SE-ANAT-ME-01-fedlap.pdf\" target=\"_blank\" rel=\"noopener noreferrer\">SE-ANAT-ME-01 &#8211; fedlap<\/a><br \/>\n<a href=\"https:\/\/semmelweis.hu\/minoseg\/files\/2019\/05\/SE-ANAT-ME-01-A01.docx\">SE-ANAT-ME-01-A01 &#8211; jelenl\u00e9ti \u00edv<\/a><\/li>\n<\/ul>\n<ul>\n<li><a href=\"https:\/\/semmelweis.hu\/minoseg\/files\/2018\/05\/SE-ANAT-ME-02.docx\">SE-ANAT-ME-02 &#8211; Tudom\u00e1nyos kutat\u00e1si tev\u00e9kenys\u00e9g<\/a><br \/>\n<a href=\"https:\/\/semmelweis.hu\/minoseg\/files\/2018\/05\/SE-ANAT-ME-02-fedlap.pdf\" target=\"_blank\" rel=\"noopener noreferrer\">SE-ANAT-ME-02 -fedlap<\/a><br \/>\n<a href=\"https:\/\/semmelweis.hu\/minoseg\/files\/2018\/05\/SE-ANAT-ME-02-A01.docx\">SE-ANAT-ME-02-A01 &#8211; Projektterv \u00e9s tudom\u00e1nyos p\u00e1ly\u00e1zat nyilv\u00e1ntart\u00e1s<\/a><br \/>\n<a href=\"https:\/\/semmelweis.hu\/minoseg\/files\/2018\/05\/SE-ANAT-ME-02-A02.docx\">SE-ANAT-ME-02-A02 &#8211; Projektterv<\/a><\/li>\n<\/ul>\n<p><strong>Min\u0151s\u00e9g\u00fcgyi dokumentum &#8211; Labor M\u0171k\u00f6d\u00e9si Rend<\/strong><\/p>\n<ul>\n<li><a href=\"https:\/\/semmelweis.hu\/minoseg\/files\/2019\/05\/SE-ANAT-LMR-mod.doc\">SE-ANAT-LMR &#8211; Labor M\u0171k\u00f6d\u00e9si Rend<\/a><br \/>\n<a href=\"https:\/\/semmelweis.hu\/minoseg\/files\/2018\/05\/SE-ANAT-LMR-fedlap.pdf\" target=\"_blank\" rel=\"noopener noreferrer\">SE-ANAT-LMR &#8211; fedlap<\/a><br \/>\n<a href=\"https:\/\/semmelweis.hu\/minoseg\/files\/2018\/05\/SE-ANAT-LMR-A01.xlsx\">SE-ANAT-LMR-A01 &#8211; Labor eszk\u00f6z vegyszer lista minta<\/a><br \/>\n<a href=\"https:\/\/semmelweis.hu\/minoseg\/files\/2018\/05\/SE-ANAT-LMR-A02.doc\">SE-ANAT-LMR-A02 &#8211; Laborkompetencia lista<\/a><br \/>\n<a href=\"https:\/\/semmelweis.hu\/minoseg\/files\/2018\/05\/SE-ANAT-LMR-A03.doc\">SE-ANAT-LMR-A03 &#8211; H\u0171t\u0151 ellen\u0151rz\u0151 lap<\/a><\/li>\n<\/ul>\n","protected":false},"excerpt":{"rendered":"<p>Min\u0151s\u00e9g\u00fcgyi dokumentumok.<\/p>\n","protected":false},"author":326,"featured_media":0,"parent":149,"menu_order":1,"comment_status":"closed","ping_status":"closed","template":"","meta":{"_acf_changed":false,"footnotes":""},"categories":[],"tags":[],"class_list":["post-6621","page","type-page","status-publish","hentry"],"acf":[],"_links":{"self":[{"href":"https:\/\/semmelweis.hu\/minoseg\/wp-json\/wp\/v2\/pages\/6621","targetHints":{"allow":["GET"]}}],"collection":[{"href":"https:\/\/semmelweis.hu\/minoseg\/wp-json\/wp\/v2\/pages"}],"about":[{"href":"https:\/\/semmelweis.hu\/minoseg\/wp-json\/wp\/v2\/types\/page"}],"author":[{"embeddable":true,"href":"https:\/\/semmelweis.hu\/minoseg\/wp-json\/wp\/v2\/users\/326"}],"replies":[{"embeddable":true,"href":"https:\/\/semmelweis.hu\/minoseg\/wp-json\/wp\/v2\/comments?post=6621"}],"version-history":[{"count":10,"href":"https:\/\/semmelweis.hu\/minoseg\/wp-json\/wp\/v2\/pages\/6621\/revisions"}],"predecessor-version":[{"id":19544,"href":"https:\/\/semmelweis.hu\/minoseg\/wp-json\/wp\/v2\/pages\/6621\/revisions\/19544"}],"up":[{"embeddable":true,"href":"https:\/\/semmelweis.hu\/minoseg\/wp-json\/wp\/v2\/pages\/149"}],"wp:attachment":[{"href":"https:\/\/semmelweis.hu\/minoseg\/wp-json\/wp\/v2\/media?parent=6621"}],"wp:term":[{"taxonomy":"category","embeddable":true,"href":"https:\/\/semmelweis.hu\/minoseg\/wp-json\/wp\/v2\/categories?post=6621"},{"taxonomy":"post_tag","embeddable":true,"href":"https:\/\/semmelweis.hu\/minoseg\/wp-json\/wp\/v2\/tags?post=6621"}],"curies":[{"name":"wp","href":"https:\/\/api.w.org\/{rel}","templated":true}]}}