{"id":65,"date":"2010-03-05T14:05:13","date_gmt":"2010-03-05T13:05:13","guid":{"rendered":"http:\/\/wp.localhost\/?page_id=65"},"modified":"2025-04-01T10:05:10","modified_gmt":"2025-04-01T08:05:10","slug":"beszerzesi-igazgatosag","status":"publish","type":"page","link":"https:\/\/semmelweis.hu\/minoseg\/mir-dokumentacio\/kozponti-szervezeti-egysegek\/beszerzesi-igazgatosag\/","title":{"rendered":"Beszerz\u00e9si Igazgat\u00f3s\u00e1g"},"content":{"rendered":"<p><strong>Min\u0151s\u00e9g\u00fcgyi dokumentum &#8211; munkautas\u00edt\u00e1s<\/strong><\/p>\n<ul>\n<li><a href=\"https:\/\/semmelweis.hu\/minoseg\/files\/2021\/05\/SE-GFI-BSZI-MU-01-2021-mod.doc\">SE-GFI-BSZI-MU-01 &#8211; Beszerz\u00e9si Igazgat\u00f3s\u00e1g \u00e1ltal bonyol\u00edtott k\u00f6zbeszerz\u00e9si elj\u00e1r\u00e1sok \u00e1ltal\u00e1nos rendje<\/a><br \/>\n<a href=\"https:\/\/semmelweis.hu\/minoseg\/files\/2021\/05\/SE-GFI-BSZI-MU-01-fedlap-2021-mod.pdf\">SE-GFI-BSZI-MU-01 &#8211; fedlap<\/a><\/li>\n<li><a href=\"https:\/\/semmelweis.hu\/minoseg\/files\/2021\/05\/SE-GFI-BSZI-MU-02-2021-mod.doc\">SE-GFI-BSZI-MU-02 &#8211; Beszerz\u00e9si Igazgat\u00f3s\u00e1g \u00e1ltal bonyol\u00edtott egyszer\u0171 beszerz\u00e9sek<\/a><br \/>\n<a href=\"https:\/\/semmelweis.hu\/minoseg\/files\/2021\/05\/SE-GFI-BSZI-MU-02-fedlap-2021-mod.pdf\">SE-GFI-BSZI-MU-02 &#8211; fedlap<\/a><\/li>\n<li><a href=\"https:\/\/semmelweis.hu\/minoseg\/files\/2023\/05\/SE-BSZI-MU-03-2023-05-17.docx\">SE-BSZI-MU-03 &#8211; Beszerz\u00e9si Igazgat\u00f3s\u00e1g \u00e1ltal bonyol\u00edtott k\u00f6zbeszerz\u00e9si elj\u00e1r\u00e1sok \u00e9s egyszer\u0171 beszerz\u00e9sek dokumentumainak iratt\u00e1raz\u00e1sa<\/a><br \/>\n<a href=\"https:\/\/semmelweis.hu\/minoseg\/files\/2023\/05\/SE-BSZI-MU-03-fedlap-2023-05-17.pdf\">SE-BSZI-MU-03-fedlap<\/a><\/li>\n<\/ul>\n<p>&nbsp;<\/p>\n<p>&nbsp;<\/p>\n","protected":false},"excerpt":{"rendered":"<p>Min\u0151s\u00e9g\u00fcgyi dokumentumok.<\/p>\n","protected":false},"author":158,"featured_media":0,"parent":1621,"menu_order":1,"comment_status":"closed","ping_status":"closed","template":"","meta":{"_acf_changed":false,"footnotes":""},"categories":[],"tags":[],"class_list":["post-65","page","type-page","status-publish","hentry"],"acf":[],"_links":{"self":[{"href":"https:\/\/semmelweis.hu\/minoseg\/wp-json\/wp\/v2\/pages\/65","targetHints":{"allow":["GET"]}}],"collection":[{"href":"https:\/\/semmelweis.hu\/minoseg\/wp-json\/wp\/v2\/pages"}],"about":[{"href":"https:\/\/semmelweis.hu\/minoseg\/wp-json\/wp\/v2\/types\/page"}],"author":[{"embeddable":true,"href":"https:\/\/semmelweis.hu\/minoseg\/wp-json\/wp\/v2\/users\/158"}],"replies":[{"embeddable":true,"href":"https:\/\/semmelweis.hu\/minoseg\/wp-json\/wp\/v2\/comments?post=65"}],"version-history":[{"count":10,"href":"https:\/\/semmelweis.hu\/minoseg\/wp-json\/wp\/v2\/pages\/65\/revisions"}],"predecessor-version":[{"id":19912,"href":"https:\/\/semmelweis.hu\/minoseg\/wp-json\/wp\/v2\/pages\/65\/revisions\/19912"}],"up":[{"embeddable":true,"href":"https:\/\/semmelweis.hu\/minoseg\/wp-json\/wp\/v2\/pages\/1621"}],"wp:attachment":[{"href":"https:\/\/semmelweis.hu\/minoseg\/wp-json\/wp\/v2\/media?parent=65"}],"wp:term":[{"taxonomy":"category","embeddable":true,"href":"https:\/\/semmelweis.hu\/minoseg\/wp-json\/wp\/v2\/categories?post=65"},{"taxonomy":"post_tag","embeddable":true,"href":"https:\/\/semmelweis.hu\/minoseg\/wp-json\/wp\/v2\/tags?post=65"}],"curies":[{"name":"wp","href":"https:\/\/api.w.org\/{rel}","templated":true}]}}