{"id":63,"date":"2010-03-05T14:03:13","date_gmt":"2010-03-05T13:03:13","guid":{"rendered":"http:\/\/wp.localhost\/?p=63"},"modified":"2026-01-05T11:11:24","modified_gmt":"2026-01-05T10:11:24","slug":"laboratoriumi-medicina-intezet","status":"publish","type":"page","link":"https:\/\/semmelweis.hu\/minoseg\/mir-dokumentacio\/aok-intezetek\/laboratoriumi-medicina-intezet\/","title":{"rendered":"Laborat\u00f3riumi Medicina Int\u00e9zet"},"content":{"rendered":"<p><strong>Min\u0151s\u00e9g\u00fcgyi dokumentum &#8211; k\u00e9zik\u00f6nyv<\/strong><\/p>\n<ul>\n<li><a href=\"https:\/\/semmelweis.hu\/minoseg\/files\/2018\/10\/SE-LMI-FK.pdf\" target=\"_blank\" rel=\"noopener noreferrer\">SE-LMI-FK &#8211; Felhaszn\u00e1l\u00f3i k\u00e9zik\u00f6nyv<\/a><br \/>\n<a href=\"https:\/\/semmelweis.hu\/minoseg\/files\/2018\/10\/SE-LMI-FK-fedlap-2018-09-01.jpg\">SE-LMI-FK &#8211; fedlap<\/a><span style=\"text-decoration: underline\"><span style=\"color: #0000ff;text-decoration: underline\"><span style=\"color: #0000ff;text-decoration: underline\"><br \/>\n<\/span><\/span><\/span><\/li>\n<\/ul>\n<p><strong>Min\u0151s\u00e9g\u00fcgyi dokumentum &#8211; elj\u00e1r\u00e1s<\/strong><\/p>\n<ul>\n<li><a href=\"https:\/\/semmelweis.hu\/minoseg\/files\/2020\/01\/SE-AOK-LMI-ME-11.docx\">SE-AOK-LMI-ME-11 &#8211; Oktat\u00e1si tev\u00e9kenys\u00e9g<\/a> <br \/>\n<a href=\"https:\/\/semmelweis.hu\/minoseg\/files\/2020\/01\/SE-AOK-LMI-ME-11-fedlap.pdf\">SE-AOK-LMI-ME-11 &#8211; fedlap<\/a><\/li>\n<\/ul>\n<ul>\n<li><a href=\"https:\/\/semmelweis.hu\/minoseg\/files\/2019\/09\/SE-AOK-LMI-ME-12.docx\">SE-AOK-LMI-ME-12 &#8211; Tudom\u00e1nyos kutat\u00e1si tev\u00e9kenys\u00e9g<\/a><br \/>\n<a href=\"https:\/\/semmelweis.hu\/minoseg\/files\/2024\/02\/SE-AOK-LMI-ME-12-fedlap.pdf\">SE-AOK-LMI-ME-12 &#8211; fedlap<\/a><\/li>\n<\/ul>\n","protected":false},"excerpt":{"rendered":"<p>Min\u0151s\u00e9g\u00fcgyi dokumentumok.<\/p>\n","protected":false},"author":158,"featured_media":0,"parent":149,"menu_order":8,"comment_status":"closed","ping_status":"closed","template":"","meta":{"_acf_changed":false,"footnotes":""},"categories":[],"tags":[],"class_list":["post-63","page","type-page","status-publish","hentry"],"acf":[],"_links":{"self":[{"href":"https:\/\/semmelweis.hu\/minoseg\/wp-json\/wp\/v2\/pages\/63","targetHints":{"allow":["GET"]}}],"collection":[{"href":"https:\/\/semmelweis.hu\/minoseg\/wp-json\/wp\/v2\/pages"}],"about":[{"href":"https:\/\/semmelweis.hu\/minoseg\/wp-json\/wp\/v2\/types\/page"}],"author":[{"embeddable":true,"href":"https:\/\/semmelweis.hu\/minoseg\/wp-json\/wp\/v2\/users\/158"}],"replies":[{"embeddable":true,"href":"https:\/\/semmelweis.hu\/minoseg\/wp-json\/wp\/v2\/comments?post=63"}],"version-history":[{"count":10,"href":"https:\/\/semmelweis.hu\/minoseg\/wp-json\/wp\/v2\/pages\/63\/revisions"}],"predecessor-version":[{"id":19586,"href":"https:\/\/semmelweis.hu\/minoseg\/wp-json\/wp\/v2\/pages\/63\/revisions\/19586"}],"up":[{"embeddable":true,"href":"https:\/\/semmelweis.hu\/minoseg\/wp-json\/wp\/v2\/pages\/149"}],"wp:attachment":[{"href":"https:\/\/semmelweis.hu\/minoseg\/wp-json\/wp\/v2\/media?parent=63"}],"wp:term":[{"taxonomy":"category","embeddable":true,"href":"https:\/\/semmelweis.hu\/minoseg\/wp-json\/wp\/v2\/categories?post=63"},{"taxonomy":"post_tag","embeddable":true,"href":"https:\/\/semmelweis.hu\/minoseg\/wp-json\/wp\/v2\/tags?post=63"}],"curies":[{"name":"wp","href":"https:\/\/api.w.org\/{rel}","templated":true}]}}