{"id":58,"date":"2009-10-29T10:36:28","date_gmt":"2009-10-29T09:36:28","guid":{"rendered":"http:\/\/wp.localhost\/?p=58"},"modified":"2025-04-02T13:24:04","modified_gmt":"2025-04-02T11:24:04","slug":"aneszteziologiai-es-intenziv-terapias-klinika","status":"publish","type":"page","link":"https:\/\/semmelweis.hu\/minoseg\/mir-dokumentacio\/aok-klinikak\/aneszteziologiai-es-intenziv-terapias-klinika\/","title":{"rendered":"Intenz\u00edv Ter\u00e1pi\u00e1s Klinika"},"content":{"rendered":"<p><strong>Min\u0151s\u00e9g\u00fcgyi dokumentum &#8211; elj\u00e1r\u00e1s<\/strong><\/p>\n<ul>\n<li><a href=\"https:\/\/semmelweis.hu\/minoseg\/files\/2009\/10\/SE-AITK-ME-01.doc\">SE-AITK-ME-01 &#8211; Fekv\u0151beteg-ell\u00e1t\u00e1s fel\u00fcgyelete<\/a><br \/>\n<a href=\"https:\/\/semmelweis.hu\/minoseg\/files\/2009\/10\/SE-AITK-ME-01-fedlap.pdf\" target=\"_blank\" rel=\"noopener noreferrer\">SE-AITK-ME-01 &#8211; fedlap<\/a><\/li>\n<\/ul>\n<ul>\n<li><a href=\"https:\/\/semmelweis.hu\/minoseg\/files\/2009\/10\/SE-AITK-ME-02.doc\">SE-AITK-ME-02 &#8211; J\u00e1r\u00f3beteg-ell\u00e1t\u00e1s fel\u00fcgyelete<\/a><br \/>\n<a href=\"https:\/\/semmelweis.hu\/minoseg\/files\/2009\/10\/SE-AITK-ME-02-fedlap.pdf\" target=\"_blank\" rel=\"noopener noreferrer\">SE-AITK-ME-02 &#8211; fedlap<\/a><\/li>\n<\/ul>\n<ul>\n<li><a href=\"https:\/\/semmelweis.hu\/minoseg\/files\/2018\/12\/SE-AITK-ME-03.doc\" rel=\"noopener\">SE-AITK-ME-03 &#8211; Oktat\u00e1si tev\u00e9kenys\u00e9g fel\u00fcgyelete<\/a><br \/>\n<a href=\"https:\/\/semmelweis.hu\/minoseg\/files\/2018\/12\/SE-AITK-ME-03-M01.doc\" rel=\"noopener\">SE-AITK-ME-03-M01 &#8211; Gradu\u00e1lis el\u0151ad\u00e1s k\u00e9rd\u0151\u00edv<\/a><br \/>\n<a href=\"https:\/\/semmelweis.hu\/minoseg\/files\/2018\/12\/SE-AITK-ME-03-M02.doc\" rel=\"noopener\">SE-AITK-ME-03-M02\u00a0 &#8211; Gradu\u00e1lis gyakorlat k\u00e9rd\u0151\u00edv<\/a><br \/>\n<a href=\"https:\/\/semmelweis.hu\/minoseg\/files\/2018\/12\/SE-AITK-ME-03-M03.doc\" rel=\"noopener\">SE-AITK-ME-03-M03\u00a0 &#8211; Tanfolyami el\u0151ad\u00e1s k\u00e9rd\u0151\u00edv<\/a><\/li>\n<\/ul>\n<ul>\n<li><a href=\"https:\/\/semmelweis.hu\/minoseg\/files\/2018\/11\/SE-AITK-ME-04.doc\" rel=\"noopener\">SE-AITK-ME-04 &#8211; Az AITK tudom\u00e1nyos, kutat\u00e1si tev\u00e9kenys\u00e9ge<\/a><\/li>\n<li><a href=\"https:\/\/semmelweis.hu\/minoseg\/files\/2018\/11\/SE-AITK-ME-04-M01.doc\">SE-AITK-ME-04-M01 &#8211; Egy\u00e9ni tudom\u00e1nyos kutat\u00e1si k\u00e9rd\u0151\u00edv<\/a><\/li>\n<li><a href=\"https:\/\/semmelweis.hu\/minoseg\/files\/2018\/11\/SE-AITK-ME-04-M02.doc\" rel=\"noopener\">SE-AITK-ME-04-M02 &#8211; R\u00e9szlegvezet\u0151i k\u00e9rd\u0151\u00edv<\/a><\/li>\n<\/ul>\n<p><strong>Min\u0151s\u00e9g\u00fcgyi dokumentum &#8211; Egys\u00e9gszint\u0171 M\u0171k\u00f6d\u00e9si Szab\u00e1lyzat<\/strong><\/p>\n<ul style=\"list-style-type: disc\">\n<li><a href=\"https:\/\/semmelweis.hu\/minoseg\/files\/2021\/04\/SE-AITK-KOV-HDU-EMSZ.doc\">SE-AITK-KOV-HDU-EMSZ &#8211; AITK KKT 2. emeleti szak\u00e1gi szubintenz\u00edv Kovid Egys\u00e9g (HDU)<\/a><br \/>\n<a href=\"https:\/\/semmelweis.hu\/minoseg\/files\/2021\/04\/SE-AITK-KOV-HDU-EMSZ-fedlap.pdf\">SE-AITK-KOV-HDU-EMSZ &#8211; fedlap<\/a><br \/>\n<a href=\"https:\/\/semmelweis.hu\/minoseg\/files\/2021\/04\/SE-AITK-KOV-HDU-EMSZ-Rektoriutasitas.pdf\">Rektori-Klinikai K\u00f6zpont Eln\u00f6ki utas\u00edt\u00e1s utas\u00edt\u00e1s (2021.03.25.)<\/a><br \/>\n<a href=\"https:\/\/semmelweis.hu\/minoseg\/files\/2021\/04\/SE-AITK-KOV-HDU-EMSZ-M02.xlsx\">SE-AITK-KOV-HDU-EMSZ-M02 &#8211; Szakdolgoz\u00f3i kompetencialista<\/a><br \/>\n<a href=\"https:\/\/semmelweis.hu\/minoseg\/files\/2021\/04\/SE-AITK-KOV-HDU-EMSZ-M03.docx\">SE-AITK-KOV-HDU-EMSZ-M03 &#8211; Takar\u00edt\u00e1si rend<\/a><\/p>\n<\/li>\n<\/ul>\n<ul>\n<li><a href=\"https:\/\/semmelweis.hu\/minoseg\/files\/2009\/10\/SE-AITK-ANA-EMSZ.doc\">SE-AITK-ANA-EMSZ &#8211; Aneszteziol\u00f3giai Szolg\u00e1lat<\/a><br \/>\n<a href=\"https:\/\/semmelweis.hu\/minoseg\/files\/2009\/10\/SE-AITK-ANA-EMSZ-fedlap.pdf\" target=\"_blank\" rel=\"noopener noreferrer\">SE-AITK-ANA-EMSZ-fedlap<\/a><\/li>\n<\/ul>\n<p style=\"padding-left: 90px\"><strong>Min\u0151s\u00e9g\u00fcgyi dokumentum &#8211; munkautas\u00edt\u00e1s<\/strong><\/p>\n<p style=\"padding-left: 90px\"><a href=\"https:\/\/semmelweis.hu\/minoseg\/files\/2009\/10\/SE-AITK-ANA-MU-01.doc\" rel=\"noopener\">SE-AITK-ANA-MU-01 &#8211; A kism\u0171t\u00e9ten \u00e1tesett betegek fel\u00fcgyelet\u00e9nek rendje az SE I. sz. Sz\u00fcl\u00e9szeti \u00e9s N\u0151gy\u00f3gy\u00e1szati Klinik\u00e1n<\/a><br \/>\n<a href=\"https:\/\/semmelweis.hu\/minoseg\/files\/2009\/10\/SE-AITK-ANA-MU-01-fedlap.pdf\" target=\"_blank\" rel=\"noopener noreferrer\">SE-AITK-ANA-MU-01 &#8211; fedlap<\/a><br \/>\n<a href=\"https:\/\/semmelweis.hu\/minoseg\/files\/2009\/10\/SE-AITK-ANA-MU-01-M01.doc\" rel=\"noopener\">SE-AITK-ANA-MU-01-M01 &#8211; A betegkiad\u00e1s felt\u00e9teli; Aldrete score<\/a><\/p>\n<p style=\"padding-left: 90px\"><a href=\"https:\/\/semmelweis.hu\/minoseg\/files\/2009\/10\/SE-AITK-ANA-MU-02.doc\" rel=\"noopener\">SE-AITK-ANA-MU-02 &#8211; A perioperat\u00edv betegell\u00e1t\u00e1s rendje az SE Szem\u00e9szeti Klinik\u00e1n<br \/>\n<\/a><a href=\"https:\/\/semmelweis.hu\/minoseg\/files\/2009\/10\/SE-AITK-ANA-MU-02-fedlap.pdf\" target=\"_blank\" rel=\"noopener noreferrer\">SE-AITK-ANA-MU-02 &#8211; fedlap<\/a><br \/>\n<a href=\"https:\/\/semmelweis.hu\/minoseg\/files\/2009\/10\/SE-AITK-ANA-MU-02-M01.doc\" rel=\"noopener\">SE-AITK-ANA-MU-02-M01 &#8211; SE Szem\u00e9szeti Klinika \u00e9bred\u0151-megfigyel\u0151 helyis\u00e9g m\u0171k\u00f6d\u00e9si rendje \/2014. december 15\/ <\/a><br \/>\n<a href=\"https:\/\/semmelweis.hu\/minoseg\/files\/2009\/10\/SE-AITK-ANA-MU-02-M02.doc\" rel=\"noopener\">SE-AITK-ANA-MU-02-M02 &#8211; A betegkiad\u00e1s felt\u00e9telei <\/a><\/p>\n<ul style=\"list-style-type: disc\">\n<li><a href=\"https:\/\/semmelweis.hu\/minoseg\/files\/2018\/12\/SE-AITK-FIZTER-EMSZ.doc\" rel=\"noopener\">SE-AITK-FIZTER-EMSZ &#8211; Fizioter\u00e1pi\u00e1s Egys\u00e9g<\/a><br \/>\n<a href=\"https:\/\/semmelweis.hu\/minoseg\/files\/2018\/12\/SE-AITK-FIZTER-EMSZ-M01.doc\" rel=\"noopener\">SE-AITK-FIZTER-EMSZ-M01 &#8211; Protokollok list\u00e1ja<\/a><br \/>\n<a href=\"https:\/\/semmelweis.hu\/minoseg\/files\/2018\/12\/SE-AITK-FIZTER-EMSZ-M02.doc\" rel=\"noopener\">SE-AITK-FIZTER-EMSZ-M02 &#8211; H\u00e1zirendek<\/a><br \/>\n<a href=\"https:\/\/semmelweis.hu\/minoseg\/files\/2018\/12\/SE-AITK-FIZTER-EMSZ-M03.doc\" rel=\"noopener\">SE-AITK-FIZTER-EMSZ-M03 &#8211; Organogram<\/a><\/li>\n<\/ul>\n<ul style=\"list-style-type: disc\">\n<li><a href=\"https:\/\/semmelweis.hu\/minoseg\/files\/2009\/10\/SE-AITK-JBE-EMSZ.doc\">SE-AITK-JBE-EMSZ &#8211; J\u00e1r\u00f3betegell\u00e1t\u00f3 Egys\u00e9g<br \/>\n<\/a><a href=\"https:\/\/semmelweis.hu\/minoseg\/files\/2009\/10\/SE-AITK-JBE-EMSZ-fedlap.pdf\" target=\"_blank\" rel=\"noopener noreferrer\">SE-AITK-JBE-EMSZ-fedlap<\/a><\/li>\n<\/ul>\n<p><strong>Min\u0151s\u00e9g\u00fcgyi dokumentum &#8211; munkautas\u00edt\u00e1s<\/strong><\/p>\n<ul>\n<li style=\"list-style-type: none\">\n<ul style=\"list-style-type: disc\">\n<li><a href=\"https:\/\/semmelweis.hu\/minoseg\/files\/2018\/12\/SE-AITK-MU-02.doc\" rel=\"noopener\">SE-AITK-MU-02 &#8211; Gy\u00f3gyszerel\u00e9si hib\u00e1k megel\u0151z\u00e9se, \u00e9szlel\u00e9se \u00e9s jelent\u00e9se a Semmelweis Egyetem \u00c1ltal\u00e1nos Orvostudom\u00e1nyi Kar Aneszeizol\u00f3giai \u00e9s Intenz\u00edv Ter\u00e1pi\u00e1s Klinik\u00e1n<\/a><br \/>\n<a href=\"https:\/\/semmelweis.hu\/minoseg\/files\/2018\/12\/SE-AITK-MU-02-A01.doc\" rel=\"noopener\">SE-AITK-MU-02-A01 &#8211; Gy\u00f3gyszerel\u00e9si tev\u00e9kenys\u00e9g helyi ellen\u0151rz\u00e9si jegyz\u0151k\u00f6nyv<\/a><br \/>\n<a href=\"https:\/\/semmelweis.hu\/minoseg\/files\/2018\/12\/SE-AITK-MU-02-A02.doc\" rel=\"noopener\">SE-AITK-MU-02-A02 &#8211; Gy\u00f3gyszerel\u00e9si tev\u00e9kenys\u00e9g helyi szervezeti ellen\u0151rz\u00e9si jegyz\u0151k\u00f6nyv<\/a><br \/>\n<a href=\"https:\/\/semmelweis.hu\/minoseg\/files\/2018\/12\/SE-AITK-MU-02-A03.doc\" rel=\"noopener\">SE-AITK-MU-02-A03 &#8211; Gy\u00f3gyszerel\u00e9si hib\u00e1k bels\u0151 jelent\u0151 lap<\/a><\/li>\n<\/ul>\n<\/li>\n<\/ul>\n","protected":false},"excerpt":{"rendered":"<p>Min\u0151s\u00e9g\u00fcgyi dokumentumok.<\/p>\n","protected":false},"author":158,"featured_media":0,"parent":147,"menu_order":2,"comment_status":"closed","ping_status":"closed","template":"","meta":{"_acf_changed":false,"footnotes":""},"categories":[],"tags":[],"class_list":["post-58","page","type-page","status-publish","hentry"],"acf":[],"_links":{"self":[{"href":"https:\/\/semmelweis.hu\/minoseg\/wp-json\/wp\/v2\/pages\/58","targetHints":{"allow":["GET"]}}],"collection":[{"href":"https:\/\/semmelweis.hu\/minoseg\/wp-json\/wp\/v2\/pages"}],"about":[{"href":"https:\/\/semmelweis.hu\/minoseg\/wp-json\/wp\/v2\/types\/page"}],"author":[{"embeddable":true,"href":"https:\/\/semmelweis.hu\/minoseg\/wp-json\/wp\/v2\/users\/158"}],"replies":[{"embeddable":true,"href":"https:\/\/semmelweis.hu\/minoseg\/wp-json\/wp\/v2\/comments?post=58"}],"version-history":[{"count":10,"href":"https:\/\/semmelweis.hu\/minoseg\/wp-json\/wp\/v2\/pages\/58\/revisions"}],"predecessor-version":[{"id":19923,"href":"https:\/\/semmelweis.hu\/minoseg\/wp-json\/wp\/v2\/pages\/58\/revisions\/19923"}],"up":[{"embeddable":true,"href":"https:\/\/semmelweis.hu\/minoseg\/wp-json\/wp\/v2\/pages\/147"}],"wp:attachment":[{"href":"https:\/\/semmelweis.hu\/minoseg\/wp-json\/wp\/v2\/media?parent=58"}],"wp:term":[{"taxonomy":"category","embeddable":true,"href":"https:\/\/semmelweis.hu\/minoseg\/wp-json\/wp\/v2\/categories?post=58"},{"taxonomy":"post_tag","embeddable":true,"href":"https:\/\/semmelweis.hu\/minoseg\/wp-json\/wp\/v2\/tags?post=58"}],"curies":[{"name":"wp","href":"https:\/\/api.w.org\/{rel}","templated":true}]}}