{"id":5510,"date":"2017-01-02T14:15:52","date_gmt":"2017-01-02T13:15:52","guid":{"rendered":"http:\/\/semmelweis.hu\/minoseg\/?page_id=5510"},"modified":"2025-04-01T13:12:55","modified_gmt":"2025-04-01T11:12:55","slug":"egeszsegugyi-menedzserkepzo-kozpont","status":"publish","type":"page","link":"https:\/\/semmelweis.hu\/minoseg\/mir-dokumentacio\/egeszsegugyi-kozszolgalati-kar\/egeszsegugyi-menedzserkepzo-kozpont\/","title":{"rendered":"Eg\u00e9szs\u00e9g\u00fcgyi Menedzserk\u00e9pz\u0151 K\u00f6zpont"},"content":{"rendered":"<p><strong>Min\u0151s\u00e9g\u00fcgyi dokumentum<\/strong><\/p>\n<ul>\n<li><a href=\"https:\/\/semmelweis.hu\/minoseg\/files\/2020\/08\/SE-EKK-EMK-ME-01.docx\">SE-EKK-EMK-ME-01 &#8211; Oktat\u00e1si tev\u00e9kenys\u00e9g elj\u00e1r\u00e1s<\/a><br \/>\n<a href=\"https:\/\/semmelweis.hu\/minoseg\/files\/2020\/08\/SE-EKK-EMK-ME-01-fedlap-2018-05-04.pdf\">SE-EKK-EMK-ME-01 &#8211; fedlap<\/a><\/li>\n<li><a href=\"https:\/\/semmelweis.hu\/minoseg\/files\/2020\/08\/SE-EMK-ME-02.docx\">SE-EMK-ME-02 &#8211; A tudom\u00e1nyos kutat\u00e1si tev\u00e9kenys\u00e9g elj\u00e1r\u00e1s<\/a><br \/>\n<a href=\"https:\/\/semmelweis.hu\/minoseg\/files\/2020\/08\/SE-EMK-ME-02-fedlap-2018-04-16.pdf\">SE-EMK-ME-02 &#8211; fedlap<\/a><\/li>\n<\/ul>\n","protected":false},"excerpt":{"rendered":"<p>Min\u0151s\u00e9g\u00fcgyi dokumentumok.<\/p>\n","protected":false},"author":326,"featured_media":0,"parent":5498,"menu_order":2,"comment_status":"closed","ping_status":"closed","template":"","meta":{"_acf_changed":false,"footnotes":""},"categories":[],"tags":[],"class_list":["post-5510","page","type-page","status-publish","hentry"],"acf":[],"_links":{"self":[{"href":"https:\/\/semmelweis.hu\/minoseg\/wp-json\/wp\/v2\/pages\/5510","targetHints":{"allow":["GET"]}}],"collection":[{"href":"https:\/\/semmelweis.hu\/minoseg\/wp-json\/wp\/v2\/pages"}],"about":[{"href":"https:\/\/semmelweis.hu\/minoseg\/wp-json\/wp\/v2\/types\/page"}],"author":[{"embeddable":true,"href":"https:\/\/semmelweis.hu\/minoseg\/wp-json\/wp\/v2\/users\/326"}],"replies":[{"embeddable":true,"href":"https:\/\/semmelweis.hu\/minoseg\/wp-json\/wp\/v2\/comments?post=5510"}],"version-history":[{"count":10,"href":"https:\/\/semmelweis.hu\/minoseg\/wp-json\/wp\/v2\/pages\/5510\/revisions"}],"predecessor-version":[{"id":19673,"href":"https:\/\/semmelweis.hu\/minoseg\/wp-json\/wp\/v2\/pages\/5510\/revisions\/19673"}],"up":[{"embeddable":true,"href":"https:\/\/semmelweis.hu\/minoseg\/wp-json\/wp\/v2\/pages\/5498"}],"wp:attachment":[{"href":"https:\/\/semmelweis.hu\/minoseg\/wp-json\/wp\/v2\/media?parent=5510"}],"wp:term":[{"taxonomy":"category","embeddable":true,"href":"https:\/\/semmelweis.hu\/minoseg\/wp-json\/wp\/v2\/categories?post=5510"},{"taxonomy":"post_tag","embeddable":true,"href":"https:\/\/semmelweis.hu\/minoseg\/wp-json\/wp\/v2\/tags?post=5510"}],"curies":[{"name":"wp","href":"https:\/\/api.w.org\/{rel}","templated":true}]}}