{"id":54,"date":"2009-03-02T11:24:52","date_gmt":"2009-03-02T10:24:52","guid":{"rendered":"http:\/\/wp.localhost\/?p=54"},"modified":"2026-01-05T11:13:35","modified_gmt":"2026-01-05T10:13:35","slug":"iisz-patologiai-intezet","status":"publish","type":"page","link":"https:\/\/semmelweis.hu\/minoseg\/mir-dokumentacio\/aok-intezetek\/iisz-patologiai-intezet\/","title":{"rendered":"Patol\u00f3giai, Igazs\u00e1g\u00fcgyi \u00e9s Biztos\u00edt\u00e1si Orvostani Int\u00e9zet"},"content":{"rendered":"<p><strong>Min\u0151s\u00e9g\u00fcgyi dokumentum elj\u00e1r\u00e1s<\/strong><\/p>\n<ul>\n<li><a href=\"https:\/\/semmelweis.hu\/minoseg\/files\/2009\/03\/SE-KORB2-ME-01.doc\">SE-KORB2-ME-01 &#8211; Az oktat\u00e1si tev\u00e9kenys\u00e9g fel\u00fcgyelete<\/a><\/li>\n<\/ul>\n<p><strong>Min\u0151s\u00e9g\u00fcgyi dokumentum Egys\u00e9gszint\u0171 M\u0171k\u00f6d\u00e9si Szab\u00e1lyzat<\/strong><\/p>\n<ul>\n<li><a href=\"https:\/\/semmelweis.hu\/minoseg\/files\/2018\/12\/SE-KORB2-BONC-EMSZ.doc\" rel=\"noopener\">SE-KORB2-BONC-EMSZ &#8211; Boncterem Egys\u00e9gszint\u0171 M\u0171k\u00f6d\u00e9si Szab\u00e1lyzat<\/a><br \/>\n<a href=\"https:\/\/semmelweis.hu\/minoseg\/files\/2018\/12\/SE-KORB2-BONC-EMSZ-M02.doc\" rel=\"noopener\">SE-KORB2-BONC-EMSZ-M02 &#8211; N\u00e9vjegyz\u00e9k, szign\u00f3lista<\/a><br \/>\n<a href=\"https:\/\/semmelweis.hu\/minoseg\/files\/2018\/12\/SE-KORB2-BONC-EMSZ-M03.doc\" rel=\"noopener\">SE-KORB2-BONC-EMSZ-M03 &#8211; Munkautas\u00edt\u00e1sok list\u00e1ja<\/a><\/li>\n<\/ul>\n<ul>\n<li><a href=\"https:\/\/semmelweis.hu\/minoseg\/files\/2018\/12\/SE-KORB2-CYTO-EMSZ.doc\" rel=\"noopener\">SE-KORB2-CYTO-EMSZ &#8211; Cytol\u00f3giai Laborat\u00f3rium Egys\u00e9gszint\u0171 M\u0171k\u00f6d\u00e9si Szab\u00e1lyzat<\/a><br \/>\n<a href=\"https:\/\/semmelweis.hu\/minoseg\/files\/2018\/12\/SE-KORB2-CYTO-EMSZ-M02.doc\" rel=\"noopener\">SE-KORB2-CYTO-EMSZ-M02 &#8211; N\u00e9vjegyz\u00e9k, szign\u00f3lista<\/a><\/li>\n<\/ul>\n<ul>\n<li><a href=\"https:\/\/semmelweis.hu\/minoseg\/files\/2018\/12\/SE-KORB2-GAZD-EMSZ.doc\" rel=\"noopener\">SE-KORB2-GAZD-EMSZ &#8211; Gazdas\u00e1gi Iroda Egys\u00e9gszint\u0171 M\u0171k\u00f6d\u00e9si Szab\u00e1lyzat<\/a><br \/>\n<a href=\"https:\/\/semmelweis.hu\/minoseg\/files\/2018\/12\/SE-KORB2-GAZD-EMSZ-M02.doc\" rel=\"noopener\">SE-KORB2-GAZD-EMSZ-M02 &#8211; N\u00e9vjegyz\u00e9k, szign\u00f3lista<\/a><\/li>\n<\/ul>\n<ul>\n<li><a href=\"https:\/\/semmelweis.hu\/minoseg\/files\/2018\/12\/SE-KORB2-IMMUN-EMSZ.doc\" rel=\"noopener\">SE-KORB2-IMMUN-EMSZ &#8211; Immunhisztok\u00e9miai Laborat\u00f3rium Egys\u00e9gszint\u0171 M\u0171k\u00f6d\u00e9si Szab\u00e1lyzat<\/a><br \/>\n<a href=\"https:\/\/semmelweis.hu\/minoseg\/files\/2018\/12\/SE-KORB2-IMMUN-EMSZ-M02.doc\" rel=\"noopener\">SE-KORB2-IMMUN-EMSZ-M02 &#8211; N\u00e9vjegyz\u00e9k, szign\u00f3lista<\/a><\/li>\n<\/ul>\n<ul>\n<li><a href=\"https:\/\/semmelweis.hu\/minoseg\/files\/2018\/12\/SE-KORB2-MOLP-EMSZ.doc\">SE-KORB2-MOLP-EMSZ &#8211; Molekul\u00e1ris Pathologia Laborat\u00f3rium Egys\u00e9gszint\u0171 M\u0171k\u00f6d\u00e9si Szab\u00e1lyzat<\/a><br \/>\n<a href=\"https:\/\/semmelweis.hu\/minoseg\/files\/2018\/12\/SE-KORB2-MOLP-EMSZ-M01.doc\" rel=\"noopener\">SE-KORB2-MOLP-EMSZ-M01 &#8211; Organogram<\/a><br \/>\n<a href=\"https:\/\/semmelweis.hu\/minoseg\/files\/2018\/12\/SE-KORB2-MOLP-EMSZ-M03.doc\" rel=\"noopener\">SE-KORB2-MOLP-EMSZ-M03 &#8211; N\u00e9vjegyz\u00e9k, szign\u00f3lista<\/a><\/li>\n<\/ul>\n<ul>\n<li><a href=\"https:\/\/semmelweis.hu\/minoseg\/files\/2018\/12\/SE-KORB2-SZOV-EMSZ.doc\" rel=\"noopener\">SE-KORB2-SZOV-EMSZ &#8211; Sz\u00f6vettani Laborat\u00f3rium Egys\u00e9gszint\u0171 M\u0171k\u00f6d\u00e9si Szab\u00e1lyzat<\/a><br \/>\n<a href=\"https:\/\/semmelweis.hu\/minoseg\/files\/2018\/12\/SE-KORB2-SZOV-EMSZ-M02.doc\" rel=\"noopener\">SE-KORB2-SZOV-EMSZ-M02 &#8211; N\u00e9vjegyz\u00e9k, szign\u00f3lista<\/a><\/li>\n<\/ul>\n<ul>\n<li><a href=\"https:\/\/semmelweis.hu\/minoseg\/files\/2018\/12\/SE-KORB2-TPL-EMSZ.doc\" rel=\"noopener\">SE-KORB2-TPL-EMSZ &#8211; Tumorprogresszi\u00f3s Laborat\u00f3rium Egys\u00e9gszint\u0171 M\u0171k\u00f6d\u00e9si Szab\u00e1lyzat<\/a><br \/>\n<a href=\"https:\/\/semmelweis.hu\/minoseg\/files\/2018\/12\/SE-KORB2-TPL-EMSZ-M02.doc\" rel=\"noopener\">SE-KORB2-TPL-EMSZ-M02 &#8211; N\u00e9vjegyz\u00e9k, szign\u00f3lista<\/a><\/li>\n<\/ul>\n","protected":false},"excerpt":{"rendered":"<p>Min\u0151s\u00e9g\u00fcgyi dokumentumok.<\/p>\n","protected":false},"author":158,"featured_media":0,"parent":149,"menu_order":13,"comment_status":"closed","ping_status":"closed","template":"","meta":{"_acf_changed":false,"footnotes":""},"categories":[],"tags":[],"class_list":["post-54","page","type-page","status-publish","hentry"],"acf":[],"_links":{"self":[{"href":"https:\/\/semmelweis.hu\/minoseg\/wp-json\/wp\/v2\/pages\/54","targetHints":{"allow":["GET"]}}],"collection":[{"href":"https:\/\/semmelweis.hu\/minoseg\/wp-json\/wp\/v2\/pages"}],"about":[{"href":"https:\/\/semmelweis.hu\/minoseg\/wp-json\/wp\/v2\/types\/page"}],"author":[{"embeddable":true,"href":"https:\/\/semmelweis.hu\/minoseg\/wp-json\/wp\/v2\/users\/158"}],"replies":[{"embeddable":true,"href":"https:\/\/semmelweis.hu\/minoseg\/wp-json\/wp\/v2\/comments?post=54"}],"version-history":[{"count":10,"href":"https:\/\/semmelweis.hu\/minoseg\/wp-json\/wp\/v2\/pages\/54\/revisions"}],"predecessor-version":[{"id":19931,"href":"https:\/\/semmelweis.hu\/minoseg\/wp-json\/wp\/v2\/pages\/54\/revisions\/19931"}],"up":[{"embeddable":true,"href":"https:\/\/semmelweis.hu\/minoseg\/wp-json\/wp\/v2\/pages\/149"}],"wp:attachment":[{"href":"https:\/\/semmelweis.hu\/minoseg\/wp-json\/wp\/v2\/media?parent=54"}],"wp:term":[{"taxonomy":"category","embeddable":true,"href":"https:\/\/semmelweis.hu\/minoseg\/wp-json\/wp\/v2\/categories?post=54"},{"taxonomy":"post_tag","embeddable":true,"href":"https:\/\/semmelweis.hu\/minoseg\/wp-json\/wp\/v2\/tags?post=54"}],"curies":[{"name":"wp","href":"https:\/\/api.w.org\/{rel}","templated":true}]}}