{"id":53,"date":"2009-02-24T08:12:09","date_gmt":"2009-02-24T07:12:09","guid":{"rendered":"http:\/\/wp.localhost\/?p=53"},"modified":"2026-01-05T11:13:12","modified_gmt":"2026-01-05T10:13:12","slug":"i-sz-patologiai-es-kiserleti-rakkutato-intezet","status":"publish","type":"page","link":"https:\/\/semmelweis.hu\/minoseg\/mir-dokumentacio\/aok-intezetek\/i-sz-patologiai-es-kiserleti-rakkutato-intezet\/","title":{"rendered":"Patol\u00f3giai \u00e9s K\u00eds\u00e9rleti R\u00e1kkutat\u00f3 Int\u00e9zet"},"content":{"rendered":"<p><strong>Min\u0151s\u00e9g\u00fcgyi dokumentum &#8211; elj\u00e1r\u00e1s<\/strong><\/p>\n<ul>\n<li><a href=\"https:\/\/semmelweis.hu\/minoseg\/files\/2018\/12\/SE-KORB1-ME-01.doc\" rel=\"noopener\">SE-KORB1-ME-01 &#8211; Az Int\u00e9zet oktat\u00e1si tev\u00e9kenys\u00e9ge<\/a><br \/>\n<a href=\"https:\/\/semmelweis.hu\/minoseg\/files\/2018\/12\/SE-KORB1-ME-01-A1.doc\" rel=\"noopener\">SE-KORB1-ME-01-A1 &#8211; Oktatott tant\u00e1rgy adatlap<\/a><br \/>\n<a href=\"https:\/\/semmelweis.hu\/minoseg\/files\/2018\/12\/SE-KORB1-ME-01-A2.doc\" rel=\"noopener\">SE-KORB1-ME-01-A2 &#8211; El\u0151ad\u00e1sok nyilv\u00e1ntart\u00f3 lap<\/a><br \/>\n<a href=\"https:\/\/semmelweis.hu\/minoseg\/files\/2018\/12\/SE-KORB1-ME-01-A3.doc\" rel=\"noopener\">SE-KORB1-ME-01-A3 &#8211; Gyakorlatok nyilv\u00e1ntart\u00f3 lap<\/a><br \/>\n<a href=\"https:\/\/semmelweis.hu\/minoseg\/files\/2018\/12\/SE-KORB1-ME-01-A4.doc\" rel=\"noopener\">SE-KORB1-ME-01-A4 &#8211; Gyakorlati jelenl\u00e9ti \u00edv<\/a><br \/>\n<a href=\"https:\/\/semmelweis.hu\/minoseg\/files\/2018\/12\/SE-KORB1-ME-01-A5.doc\" rel=\"noopener\">SE-KORB1-ME-01-A5 &#8211; Vizsgalap<\/a><br \/>\n<a href=\"https:\/\/semmelweis.hu\/minoseg\/files\/2018\/12\/SE-KORB1-ME-01-A6.doc\" rel=\"noopener\">SE-KORB1-ME-01-A6 &#8211; Feed-back adatlap &#8211; patol\u00f3gia t\u00e1rgy<\/a><br \/>\n<a href=\"https:\/\/semmelweis.hu\/minoseg\/files\/2018\/12\/SE-KORB1-ME-01-A7.doc\" rel=\"noopener\">SE-KORB1-ME-01-A7 &#8211; Fedd-back adatlap &#8211; tantermi el\u0151ad\u00f3<\/a><br \/>\n<a href=\"https:\/\/semmelweis.hu\/minoseg\/files\/2018\/12\/SE-KORB1-ME-01-A8.doc\" rel=\"noopener\">SE-KORB1-ME-01-A8 &#8211; Fedd-back adatlap &#8211; gyakorlatvezet\u0151<\/a><\/li>\n<\/ul>\n<p><strong>Min\u0151s\u00e9g\u00fcgyi dokumentum &#8211; Egys\u00e9gszint\u0171 M\u0171k\u00f6d\u00e9si Szab\u00e1lyzat<\/strong><\/p>\n<ul>\n<li><a href=\"https:\/\/semmelweis.hu\/minoseg\/files\/2018\/12\/SE-KORB1-BONC-EMSZ.doc\" rel=\"noopener\">SE-KORB1-BONC-EMSZ &#8211; Autopszia Egys\u00e9gszint\u0171 M\u0171k\u00f6d\u00e9si Szab\u00e1lyzat<\/a><br \/>\n<a href=\"https:\/\/semmelweis.hu\/minoseg\/files\/2018\/12\/SE-KORB1-BONC-EMSZ-M01.doc\" rel=\"noopener\">SE-KORB1-BONC-EMSZ-M01 &#8211; Autopszia organogram<\/a><br \/>\n<a href=\"https:\/\/semmelweis.hu\/minoseg\/files\/2018\/12\/SE-KORB1-BONC-EMSZ-M03.doc\" rel=\"noopener\">SE-KORB1-BONC-EMSZ-M03 &#8211; Munkautas\u00edt\u00e1sok list\u00e1ja<\/a><\/li>\n<\/ul>\n<ul>\n<li><a href=\"https:\/\/semmelweis.hu\/minoseg\/files\/2009\/02\/SE-KORB1-FACS-EMSZ.doc\" rel=\"noopener\">SE-KORB1-FACS-EMSZ &#8211; \u00c1raml\u00e1s Citometriai Laborat\u00f3rium Egys\u00e9gszint\u0171 M\u0171k\u00f6d\u00e9si Szab\u00e1lyzat<br \/>\n<\/a><a href=\"https:\/\/semmelweis.hu\/minoseg\/files\/2009\/02\/SE-KORB1-FACS-EMSZ-M01.doc\" rel=\"noopener\">SE-KORB1-FACS-EMSZ-M01 &#8211; Organogram<br \/>\n<\/a><a href=\"https:\/\/semmelweis.hu\/minoseg\/files\/2009\/02\/SE-KORB1-FACS-EMSZ-M03.doc\" rel=\"noopener\">SE-KORB1-FACS-EMSZ-M03 &#8211; Munkautas\u00edt\u00e1sok list\u00e1ja<\/a><\/li>\n<\/ul>\n<ul>\n<li><a href=\"https:\/\/semmelweis.hu\/minoseg\/files\/2018\/12\/SE-KORB1-CITOG-EMSZ.doc\" rel=\"noopener\">SE-KORB1-CITOG-EMSZ &#8211; Citogenetikai Laborat\u00f3rium Egys\u00e9gszint\u0171 M\u0171k\u00f6d\u00e9si Szab\u00e1lyzat<\/a><br \/>\n<a href=\"https:\/\/semmelweis.hu\/minoseg\/files\/2018\/12\/SE-KORB1-CITOG-M1.doc\" rel=\"noopener\">SE-KORB1-CITOG-EMSZ M01 &#8211; Organogram<\/a><br \/>\n<a href=\"https:\/\/semmelweis.hu\/minoseg\/files\/2018\/12\/SE-KORB1-CITOG-EMSZ-M3.doc\" rel=\"noopener\">SE-KORB1-CITOG-EMSZ-M03 &#8211; Munkautas\u00edt\u00e1sok list\u00e1ja<\/a><\/li>\n<\/ul>\n<ul>\n<li><a href=\"https:\/\/semmelweis.hu\/minoseg\/files\/2009\/02\/SE-KORB1-FISH-EMSZ.doc\" rel=\"noopener\">SE-KORB1-FISH-EMSZ &#8211; FISH Laborat\u00f3rium Egys\u00e9gszint\u0171 M\u0171k\u00f6d\u00e9si Szab\u00e1lyzat<br \/>\n<\/a><a href=\"https:\/\/semmelweis.hu\/minoseg\/files\/2009\/02\/SE-KORB1-FISH-EMSZ-M1.doc\" rel=\"noopener\">SE-KORB1-FISH-EMSZ-M01 &#8211; Organogram<br \/>\n<\/a><a href=\"https:\/\/semmelweis.hu\/minoseg\/files\/2009\/02\/SE-KORB1-FISH-EMSZ-M3.doc\" rel=\"noopener\">SE-KORB1-FISH-EMSZ-M03 &#8211; Munkautas\u00edt\u00e1sok list\u00e1ja<\/a><\/li>\n<\/ul>\n<ul>\n<li><a href=\"https:\/\/semmelweis.hu\/minoseg\/files\/2018\/12\/SE-KORB1-HEMPAT-EMSZ.doc\" rel=\"noopener\">SE-KORB1-HEMPAT-EMSZ &#8211; Hematopatol\u00f3giai Laborat\u00f3rium Egys\u00e9gszint\u0171 M\u0171k\u00f6d\u00e9si Szab\u00e1lyzat<\/a><br \/>\n<a href=\"https:\/\/semmelweis.hu\/minoseg\/files\/2018\/12\/SE-KORB1-HEMPAT-EMSZ-M01.doc\" rel=\"noopener\">SE-KORB1-HEMPAT-EMSZ-M01 &#8211; Organogram<\/a><br \/>\n<a href=\"https:\/\/semmelweis.hu\/minoseg\/files\/2018\/12\/SE-KORB1-HEMPAT-EMSZ-M03.doc\" rel=\"noopener\">SE-KORB1-HEMPAT-EMSZ-M03 &#8211; Munkautas\u00edt\u00e1sok list\u00e1ja<\/a><br \/>\n<a href=\"https:\/\/semmelweis.hu\/minoseg\/files\/2018\/12\/SE-KORB1-HEMPAT-EMSZ-M05.doc\" rel=\"noopener\">SE-KORB1-HEMPAT-EMSZ-M05 &#8211; A laborat\u00f3riummal egy\u00fcttm\u0171k\u00f6d\u0151 int\u00e9zm\u00e9nyek list\u00e1ja<\/a><\/li>\n<\/ul>\n<ul>\n<li><a href=\"https:\/\/semmelweis.hu\/minoseg\/files\/2018\/12\/SE-KORB1-IMMUN-EMSZ.doc\" rel=\"noopener\">SE-KORB1-IMMUN-EMSZ &#8211; Immunhisztok\u00e9miai Laborat\u00f3rium Egys\u00e9gszint\u0171 M\u0171k\u00f6d\u00e9si Szab\u00e1lyzat<\/a><br \/>\n<a href=\"https:\/\/semmelweis.hu\/minoseg\/files\/2018\/12\/SE-KORB1-immun-EMSZ-M01.doc\" rel=\"noopener\">SE-KORB1-IMMUN-EMSZ-M01 &#8211; Organogram<\/a><br \/>\n<a href=\"https:\/\/semmelweis.hu\/minoseg\/files\/2018\/12\/SE-KORB1-immun-EMSZ-M03.doc\" rel=\"noopener\">SE-KORB1-IMMUN-EMSZ-M03 &#8211; Munkautas\u00edt\u00e1sok list\u00e1ja<\/a><\/li>\n<\/ul>\n<ul>\n<li><a href=\"https:\/\/semmelweis.hu\/minoseg\/files\/2019\/01\/SE-KORB1-IROD-EMSZ.doc\" rel=\"noopener\">SE-KORB1-IROD-EMSZ &#8211; Iroda Egys\u00e9gszint\u0171 M\u0171k\u00f6d\u00e9si Szab\u00e1lyzat<\/a><\/li>\n<\/ul>\n<ul>\n<li><a href=\"https:\/\/semmelweis.hu\/minoseg\/files\/2018\/12\/SE-KORB1-LPAT-EMSZ.doc\" rel=\"noopener\">SE-KORB1-LPAT-EMSZ &#8211; L\u00e1gyr\u00e9sz \u00e9s Csontpatol\u00f3giai Laborat\u00f3rium Egys\u00e9gszint\u0171 M\u0171k\u00f6d\u00e9si Szab\u00e1lyzat<\/a><br \/>\n<a href=\"https:\/\/semmelweis.hu\/minoseg\/files\/2009\/02\/SE-KORB1-LPAT-EMSZ-M01.doc\" rel=\"noopener\">SE-KORB1-LPAT-EMSZ-M01 &#8211; Organogram<\/a><br \/>\n<a href=\"https:\/\/semmelweis.hu\/minoseg\/files\/2018\/12\/SE-KORB1-LPAT-EMSZ-M03.doc\" rel=\"noopener\">SE-KORB1-LPAT-EMSZ-M03 &#8211; Munkautas\u00edt\u00e1sok list\u00e1ja<\/a><\/li>\n<\/ul>\n<ul>\n<li><a href=\"https:\/\/semmelweis.hu\/minoseg\/files\/2018\/12\/SE-KORB1-KONF-EMSZ.doc\" rel=\"noopener\">SE-KORB1-KONF-EMSZ &#8211; M\u00e1jpatol\u00f3gia \u00e9s Konfok\u00e1lis Mikroszk\u00f3pia Kutat\u00e1si R\u00e9szleg Egys\u00e9gszint\u0171 M\u0171k\u00f6d\u00e9si Szab\u00e1lyzat<\/a><br \/>\n<a href=\"https:\/\/semmelweis.hu\/minoseg\/files\/2018\/12\/SE-KORB1-KONF-EMSZ-M01.doc\" rel=\"noopener\">SE-KORB1-KONF-EMSZ-M01 &#8211; Organogram<\/a><br \/>\n<a href=\"https:\/\/semmelweis.hu\/minoseg\/files\/2018\/12\/SE-KORB1-KONF-EMSZ-M3.doc\" rel=\"noopener\">SE-KORB1-KONF-EMSZ-M03 &#8211; Munkautas\u00edt\u00e1sok list\u00e1ja<\/a><\/li>\n<\/ul>\n<ul>\n<li><a href=\"https:\/\/semmelweis.hu\/minoseg\/files\/2018\/11\/SE-KORB1-DPAT-EMSZ.doc\" rel=\"noopener\">SE-KORB1-DPAT-EMSZ &#8211; Molekul\u00e1ris \u00e9s Digit\u00e1lis Patomorfol\u00f3giai Laborat\u00f3rium Egys\u00e9gszint\u0171 M\u0171k\u00f6d\u00e9si Szab\u00e1lyzat<\/a><br \/>\n<a href=\"https:\/\/semmelweis.hu\/minoseg\/files\/2018\/12\/SE-KORB1-DPAT-EMSZ-M01.doc\" rel=\"noopener\">SE-KORB1-DPAT-EMSZ-M01 &#8211; Organogram<\/a><br \/>\n<a href=\"https:\/\/semmelweis.hu\/minoseg\/files\/2018\/12\/SE-KORB-DPAT-EMSZ-M03.doc\" rel=\"noopener\">SE-KORB1-DPAT-EMSZ-M03 &#8211; Munkautas\u00edt\u00e1sok list\u00e1ja<\/a><\/li>\n<\/ul>\n<ul>\n<li><a href=\"https:\/\/semmelweis.hu\/minoseg\/files\/2018\/12\/SE-KORB1-MD-EMSZ.doc\" rel=\"noopener\">SE-KORB1-MD-EMSZ &#8211; Molekul\u00e1ris Diagnosztika Laborat\u00f3rium \u00e9s Izot\u00f3plaborat\u00f3rium Egys\u00e9gszint\u0171 M\u0171k\u00f6d\u00e9si Szab\u00e1lyzat<\/a><br \/>\n<a href=\"https:\/\/semmelweis.hu\/minoseg\/files\/2018\/12\/SE-KORB1-MD-EMSZ-M01.doc\" rel=\"noopener\">SE-KORB1-MD-EMSZ-M01 &#8211; Organogram<\/a><br \/>\n<a href=\"https:\/\/semmelweis.hu\/minoseg\/files\/2018\/12\/SE-KORB1-MD-EMSZ-M03.doc\" rel=\"noopener\">SE-KORB1-MD-EMSZ-M03 &#8211; Munkautas\u00edt\u00e1sok list\u00e1ja<\/a><\/li>\n<\/ul>\n<ul>\n<li><a href=\"https:\/\/semmelweis.hu\/minoseg\/files\/2018\/12\/SE-KORB1-PANC-EMSZ.doc\" rel=\"noopener\">SE-KORB1-PANC-EMSZ &#8211; Pancreatologia Egys\u00e9gszint\u0171 M\u0171k\u00f6d\u00e9si Szab\u00e1lyzat<\/a><br \/>\n<a href=\"https:\/\/semmelweis.hu\/minoseg\/files\/2018\/12\/SE-KORB1-PANC-EMSZ-M01.doc\" rel=\"noopener\">SE-KORB1-PANC-EMSZ-M01 &#8211; Organogram<\/a><br \/>\n<a href=\"https:\/\/semmelweis.hu\/minoseg\/files\/2018\/12\/SE-KORB1-PANC-EMSZ-M03.doc\" rel=\"noopener\">SE-KORB1-PANC-EMSZ-M03 &#8211; Munkautas\u00edt\u00e1sok list\u00e1ja<\/a><\/li>\n<\/ul>\n<ul>\n<li><a href=\"https:\/\/semmelweis.hu\/minoseg\/files\/2018\/12\/SE-KORB1-CELL-EMSZ.doc\" rel=\"noopener\">SE-KORB1-CELL-EMSZ &#8211; Sejt- \u00e9s Sz\u00f6vetteny\u00e9szt\u0151 Laborat\u00f3rium Egys\u00e9gszint\u0171 M\u0171k\u00f6d\u00e9si Szab\u00e1lyzat<\/a><br \/>\n<a href=\"https:\/\/semmelweis.hu\/minoseg\/files\/2018\/12\/SE-KORB1-CELL-EMSZ-M1.doc\" rel=\"noopener\">SE-KORB1-CELL-EMSZ-M01 &#8211; Organogram<\/a><br \/>\n<a href=\"https:\/\/semmelweis.hu\/minoseg\/files\/2018\/12\/SE-KORB1-CELL-EMSZ-M3.doc\" rel=\"noopener\">SE-KORB1-CELL-EMSZ-M03 &#8211; Munkautas\u00edt\u00e1sok list\u00e1ja<\/a><\/li>\n<\/ul>\n<ul>\n<li><a href=\"https:\/\/semmelweis.hu\/minoseg\/files\/2018\/12\/SE-KORB1-HISZT-EMSZ.doc\" rel=\"noopener\">SE-KORB1-HISZT-EMSZ &#8211; Sz\u00f6vettani Diagnosztikus Egys\u00e9g Egys\u00e9gszint\u0171 M\u0171k\u00f6d\u00e9si Szab\u00e1lyzat<\/a><br \/>\n<a href=\"https:\/\/semmelweis.hu\/minoseg\/files\/2018\/12\/SE-KORB1-HISZT-EMSZ-M1.doc\" rel=\"noopener\">SE-KORB1-HISZT-EMSZ-M01 &#8211; Organogram<\/a><br \/>\n<a href=\"https:\/\/semmelweis.hu\/minoseg\/files\/2018\/12\/SE-KORB1-HISZT-EMSZ-M3.doc\" rel=\"noopener\">SE-KORB1-HISZT-EMSZ-M03 &#8211; Munkautas\u00edt\u00e1sok list\u00e1ja<\/a><\/li>\n<\/ul>\n<ul>\n<li><a href=\"https:\/\/semmelweis.hu\/minoseg\/files\/2018\/12\/SE-KORB1-biopszia-EMSZ.doc\" rel=\"noopener\">SE-KORB1-biopsz-EMSZ &#8211; Sz\u00f6vettani Laborat\u00f3rium Egys\u00e9gszint\u0171 M\u0171k\u00f6d\u00e9si Szab\u00e1lyzat<\/a><br \/>\n<a href=\"https:\/\/semmelweis.hu\/minoseg\/files\/2018\/12\/SE-KORB1-biopszia-EMSZ-M01.doc\" rel=\"noopener\">SE-KORB1-biopsz-EMSZ-M01 &#8211; Organogram<\/a><br \/>\n<a href=\"https:\/\/semmelweis.hu\/minoseg\/files\/2018\/12\/SE-KORB1-biopszia-EMSZ-M03.doc\" rel=\"noopener\">SE-KORB1-biopsz-EMSZ-M03 &#8211; Munkautas\u00edt\u00e1sok list\u00e1ja<\/a><br \/>\n<a href=\"https:\/\/semmelweis.hu\/minoseg\/files\/2018\/12\/SE-KORB1-biopszia-EMSZ-M04.doc\" rel=\"noopener\">SE-KORB1-biopsz-EMSZ-M04 &#8211; Asszisztensek szignolist\u00e1ja<\/a><\/li>\n<\/ul>\n<ul>\n<li><a href=\"https:\/\/semmelweis.hu\/minoseg\/files\/2018\/11\/SE-KORB1-TITK-EMSZ.doc\" rel=\"noopener\">SE-KORB1-TITK-EMSZ &#8211; Titk\u00e1rs\u00e1g Egys\u00e9gszint\u0171 M\u0171k\u00f6d\u00e9si Szab\u00e1lyzat<\/a><br \/>\n<a href=\"https:\/\/semmelweis.hu\/minoseg\/files\/2018\/12\/SE-KORB1-TITK-EMSZ-M01.doc\" rel=\"noopener\">SE-KORB1-TITK-EMSZ-M01 &#8211; Organogram<\/a><\/li>\n<\/ul>\n<ul>\n<li><a href=\"https:\/\/semmelweis.hu\/minoseg\/files\/2018\/12\/SE-KORB1-TUM-EMSZ.doc\" rel=\"noopener\">SE-KORB1-TUM-EMSZ &#8211; Tumorbiol\u00f3giai Laborat\u00f3rium Egys\u00e9gszint\u0171 M\u0171k\u00f6d\u00e9si Szab\u00e1lyzat<\/a><br \/>\n<a href=\"https:\/\/semmelweis.hu\/minoseg\/files\/2018\/12\/SE-KORB1-TUM-EMSZ-M1.doc\" rel=\"noopener\">SE-KORB1-TUM-EMSZ-M01 &#8211; Organogram<\/a><br \/>\n<a href=\"https:\/\/semmelweis.hu\/minoseg\/files\/2018\/12\/SE-KORB1-TUM-EMSZ-M3-v090205SA.doc\" rel=\"noopener\">SE-KORB1-TUM-EMSZ-M03 &#8211; Munkautas\u00edt\u00e1sok list\u00e1ja<\/a><\/li>\n<\/ul>\n<p><span style=\"font-size: 10pt;font-family: arial,helvetica,sans-serif\"> \u00a0 <\/span><\/p>\n","protected":false},"excerpt":{"rendered":"<p>Min\u0151s\u00e9g\u00fcgyi dokumentumok.<\/p>\n","protected":false},"author":158,"featured_media":0,"parent":149,"menu_order":12,"comment_status":"closed","ping_status":"closed","template":"","meta":{"_acf_changed":false,"footnotes":""},"categories":[],"tags":[],"class_list":["post-53","page","type-page","status-publish","hentry"],"acf":[],"_links":{"self":[{"href":"https:\/\/semmelweis.hu\/minoseg\/wp-json\/wp\/v2\/pages\/53","targetHints":{"allow":["GET"]}}],"collection":[{"href":"https:\/\/semmelweis.hu\/minoseg\/wp-json\/wp\/v2\/pages"}],"about":[{"href":"https:\/\/semmelweis.hu\/minoseg\/wp-json\/wp\/v2\/types\/page"}],"author":[{"embeddable":true,"href":"https:\/\/semmelweis.hu\/minoseg\/wp-json\/wp\/v2\/users\/158"}],"replies":[{"embeddable":true,"href":"https:\/\/semmelweis.hu\/minoseg\/wp-json\/wp\/v2\/comments?post=53"}],"version-history":[{"count":10,"href":"https:\/\/semmelweis.hu\/minoseg\/wp-json\/wp\/v2\/pages\/53\/revisions"}],"predecessor-version":[{"id":19611,"href":"https:\/\/semmelweis.hu\/minoseg\/wp-json\/wp\/v2\/pages\/53\/revisions\/19611"}],"up":[{"embeddable":true,"href":"https:\/\/semmelweis.hu\/minoseg\/wp-json\/wp\/v2\/pages\/149"}],"wp:attachment":[{"href":"https:\/\/semmelweis.hu\/minoseg\/wp-json\/wp\/v2\/media?parent=53"}],"wp:term":[{"taxonomy":"category","embeddable":true,"href":"https:\/\/semmelweis.hu\/minoseg\/wp-json\/wp\/v2\/categories?post=53"},{"taxonomy":"post_tag","embeddable":true,"href":"https:\/\/semmelweis.hu\/minoseg\/wp-json\/wp\/v2\/tags?post=53"}],"curies":[{"name":"wp","href":"https:\/\/api.w.org\/{rel}","templated":true}]}}