{"id":47,"date":"2008-12-16T13:50:10","date_gmt":"2008-12-16T12:50:10","guid":{"rendered":"http:\/\/wp.localhost\/?p=47"},"modified":"2025-03-24T12:17:25","modified_gmt":"2025-03-24T11:17:25","slug":"genetikai-sejt-es-immunbiologiai-intezet-2","status":"publish","type":"page","link":"https:\/\/semmelweis.hu\/minoseg\/mir-dokumentacio\/aok-intezetek\/genetikai-sejt-es-immunbiologiai-intezet-2\/","title":{"rendered":"Genetikai, Sejt- \u00e9s Immunbiol\u00f3giai Int\u00e9zet"},"content":{"rendered":"<p><strong>Min\u0151s\u00e9g\u00fcgyi dokumentum &#8211; elj\u00e1r\u00e1s<\/strong><\/p>\n<ul>\n<li><a href=\"https:\/\/semmelweis.hu\/minoseg\/files\/2018\/04\/SE-GSI-ME-01.pdf\" target=\"_blank\" rel=\"noopener noreferrer\">SE-GSI-ME-01 &#8211; Oktat\u00e1si tev\u00e9kenys\u00e9g<\/a><\/li>\n<li><a href=\"https:\/\/semmelweis.hu\/minoseg\/files\/2018\/11\/SE-GSI-ME-02.pdf\" target=\"_blank\" rel=\"noopener noreferrer\">SE-GSI-ME-02 &#8211; Kutat\u00e1si tev\u00e9kenys\u00e9g<\/a><\/li>\n<\/ul>\n<p><strong>Min\u0151s\u00e9g\u00fcgyi dokumentum &#8211; Egys\u00e9gszint\u0171 M\u0171k\u00f6d\u00e9si Szab\u00e1lyzat<\/strong><\/p>\n<ul>\n<li><a href=\"https:\/\/semmelweis.hu\/minoseg\/files\/2021\/05\/SE-GSI-CELL-EMSZ.doc\">EMSZ-GSI-CELL -Sejt- \u00e9s Sz\u00f6vetteny\u00e9szt\u0151 Laborat\u00f3rium Egys\u00e9gszint\u0171 M\u0171k\u00f6d\u00e9si Szab\u00e1lyzat<\/a><br \/>\n<a href=\"https:\/\/semmelweis.hu\/minoseg\/files\/2021\/05\/SE-GSI-CELL-EMSZ-fedlap.pdf\">EMSZ-GSI-CELL &#8211; fedlap<\/a><br \/>\n<a href=\"https:\/\/semmelweis.hu\/minoseg\/files\/2021\/05\/SE-GSI-CELL-EMSZ-M01.doc\">EMSZ-GSI-CELL-M1 &#8211; Organogram<\/a><br \/>\n<a href=\"https:\/\/semmelweis.hu\/minoseg\/files\/2018\/12\/EMSZ-GSI-CELL-M3.doc\" rel=\"noopener\">EMSZ-GSI-CELL-M3 &#8211; Munkautas\u00edt\u00e1sok list\u00e1ja<\/a><\/li>\n<\/ul>\n<ul>\n<li><a href=\"https:\/\/semmelweis.hu\/minoseg\/files\/2021\/05\/SE-GSI-FACS-EMSZ.doc\">EMSZ-GSI-FACS &#8211; Flow Cytometri\u00e1s Laborat\u00f3rium Egys\u00e9gszint\u0171 M\u0171k\u00f6d\u00e9si Szab\u00e1lyzat<\/a><br \/>\n<a href=\"https:\/\/semmelweis.hu\/minoseg\/files\/2021\/05\/SE-GSI-FACS-EMSZ-fedlap.pdf\">EMSZ-GSI-FACS &#8211; fedlap<\/a><br \/>\n<a href=\"https:\/\/semmelweis.hu\/minoseg\/files\/2021\/05\/SE-GSI-FACS-M01.doc\">EMSZ-GSI-FACS-M1 &#8211; Organogram<\/a><br \/>\n<a href=\"https:\/\/semmelweis.hu\/minoseg\/files\/2018\/12\/EMSZ-GSI-FACS-M3.doc\" rel=\"noopener\">EMSZ-GSI-FACS-M3 &#8211; Munkautas\u00edt\u00e1sok list\u00e1ja<\/a><\/li>\n<\/ul>\n<ul>\n<li><a href=\"https:\/\/semmelweis.hu\/minoseg\/files\/2021\/05\/SE-GSI-TGA-EMSZ.doc\">SE-GSI-TGA-EMSZ &#8211; Transzgenikus \u00c1llath\u00e1z Egys\u00e9gszint\u0171 M\u0171k\u00f6d\u00e9si Szab\u00e1lyzat<\/a><br \/>\n<a href=\"https:\/\/semmelweis.hu\/minoseg\/files\/2021\/05\/SE-GSI-TGA-EMSZ-fedlap.pdf\">SE-GSI-TGA-EMSZ &#8211; fedlap<\/a><br \/>\n<a href=\"https:\/\/semmelweis.hu\/minoseg\/files\/2018\/12\/SE-GSI-TGA-EMSZ-M01.doc\" rel=\"noopener\">SE-GSI-TGA-EMSZ-M01 &#8211; Organogram<\/a><br \/>\n<a href=\"https:\/\/semmelweis.hu\/minoseg\/files\/2018\/12\/SE-GSI-TGA-EMSZ-M03.doc\" rel=\"noopener\">SE-GSI-TGA-EMSZ-M03 &#8211; Munkautas\u00edt\u00e1sok list\u00e1ja<\/a><\/li>\n<\/ul>\n","protected":false},"excerpt":{"rendered":"<p>Min\u0151s\u00e9g\u00fcgyi dokumentumok.<\/p>\n","protected":false},"author":158,"featured_media":0,"parent":149,"menu_order":6,"comment_status":"closed","ping_status":"closed","template":"","meta":{"_acf_changed":false,"footnotes":""},"categories":[],"tags":[],"class_list":["post-47","page","type-page","status-publish","hentry"],"acf":[],"_links":{"self":[{"href":"https:\/\/semmelweis.hu\/minoseg\/wp-json\/wp\/v2\/pages\/47","targetHints":{"allow":["GET"]}}],"collection":[{"href":"https:\/\/semmelweis.hu\/minoseg\/wp-json\/wp\/v2\/pages"}],"about":[{"href":"https:\/\/semmelweis.hu\/minoseg\/wp-json\/wp\/v2\/types\/page"}],"author":[{"embeddable":true,"href":"https:\/\/semmelweis.hu\/minoseg\/wp-json\/wp\/v2\/users\/158"}],"replies":[{"embeddable":true,"href":"https:\/\/semmelweis.hu\/minoseg\/wp-json\/wp\/v2\/comments?post=47"}],"version-history":[{"count":10,"href":"https:\/\/semmelweis.hu\/minoseg\/wp-json\/wp\/v2\/pages\/47\/revisions"}],"predecessor-version":[{"id":19574,"href":"https:\/\/semmelweis.hu\/minoseg\/wp-json\/wp\/v2\/pages\/47\/revisions\/19574"}],"up":[{"embeddable":true,"href":"https:\/\/semmelweis.hu\/minoseg\/wp-json\/wp\/v2\/pages\/149"}],"wp:attachment":[{"href":"https:\/\/semmelweis.hu\/minoseg\/wp-json\/wp\/v2\/media?parent=47"}],"wp:term":[{"taxonomy":"category","embeddable":true,"href":"https:\/\/semmelweis.hu\/minoseg\/wp-json\/wp\/v2\/categories?post=47"},{"taxonomy":"post_tag","embeddable":true,"href":"https:\/\/semmelweis.hu\/minoseg\/wp-json\/wp\/v2\/tags?post=47"}],"curies":[{"name":"wp","href":"https:\/\/api.w.org\/{rel}","templated":true}]}}