{"id":4660,"date":"2016-06-20T16:11:39","date_gmt":"2016-06-20T14:11:39","guid":{"rendered":"http:\/\/semmelweis.hu\/minoseg\/?page_id=4660"},"modified":"2025-04-01T12:36:27","modified_gmt":"2025-04-01T10:36:27","slug":"igazsagugyi-es-biztositas-orvostani-intezet","status":"publish","type":"page","link":"https:\/\/semmelweis.hu\/minoseg\/mir-dokumentacio\/aok-intezetek\/iisz-patologiai-intezet\/igazsagugyi-es-biztositas-orvostani-intezet\/","title":{"rendered":"Igazs\u00e1g\u00fcgyi \u00e9s Biztos\u00edt\u00e1s-orvostani Int\u00e9zet"},"content":{"rendered":"<p><strong>Min\u0151s\u00e9g\u00fcgyi dokumentum &#8211; elj\u00e1r\u00e1s<\/strong><\/p>\n<ul>\n<li><a href=\"https:\/\/semmelweis.hu\/minoseg\/files\/2016\/06\/SE-IGAZ-ME-01.docx\">SE-IGAZ-ME-01 &#8211; Oktat\u00e1si tev\u00e9kenys\u00e9g fel\u00fcgyelete<\/a><br \/>\n<a href=\"https:\/\/semmelweis.hu\/minoseg\/files\/2016\/06\/SE-IGAZ-ME-01-fedlap.pdf\" target=\"_blank\" rel=\"noopener noreferrer\">SE-IGAZ-ME-01\u00a0 &#8211; fedlap<\/a><br \/>\n<a href=\"https:\/\/semmelweis.hu\/minoseg\/files\/2016\/06\/SE-IGAZ-ME-01-A01.docx\">SE-IGAZ-ME-01-A01 &#8211; Erasmus k\u00e9relem<\/a><br \/>\n<a href=\"https:\/\/semmelweis.hu\/minoseg\/files\/2016\/06\/SE-IGAZ-ME-01-A02.doc\">SE-IGAZ-ME-01-A02 &#8211; Gyakorlat-igazol\u00e1s-erasmus-I-f\u00e9l\u00e9v<\/a><br \/>\n<a href=\"https:\/\/semmelweis.hu\/minoseg\/files\/2016\/06\/SE-IGAZ-ME-01-A03.doc\">SE-IGAZ-ME-01-A03 &#8211; Gyakorlat-igazol\u00e1s-erasmus-II-f\u00e9l\u00e9v<\/a><br \/>\n<a href=\"https:\/\/semmelweis.hu\/minoseg\/files\/2016\/06\/SE-IGAZ-ME-01-A04.docx\">SE-IGAZ-ME-01-A04 &#8211; K\u00e9relem Szakdolgozat k\u00e9sz\u00edt\u00e9s\u00e9re<\/a><br \/>\n<a href=\"https:\/\/semmelweis.hu\/minoseg\/files\/2016\/06\/SE-IGAZ-ME-01-A05.docx\">SE-IGAZ-ME-01-A05 &#8211; K\u00fcls\u0151 konzulens enged\u00e9lyez\u00e9se<\/a><br \/>\n<a href=\"https:\/\/semmelweis.hu\/minoseg\/files\/2016\/06\/SE-IGAZ-ME-01-A06.docx\">SE-IGAZ-ME-01-A06 &#8211; T\u00e9mavezet\u0151i Javaslatt\u00e9tel Szakdolgozatv\u00e9d\u00e9sre<\/a><br \/>\n<a href=\"https:\/\/semmelweis.hu\/minoseg\/files\/2016\/06\/SE-IGAZ-ME-01-A07.docx\">SE-IGAZ-ME-01-A07 &#8211; K\u00e9relem TDK<\/a><br \/>\n<a href=\"https:\/\/semmelweis.hu\/minoseg\/files\/2016\/06\/SE-IGAZ-ME-01-A08.docx\">SE-IGAZ-ME-01-A08 &#8211; TDK javaslat al\u00e1\u00edr\u00e1sra<\/a><br \/>\n<a href=\"https:\/\/semmelweis.hu\/minoseg\/files\/2016\/06\/SE-IGAZ-ME-01-A09.docx\">SE-IGAZ-ME-01-A09 &#8211; \u00d3ratart\u00e1si fegyelem betartat\u00e1s\u00e1r\u00f3l sz\u00f3l\u00f3 adatlap<\/a><\/li>\n<\/ul>\n<ul>\n<li><a href=\"https:\/\/semmelweis.hu\/minoseg\/files\/2016\/06\/SE-IGAZ-ME-02.doc\" rel=\"noopener\">SE-IGAZ-ME-02 &#8211; Kutat\u00e1si tev\u00e9kenys\u00e9g fel\u00fcgyelete<\/a><br \/>\n<a href=\"https:\/\/semmelweis.hu\/minoseg\/files\/2016\/06\/SE-IGAZ-ME-02-fedlap.pdf\" target=\"_blank\" rel=\"noopener noreferrer\">SE-IGAZ-ME-02 &#8211; fedlap<\/a><\/p>\n<p><a href=\"https:\/\/semmelweis.hu\/minoseg\/files\/2016\/06\/SE-IGAZ-ME-02-A01.docx\" rel=\"noopener\">SE-IGAZ-ME-02-A01 &#8211; Tudom\u00e1nyos munkatervek, p\u00e1ly\u00e1zatok \u00e9s ezekkel kapcsolatos jegyz\u0151k\u00f6nyvek, besz\u00e1mol\u00f3k \u00e9s egy\u00e9b iratok nyilv\u00e1ntart\u00f3 lapja<\/a><br \/>\n<a href=\"https:\/\/semmelweis.hu\/minoseg\/files\/2016\/06\/SE-IGAZ-ME-02-A02.docx\" rel=\"noopener\">SE-IGAZ-ME-02-A02 &#8211; Tudom\u00e1nyos kiadv\u00e1ny nyilv\u00e1ntart\u00f3 lapja<\/a><\/p>\n<\/li>\n<\/ul>\n<p><strong>Min\u0151s\u00e9g\u00fcgyi dokumentum &#8211; Egys\u00e9gszint\u0171 M\u0171k\u00f6d\u00e9si Szab\u00e1lyzat<\/strong><\/p>\n<ul>\n<li><a href=\"https:\/\/semmelweis.hu\/minoseg\/files\/2016\/06\/SE-IGAZ-BONC-EMSZ.doc\">SE-IGAZ-BONC-EMSZ &#8211; Boncterem Egys\u00e9gszint\u0171 M\u0171k\u00f6d\u00e9si Szab\u00e1lyzat<\/a><br \/>\n<a href=\"https:\/\/semmelweis.hu\/minoseg\/files\/2016\/06\/SE-IGAZ-BONC-EMSZ-fedlap.pdf\" target=\"_blank\" rel=\"noopener noreferrer\">SE-IGAZ-BONC-EMSZ &#8211; fedlap<\/a><\/p>\n<p><a href=\"https:\/\/semmelweis.hu\/minoseg\/files\/2016\/06\/SE-IGAZ-BONC-EMSZ-M01.docx\" rel=\"noopener\">SE-IGAZ-BONC-EMSZ-M01 &#8211; Munkautas\u00edt\u00e1sok list\u00e1ja<br \/>\n<\/a><a href=\"https:\/\/semmelweis.hu\/minoseg\/files\/2016\/06\/SE-IGAZ-BONC-EMSZ-A01.docx\">SE-IGAZ-BONC-EMSZ-A01 \u2013 \u00c9rt\u00e9klelt\u00e1r<\/a><br \/>\n<a href=\"https:\/\/semmelweis.hu\/minoseg\/files\/2016\/06\/SE-IGAZ-BONC-EMSZ-A02.docx\">SE-IGAZ-BONC-EMSZ-A02 \u2013 Jegyz\u0151k\u00f6nyv elhunyt szem\u00e9ly \u00e1tad\u00e1s\u00e1r\u00f3l<\/a><br \/>\n<a href=\"https:\/\/semmelweis.hu\/minoseg\/files\/2016\/06\/SE-IGAZ-BONC-EMSZ-A03.docx\">SE-IGAZ-BONC-EMSZ-A03 \u2013 Halottvizsg\u00e1lati Bizony\u00edtv\u00e1ny<\/a><\/p>\n<\/li>\n<\/ul>\n<ul>\n<li><a href=\"https:\/\/semmelweis.hu\/minoseg\/files\/2016\/06\/SE-IGAZ-DNS.doc\">SE-IGAZ-DNS-EMSZ &#8211; DNS Laborat\u00f3rium Egys\u00e9gszint\u0171 M\u0171k\u00f6d\u00e9si Szab\u00e1lyzat<\/a><br \/>\n<a href=\"https:\/\/semmelweis.hu\/minoseg\/files\/2016\/06\/SE-IGAZ-DNS-EMSZ-fedlap.pdf\" target=\"_blank\" rel=\"noopener noreferrer\">SE-IGAZ-DNS-EMSZ &#8211; fedlap<\/a><\/p>\n<p><a href=\"https:\/\/semmelweis.hu\/minoseg\/files\/2016\/06\/SE-IGAZ-DNS-EMSZ-M01.docx\" rel=\"noopener\">SE-IGAZ-DNS-EMSZ-M01 &#8211; Munkautas\u00edt\u00e1sok list\u00e1ja<\/a><br \/>\n<a href=\"https:\/\/semmelweis.hu\/minoseg\/files\/2016\/06\/SE-IGAZ-DNS-EMSZ-A01.docx\" rel=\"noopener\">SE-IGAZ-DNS-EMSZ-A01 \u2013 Mintav\u00e9teli jegyz\u0151k\u00f6nyv \u00e9l\u0151 szem\u00e9lyekt\u0151l<\/a><br \/>\n<a href=\"https:\/\/semmelweis.hu\/minoseg\/files\/2016\/06\/SE-IGAZ-DNS-EMSZ-A02.docx\" rel=\"noopener\">SE-IGAZ-DNS-EMSZ-A02 \u2013 Mintav\u00e9teli jegyz\u0151k\u00f6nyv holttestekt\u0151l<\/a><\/p>\n<\/li>\n<\/ul>\n<ul>\n<li><a href=\"https:\/\/semmelweis.hu\/minoseg\/files\/2016\/06\/SE-IGAZ-SZAK-EMSZ.docx\" rel=\"noopener\">SE-IGAZ-SZAK-EMSZ &#8211; Igazs\u00e1g\u00fcgyi Szak\u00e9rt\u0151 Tev\u00e9kenys\u00e9g Egys\u00e9gszint\u0171 M\u0171k\u00f6d\u00e9si Szab\u00e1lyzat<\/a><br \/>\n<a href=\"https:\/\/semmelweis.hu\/minoseg\/files\/2016\/06\/SE-IGAZ-SZAK-EMSZ-fedlap.pdf\" target=\"_blank\" rel=\"noopener noreferrer\">SE-IGAZ-SZAK-EMSZ &#8211; fedlap<br \/>\n<\/a><a href=\"https:\/\/semmelweis.hu\/minoseg\/files\/2016\/06\/SE-IGAZ-SZAK-EMSZ-M01.docx\" rel=\"noopener\">SE-IGAZ-SZAK-EMSZ-M01 &#8211; Iktat\u00e1s<\/a><\/li>\n<\/ul>\n<ul>\n<li><a href=\"https:\/\/semmelweis.hu\/minoseg\/files\/2021\/11\/SE-IGAZ-SZOV-EMSZ.doc\">SE-IGAZ-SZOV-EMSZ &#8211; Sz\u00f6vettani Laborat\u00f3rium Egys\u00e9gszint\u0171 M\u0171k\u00f6d\u00e9si Szab\u00e1lyzat<\/a><br \/>\n<a href=\"https:\/\/semmelweis.hu\/minoseg\/files\/2021\/11\/SE-IGAZ-SZOV-EMSZ-2021-11-29.pdf\">SE-IGAZ-SZOV-EMSZ &#8211; fedlap<\/a><\/li>\n<\/ul>\n<ul>\n<li><a href=\"https:\/\/semmelweis.hu\/minoseg\/files\/2021\/11\/SE-IGAZ-TOX-EMSZ.docx\">SE-IGAZ-TOX-EMSZ &#8211; Toxikol\u00f3giai Laborat\u00f3rium Egys\u00e9gszint\u0171 M\u0171k\u00f6d\u00e9si Szab\u00e1lyzat<\/a><br \/>\n<a href=\"https:\/\/semmelweis.hu\/minoseg\/files\/2021\/11\/SE-IGAZ-TOX-EMSZ-fedlap.pdf\">SE-IGAZ-TOX-EMSZ &#8211; fedlap<\/a><\/li>\n<\/ul>\n","protected":false},"excerpt":{"rendered":"<p>Min\u0151s\u00e9g\u00fcgyi dokumentumok.<\/p>\n","protected":false},"author":326,"featured_media":0,"parent":54,"menu_order":1,"comment_status":"closed","ping_status":"closed","template":"","meta":{"_acf_changed":false,"footnotes":""},"categories":[],"tags":[],"class_list":["post-4660","page","type-page","status-publish","hentry"],"acf":[],"_links":{"self":[{"href":"https:\/\/semmelweis.hu\/minoseg\/wp-json\/wp\/v2\/pages\/4660","targetHints":{"allow":["GET"]}}],"collection":[{"href":"https:\/\/semmelweis.hu\/minoseg\/wp-json\/wp\/v2\/pages"}],"about":[{"href":"https:\/\/semmelweis.hu\/minoseg\/wp-json\/wp\/v2\/types\/page"}],"author":[{"embeddable":true,"href":"https:\/\/semmelweis.hu\/minoseg\/wp-json\/wp\/v2\/users\/326"}],"replies":[{"embeddable":true,"href":"https:\/\/semmelweis.hu\/minoseg\/wp-json\/wp\/v2\/comments?post=4660"}],"version-history":[{"count":10,"href":"https:\/\/semmelweis.hu\/minoseg\/wp-json\/wp\/v2\/pages\/4660\/revisions"}],"predecessor-version":[{"id":19932,"href":"https:\/\/semmelweis.hu\/minoseg\/wp-json\/wp\/v2\/pages\/4660\/revisions\/19932"}],"up":[{"embeddable":true,"href":"https:\/\/semmelweis.hu\/minoseg\/wp-json\/wp\/v2\/pages\/54"}],"wp:attachment":[{"href":"https:\/\/semmelweis.hu\/minoseg\/wp-json\/wp\/v2\/media?parent=4660"}],"wp:term":[{"taxonomy":"category","embeddable":true,"href":"https:\/\/semmelweis.hu\/minoseg\/wp-json\/wp\/v2\/categories?post=4660"},{"taxonomy":"post_tag","embeddable":true,"href":"https:\/\/semmelweis.hu\/minoseg\/wp-json\/wp\/v2\/tags?post=4660"}],"curies":[{"name":"wp","href":"https:\/\/api.w.org\/{rel}","templated":true}]}}