{"id":4644,"date":"2016-06-20T11:46:59","date_gmt":"2016-06-20T09:46:59","guid":{"rendered":"http:\/\/semmelweis.hu\/minoseg\/?page_id=4644"},"modified":"2025-03-24T11:26:32","modified_gmt":"2025-03-24T10:26:32","slug":"molekularis-biologiai-tanszek","status":"publish","type":"page","link":"https:\/\/semmelweis.hu\/minoseg\/mir-dokumentacio\/aok-intezetek\/biokemiai-es-molekularis-biologiai-intezet\/molekularis-biologiai-tanszek\/","title":{"rendered":"Molekul\u00e1ris Biol\u00f3giai Tansz\u00e9k"},"content":{"rendered":"<p><strong>Min\u0151s\u00e9g\u00fcgyi dokumentum &#8211; elj\u00e1r\u00e1s<\/strong><\/p>\n<ul>\n<li><a href=\"https:\/\/semmelweis.hu\/minoseg\/files\/2016\/06\/SE-OVI-ME-01.docx\" rel=\"noopener\">SE-OVI-ME-01 &#8211; Oktat\u00e1si tev\u00e9kenys\u00e9g fel\u00fcgyelete<\/a>\n<p><a href=\"https:\/\/semmelweis.hu\/minoseg\/files\/2016\/06\/SE-OVI-ME-01-A01.doc\" rel=\"noopener\">SE-OVI-ME-01-A01 &#8211; Oktatott tant\u00e1rgyak \u2013 adatlap<\/a><br \/>\n<a href=\"https:\/\/semmelweis.hu\/minoseg\/files\/2016\/06\/SE-OVI-ME-01-A02.doc\" rel=\"noopener\">SE-OVI-ME-01-A02 &#8211; El\u0151ad\u00e1sok \u2013 nyilv\u00e1ntart\u00f3 lap<\/a><br \/>\n<a href=\"https:\/\/semmelweis.hu\/minoseg\/files\/2016\/06\/SE-OVI-ME-01-A03.doc\" rel=\"noopener\">SE-OVI-ME-01-A03 &#8211; Szemin\u00e1riumok \/ gyakorlatok \u2013 nyilv\u00e1ntart\u00f3 lap<\/a><br \/>\n<a href=\"https:\/\/semmelweis.hu\/minoseg\/files\/2016\/06\/SE-OVI-ME-01-A04.doc\" rel=\"noopener\">SE-OVI-ME-01-A04 &#8211; Hallgat\u00f3i adatlap \u2013 els\u0151\u00e9ves medikus<\/a><br \/>\n<a href=\"https:\/\/semmelweis.hu\/minoseg\/files\/2016\/06\/SE-OVI-ME-01-A05.doc\" rel=\"noopener\">SE-OVI-ME-01-A05 &#8211; Hallgat\u00f3i adatlap \u2013 m\u00e1sod\u00e9ves medikus<\/a><\/p>\n<\/li>\n<\/ul>\n<ul>\n<li><a href=\"https:\/\/semmelweis.hu\/minoseg\/files\/2016\/06\/SE-OVI-ME-02.doc\" rel=\"noopener\">SE-OVI-ME-02 &#8211; Kutat\u00e1si tev\u00e9kenys\u00e9g fel\u00fcgyelete<\/a>\n<p><a href=\"https:\/\/semmelweis.hu\/minoseg\/files\/2016\/06\/SE-OVI-ME-02-A01.docx\" rel=\"noopener\">SE-OVI-ME-02-A01 \u2012 Tudom\u00e1nyos munkatervek, p\u00e1ly\u00e1zatok \u00e9s ezekkel kapcsolatos jegyz\u0151k\u00f6nyvek, besz\u00e1mol\u00f3k \u00e9s egy\u00e9b iratok nyilv\u00e1ntart\u00f3 lapja<\/a><br \/>\n<a href=\"https:\/\/semmelweis.hu\/minoseg\/files\/2016\/06\/SE-OVI-ME-02-A02.docx\" rel=\"noopener\">SE-OVI-ME-02-A02 \u2012 Tudom\u00e1nyos kiadv\u00e1ny nyilv\u00e1ntart\u00f3 lapja<\/a><\/p>\n<\/li>\n<\/ul>\n<p><strong>Min\u0151s\u00e9g\u00fcgyi dokumentum &#8211; Laborat\u00f3rium M\u0171k\u00f6d\u00e9si Rend<\/strong><\/p>\n<ul>\n<li><a href=\"https:\/\/semmelweis.hu\/minoseg\/files\/2016\/06\/SE-OVI-LAB-LMR.doc\" rel=\"noopener\">SE-OVI-LMR &#8211; Laborat\u00f3riumok M\u0171k\u00f6d\u00e9si Rendje<\/a>\n<\/li>\n<\/ul>\n","protected":false},"excerpt":{"rendered":"<p>Min\u0151s\u00e9g\u00fcgyi dokumentumok.<\/p>\n","protected":false},"author":326,"featured_media":0,"parent":12232,"menu_order":2,"comment_status":"closed","ping_status":"closed","template":"","meta":{"_acf_changed":false,"footnotes":""},"categories":[],"tags":[],"class_list":["post-4644","page","type-page","status-publish","hentry"],"acf":[],"_links":{"self":[{"href":"https:\/\/semmelweis.hu\/minoseg\/wp-json\/wp\/v2\/pages\/4644","targetHints":{"allow":["GET"]}}],"collection":[{"href":"https:\/\/semmelweis.hu\/minoseg\/wp-json\/wp\/v2\/pages"}],"about":[{"href":"https:\/\/semmelweis.hu\/minoseg\/wp-json\/wp\/v2\/types\/page"}],"author":[{"embeddable":true,"href":"https:\/\/semmelweis.hu\/minoseg\/wp-json\/wp\/v2\/users\/326"}],"replies":[{"embeddable":true,"href":"https:\/\/semmelweis.hu\/minoseg\/wp-json\/wp\/v2\/comments?post=4644"}],"version-history":[{"count":10,"href":"https:\/\/semmelweis.hu\/minoseg\/wp-json\/wp\/v2\/pages\/4644\/revisions"}],"predecessor-version":[{"id":19559,"href":"https:\/\/semmelweis.hu\/minoseg\/wp-json\/wp\/v2\/pages\/4644\/revisions\/19559"}],"up":[{"embeddable":true,"href":"https:\/\/semmelweis.hu\/minoseg\/wp-json\/wp\/v2\/pages\/12232"}],"wp:attachment":[{"href":"https:\/\/semmelweis.hu\/minoseg\/wp-json\/wp\/v2\/media?parent=4644"}],"wp:term":[{"taxonomy":"category","embeddable":true,"href":"https:\/\/semmelweis.hu\/minoseg\/wp-json\/wp\/v2\/categories?post=4644"},{"taxonomy":"post_tag","embeddable":true,"href":"https:\/\/semmelweis.hu\/minoseg\/wp-json\/wp\/v2\/tags?post=4644"}],"curies":[{"name":"wp","href":"https:\/\/api.w.org\/{rel}","templated":true}]}}