{"id":4617,"date":"2016-06-20T11:11:25","date_gmt":"2016-06-20T09:11:25","guid":{"rendered":"http:\/\/semmelweis.hu\/minoseg\/?page_id=4617"},"modified":"2025-03-24T12:02:37","modified_gmt":"2025-03-24T11:02:37","slug":"elettani-intezet","status":"publish","type":"page","link":"https:\/\/semmelweis.hu\/minoseg\/mir-dokumentacio\/aok-intezetek\/elettani-intezet\/","title":{"rendered":"\u00c9lettani Int\u00e9zet"},"content":{"rendered":"<p><strong>Min\u0151s\u00e9g\u00fcgyi dokumentum &#8211; elj\u00e1r\u00e1s<\/strong><\/p>\n<ul>\n<li><a href=\"https:\/\/semmelweis.hu\/minoseg\/files\/2016\/06\/SE-ELET-ME-01-01m.docx\">SE-ELET-ME-01 &#8211; Az oktat\u00e1si tev\u00e9kenys\u00e9g fel\u00fcgyelete<\/a><br \/>\n<a href=\"https:\/\/semmelweis.hu\/minoseg\/files\/2016\/06\/SE-ELET-ME-01-fedlap-01m.pdf\" target=\"_blank\" rel=\"noopener noreferrer\">SE-ELET-ME-01 &#8211; fedlap<\/a><br \/>\n<a href=\"https:\/\/semmelweis.hu\/minoseg\/files\/2016\/06\/SE-ELET-ME-01-A01.docx\">SE-ELET-ME-01-A01 \u2012 Oktatott tant\u00e1rgyak \u2012 adatlap<\/a><br \/>\n<a href=\"https:\/\/semmelweis.hu\/minoseg\/files\/2016\/06\/SE-ELET-ME-01-A02.doc\" rel=\"noopener\">SE-ELET-ME-01-A02 \u2012 El\u0151ad\u00e1sok \u2012 nyilv\u00e1ntart\u00f3 lap<\/a><br \/>\n<a href=\"https:\/\/semmelweis.hu\/minoseg\/files\/2016\/06\/SE-ELET-ME-01-A03.docx\" rel=\"noopener\">SE-ELET-ME-01-A03 \u2012 Gyakorlatok \u2012 nyilv\u00e1ntart\u00f3 lap<\/a><br \/>\n<a href=\"https:\/\/semmelweis.hu\/minoseg\/files\/2016\/06\/SE-ELET-ME-01-A04.docx\" rel=\"noopener\">SE-ELET-ME-01-A04 \u2012 Hallgat\u00f3i adatlap<\/a><\/li>\n<\/ul>\n<ul>\n<li><a href=\"https:\/\/semmelweis.hu\/minoseg\/files\/2016\/06\/SE-ELET-ME-02.docx\" rel=\"noopener\">SE-ELET-ME-02 &#8211; A tudom\u00e1nyos kutat\u00e1si tev\u00e9kenys\u00e9g fel\u00fcgyelete<br \/>\n<\/a><a href=\"https:\/\/semmelweis.hu\/minoseg\/files\/2016\/06\/SE-ELET-ME-02-fedlap.pdf\" target=\"_blank\" rel=\"noopener noreferrer\">SE-ELET-ME-02-fedlap<\/a><\/li>\n<\/ul>\n<p><strong>Min\u0151s\u00e9g\u00fcgyi dokumentum &#8211; Laborat\u00f3rium M\u0171k\u00f6d\u00e9si Rend<\/strong><\/p>\n<ul>\n<li><a href=\"https:\/\/semmelweis.hu\/minoseg\/files\/2016\/06\/SE-ELET-LAB-LMR-01m.docx\">SE-ELET-LMR &#8211; Laborat\u00f3riumok M\u0171k\u00f6d\u00e9si Rendje<\/a><br \/>\n<a href=\"https:\/\/semmelweis.hu\/minoseg\/files\/2016\/06\/SE-ELET-LAB-LMR-fedlap-01m.pdf\">SE-ELET-LMR-fedlap<\/a><\/li>\n<\/ul>\n","protected":false},"excerpt":{"rendered":"<p>Min\u0151s\u00e9g\u00fcgyi dokumentumok.<\/p>\n","protected":false},"author":326,"featured_media":0,"parent":149,"menu_order":4,"comment_status":"closed","ping_status":"closed","template":"","meta":{"_acf_changed":false,"footnotes":""},"categories":[],"tags":[],"class_list":["post-4617","page","type-page","status-publish","hentry"],"acf":[],"_links":{"self":[{"href":"https:\/\/semmelweis.hu\/minoseg\/wp-json\/wp\/v2\/pages\/4617","targetHints":{"allow":["GET"]}}],"collection":[{"href":"https:\/\/semmelweis.hu\/minoseg\/wp-json\/wp\/v2\/pages"}],"about":[{"href":"https:\/\/semmelweis.hu\/minoseg\/wp-json\/wp\/v2\/types\/page"}],"author":[{"embeddable":true,"href":"https:\/\/semmelweis.hu\/minoseg\/wp-json\/wp\/v2\/users\/326"}],"replies":[{"embeddable":true,"href":"https:\/\/semmelweis.hu\/minoseg\/wp-json\/wp\/v2\/comments?post=4617"}],"version-history":[{"count":10,"href":"https:\/\/semmelweis.hu\/minoseg\/wp-json\/wp\/v2\/pages\/4617\/revisions"}],"predecessor-version":[{"id":19569,"href":"https:\/\/semmelweis.hu\/minoseg\/wp-json\/wp\/v2\/pages\/4617\/revisions\/19569"}],"up":[{"embeddable":true,"href":"https:\/\/semmelweis.hu\/minoseg\/wp-json\/wp\/v2\/pages\/149"}],"wp:attachment":[{"href":"https:\/\/semmelweis.hu\/minoseg\/wp-json\/wp\/v2\/media?parent=4617"}],"wp:term":[{"taxonomy":"category","embeddable":true,"href":"https:\/\/semmelweis.hu\/minoseg\/wp-json\/wp\/v2\/categories?post=4617"},{"taxonomy":"post_tag","embeddable":true,"href":"https:\/\/semmelweis.hu\/minoseg\/wp-json\/wp\/v2\/tags?post=4617"}],"curies":[{"name":"wp","href":"https:\/\/api.w.org\/{rel}","templated":true}]}}