{"id":4555,"date":"2016-06-14T13:01:09","date_gmt":"2016-06-14T11:01:09","guid":{"rendered":"http:\/\/semmelweis.hu\/minoseg\/?page_id=4555"},"modified":"2025-04-01T12:21:26","modified_gmt":"2025-04-01T10:21:26","slug":"i-sz-sebeszeti-klinika","status":"publish","type":"page","link":"https:\/\/semmelweis.hu\/minoseg\/mir-dokumentacio\/aok-klinikak\/sebeszeti-transzplantacios-es-gasztroenterologiai-klinika\/i-sz-sebeszeti-klinika\/","title":{"rendered":"I.sz. Seb\u00e9szeti \u00e9s Intervenci\u00f3s Gasztroenterol\u00f3giai Klinika"},"content":{"rendered":"<p><strong>Min\u0151s\u00e9g\u00fcgyi dokumentum &#8211; elj\u00e1r\u00e1s<\/strong><\/p>\n<ul>\n<li><a href=\"https:\/\/semmelweis.hu\/minoseg\/files\/2016\/06\/SE-SEB1-ME-01.docx\">SE-SEB1-ME-01 &#8211; Fekv\u0151beteg-ell\u00e1t\u00e1s fel\u00fcgyelete<\/a><br \/>\n<a href=\"https:\/\/semmelweis.hu\/minoseg\/files\/2016\/06\/SE-SEB1-ME-01-M01.docx\">SE-SEB1-ME-01-M01 &#8211; Munkautas\u00edt\u00e1sok list\u00e1ja<\/a><\/li>\n<\/ul>\n<ul>\n<li><a href=\"https:\/\/semmelweis.hu\/minoseg\/files\/2016\/06\/SE-SEB1-ME-02.docx\">SE-SEB1-ME-02 &#8211; J\u00e1r\u00f3beteg-ell\u00e1t\u00e1s fel\u00fcgyelete<\/a><\/li>\n<\/ul>\n<ul>\n<li><a href=\"https:\/\/semmelweis.hu\/minoseg\/files\/2016\/06\/SE-SEB1-ME-03.docx\">SE-SEB1-ME-03 &#8211; Oktat\u00e1si tev\u00e9kenys\u00e9g fel\u00fcgyelete<\/a><\/li>\n<\/ul>\n<ul>\n<li><a href=\"https:\/\/semmelweis.hu\/minoseg\/files\/2016\/06\/SE-SEB1-ME-04.docx\">SE-SEB1-M04 &#8211; Kutat\u00e1si tev\u00e9kenys\u00e9g fel\u00fcgyelete<\/a><\/li>\n<\/ul>\n<p><strong>Min\u0151s\u00e9g\u00fcgyi dokumentum &#8211; Egys\u00e9gszint\u0171 M\u0171k\u00f6d\u00e9si Szab\u00e1lyzat<\/strong><\/p>\n<ul>\n<li><a href=\"https:\/\/semmelweis.hu\/minoseg\/files\/2016\/06\/SE-SEB1-ANG-EMSZ.doc\">SE-SEB1-ANG-EMSZ &#8211; Angiogr\u00e1fi\u00e1s Laborat\u00f3rium Egys\u00e9gszint\u0171 M\u0171k\u00f6d\u00e9si Szab\u00e1lyzat<\/a><\/li>\n<\/ul>\n<ul>\n<li><a href=\"https:\/\/semmelweis.hu\/minoseg\/files\/2016\/06\/SE-SEB1-ANA-EMSZ.docx\">SE-SEB1-ANA-EMSZ &#8211; Aneszteziol\u00f3giai Szakambulancia Egys\u00e9gszint\u0171 M\u0171k\u00f6d\u00e9si Szab\u00e1lyzat<\/a><\/li>\n<\/ul>\n<ul>\n<li><a href=\"https:\/\/semmelweis.hu\/minoseg\/files\/2016\/06\/SE-SEB1-ANE-EMSZ.docx\">SE-SEB1-ANE-EMSZ &#8211; Aneszteziol\u00f3gia \u00e9s \u00e9bred\u0151<\/a><br \/>\n<a href=\"https:\/\/semmelweis.hu\/minoseg\/files\/2016\/06\/SE-SEB1-ANE-EMSZ.pdf\">SE-SEB1-ANE-EMSZ &#8211; fedlap<\/a><\/li>\n<\/ul>\n<ul>\n<li><a href=\"https:\/\/semmelweis.hu\/minoseg\/files\/2016\/06\/SE-SEB1-AP-EMSZ.doc\">SE-SEB1-AP-EMSZ &#8211; \u00c1pol\u00e1svezet\u00e9s Egys\u00e9gszint\u0171 M\u0171k\u00f6d\u00e9si Szab\u00e1lyzat<\/a><\/li>\n<\/ul>\n<ul>\n<li><a href=\"https:\/\/semmelweis.hu\/minoseg\/files\/2016\/06\/SE-SEB1-END-EMSZ.docx\">SE-SEB1-END-EMSZ &#8211; Endoszk\u00f3pos Ambulancia Egys\u00e9gszint\u0171 M\u0171k\u00f6d\u00e9si Szab\u00e1lyzat<\/a><\/li>\n<\/ul>\n<ul>\n<li><a href=\"https:\/\/semmelweis.hu\/minoseg\/files\/2016\/06\/SE-SEB1-F-EMSZ.docx\">SE-SEB1-F-ESZ &#8211; Fekv\u0151beteg oszt\u00e1lyok Egys\u00e9gszint\u0171 M\u0171k\u00f6d\u00e9si Szab\u00e1lyzat<\/a><\/li>\n<\/ul>\n<ul>\n<li><a href=\"https:\/\/semmelweis.hu\/minoseg\/files\/2016\/06\/SE-SEB1-FAJ-EMSZ.docx\">SE-SEB1-FAJ-EMSZ &#8211; F\u00e1jdalom Szakambulancia Egys\u00e9gszint\u0171 M\u0171k\u00f6d\u00e9si Szab\u00e1lyzat<\/a><\/li>\n<\/ul>\n<ul>\n<li><a href=\"https:\/\/semmelweis.hu\/minoseg\/files\/2016\/06\/SE-SEB1-ITO-EMSZ.docx\">SE-SEB1-ITO-EMSZ &#8211; Intenz\u00edv Ter\u00e1pi\u00e1s Oszt\u00e1ly Egys\u00e9gszint\u0171 M\u0171k\u00f6d\u00e9si Szab\u00e1lyzat<\/a><\/li>\n<\/ul>\n<ul>\n<li><a href=\"https:\/\/semmelweis.hu\/minoseg\/files\/2016\/06\/SE-SEB1-KLA-EMSZ.docx\">SE-SEB1-KLA-EMSZ &#8211; Klinikai Szakambulancia Egys\u00e9gszint\u0171 M\u0171k\u00f6d\u00e9si Szab\u00e1lyzat<\/a><\/li>\n<\/ul>\n<ul>\n<li><a href=\"https:\/\/semmelweis.hu\/minoseg\/files\/2016\/06\/SE-SEB1-MUTO-EMSZ.docx\">SE-SEB1-MUTO-EMSZ &#8211; M\u0171t\u0151 Egys\u00e9gszint\u0171 M\u0171k\u00f6d\u00e9si Szab\u00e1lyzat<\/a><\/li>\n<\/ul>\n<ul>\n<li><a href=\"https:\/\/semmelweis.hu\/minoseg\/files\/2016\/06\/SE-SEB1-KSR-EMSZ.docx\">SE-SEB1-KSR-EMSZ &#8211; K\u00eds\u00e9rletes Seb\u00e9szeti R\u00e9szleg Egys\u00e9gszint\u0171 M\u0171k\u00f6d\u00e9si Szab\u00e1lyzat<\/a><\/li>\n<\/ul>\n<ul>\n<li><a href=\"https:\/\/semmelweis.hu\/minoseg\/files\/2016\/06\/SE-SEB1-STERIL-EMSZ.docx\">SE-SEB1-STERIL-EMSZ &#8211; K\u00f6zponti steriliz\u00e1l\u00f3 Egys\u00e9gszint\u0171 M\u0171k\u00f6d\u00e9si Szab\u00e1lyzat<\/a><\/li>\n<\/ul>\n<ul>\n<li><a href=\"https:\/\/semmelweis.hu\/minoseg\/files\/2016\/06\/SE-SEB1-SEBA-EMSZ.docx\">SE-SEB1-SEBA-EMSZ &#8211; Seb\u00e9szeti Szakambulancia Egys\u00e9gszint\u0171 M\u0171k\u00f6d\u00e9si Szab\u00e1lyzat <\/a><\/li>\n<\/ul>\n<ul>\n<li><a href=\"https:\/\/semmelweis.hu\/minoseg\/files\/2016\/06\/SE-SEB1-UH-EMSZ.docx\">SE-SEB1-UH-EMSZ &#8211; Gastroenterol\u00f3giai Ultrahang Labor Egys\u00e9gszint\u0171 M\u0171k\u00f6d\u00e9si Szab\u00e1lyzat<\/a><\/li>\n<\/ul>\n","protected":false},"excerpt":{"rendered":"<p>Min\u0151s\u00e9g\u00fcgyi dokumentumok.<\/p>\n","protected":false},"author":326,"featured_media":0,"parent":13647,"menu_order":1,"comment_status":"closed","ping_status":"closed","template":"","meta":{"_acf_changed":false,"footnotes":""},"categories":[],"tags":[],"class_list":["post-4555","page","type-page","status-publish","hentry"],"acf":[],"_links":{"self":[{"href":"https:\/\/semmelweis.hu\/minoseg\/wp-json\/wp\/v2\/pages\/4555","targetHints":{"allow":["GET"]}}],"collection":[{"href":"https:\/\/semmelweis.hu\/minoseg\/wp-json\/wp\/v2\/pages"}],"about":[{"href":"https:\/\/semmelweis.hu\/minoseg\/wp-json\/wp\/v2\/types\/page"}],"author":[{"embeddable":true,"href":"https:\/\/semmelweis.hu\/minoseg\/wp-json\/wp\/v2\/users\/326"}],"replies":[{"embeddable":true,"href":"https:\/\/semmelweis.hu\/minoseg\/wp-json\/wp\/v2\/comments?post=4555"}],"version-history":[{"count":11,"href":"https:\/\/semmelweis.hu\/minoseg\/wp-json\/wp\/v2\/pages\/4555\/revisions"}],"predecessor-version":[{"id":19617,"href":"https:\/\/semmelweis.hu\/minoseg\/wp-json\/wp\/v2\/pages\/4555\/revisions\/19617"}],"up":[{"embeddable":true,"href":"https:\/\/semmelweis.hu\/minoseg\/wp-json\/wp\/v2\/pages\/13647"}],"wp:attachment":[{"href":"https:\/\/semmelweis.hu\/minoseg\/wp-json\/wp\/v2\/media?parent=4555"}],"wp:term":[{"taxonomy":"category","embeddable":true,"href":"https:\/\/semmelweis.hu\/minoseg\/wp-json\/wp\/v2\/categories?post=4555"},{"taxonomy":"post_tag","embeddable":true,"href":"https:\/\/semmelweis.hu\/minoseg\/wp-json\/wp\/v2\/tags?post=4555"}],"curies":[{"name":"wp","href":"https:\/\/api.w.org\/{rel}","templated":true}]}}