{"id":4492,"date":"2016-06-09T14:32:02","date_gmt":"2016-06-09T12:32:02","guid":{"rendered":"http:\/\/semmelweis.hu\/minoseg\/?page_id=4492"},"modified":"2025-04-01T13:42:20","modified_gmt":"2025-04-01T11:42:20","slug":"oktatasigazgatasi-hivatal","status":"publish","type":"page","link":"https:\/\/semmelweis.hu\/minoseg\/mir-dokumentacio\/kozponti-szervezeti-egysegek\/oktatasigazgatasi-hivatal\/","title":{"rendered":"Oktat\u00e1sigazgat\u00e1si Hivatal"},"content":{"rendered":"<p><strong>Min\u0151s\u00e9g\u00fcgyi dokumentum &#8211; munkautas\u00edt\u00e1s<\/strong><\/p>\n<ul>\n<li><a href=\"https:\/\/semmelweis.hu\/minoseg\/files\/2021\/12\/SE-OIH-MU-01.docx\">SE-OIH-MU-01 -Bursa Hungarica \u00f6szt\u00f6nd\u00edj<\/a><br \/>\n<a href=\"https:\/\/semmelweis.hu\/minoseg\/files\/2021\/12\/SE-OIH-MU-01-fedlap.pdf\">SE-OIH-MU-01 &#8211; fedlap<\/a><\/li>\n<\/ul>\n<ul>\n<li><a href=\"https:\/\/semmelweis.hu\/minoseg\/files\/2021\/12\/SE-OIH-MU-02.docx\">SE-OIH-MU-02 &#8211; A Semmelweis Egyetem emeltszint\u0171 \u00e9retts\u00e9gire felk\u00e9sz\u00edt\u0151 tanfolyam szervez\u00e9s\u00e9nek folyamata<\/a><br \/>\n<a href=\"https:\/\/semmelweis.hu\/minoseg\/files\/2021\/12\/SE-OIH-MU-02-fedlap.pdf\">SE-OIH-MU-02 &#8211; fedlap<\/a><\/p>\n<p><a href=\"https:\/\/semmelweis.hu\/minoseg\/files\/2018\/06\/SE-OIH-MU-02-M01.doc\">SE-OIH-MU-02-M01 \u2012 Tanfolyam \u00e9rt\u00e9kel\u0151 hallgat\u00f3i lap<\/a><br \/>\n<a href=\"https:\/\/semmelweis.hu\/minoseg\/files\/2018\/06\/SE-OIH-MU-02-M02.doc\" rel=\"noopener\">SE-OIH-MU-02-M02 \u2012 Tanfolyami jelentkez\u00e9si lap<\/a><br \/>\n<a href=\"https:\/\/semmelweis.hu\/minoseg\/files\/2018\/06\/SE-OIH-MU-02-M03.doc\">SE-OIH-MU-02-M03 &#8211; Tanfolyam \u00e9rt\u00e9kel\u0151 oktat\u00f3i lap<\/a><\/li>\n<\/ul>\n<ul>\n<li><a href=\"https:\/\/semmelweis.hu\/minoseg\/files\/2021\/12\/SE-OIH-MU-03.docx\">SE-OIH-MU-03 &#8211; A Semmelweis Egyetem k\u00f6zponti felv\u00e9teli elj\u00e1r\u00e1srendj\u00e9nek \u00fcgymenete<\/a><br \/>\n<a href=\"https:\/\/semmelweis.hu\/minoseg\/files\/2021\/12\/SE-OIH-MU-03-fedlap.pdf\">SE-OIH-MU-03 &#8211; fedlap<\/a><\/li>\n<\/ul>\n<ul>\n<li><a href=\"https:\/\/semmelweis.hu\/minoseg\/files\/2021\/12\/SE-OIH-MU-04.docx\">SE-OIH-MU-04 &#8211; Neptun k\u00f3dok gener\u00e1l\u00e1sa<\/a><br \/>\n<a href=\"https:\/\/semmelweis.hu\/minoseg\/files\/2021\/12\/SE-OIH-MU-04-fedlap.pdf\">SE-OIH-MU-04 &#8211; fedlap<\/a><br \/>\n<a href=\"https:\/\/semmelweis.hu\/minoseg\/files\/2019\/05\/SE-OIH-MU-04-M01.docx\">SE-OIH-MU-02-A01 &#8211; Neptun k\u00f3dok fel\u00e9p\u00edt\u00e9se<\/a><\/li>\n<\/ul>\n<p>&nbsp;<\/p>\n","protected":false},"excerpt":{"rendered":"<p>Min\u0151s\u00e9g\u00fcgyi dokumentumok.<\/p>\n","protected":false},"author":326,"featured_media":0,"parent":1621,"menu_order":10,"comment_status":"closed","ping_status":"closed","template":"","meta":{"_acf_changed":false,"footnotes":""},"categories":[],"tags":[],"class_list":["post-4492","page","type-page","status-publish","hentry"],"acf":[],"_links":{"self":[{"href":"https:\/\/semmelweis.hu\/minoseg\/wp-json\/wp\/v2\/pages\/4492","targetHints":{"allow":["GET"]}}],"collection":[{"href":"https:\/\/semmelweis.hu\/minoseg\/wp-json\/wp\/v2\/pages"}],"about":[{"href":"https:\/\/semmelweis.hu\/minoseg\/wp-json\/wp\/v2\/types\/page"}],"author":[{"embeddable":true,"href":"https:\/\/semmelweis.hu\/minoseg\/wp-json\/wp\/v2\/users\/326"}],"replies":[{"embeddable":true,"href":"https:\/\/semmelweis.hu\/minoseg\/wp-json\/wp\/v2\/comments?post=4492"}],"version-history":[{"count":10,"href":"https:\/\/semmelweis.hu\/minoseg\/wp-json\/wp\/v2\/pages\/4492\/revisions"}],"predecessor-version":[{"id":19889,"href":"https:\/\/semmelweis.hu\/minoseg\/wp-json\/wp\/v2\/pages\/4492\/revisions\/19889"}],"up":[{"embeddable":true,"href":"https:\/\/semmelweis.hu\/minoseg\/wp-json\/wp\/v2\/pages\/1621"}],"wp:attachment":[{"href":"https:\/\/semmelweis.hu\/minoseg\/wp-json\/wp\/v2\/media?parent=4492"}],"wp:term":[{"taxonomy":"category","embeddable":true,"href":"https:\/\/semmelweis.hu\/minoseg\/wp-json\/wp\/v2\/categories?post=4492"},{"taxonomy":"post_tag","embeddable":true,"href":"https:\/\/semmelweis.hu\/minoseg\/wp-json\/wp\/v2\/tags?post=4492"}],"curies":[{"name":"wp","href":"https:\/\/api.w.org\/{rel}","templated":true}]}}