{"id":4402,"date":"2016-06-02T10:51:02","date_gmt":"2016-06-02T08:51:02","guid":{"rendered":"http:\/\/semmelweis.hu\/minoseg\/?page_id=4402"},"modified":"2025-04-01T13:43:46","modified_gmt":"2025-04-01T11:43:46","slug":"digitalis-tartalomfejlesztesi-es-szolgaltato-osztaly","status":"publish","type":"page","link":"https:\/\/semmelweis.hu\/minoseg\/mir-dokumentacio\/kozponti-szervezeti-egysegek\/oktatasfejlesztesi-modszertani-es-szervezesi-kozpont\/digitalis-tartalomfejlesztesi-es-szolgaltato-osztaly\/","title":{"rendered":"Digit\u00e1lis Tartalomfejleszt\u00e9si \u00e9s Szolg\u00e1ltat\u00f3 Oszt\u00e1ly"},"content":{"rendered":"<p><strong>Min\u0151s\u00e9g\u00fcgyi dokumentum &#8211; munkautas\u00edt\u00e1s<\/strong><\/p>\n<ul>\n<li><a href=\"https:\/\/semmelweis.hu\/minoseg\/files\/2016\/06\/SE-EDTI-MU-01.docx\">SE-EDTI-MU-01 &#8211; A Semmelweis Egyetem K\u00f6zponti MOODLE rendszer\u00e9nek m\u0171k\u00f6dtet\u00e9se<\/a><br \/>\n<a href=\"https:\/\/semmelweis.hu\/minoseg\/files\/2016\/06\/SE-EDTI-MU-01.pdf\">SE-EDTI-MU-01 &#8211; fedlap<\/a><\/li>\n<\/ul>\n<ul>\n<li><a href=\"https:\/\/semmelweis.hu\/minoseg\/files\/2016\/06\/SE-EDTI-MU-02.docx\">SE-EDTI-MU-02 &#8211; Jogosults\u00e1gok kezel\u00e9se a Semmelweis Egyetem K\u00f6zponti MOODLE Keretrendszer\u00e9ben<\/a><br \/>\n<a href=\"https:\/\/semmelweis.hu\/minoseg\/files\/2016\/06\/SE-EDTI-MU-02.pdf\">SE-EDTI MU-02 &#8211; fedlap<\/a><\/p>\n<p><a href=\"https:\/\/semmelweis.hu\/minoseg\/files\/2016\/06\/SE-EDTI-MU-02-A01.docx\">SE-EDTI-MU-02-A01 \u2012 Jogosults\u00e1g ig\u00e9nyl\u00e9se a MOODLE keretrendszerben \u2012 adatlap<\/a><\/li>\n<\/ul>\n<ul>\n<li><a href=\"https:\/\/semmelweis.hu\/minoseg\/files\/2016\/06\/SE-EDTI-MU-03.docx\">SE-EDTI-MU-03 &#8211; E-learning tananyagok fejleszt\u00e9se a Semmelweis Egyetem K\u00f6zponti MOODLE Keretrendszer\u00e9ben<\/a><br \/>\n<a href=\"https:\/\/semmelweis.hu\/minoseg\/files\/2016\/06\/SE-EDTI-MU-03.pdf\">SE-EDTI-MU-03 &#8211; fedlap<\/a><\/p>\n<p><a href=\"https:\/\/semmelweis.hu\/minoseg\/files\/2016\/06\/SE-EDTI-MU-03-A01.docx\">SE-EDTI-MU-03-A01 \u2012 Fejleszt\u00e9si ig\u00e9ny bejelent\u00e9se<\/a><br \/>\n<a href=\"https:\/\/semmelweis.hu\/minoseg\/files\/2016\/06\/SE-EDTI-MU-03-A02.docx\">SE-EDTI-MU-03-A02 \u2012 A tananyagk\u00e9sz\u00edt\u00e9s menete<\/a><br \/>\n<a href=\"https:\/\/semmelweis.hu\/minoseg\/files\/2016\/06\/SE-EDTI-MU-03-A03.docx\">SE-EDTI-MU-03-A03 \u2012 E-learning szerkeszt\u0151sablon<\/a><br \/>\n<a href=\"https:\/\/semmelweis.hu\/minoseg\/files\/2016\/06\/SE-EDTI-MU-03-A04.docx\" rel=\"noopener\">SE-EDTI-MU-03-A04 \u2012 A szerkeszt\u00e9si el\u0151\u00edr\u00e1sok<\/a><br \/>\n<a href=\"https:\/\/semmelweis.hu\/minoseg\/files\/2016\/06\/SE-EDTI-MU-03-A05.docx\">SE-EDTI-MU-03-A05 \u2012 C\u00edmsorok a szerkeszt\u0151 fel\u00fcleten<\/a><br \/>\n<a href=\"https:\/\/semmelweis.hu\/minoseg\/files\/2016\/06\/SE-EDTI-MU-03-A06.docx\">SE-EDTI-MU-03-A06 \u2012 Prezent\u00e1ci\u00f3k felt\u00f6lt\u00e9si lehet\u0151s\u00e9gei<\/a><br \/>\n<a href=\"https:\/\/semmelweis.hu\/minoseg\/files\/2016\/06\/SE-EDTI-MU-03-A07.pptx\">SE-EDTI-MU-03-A07 \u2012 Prezent\u00e1ci\u00f3 mint\u00e1ja<\/a><br \/>\n<a href=\"https:\/\/semmelweis.hu\/minoseg\/files\/2016\/06\/SE-EDTI-MU-03-A08.docx\">SE-EDTI-MU-03-A08 \u2012 Tanul\u00e1si \u00fatmutat\u00f3 k\u00e9sz\u00edt\u00e9se<\/a><br \/>\n<a href=\"https:\/\/semmelweis.hu\/minoseg\/files\/2016\/06\/SE-EDTI-MU-03-A09.pdf\">SE-EDTI-MU-03-A09 \u2012 Minta<\/a><br \/>\n<a href=\"https:\/\/semmelweis.hu\/minoseg\/files\/2016\/06\/SE-EDTI-MU-03-A10.docx\">SE-EDTI-MU-03-A10 \u2012 Figyelemfelkelt\u0151 ikonok<\/a><\/li>\n<\/ul>\n<ul>\n<li><a href=\"https:\/\/semmelweis.hu\/minoseg\/files\/2016\/06\/SE-EDTI-MU-04.docx\">SE-EDTI-MU-04 &#8211; Vizsg\u00e1ztat\u00e1s a Semmelweis Egyetem K\u00f6zponti MOODLE Keretrendszer\u00e9ben<\/a><br \/>\n<a href=\"https:\/\/semmelweis.hu\/minoseg\/files\/2016\/06\/SE-EDTI-MU-04.pdf\">SE-EDTI-MU-04 &#8211; fedlap<\/a><\/p>\n<p><a href=\"https:\/\/semmelweis.hu\/minoseg\/files\/2016\/06\/SE-EDTI-MU-04-A01.docx\">SE-EDTI-MU-04-A01 \u2012 K\u00e9rd\u00e9st\u00edpusok az e-learning rendszerben<\/a><br \/>\n<a href=\"https:\/\/semmelweis.hu\/minoseg\/files\/2016\/06\/SE-EDTI-MU-04-A02.docx\">SE-EDTI-MU-04-A02 \u2012 K\u00e9rd\u00e9sszerkeszt\u00e9s formai k\u00f6vetelm\u00e9nyei<\/a><\/li>\n<\/ul>\n<ul>\n<li><a href=\"https:\/\/semmelweis.hu\/minoseg\/files\/2016\/06\/SE-EDTI-MU-05.docx\">SE-EDTI-MU-05 &#8211; SEKA (Semmelweis Egyetem K\u00f6zponti Azonos\u00edt\u00f3 Rendszere) rendszer m\u0171k\u00f6dtet\u00e9se, tov\u00e1bbfejleszt\u00e9se<\/a><br \/>\n<a href=\"https:\/\/semmelweis.hu\/minoseg\/files\/2016\/06\/SE-EDTI-MU-05.pdf\">SE-EDTI-MU-05 &#8211; fedlap<\/a><\/li>\n<\/ul>\n<ul>\n<li><a href=\"https:\/\/semmelweis.hu\/minoseg\/files\/2016\/06\/SE-EDTI-MU-06.docx\">SE-EDTI-MU-06 &#8211; Oktat\u00f3k felk\u00e9sz\u00edt\u00e9se elektronikus tananyagok fejleszt\u00e9s\u00e9re a MOODLE keretrendszerben<\/a><br \/>\n<a href=\"https:\/\/semmelweis.hu\/minoseg\/files\/2016\/06\/SE-EDTI-MU-06.pdf\">SE-EDTI-MU-06- fedlap<\/a><\/li>\n<\/ul>\n<ul>\n<li><a href=\"https:\/\/semmelweis.hu\/minoseg\/files\/2016\/06\/SE-EDTI-MU-07.docx\">SE-EDTI-MU-07 &#8211;\u00a0 Statisztik\u00e1k k\u00e9sz\u00edt\u00e9se a felhaszn\u00e1l\u00f3i ig\u00e9nyek alapj\u00e1n<\/a><br \/>\n<a href=\"https:\/\/semmelweis.hu\/minoseg\/files\/2016\/06\/SE-EDTI-MU-07.pdf\">SE-EDTI-MU-07 &#8211; fedlap<\/a><\/li>\n<\/ul>\n","protected":false},"excerpt":{"rendered":"<p>Min\u0151s\u00e9g\u00fcgyi dokumentumok.<\/p>\n","protected":false},"author":326,"featured_media":0,"parent":10883,"menu_order":1,"comment_status":"closed","ping_status":"closed","template":"","meta":{"_acf_changed":false,"footnotes":""},"categories":[],"tags":[],"class_list":["post-4402","page","type-page","status-publish","hentry"],"acf":[],"_links":{"self":[{"href":"https:\/\/semmelweis.hu\/minoseg\/wp-json\/wp\/v2\/pages\/4402","targetHints":{"allow":["GET"]}}],"collection":[{"href":"https:\/\/semmelweis.hu\/minoseg\/wp-json\/wp\/v2\/pages"}],"about":[{"href":"https:\/\/semmelweis.hu\/minoseg\/wp-json\/wp\/v2\/types\/page"}],"author":[{"embeddable":true,"href":"https:\/\/semmelweis.hu\/minoseg\/wp-json\/wp\/v2\/users\/326"}],"replies":[{"embeddable":true,"href":"https:\/\/semmelweis.hu\/minoseg\/wp-json\/wp\/v2\/comments?post=4402"}],"version-history":[{"count":10,"href":"https:\/\/semmelweis.hu\/minoseg\/wp-json\/wp\/v2\/pages\/4402\/revisions"}],"predecessor-version":[{"id":19887,"href":"https:\/\/semmelweis.hu\/minoseg\/wp-json\/wp\/v2\/pages\/4402\/revisions\/19887"}],"up":[{"embeddable":true,"href":"https:\/\/semmelweis.hu\/minoseg\/wp-json\/wp\/v2\/pages\/10883"}],"wp:attachment":[{"href":"https:\/\/semmelweis.hu\/minoseg\/wp-json\/wp\/v2\/media?parent=4402"}],"wp:term":[{"taxonomy":"category","embeddable":true,"href":"https:\/\/semmelweis.hu\/minoseg\/wp-json\/wp\/v2\/categories?post=4402"},{"taxonomy":"post_tag","embeddable":true,"href":"https:\/\/semmelweis.hu\/minoseg\/wp-json\/wp\/v2\/tags?post=4402"}],"curies":[{"name":"wp","href":"https:\/\/api.w.org\/{rel}","templated":true}]}}