{"id":4371,"date":"2016-06-02T09:01:38","date_gmt":"2016-06-02T07:01:38","guid":{"rendered":"http:\/\/semmelweis.hu\/minoseg\/?page_id=4371"},"modified":"2025-04-01T12:28:12","modified_gmt":"2025-04-01T10:28:12","slug":"ii-sz-szuleszeti-es-nogyogyaszati-klinika","status":"publish","type":"page","link":"https:\/\/semmelweis.hu\/minoseg\/mir-dokumentacio\/aok-klinikak\/szuleszeti-es-nogyogyaszati-klinika\/ii-sz-szuleszeti-es-nogyogyaszati-klinika\/","title":{"rendered":"Sz\u00fcl\u00e9szeti \u00e9s N\u0151gy\u00f3gy\u00e1szati Klinika &#8211; II.sz. r\u00e9szleg"},"content":{"rendered":"<p><strong>Min\u0151s\u00e9g\u00fcgyi dokumentum &#8211; elj\u00e1r\u00e1s<\/strong><\/p>\n<ul>\n<li><a href=\"https:\/\/semmelweis.hu\/minoseg\/files\/2016\/06\/SE-NOI2-ME-01.doc\">SE-NOI2-ME-01 &#8211; Fekv\u0151beteg-ell\u00e1t\u00e1s fel\u00fcgyelete<\/a><\/li>\n<\/ul>\n<ul>\n<li><a href=\"https:\/\/semmelweis.hu\/minoseg\/files\/2016\/06\/SE-NOI2-ME-02.doc\">SE-NOI2-M0-02 &#8211; J\u00e1r\u00f3beteg-ell\u00e1t\u00e1s fel\u00fcgyelete<\/a><\/li>\n<\/ul>\n<ul>\n<li><a href=\"https:\/\/semmelweis.hu\/minoseg\/files\/2016\/06\/SE-NOI2-ME-03.doc\">SE-NOI2-ME-03 &#8211; Oktat\u00e1si tev\u00e9kenys\u00e9ge fel\u00fcgyelete<\/a><\/li>\n<\/ul>\n<ul>\n<li><a href=\"https:\/\/semmelweis.hu\/minoseg\/files\/2016\/06\/SE-NOI2-ME-04.doc\">SE-NOI2-ME-04 &#8211; Kutat\u00e1si tev\u00e9kenys\u00e9g fel\u00fcgyelete<\/a><\/li>\n<\/ul>\n<p><strong>Min\u0151s\u00e9g\u00fcgyi dokumentum &#8211; Egys\u00e9gszint\u0171 M\u0171k\u00f6d\u00e9si Szab\u00e1lyzat<\/strong><\/p>\n<ul>\n<li><a href=\"https:\/\/semmelweis.hu\/minoseg\/files\/2016\/06\/SE-NOI2-AMB-EMSZ.doc\">SE-NOI2-AMB-EMSZ &#8211; J\u00e1r\u00f3beteg Ambulanci\u00e1k Egys\u00e9gszint\u0171 M\u0171k\u00f6d\u00e9si Szab\u00e1lyzata<\/a><\/li>\n<\/ul>\n<ul>\n<li><a href=\"https:\/\/semmelweis.hu\/minoseg\/files\/2016\/06\/SE-NOI2-AND-EMSZ.doc\">SE-NOI2-AND-EMSZ &#8211; Androl\u00f3giai Vizsg\u00e1l\u00f3 Egys\u00e9gszint\u0171 M\u0171k\u00f6d\u00e9si Szab\u00e1lyzat<\/a><\/li>\n<\/ul>\n<ul>\n<li><a href=\"https:\/\/semmelweis.hu\/minoseg\/files\/2016\/06\/SE-NOI2-AP-EMSZ.docx\">SE-NOI2-AP-EMSZ &#8211; \u00c1pol\u00e1svezet\u00e9s Egys\u00e9gszint\u0171 M\u0171k\u00f6d\u00e9si Szab\u00e1lyzat<\/a><\/li>\n<\/ul>\n<ul>\n<li><a href=\"https:\/\/semmelweis.hu\/minoseg\/files\/2016\/06\/SE-NOI2-CTG-EMSZ.doc\">SE-NOI2-CTG-EMSZ &#8211; CTG Laborat\u00f3rium Egys\u00e9gszint\u0171 M\u0171k\u00f6d\u00e9si Szab\u00e1lyzat<\/a><\/li>\n<\/ul>\n<ul>\n<li><a href=\"https:\/\/semmelweis.hu\/minoseg\/files\/2016\/06\/SE-NOI2-MUTO-EMSZ.doc\">SE-NOI2-MUTO-EMSZ &#8211; M\u0171t\u0151 Egys\u00e9gszint\u0171 M\u0171k\u00f6d\u00e9si Szab\u00e1lyzat<\/a><\/li>\n<\/ul>\n<ul>\n<li><a href=\"https:\/\/semmelweis.hu\/minoseg\/files\/2016\/06\/SE-NOI2-GYA-EMSZ.doc\">SE-NOI2-GYA-EMSZ &#8211; Gyermek\u00e1gyas Oszt\u00e1ly Egys\u00e9gszint\u0171 M\u0171k\u00f6d\u00e9si Szab\u00e1lyzat<\/a><\/li>\n<\/ul>\n<ul>\n<li><a href=\"https:\/\/semmelweis.hu\/minoseg\/files\/2016\/06\/SE-NOI2-NEO-EMSZ.doc\">SE-NOI2-NEO-EMSZ &#8211; N\u0151gy\u00f3gy\u00e1szati \u00e9s Egynapos Oszt\u00e1ly Egys\u00e9gszint\u0171 M\u0171k\u00f6d\u00e9si Szab\u00e1lyzat<\/a><\/li>\n<\/ul>\n<ul>\n<li><a href=\"https:\/\/semmelweis.hu\/minoseg\/files\/2016\/06\/SE-NOI2-PIC-EMSZ.doc\">SE-NOI2-PIC-EMSZ &#8211; Perinat\u00e1lis Intenz\u00edv Centrum Egys\u00e9gszint\u0171 M\u0171k\u00f6d\u00e9si Szab\u00e1lyzat<\/a><br \/>\n<a href=\"https:\/\/semmelweis.hu\/minoseg\/files\/2016\/06\/SE-NOI2-PIC-EMSZ-M01.doc\">SE-NOI2-PIC-M01 &#8211; Munkarendek, \u00fcgyeletek<\/a><br \/>\n<a href=\"https:\/\/semmelweis.hu\/minoseg\/files\/2016\/06\/SE-NOI2-PIC-EMSZ-M02.doc\">SE-NOI2-PIC-M02 &#8211; Nagy kock\u00e1zat\u00fa beavatkoz\u00e1sok protokollja<\/a><br \/>\n<a href=\"https:\/\/semmelweis.hu\/minoseg\/files\/2016\/06\/SE-NOI2-PIC-EMSZ-M03.doc\">SE-NOI2-PIC-M03 &#8211; Munkautas\u00edt\u00e1sok list\u00e1ja<\/a><\/li>\n<\/ul>\n<ul>\n<li><a href=\"https:\/\/semmelweis.hu\/minoseg\/files\/2016\/06\/SE-NOI2-POO-EMSZ.doc\">SE-NOI2-POO-EMSZ &#8211; Posztoperat\u00edv \u0150rz\u0151 Oszt\u00e1ly Egys\u00e9gszint\u0171 M\u0171k\u00f6d\u00e9si Szab\u00e1lyzat<\/a><\/li>\n<\/ul>\n<ul>\n<li><a href=\"https:\/\/semmelweis.hu\/minoseg\/files\/2016\/06\/SE-NOI2-SZSZ-EMSZ.doc\">SE-NOI2-SZSZ-EMSZ &#8211; Sz\u00fcl\u0151szoba Egys\u00e9gszint\u0171 M\u0171k\u00f6d\u00e9si Szab\u00e1lyzat<\/a><\/li>\n<\/ul>\n<ul>\n<li><a href=\"https:\/\/semmelweis.hu\/minoseg\/files\/2016\/06\/SE-NOI2-TIT-EMSZ.docx\">SE-NOI2-TIT-EMSZ &#8211; Titk\u00e1rs\u00e1g Egys\u00e9gszint\u0171 M\u0171k\u00f6d\u00e9si Szab\u00e1lyzat<\/a><\/li>\n<\/ul>\n<ul>\n<li><a href=\"https:\/\/semmelweis.hu\/minoseg\/files\/2016\/06\/SE-NOI2-TPO-EMSZ.docx\">SE-NOI2-TPO-EMSZ &#8211; Terhes Patol\u00f3giai Oszt\u00e1ly Egys\u00e9gszint\u0171 M\u0171k\u00f6d\u00e9si Szab\u00e1lyzat<\/a><\/li>\n<\/ul>\n<ul>\n<li><a href=\"https:\/\/semmelweis.hu\/minoseg\/files\/2016\/06\/SE-NOI2-UH-EMSZ.doc\">SE-NOI2-UH-EMSZ &#8211; Ultrahang Diagnosztikai Laborat\u00f3rium Egys\u00e9gszint\u0171 M\u0171k\u00f6d\u00e9si Szab\u00e1lyzat<\/a><\/li>\n<\/ul>\n<ul>\n<li><a href=\"https:\/\/semmelweis.hu\/minoseg\/files\/2016\/06\/SE-NOI2-UJO-EMSZ.doc\">SE-NOI2-UJO-EMSZ &#8211; \u00dajsz\u00fcl\u00f6tt Oszt\u00e1ly Egys\u00e9gszint\u0171 M\u0171k\u00f6d\u00e9si Szab\u00e1lyzat<\/a><\/li>\n<\/ul>\n<ul>\n<li><a href=\"https:\/\/semmelweis.hu\/minoseg\/files\/2016\/06\/SE-NOI2-UROD-EMSZ.doc\">SE-NOI2-UROD-EMSZ &#8211; Urodinamikai Szakrendel\u00e9s Egys\u00e9gszint\u0171 M\u0171k\u00f6d\u00e9si Szab\u00e1lyzat<\/a><\/li>\n<\/ul>\n","protected":false},"excerpt":{"rendered":"<p>Min\u0151s\u00e9g\u00fcgyi dokumentumok.<\/p>\n","protected":false},"author":326,"featured_media":0,"parent":8835,"menu_order":2,"comment_status":"closed","ping_status":"closed","template":"","meta":{"_acf_changed":false,"footnotes":""},"categories":[],"tags":[],"class_list":["post-4371","page","type-page","status-publish","hentry"],"acf":[],"_links":{"self":[{"href":"https:\/\/semmelweis.hu\/minoseg\/wp-json\/wp\/v2\/pages\/4371","targetHints":{"allow":["GET"]}}],"collection":[{"href":"https:\/\/semmelweis.hu\/minoseg\/wp-json\/wp\/v2\/pages"}],"about":[{"href":"https:\/\/semmelweis.hu\/minoseg\/wp-json\/wp\/v2\/types\/page"}],"author":[{"embeddable":true,"href":"https:\/\/semmelweis.hu\/minoseg\/wp-json\/wp\/v2\/users\/326"}],"replies":[{"embeddable":true,"href":"https:\/\/semmelweis.hu\/minoseg\/wp-json\/wp\/v2\/comments?post=4371"}],"version-history":[{"count":10,"href":"https:\/\/semmelweis.hu\/minoseg\/wp-json\/wp\/v2\/pages\/4371\/revisions"}],"predecessor-version":[{"id":17468,"href":"https:\/\/semmelweis.hu\/minoseg\/wp-json\/wp\/v2\/pages\/4371\/revisions\/17468"}],"up":[{"embeddable":true,"href":"https:\/\/semmelweis.hu\/minoseg\/wp-json\/wp\/v2\/pages\/8835"}],"wp:attachment":[{"href":"https:\/\/semmelweis.hu\/minoseg\/wp-json\/wp\/v2\/media?parent=4371"}],"wp:term":[{"taxonomy":"category","embeddable":true,"href":"https:\/\/semmelweis.hu\/minoseg\/wp-json\/wp\/v2\/categories?post=4371"},{"taxonomy":"post_tag","embeddable":true,"href":"https:\/\/semmelweis.hu\/minoseg\/wp-json\/wp\/v2\/tags?post=4371"}],"curies":[{"name":"wp","href":"https:\/\/api.w.org\/{rel}","templated":true}]}}