{"id":4062,"date":"2016-03-29T11:43:57","date_gmt":"2016-03-29T09:43:57","guid":{"rendered":"http:\/\/semmelweis.hu\/minoseg\/?page_id=4062"},"modified":"2025-11-06T15:14:55","modified_gmt":"2025-11-06T14:14:55","slug":"apolasvezetesi-es-szakdolgozoi-oktatasi-igazgatosag","status":"publish","type":"page","link":"https:\/\/semmelweis.hu\/minoseg\/mir-dokumentacio\/aok-klinikak\/orvosszakmai-foigazgatosag\/apolasvezetesi-es-szakdolgozoi-oktatasi-igazgatosag\/","title":{"rendered":"\u00c1pol\u00e1svezet\u00e9si \u00e9s Szakdolgoz\u00f3i Oktat\u00e1si Igazgat\u00f3s\u00e1g"},"content":{"rendered":"<h4><strong>Munkautas\u00edt\u00e1sok<\/strong><\/h4>\n<ul>\n<li><a href=\"https:\/\/semmelweis.hu\/minoseg\/files\/2019\/03\/SE-KK-APOI-MU-08.docx\">SE-KK-APOI-MU-08 &#8211; A transzf\u00fazi\u00f3val kapcsolatos \u00e1pol\u00f3i teend\u0151k (aj\u00e1nl\u00e1s)<\/a><br \/>\n<a href=\"https:\/\/semmelweis.hu\/minoseg\/files\/2019\/03\/SE-KK-APOI-MU-08-fedlap.pdf\">SE-KK-APOI-MU-08 &#8211; fedlap<\/a><br \/>\n<a href=\"https:\/\/semmelweis.hu\/minoseg\/files\/2019\/03\/SE-KK-APOI-MU-08-M01.docx\">SE-KK-APOI-MU-08-M01 &#8211; V\u00e9nabiztos\u00edt\u00e1shoz sz\u00fcks\u00e9ges eszk\u00f6z\u00f6k (aj\u00e1nl\u00e1s)<\/a><br \/>\n<a href=\"https:\/\/semmelweis.hu\/minoseg\/files\/2019\/03\/SE-KK-APOI-MU-08-M02.docx\">SE-KK-APOI-MU-08-M02 &#8211; V\u00e9rv\u00e9telhez sz\u00fcks\u00e9ges eszk\u00f6z\u00f6k (aj\u00e1nl\u00e1s)<\/a><br \/>\n<a href=\"https:\/\/semmelweis.hu\/minoseg\/files\/2019\/03\/SE-KK-APOI-MU-08-M03.docx\">SE-KK-APOI-MU-08-M03 &#8211; Vizeletminta v\u00e9telhez sz\u00fcks\u00e9ges eszk\u00f6z\u00f6k (aj\u00e1nl\u00e1s)<\/a> <br \/>\n<a href=\"https:\/\/semmelweis.hu\/minoseg\/files\/2019\/03\/SE-KK-APOI-MU-08-A01.docx\">SE-KK-APOI-MU-08-A01 &#8211; \u00c9szlel\u0151lap Transzf\u00fazi\u00f3hoz<\/a><\/li>\n<\/ul>\n<ul>\n<li><a href=\"https:\/\/semmelweis.hu\/minoseg\/files\/2020\/02\/SE-KK-APOI-MU-09.docx\">SE-KK-APOI-MU-09 &#8211; A halottell\u00e1t\u00e1ssal kapcsolatos \u00e1pol\u00f3i teend\u0151k &#8211; Aj\u00e1nl\u00e1s<\/a><br \/>\n<a href=\"https:\/\/semmelweis.hu\/minoseg\/files\/2020\/02\/SE-KK-APOI-MU-09-fedlap.pdf\">SE-KK-APOI-MU-09 &#8211; fedlap<\/a><br \/>\n<a href=\"https:\/\/semmelweis.hu\/minoseg\/files\/2020\/02\/SE-KK-APOI-MU-09-A01.docx\">SE-KK-APOI-MU-09-A01 &#8211; Halotti lelt\u00e1r<\/a><\/li>\n<\/ul>\n<ul>\n<li><a href=\"https:\/\/semmelweis.hu\/minoseg\/files\/2019\/11\/SE-KK-APOI-MU-10.docx\">SE-APOI-MU-10 &#8211; Az or\u00e1lis gy\u00f3gyszeradagol\u00e1ssal kapcsolatos \u00e1pol\u00f3i feladatok &#8211; Aj\u00e1nl\u00e1s<\/a><br \/>\n<a href=\"https:\/\/semmelweis.hu\/minoseg\/files\/2019\/11\/SE-KK-APOI-MU-10-fedlap.pdf\">SE-APOI-MU-10 &#8211; fedlap<\/a><\/li>\n<\/ul>\n<ul>\n<li><a href=\"https:\/\/semmelweis.hu\/minoseg\/files\/2020\/02\/SE-KK-APOI-MU-12.docx\">SE-KK-APOI-MU-12 &#8211; M\u0171szak\u00e1tad\u00e1ssal kapcsolatos \u00e1pol\u00f3i feladatok &#8211; Aj\u00e1nl\u00e1s<\/a> <br \/>\n<a href=\"https:\/\/semmelweis.hu\/minoseg\/files\/2020\/02\/SE-KK-APOI-MU-12-fedlap.pdf\">SE-KK-APOI-MU-12 &#8211; fedlap<\/a><\/li>\n<\/ul>\n<ul>\n<li><a href=\"https:\/\/semmelweis.hu\/minoseg\/files\/2020\/02\/SE-KK-APOI-MU-14.docx\">SE-KK-APOI-MU-14 &#8211; Haldokl\u00f3 beteg ell\u00e1t\u00e1s\u00e1val kapcsolatos \u00e1pol\u00f3i feladatok &#8211; Aj\u00e1nl\u00e1s<\/a> <br \/>\n<a href=\"https:\/\/semmelweis.hu\/minoseg\/files\/2020\/02\/SE-KK-APOI-MU-14-fedlap.pdf\">SE-KK-APOI-MU-14 &#8211; fedlap<\/a><\/li>\n<\/ul>\n<ul>\n<li><a href=\"https:\/\/semmelweis.hu\/minoseg\/files\/2020\/01\/SE-KK-APOI-MU-15.docx\">SE-KK-APOI-MU-15 &#8211; Inf\u00fazi\u00f3s ter\u00e1pi\u00e1val kapcsolatos \u00e1pol\u00f3i teend\u0151k (aj\u00e1nl\u00e1s)<\/a><br \/>\n<a href=\"https:\/\/semmelweis.hu\/minoseg\/files\/2020\/01\/SE-KK-APOI-MU-15-fedlap.pdf\">SE-KK-APOI-MU-15 &#8211; fedlap<\/a><\/li>\n<\/ul>\n<ul>\n<li><a href=\"https:\/\/semmelweis.hu\/minoseg\/files\/2019\/11\/SE-KK-APOI-MU-16.docx\">SE-APOI-MU-16 &#8211; Intra cutan, injekci\u00f3z\u00e1ssal kapcsolatos \u00e1pol\u00f3i teend\u0151k<\/a> <br \/>\n<a href=\"https:\/\/semmelweis.hu\/minoseg\/files\/2019\/11\/SE-KK-APOI-MU-16-fedlap.pdf\">SE-APOI-MU-16 &#8211; fedlap<\/a><\/li>\n<\/ul>\n<ul>\n<li><a href=\"https:\/\/semmelweis.hu\/minoseg\/files\/2019\/11\/SE-KK-APOI-MU-17.docx\">SE-APOI-MU-17 &#8211; Intra muscularis, injekci\u00f3z\u00e1ssal kapcsolatos \u00e1pol\u00f3i teend\u0151k<\/a><br \/>\n<a href=\"https:\/\/semmelweis.hu\/minoseg\/files\/2019\/11\/SE-KK-APOI-MU-17-fedlap.pdf\">SE-APOI-MU-17 &#8211; fedlap<\/a><\/li>\n<\/ul>\n<ul>\n<li><a href=\"https:\/\/semmelweis.hu\/minoseg\/files\/2018\/11\/SE-KK-APOI-MU-18.docx\">SE-KK-APOI-MU-18 &#8211; Kardiovaszkul\u00e1ris prevenci\u00f3 \u00e9s kezel\u00e9s dietetik\u00e1ja<\/a><br \/>\n<a href=\"https:\/\/semmelweis.hu\/minoseg\/files\/2018\/11\/SE-KK-APOI-MU-18.pdf\" target=\"_blank\" rel=\"noopener noreferrer\">SE-KK-APOI-MU-18-fedlap<\/a><\/li>\n<\/ul>\n<ul>\n<li><a href=\"https:\/\/semmelweis.hu\/minoseg\/files\/2019\/11\/SE-KK-APOI-MU-19.docx\">SE-APOI-MU-19 &#8211; Sub cutan injekci\u00f3z\u00e1ssal kapcsolatos \u00e1pol\u00f3i teend\u0151k<\/a><br \/>\n<a href=\"https:\/\/semmelweis.hu\/minoseg\/files\/2019\/11\/SE-KK-APOI-MU-19-fedlap.pdf\">SE-APOI-MU-19 &#8211; fedlap<\/a><\/li>\n<\/ul>\n<ul>\n<li><a href=\"https:\/\/semmelweis.hu\/minoseg\/files\/2020\/02\/SE-KK-APOI-MU-20.docx\">SE-KK-APOI-MU-20 &#8211; Az intrav\u00e9n\u00e1s injekci\u00f3z\u00e1ssal kapcsolatos \u00e1pol\u00f3i teend\u0151k &#8211; Aj\u00e1nl\u00e1s<\/a><br \/>\n<a href=\"https:\/\/semmelweis.hu\/minoseg\/files\/2020\/02\/SE-KK-APOI-MU-20-fedlap.pdf\">SE-KK-APOI-MU-20 &#8211; fedlap<\/a><\/li>\n<\/ul>\n<ul>\n<li><a href=\"https:\/\/semmelweis.hu\/minoseg\/files\/2018\/11\/SE-APOI-MU-25.doc\">SE-APOI-MU-25 &#8211; Epeh\u00f3lyag \u00e9s az epeutak megbeteged\u00e9si a dietetikai ell\u00e1t\u00e1sban<\/a><br \/>\n<a href=\"https:\/\/semmelweis.hu\/minoseg\/files\/2018\/11\/SE-APOI-MU-25-fedlap.pdf\" target=\"_blank\" rel=\"noopener noreferrer\">SE-APOI-MU-25 &#8211; fedlap<\/a><\/li>\n<\/ul>\n<ul>\n<li><a href=\"https:\/\/semmelweis.hu\/minoseg\/files\/2020\/01\/SE-KK-APOI-MU-26.docx\">SE-KK-APOI-MU-26 &#8211; Perif\u00e9ri\u00e1s v\u00e9nabiztos\u00edt\u00e1s \u00e9s a v\u00e9n\u00e1s kan\u00fcl \u00e1pol\u00e1sa (aj\u00e1nl\u00e1s)<\/a><br \/>\n<a href=\"https:\/\/semmelweis.hu\/minoseg\/files\/2020\/01\/SE-KK-APOI-MU-26-fedlap.pdf\">SE-KK-APOI-MU-26 &#8211; fedlap<\/a><\/li>\n<\/ul>\n<ul>\n<li><a href=\"https:\/\/semmelweis.hu\/minoseg\/files\/2018\/11\/SE-KK-APOI-MU-30.doc\">SE-KK-APOI-MU-30 &#8211; Az Osteoporosis dietoter\u00e1pi\u00e1ja feln\u0151ttkorban<\/a><br \/>\n<a href=\"https:\/\/semmelweis.hu\/minoseg\/files\/2018\/11\/SE-KK-APOI-MU-30-fedlap.pdf\" target=\"_blank\" rel=\"noopener noreferrer\">SE-KK-APOI-MU-30 &#8211; fedlap<\/a><\/li>\n<\/ul>\n<ul>\n<li><a href=\"https:\/\/semmelweis.hu\/minoseg\/files\/2020\/02\/SE-KK-APOI-MU-31.docx\">SE-KK-APOI-MU-31- \u00c9vfolyamfelel\u0151s\u00f6k feladatk\u00f6re az iskolarendszeren k\u00edv\u00fcli feln\u0151ttk\u00e9pz\u00e9sek szervez\u00e9s\u00e9ben<\/a><br \/>\n<a href=\"https:\/\/semmelweis.hu\/minoseg\/files\/2020\/02\/SE-KK-APOI-MU-31-fedlap.pdf\">SE-KK-APOI-MU-31 &#8211; fedlap<\/a><\/li>\n<\/ul>\n<ul>\n<li><a href=\"https:\/\/semmelweis.hu\/minoseg\/files\/2018\/11\/SE-KK-APOI-MU-33.doc\">SE-KK-APOI-MU-33 &#8211; A COPD dietoter\u00e1pi\u00e1ja<\/a><br \/>\n<a href=\"https:\/\/semmelweis.hu\/minoseg\/files\/2018\/11\/SE-KK-APOI-MU-33-fedlap.pdf\" target=\"_blank\" rel=\"noopener noreferrer\">SE-KK-APOI-MU-33 &#8211; fedlap<\/a><\/li>\n<\/ul>\n<ul>\n<li><a href=\"https:\/\/semmelweis.hu\/minoseg\/files\/2024\/05\/SE-KK-APOI-MU-36.docx\">SE-KK-APOI-MU-36 &#8211; K\u00f6telez\u0151 szakmacsoportos tov\u00e1bbk\u00e9pz\u00e9sek szervez\u00e9se<\/a><br \/>\n<a href=\"https:\/\/semmelweis.hu\/minoseg\/files\/2024\/05\/SE-KK-APOI-MU-36-fedlap.pdf\">SE-KK-APOI-MU-36 &#8211; fedlap<\/a><\/li>\n<\/ul>\n<ul>\n<li><a href=\"https:\/\/semmelweis.hu\/minoseg\/files\/2019\/01\/SE-KK-APOI-MU-40.docx\">SE-KK-APOI-MU-40 &#8211; Az \u00c1pol\u00e1si Bizotts\u00e1g m\u0171k\u00f6d\u00e9se \u00e9s a F\u0151n\u0151v\u00e9ri \u00e9rtekezletek rendje<\/a><br \/>\n<a href=\"https:\/\/semmelweis.hu\/minoseg\/files\/2019\/01\/SE-KK-APOI-MU-40-A01.docx\">SE-KK-APOI-MU-40-A01 &#8211; F\u0151n\u0151v\u00e9ri \u00e9rtekezlet &#8211; Jelenl\u00e9ti \u00edv\u00a0<\/a><br \/>\n<a href=\"https:\/\/semmelweis.hu\/minoseg\/files\/2019\/01\/SE-KK-APOI-MU-40-Fedlap.pdf\" target=\"_blank\" rel=\"noopener noreferrer\">SE-KK-APOI-MU-40 &#8211; fedlap<\/a><\/li>\n<\/ul>\n<ul>\n<li><a href=\"https:\/\/semmelweis.hu\/minoseg\/files\/2019\/05\/SE-KK-APOI-MU-43.docx\">SE-KK-APOI-MU-43 &#8211; A szakmai inform\u00e1ci\u00f3k (\u00e1pol\u00e1s, oktat\u00e1s) tov\u00e1bb\u00edt\u00e1s\u00e1nak rendje<\/a><br \/>\n<a href=\"https:\/\/semmelweis.hu\/minoseg\/files\/2019\/05\/SE-KK-APOI-MU-43-fedlap.pdf\">SE-KK-APOI-MU-43 &#8211; fedlap<\/a><br \/>\n<a href=\"https:\/\/semmelweis.hu\/minoseg\/files\/2019\/05\/SE-KK-APOI-MU-43-A01.docx\">SE-KK-APOI-MU-43-A01 &#8211; Nyilatkozat AJ\u00c1NL\u00c1S t\u00edpus\u00fa dokumentum elfogad\u00e1s\u00e1r\u00f3l klinikai\/int\u00e9zeti alkalmaz\u00e1s c\u00e9lj\u00e1b\u00f3l<\/a><br \/>\n<a href=\"https:\/\/semmelweis.hu\/minoseg\/files\/2019\/05\/SE-KK-APOI-MU-43-M01.docx\">SE-KK-APOI-MU-43-M01- \u00d6sszefoglal\u00f3 t\u00e1bla a szakmai inform\u00e1ci\u00f3k tov\u00e1bb\u00edt\u00e1s\u00e1nak rendj\u00e9r\u0151l<\/a><\/li>\n<\/ul>\n<ul>\n<li><a href=\"https:\/\/semmelweis.hu\/minoseg\/files\/2020\/03\/SE-KK-APOI-MU-45.docx\">SE-KK-APOI-MU-45 &#8211; A panaszkezel\u00e9s menete az \u00c1pol\u00e1svezet\u00e9si \u00e9s Szakdolgoz\u00f3i Oktat\u00e1si Igazgat\u00f3s\u00e1gon<\/a><br \/>\n<a href=\"https:\/\/semmelweis.hu\/minoseg\/files\/2020\/03\/SE-KK-APOI-MU-45-fedlap.pdf\">SE-KK-APOI-MU-45 &#8211; fedlap<\/a><br \/>\n<a href=\"https:\/\/semmelweis.hu\/minoseg\/files\/2020\/03\/SE-KK-APOI-MU-45-M01.docx\">SE-KK-APOI-MU-45-M01- Panasznyilv\u00e1ntart\u00f3 t\u00e1bl\u00e1zat\u00a0<\/a><\/li>\n<\/ul>\n<ul>\n<li><a href=\"https:\/\/semmelweis.hu\/minoseg\/files\/2020\/04\/SE-KK-APOI-MU-46.docx\">SE-KK-APOI-MU-46 &#8211; Covid-19 fert\u0151z\u00f6tt \u00e9s fert\u0151z\u00e9s gyan\u00fas halott ell\u00e1t\u00e1sa<\/a><br \/>\n<a href=\"https:\/\/semmelweis.hu\/minoseg\/files\/2020\/04\/SE-KK-APOI-MU-46-fedlap.pdf\">SE-KK-APOI-MU-46 &#8211; fedlap<\/a><\/li>\n<\/ul>\n","protected":false},"excerpt":{"rendered":"<p>Munkautas\u00edt\u00e1sok.<\/p>\n","protected":false},"author":326,"featured_media":0,"parent":6338,"menu_order":1,"comment_status":"closed","ping_status":"closed","template":"","meta":{"_acf_changed":false,"footnotes":""},"categories":[],"tags":[],"class_list":["post-4062","page","type-page","status-publish","hentry"],"acf":[],"_links":{"self":[{"href":"https:\/\/semmelweis.hu\/minoseg\/wp-json\/wp\/v2\/pages\/4062","targetHints":{"allow":["GET"]}}],"collection":[{"href":"https:\/\/semmelweis.hu\/minoseg\/wp-json\/wp\/v2\/pages"}],"about":[{"href":"https:\/\/semmelweis.hu\/minoseg\/wp-json\/wp\/v2\/types\/page"}],"author":[{"embeddable":true,"href":"https:\/\/semmelweis.hu\/minoseg\/wp-json\/wp\/v2\/users\/326"}],"replies":[{"embeddable":true,"href":"https:\/\/semmelweis.hu\/minoseg\/wp-json\/wp\/v2\/comments?post=4062"}],"version-history":[{"count":10,"href":"https:\/\/semmelweis.hu\/minoseg\/wp-json\/wp\/v2\/pages\/4062\/revisions"}],"predecessor-version":[{"id":20478,"href":"https:\/\/semmelweis.hu\/minoseg\/wp-json\/wp\/v2\/pages\/4062\/revisions\/20478"}],"up":[{"embeddable":true,"href":"https:\/\/semmelweis.hu\/minoseg\/wp-json\/wp\/v2\/pages\/6338"}],"wp:attachment":[{"href":"https:\/\/semmelweis.hu\/minoseg\/wp-json\/wp\/v2\/media?parent=4062"}],"wp:term":[{"taxonomy":"category","embeddable":true,"href":"https:\/\/semmelweis.hu\/minoseg\/wp-json\/wp\/v2\/categories?post=4062"},{"taxonomy":"post_tag","embeddable":true,"href":"https:\/\/semmelweis.hu\/minoseg\/wp-json\/wp\/v2\/tags?post=4062"}],"curies":[{"name":"wp","href":"https:\/\/api.w.org\/{rel}","templated":true}]}}