{"id":3183,"date":"2015-06-24T11:18:07","date_gmt":"2015-06-24T09:18:07","guid":{"rendered":"http:\/\/semmelweis.hu\/minoseg\/?page_id=3183"},"modified":"2025-03-26T11:43:44","modified_gmt":"2025-03-26T10:43:44","slug":"elmeleti-orvostudomanyi-kozpont","status":"publish","type":"page","link":"https:\/\/semmelweis.hu\/minoseg\/mir-dokumentacio\/kozponti-szervezeti-egysegek\/oktatasi-halozat-iranyitasi-igazgatosag\/aok-gazdasagi-igazgatosag\/elmeleti-orvostudomanyi-kozpont\/","title":{"rendered":"Elm\u00e9leti Orvostudom\u00e1nyi K\u00f6zpont"},"content":{"rendered":"<p><strong>Min\u0151s\u00e9g\u00fcgyi dokumentum &#8211; munkautas\u00edt\u00e1s<\/strong><\/p>\n<ul>\n<li><a href=\"https:\/\/semmelweis.hu\/minoseg\/files\/2019\/01\/SE-GFI-EOK-MU-05-2017-07-01.docx\">SE-GFI-EOK-MU-05 &#8211; Oktat\u00e1s-logisztikai szolg\u00e1ltat\u00e1s folyamata<\/a><br \/>\n<a href=\"https:\/\/semmelweis.hu\/minoseg\/files\/2015\/06\/SE-GFI-EOK-MU-05-fedlap-2017-07-01.pdf\">SE-GFI-EOK-MU-05 &#8211; fedlap<\/a><\/li>\n<\/ul>\n<ul>\n<li><a href=\"https:\/\/semmelweis.hu\/minoseg\/files\/2015\/06\/SE-GFI-EOK-MU-07-2017-07-01.docx\">SE-GFI-EOK-MU-07 &#8211; Takar\u00edt\u00e1si rend-Ferenc T\u00e9r<\/a><br \/>\n<a href=\"https:\/\/semmelweis.hu\/minoseg\/files\/2015\/06\/SE-GFI-EOK-MU-07-fedlap-2017-07-01.pdf\">SE-GFI-EOK-MU-07 -fedlap<\/a><br \/>\n<a href=\"https:\/\/semmelweis.hu\/minoseg\/files\/2015\/06\/SE-GSI-EOK-MU-07-M01.xlsx\">SE-GFI-EOK-MU-07-M01 &#8211; Takar\u00edt\u00e1si gyakoris\u00e1g<\/a><br \/>\n<a href=\"https:\/\/semmelweis.hu\/minoseg\/files\/2015\/06\/SE-GFI-EOK-MU-07-M02.xlsx\">SE-GFI-EOK-MU-07-M02 &#8211; Takar\u00edt\u00e1si m\u00e1trix<\/a><br \/>\n<a href=\"https:\/\/semmelweis.hu\/minoseg\/files\/2015\/06\/SE-GFI-EOK-MU-07-A01.xlsx\" rel=\"noopener\">SE-GFI-EOK-MU-07-A01\u00a0 &#8211;\u00a0 Ellen\u0151rz\u0151 lap minta<\/a><\/li>\n<\/ul>\n","protected":false},"excerpt":{"rendered":"<p>Min\u0151s\u00e9g\u00fcgyi dokumentumok.<\/p>\n","protected":false},"author":326,"featured_media":0,"parent":7936,"menu_order":1,"comment_status":"closed","ping_status":"closed","template":"","meta":{"_acf_changed":false,"footnotes":""},"categories":[],"tags":[],"class_list":["post-3183","page","type-page","status-publish","hentry"],"acf":[],"_links":{"self":[{"href":"https:\/\/semmelweis.hu\/minoseg\/wp-json\/wp\/v2\/pages\/3183","targetHints":{"allow":["GET"]}}],"collection":[{"href":"https:\/\/semmelweis.hu\/minoseg\/wp-json\/wp\/v2\/pages"}],"about":[{"href":"https:\/\/semmelweis.hu\/minoseg\/wp-json\/wp\/v2\/types\/page"}],"author":[{"embeddable":true,"href":"https:\/\/semmelweis.hu\/minoseg\/wp-json\/wp\/v2\/users\/326"}],"replies":[{"embeddable":true,"href":"https:\/\/semmelweis.hu\/minoseg\/wp-json\/wp\/v2\/comments?post=3183"}],"version-history":[{"count":11,"href":"https:\/\/semmelweis.hu\/minoseg\/wp-json\/wp\/v2\/pages\/3183\/revisions"}],"predecessor-version":[{"id":19688,"href":"https:\/\/semmelweis.hu\/minoseg\/wp-json\/wp\/v2\/pages\/3183\/revisions\/19688"}],"up":[{"embeddable":true,"href":"https:\/\/semmelweis.hu\/minoseg\/wp-json\/wp\/v2\/pages\/7936"}],"wp:attachment":[{"href":"https:\/\/semmelweis.hu\/minoseg\/wp-json\/wp\/v2\/media?parent=3183"}],"wp:term":[{"taxonomy":"category","embeddable":true,"href":"https:\/\/semmelweis.hu\/minoseg\/wp-json\/wp\/v2\/categories?post=3183"},{"taxonomy":"post_tag","embeddable":true,"href":"https:\/\/semmelweis.hu\/minoseg\/wp-json\/wp\/v2\/tags?post=3183"}],"curies":[{"name":"wp","href":"https:\/\/api.w.org\/{rel}","templated":true}]}}