{"id":3135,"date":"2015-06-16T10:48:34","date_gmt":"2015-06-16T08:48:34","guid":{"rendered":"http:\/\/semmelweis.hu\/minoseg\/?page_id=3135"},"modified":"2025-04-01T12:21:36","modified_gmt":"2025-04-01T10:21:36","slug":"transzplantacios-es-sebeszeti-klinika","status":"publish","type":"page","link":"https:\/\/semmelweis.hu\/minoseg\/mir-dokumentacio\/aok-klinikak\/sebeszeti-transzplantacios-es-gasztroenterologiai-klinika\/transzplantacios-es-sebeszeti-klinika\/","title":{"rendered":"Transzplant\u00e1ci\u00f3s \u00e9s Seb\u00e9szeti Klinika"},"content":{"rendered":"<p><strong>Min\u0151s\u00e9g\u00fcgyi dokumentum &#8211; elj\u00e1r\u00e1s<\/strong><\/p>\n<ul>\n<li><a href=\"https:\/\/semmelweis.hu\/minoseg\/files\/2015\/06\/SE-TRANS-ME-01.docx\">SE-TRANS-ME-01 &#8211; Fekv\u0151beteg-ell\u00e1t\u00e1s fel\u00fcgyelete<\/a><\/li>\n<\/ul>\n<ul>\n<li><a href=\"https:\/\/semmelweis.hu\/minoseg\/files\/2015\/06\/SE-TRANS-ME-02.docx\">SE-TRANS-ME-02\u00a0 &#8211; J\u00e1r\u00f3beteg-ell\u00e1t\u00e1s fel\u00fcgyelete<\/a><\/li>\n<\/ul>\n<ul>\n<li><a href=\"https:\/\/semmelweis.hu\/minoseg\/files\/2015\/06\/SE-TRANS-ME-03.docx\">SE-TRANS-ME-03 &#8211; Az oktat\u00e1si tev\u00e9kenys\u00e9g fel\u00fcgyelete<\/a><\/li>\n<\/ul>\n<ul>\n<li><a href=\"https:\/\/semmelweis.hu\/minoseg\/files\/2015\/06\/SE-TRANS-ME-04.docx\" target=\"_blank\" rel=\"noopener noreferrer\">SE-TRANS-ME-04 &#8211; Kutat\u00e1si tev\u00e9kenys\u00e9g fel\u00fcgyelete<\/a><\/li>\n<\/ul>\n<p><strong>Min\u0151s\u00e9g\u00fcgyi dokumentum &#8211; Egys\u00e9gszint\u0171 M\u0171k\u00f6d\u00e9si Szab\u00e1lyzat<\/strong><\/p>\n<ul>\n<li><a href=\"https:\/\/semmelweis.hu\/minoseg\/files\/2015\/06\/SE-TRANS-ANA-EMSZ.docx\">SE-TRANS-ANA-EMSZ &#8211; Aneszteziol\u00f3giai Szakambulancia Egys\u00e9gszint\u0171 M\u0171k\u00f6d\u00e9si Szab\u00e1lyzat<\/a><\/li>\n<\/ul>\n<ul>\n<li><a href=\"https:\/\/semmelweis.hu\/minoseg\/files\/2015\/06\/SE-TRANS-AP-EMSZ.doc\">SE-TRANS-AP-EMSZ &#8211; \u00c1pol\u00e1svezet\u00e9s Egys\u00e9gszint\u0171 M\u0171k\u00f6d\u00e9si Szab\u00e1lyzat<\/a><\/li>\n<\/ul>\n<ul>\n<li><a href=\"https:\/\/semmelweis.hu\/minoseg\/files\/2015\/06\/SE-TRANS-END-EMSZ.docx\">SE-TRANS-END-EMSZ &#8211; Endoszk\u00f3pos Ambulancia Egys\u00e9gszint\u0171 M\u0171k\u00f6d\u00e9si Szab\u00e1lyzat<\/a><\/li>\n<\/ul>\n<ul>\n<li><a href=\"https:\/\/semmelweis.hu\/minoseg\/files\/2015\/06\/SE-TRANS-ITO-EMSZ.docx\">SE-TRANS-ITO-EMSZ &#8211; Intenz\u00edv Oszt\u00e1ly Egys\u00e9gszint\u0171 M\u0171k\u00f6d\u00e9si Szab\u00e1lyzat<\/a><\/li>\n<\/ul>\n<ul>\n<li><a href=\"https:\/\/semmelweis.hu\/minoseg\/files\/2015\/06\/SE-TRANS-KDR-EMSZ.docx\">SE-TRANS-KDR-EMSZ &#8211; K\u00e9palkot\u00f3 Diagnosztikai \u00e9s Intervenci\u00f3s Radiol\u00f3giai R\u00e9szleg Egys\u00e9gszint\u0171 M\u0171k\u00f6d\u00e9si Szab\u00e1lyzat<\/a><\/li>\n<\/ul>\n<ul>\n<li><a href=\"https:\/\/semmelweis.hu\/minoseg\/files\/2015\/06\/SE-TRANS-LAB-EMSZ-.docx\">SE-TRANS-LAB-EMSZ &#8211; K\u00f6zponti Laborat\u00f3rium Egys\u00e9gszint\u0171 M\u0171k\u00f6d\u00e9si Szab\u00e1lyzat<br \/>\n<\/a><a href=\"https:\/\/semmelweis.hu\/minoseg\/files\/2015\/06\/SE-TRANS-LAB-EMSZ-M01.docx\">SE-TRANS-LAB-EMSZ-M01 &#8211; M\u00f3dszerle\u00edr\u00e1sok list\u00e1ja<\/a><br \/>\n<a href=\"https:\/\/semmelweis.hu\/minoseg\/files\/2015\/06\/SE-TRANS-LAB-EMSZ-M03.docx\">SE-TRANS-LAB-EMSZ-M03 &#8211; Szign\u00f3 lista<\/a><\/li>\n<\/ul>\n<ul>\n<li><a href=\"https:\/\/semmelweis.hu\/minoseg\/files\/2015\/06\/SE-TRANS-MTA-EMSZ.docx\">SE-TRANS-MTA-EMSZ &#8211; M\u00e1jtranszplant\u00e1ci\u00f3s Szakambulancia Egys\u00e9gszint\u0171 M\u0171k\u00f6d\u00e9si Szab\u00e1lyzat<\/a><\/li>\n<\/ul>\n<ul>\n<li><a href=\"https:\/\/semmelweis.hu\/minoseg\/files\/2015\/06\/SE-TRANS-MUTO-EMSZ.docx\">SE-TRANS-MUTO-EMSZ &#8211; M\u0171t\u0151 Egys\u00e9gszint\u0171 M\u0171k\u00f6d\u00e9si Szab\u00e1lyzat<\/a><\/li>\n<\/ul>\n<ul>\n<li><a href=\"https:\/\/semmelweis.hu\/minoseg\/files\/2015\/06\/SE-TRANS-NEPHA-EMSZ.docx\">SE-TRANS-NEPHA-EMSZ &#8211; Nephrol\u00f3giai Szakambulancia Egys\u00e9gszint\u0171 M\u0171k\u00f6d\u00e9si Szab\u00e1lyzat<\/a><\/li>\n<\/ul>\n<ul>\n<li><a href=\"https:\/\/semmelweis.hu\/minoseg\/files\/2015\/06\/SE-TRANS-SEBA-EMSZ.docx\">SE-TRANS-SEBA-EMSZ &#8211; Seb\u00e9szeti Szakambulancia Egys\u00e9gszint\u0171 M\u0171k\u00f6d\u00e9si Szab\u00e1lyzat<\/a><\/li>\n<\/ul>\n<ul>\n<li><a href=\"https:\/\/semmelweis.hu\/minoseg\/files\/2015\/06\/SE-TRANS-SO-EMSZ.docx\">SE-TRANS-SO-EMSZ &#8211; Seb\u00e9szeti 1. \u00e9s 2. oszt\u00e1ly Egys\u00e9gszint\u0171 M\u0171k\u00f6d\u00e9si Szab\u00e1lyzat<\/a><\/li>\n<\/ul>\n<ul>\n<li><a href=\"https:\/\/semmelweis.hu\/minoseg\/files\/2015\/06\/SE-TRANS-STERIL-EMSZ.docx\">SE-TRANS-STERIL-EMSZ &#8211; K\u00f6zponti Steriliz\u00e1l\u00f3 Egys\u00e9gszint\u0171 M\u0171k\u00f6d\u00e9si Szab\u00e1lyzat<\/a><\/li>\n<\/ul>\n<ul>\n<li><a href=\"https:\/\/semmelweis.hu\/minoseg\/files\/2015\/06\/SE-TRANS-TBO-EMSZ.docx\">SE-TRANS-TBO-EMSZ &#8211; Transzplant\u00e1ci\u00f3 Oszt\u00e1ly Belgy\u00f3gy\u00e1szati R\u00e9szleg Egys\u00e9gszint\u0171 M\u0171k\u00f6d\u00e9si Szab\u00e1lyzat<\/a><\/li>\n<\/ul>\n<ul>\n<li><a href=\"https:\/\/semmelweis.hu\/minoseg\/files\/2015\/06\/SE-TRANS-TSO-EMSZ.docx\">SE-TRANS-TSO-EMSZ &#8211; Transzplant\u00e1ci\u00f3 Oszt\u00e1ly Seb\u00e9szeti R\u00e9szleg Egys\u00e9gszint\u0171 M\u0171k\u00f6d\u00e9si Szab\u00e1lyzat<\/a><\/li>\n<\/ul>\n","protected":false},"excerpt":{"rendered":"<p>Min\u0151s\u00e9g\u00fcgyi dokumentumok.<\/p>\n","protected":false},"author":326,"featured_media":0,"parent":13647,"menu_order":2,"comment_status":"closed","ping_status":"closed","template":"","meta":{"_acf_changed":false,"footnotes":""},"categories":[],"tags":[],"class_list":["post-3135","page","type-page","status-publish","hentry"],"acf":[],"_links":{"self":[{"href":"https:\/\/semmelweis.hu\/minoseg\/wp-json\/wp\/v2\/pages\/3135","targetHints":{"allow":["GET"]}}],"collection":[{"href":"https:\/\/semmelweis.hu\/minoseg\/wp-json\/wp\/v2\/pages"}],"about":[{"href":"https:\/\/semmelweis.hu\/minoseg\/wp-json\/wp\/v2\/types\/page"}],"author":[{"embeddable":true,"href":"https:\/\/semmelweis.hu\/minoseg\/wp-json\/wp\/v2\/users\/326"}],"replies":[{"embeddable":true,"href":"https:\/\/semmelweis.hu\/minoseg\/wp-json\/wp\/v2\/comments?post=3135"}],"version-history":[{"count":10,"href":"https:\/\/semmelweis.hu\/minoseg\/wp-json\/wp\/v2\/pages\/3135\/revisions"}],"predecessor-version":[{"id":19619,"href":"https:\/\/semmelweis.hu\/minoseg\/wp-json\/wp\/v2\/pages\/3135\/revisions\/19619"}],"up":[{"embeddable":true,"href":"https:\/\/semmelweis.hu\/minoseg\/wp-json\/wp\/v2\/pages\/13647"}],"wp:attachment":[{"href":"https:\/\/semmelweis.hu\/minoseg\/wp-json\/wp\/v2\/media?parent=3135"}],"wp:term":[{"taxonomy":"category","embeddable":true,"href":"https:\/\/semmelweis.hu\/minoseg\/wp-json\/wp\/v2\/categories?post=3135"},{"taxonomy":"post_tag","embeddable":true,"href":"https:\/\/semmelweis.hu\/minoseg\/wp-json\/wp\/v2\/tags?post=3135"}],"curies":[{"name":"wp","href":"https:\/\/api.w.org\/{rel}","templated":true}]}}