{"id":19303,"date":"2025-02-21T09:42:06","date_gmt":"2025-02-21T08:42:06","guid":{"rendered":"https:\/\/semmelweis.hu\/minoseg\/?page_id=19303"},"modified":"2026-03-12T09:30:21","modified_gmt":"2026-03-12T08:30:21","slug":"minosegiranyitasi-rendszer-szabalyzatok","status":"publish","type":"page","link":"https:\/\/semmelweis.hu\/minoseg\/feladatok\/minosegiranyitasi-rendszer-szabalyzatok\/","title":{"rendered":"Min\u0151s\u00e9gir\u00e1ny\u00edt\u00e1si Rendszer szab\u00e1lyzatok"},"content":{"rendered":"<div class=\"keretes w-100\">\n<h4><strong>ISO 9001 MIN\u0150S\u00c9G\u00dcGYI DOKUMENTUMOK<\/strong><\/h4>\n<\/div>\n<div class=\"responsive-tabs\">\n<h2 class=\"tabtitle\">Dokument\u00e1ci\u00f3s<br \/>\nrendszer<\/h2>\n<div class=\"tabcontent\">\n\n<ul>\n<li><a href=\"https:\/\/semmelweis.hu\/minoseg\/files\/2025\/02\/SE-ISO-9001-DOKUMENTACIO-2025-0201.pdf\" target=\"_blank\" rel=\"noopener\">SE-ISO-9001-DOKUMENTACIO &#8211; Min\u0151s\u00e9g\u00fcgyi dokument\u00e1ci\u00f3s rendszer<\/a><br \/>\n<a href=\"https:\/\/semmelweis.hu\/minoseg\/feladatok\/dokumentalt-informacio\/\" target=\"_blank\" rel=\"noopener\">SE-ISO-9001-DOKUMENTACIO-M01 &#8211; Dokument\u00e1lt inform\u00e1ci\u00f3 t\u00e1j\u00e9koztat\u00f3\/\u00f6sszefoglal\u00f3<\/a><br \/>\n<a href=\"https:\/\/semmelweis.hu\/minoseg\/files\/2025\/03\/Dokumentalt-informacio-magyarazata-2025-03-11.pptx\" target=\"_blank\" rel=\"noopener\">SE-ISO-9001-DOKUMENTACIO-M02 &#8211; Dokument\u00e1ci\u00f3s rendszer bemutat\u00e1sa<\/a><\/li>\n<\/ul>\n\n<\/div><h2 class=\"tabtitle\">Bels\u0151 audit<\/h2>\n<div class=\"tabcontent\">\n\n<ul>\n<li><a href=\"https:\/\/semmelweis.hu\/minoseg\/files\/2025\/02\/SE-ISO-BELSO-AUDIT-2025-0201.pdf\" target=\"_blank\" rel=\"noopener\">SE-ISO-9001-BELSO-AUDIT &#8211; Bels\u0151 audit<\/a><br \/>\n<a href=\"https:\/\/semmelweis.hu\/minoseg\/files\/2025\/02\/SE-ISO-9001-BELSO-AUDIT-A01.xlsx\">SE-ISO-9001-BELSO-AUDIT-A01 &#8211; Bels\u0151 auditprogram<\/a><br \/>\n<a href=\"https:\/\/semmelweis.hu\/minoseg\/files\/2025\/02\/SE-ISO-9001-BELSO-AUDIT-A02.docx\">SE-ISO-9001-BELSO-AUDIT-A02 &#8211; Bels\u0151 audit terv\/jegyz\u0151k\u00f6nyv, \u00f6sszefoglal\u00f3 jelent\u00e9s &#8211; word<\/a><br \/>\n<a href=\"https:\/\/semmelweis.hu\/minoseg\/files\/2025\/02\/SE-ISO-9001-BELSO-AUDIT-A02.xlsx\">SE-ISO-9001-BELSO-AUDIT-A02 -Bels\u0151 audit terv\/jegyz\u0151k\u00f6nyv, \u00f6sszefoglal\u00f3 jelent\u00e9s &#8211; excel<\/a><br \/>\n<a href=\"https:\/\/semmelweis.hu\/minoseg\/files\/2025\/02\/SE-ISO-9001-BELSO-AUDIT-A03.xlsx\">SE-ISO-9001-BELSO-AUDIT-A03 &#8211; Int\u00e9zked\u00e9si Terv &#8211; excel<\/a><br \/>\n<a href=\"https:\/\/semmelweis.hu\/minoseg\/files\/2025\/02\/SE-ISO-9001-BELSO-AUDIT-A03.docx\">SE-ISO-9001-BELSO-AUDIT-A03 &#8211; Int\u00e9zked\u00e9si Terv word<\/a><br \/>\n<a href=\"https:\/\/semmelweis.hu\/minoseg\/files\/2025\/02\/SE-ISO-9001-BELSO-AUDIT-M01.pptx\">SE-ISO-9001-BELSO-AUDIT-M01 &#8211; Folyamat\u00e1bra a szervezeti egys\u00e9gek bels\u0151 audittal kapcsolatos teend\u0151inek bemutat\u00e1s\u00e1ra<\/a><\/li>\n<\/ul>\n\n<\/div><h2 class=\"tabtitle\">Nem-<br \/>\nmegfelel\u0151s\u00e9gek<\/h2>\n<div class=\"tabcontent\">\n\n<ul>\n<li><a href=\"https:\/\/semmelweis.hu\/minoseg\/files\/2025\/02\/SE-ISO-9001-NM-2025-0201.pdf\" target=\"_blank\" rel=\"noopener\">SE-ISO-9001-NM &#8211; Nemmegfelel\u0151s\u00e9gek, helyesb\u00edt\u0151 int\u00e9zked\u00e9sek, megel\u0151z\u0151 tev\u00e9kenys\u00e9gek kezel\u00e9se<\/a><br \/>\n<a href=\"https:\/\/semmelweis.hu\/minoseg\/files\/2025\/02\/SE-ISO-9001-NM-A01-2025-02-01.docx\">SE-ISO-9001-NM-A01 &#8211; 8D sablon probl\u00e9mamegold\u00e1sra, nemmegfelel\u0151s\u00e9gek kezel\u00e9s\u00e9re<\/a><br \/>\n<a href=\"https:\/\/semmelweis.hu\/minoseg\/files\/2025\/02\/SE-ISO-9001-TANUSITO-AUDIT.pptx\">SE-ISO-9001-TANUSITO-AUDIT &#8211; Folyamat\u00e1bra<\/a><\/li>\n<\/ul>\n\n<\/div><h2 class=\"tabtitle\">Besz\u00e1ll\u00edt\u00f3k<br \/>\nmin\u0151s\u00edt\u00e9se<\/h2>\n<div class=\"tabcontent\">\n\n<ul>\n<li><a href=\"https:\/\/semmelweis.hu\/minoseg\/files\/2023\/09\/SE-MU-02-2023-09-01.docx\">SE-MU-02 &#8211; Besz\u00e1ll\u00edt\u00f3k min\u0151s\u00edt\u00e9se<\/a><br \/>\n<a href=\"https:\/\/semmelweis.hu\/minoseg\/files\/2023\/09\/SE-MU-02-2023-09-01-fedlap.pdf\" target=\"_blank\" rel=\"noopener\">SE-MU-02 &#8211; fedlap<\/a><br \/>\n<a href=\"https:\/\/semmelweis.hu\/minoseg\/files\/2019\/09\/SE-MU-02-A01a.xlsx\">SE-MU-02-A01a &#8211; Besz\u00e1ll\u00edt\u00f3i min\u0151s\u00edt\u00e9s adatlap (xls)<\/a><br \/>\n<a href=\"https:\/\/semmelweis.hu\/minoseg\/files\/2019\/09\/SE-MU-02-A01b-2019-09.docx\">SE-MU-02-A01b \u2013 Besz\u00e1ll\u00edt\u00f3i min\u0151s\u00edt\u00e9s adatlap (xls) kit\u00f6lt\u00e9si \u00fatmutat\u00f3ja<\/a><br \/>\n<a href=\"https:\/\/semmelweis.hu\/minoseg\/files\/2019\/09\/SE-MU-02-A02-2019-09.docx\">SE-MU-02-A02 \u2013 Besz\u00e1ll\u00edt\u00f3k \u00e9rt\u00e9kel\u00e9s\u00e9nek szempontrendszere<\/a><br \/>\n<a href=\"https:\/\/semmelweis.hu\/minoseg\/files\/2019\/09\/SE-MU-02-A03-2019-09.docx\">SE-MU-02-A03 \u2013 Besz\u00e1ll\u00edt\u00f3i min\u0151s\u00edt\u00e9s felk\u00e9r\u0151 levele a szervezeti egys\u00e9gek r\u00e9sz\u00e9re<\/a><br \/>\n<a href=\"https:\/\/semmelweis.hu\/minoseg\/files\/2023\/09\/SE-MU-02-A04-2023-09-01.docx\">SE-MU-02-A04 \u2013 Besz\u00e1ll\u00edt\u00f3i min\u0151s\u00edt\u00e9s \u00fctemterv<\/a><br \/>\n<a href=\"https:\/\/semmelweis.hu\/minoseg\/files\/2019\/09\/SE-MU-02-M01-2019-09.xlsx\">SE-MU-02-M01 \u2013 Besz\u00e1ll\u00edt\u00f3k min\u0151s\u00edt\u00e9s\u00e9nek folyamata<\/a><\/li>\n<\/ul>\n<\/div><\/div>\n","protected":false},"excerpt":{"rendered":"<p>MIR-szab\u00e1lyzatok<\/p>\n","protected":false},"author":326,"featured_media":0,"parent":13853,"menu_order":3,"comment_status":"closed","ping_status":"closed","template":"","meta":{"_acf_changed":false,"footnotes":""},"categories":[],"tags":[],"class_list":["post-19303","page","type-page","status-publish","hentry"],"acf":[],"_links":{"self":[{"href":"https:\/\/semmelweis.hu\/minoseg\/wp-json\/wp\/v2\/pages\/19303","targetHints":{"allow":["GET"]}}],"collection":[{"href":"https:\/\/semmelweis.hu\/minoseg\/wp-json\/wp\/v2\/pages"}],"about":[{"href":"https:\/\/semmelweis.hu\/minoseg\/wp-json\/wp\/v2\/types\/page"}],"author":[{"embeddable":true,"href":"https:\/\/semmelweis.hu\/minoseg\/wp-json\/wp\/v2\/users\/326"}],"replies":[{"embeddable":true,"href":"https:\/\/semmelweis.hu\/minoseg\/wp-json\/wp\/v2\/comments?post=19303"}],"version-history":[{"count":10,"href":"https:\/\/semmelweis.hu\/minoseg\/wp-json\/wp\/v2\/pages\/19303\/revisions"}],"predecessor-version":[{"id":20037,"href":"https:\/\/semmelweis.hu\/minoseg\/wp-json\/wp\/v2\/pages\/19303\/revisions\/20037"}],"up":[{"embeddable":true,"href":"https:\/\/semmelweis.hu\/minoseg\/wp-json\/wp\/v2\/pages\/13853"}],"wp:attachment":[{"href":"https:\/\/semmelweis.hu\/minoseg\/wp-json\/wp\/v2\/media?parent=19303"}],"wp:term":[{"taxonomy":"category","embeddable":true,"href":"https:\/\/semmelweis.hu\/minoseg\/wp-json\/wp\/v2\/categories?post=19303"},{"taxonomy":"post_tag","embeddable":true,"href":"https:\/\/semmelweis.hu\/minoseg\/wp-json\/wp\/v2\/tags?post=19303"}],"curies":[{"name":"wp","href":"https:\/\/api.w.org\/{rel}","templated":true}]}}