{"id":18431,"date":"2024-09-27T11:56:53","date_gmt":"2024-09-27T09:56:53","guid":{"rendered":"https:\/\/semmelweis.hu\/minoseg\/?page_id=18431"},"modified":"2026-03-12T09:30:47","modified_gmt":"2026-03-12T08:30:47","slug":"mir-felkeszites","status":"publish","type":"page","link":"https:\/\/semmelweis.hu\/minoseg\/feladatok\/mir-felkeszites\/","title":{"rendered":"MIR-felk\u00e9sz\u00edt\u00e9s"},"content":{"rendered":"<p>&nbsp;<\/p>\n\r\n        [slb_exclude]\r\n        <div class=\"row galeria-wrapper mx-0 h-auto\">\r\n            <div class=\"col-9 pl-0 pr-2\">\r\n            <span class=\"gallery-item frame\">\r\n\t\t\t\t<div class=\"galeria-left-img\"><a href=\"https:\/\/semmelweis.hu\/minoseg\/files\/2024\/09\/MIR-FEL-1.jpg\"><img src=https:\/\/semmelweis.hu\/minoseg\/files\/2024\/09\/MIR-FEL-1.jpg  \r\n                            alt=\"\" \r\n                            class=\"attachment-sote-gallery-big size-sote-gallery-big\" \r\n                            srcset=\"https:\/\/semmelweis.hu\/minoseg\/files\/2024\/09\/MIR-FEL-1-400x225.jpg 400w, https:\/\/semmelweis.hu\/minoseg\/files\/2024\/09\/MIR-FEL-1-1024x576.jpg 1024w, https:\/\/semmelweis.hu\/minoseg\/files\/2024\/09\/MIR-FEL-1-768x432.jpg 768w, https:\/\/semmelweis.hu\/minoseg\/files\/2024\/09\/MIR-FEL-1-753x424.jpg 753w, https:\/\/semmelweis.hu\/minoseg\/files\/2024\/09\/MIR-FEL-1.jpg 1280w\" ><\/a><\/div>\r\n            <\/span>\r\n\r\n            <\/div>\r\n\r\n\t\t\t<div class=\"col-3 pl-0 pr-0\">\r\n\t\t\t\t<div class=\"galeria-right-img d-flex justify-content-between flex-column h-100 w-100 px-0 mx-0 \">\r\n                <div class=\"galeria-box\">\r\n\t\t\t\t\t<h3 class=\"galeria-title\">Gal\u00e9ria<\/h3>\r\n\t\t\t\t\t<div class=\"galeria-subtitle\">\r\n\r\n\t\t\t\t\t\t<div class=\"galeria-page-counter\"><span>11<\/span>k\u00e9p<\/div>\r\n                    <\/div> <\/div>\r\n                    <span class=\"gallery-item frame d-none d-md-flex\">\r\n\t\t\t\t\t<div class=\"galeria-small-img mt-0\"><a href=\"https:\/\/semmelweis.hu\/minoseg\/files\/2024\/09\/MIR-FEL-2.jpg\"><img src=https:\/\/semmelweis.hu\/minoseg\/files\/2024\/09\/MIR-FEL-2.jpg \r\n                                alt=\"\"  \r\n                                class=\"attachment-sote-gallery-small size-sote-gallery-small\" \r\n                                srcset=\"https:\/\/semmelweis.hu\/minoseg\/files\/2024\/09\/MIR-FEL-2-400x225.jpg 400w, https:\/\/semmelweis.hu\/minoseg\/files\/2024\/09\/MIR-FEL-2-1024x576.jpg 1024w, https:\/\/semmelweis.hu\/minoseg\/files\/2024\/09\/MIR-FEL-2-768x432.jpg 768w, https:\/\/semmelweis.hu\/minoseg\/files\/2024\/09\/MIR-FEL-2-753x424.jpg 753w, https:\/\/semmelweis.hu\/minoseg\/files\/2024\/09\/MIR-FEL-2.jpg 1280w\" ><\/a><\/div>\r\n                    <\/span>\r\n                    <span class=\"gallery-item frame d-none d-md-flex\">\r\n\t\t\t\t\t<div class=\"galeria-small-img mt-0\"><a href=\"https:\/\/semmelweis.hu\/minoseg\/files\/2024\/09\/MIR-FEL-3.jpg\"><img src=https:\/\/semmelweis.hu\/minoseg\/files\/2024\/09\/MIR-FEL-3.jpg \r\n                                alt=\"\" \r\n                                class=\"attachment-sote-gallery-small size-sote-gallery-small\" \r\n                                srcset=\"https:\/\/semmelweis.hu\/minoseg\/files\/2024\/09\/MIR-FEL-3-400x225.jpg 400w, https:\/\/semmelweis.hu\/minoseg\/files\/2024\/09\/MIR-FEL-3-1024x576.jpg 1024w, https:\/\/semmelweis.hu\/minoseg\/files\/2024\/09\/MIR-FEL-3-768x432.jpg 768w, https:\/\/semmelweis.hu\/minoseg\/files\/2024\/09\/MIR-FEL-3-753x424.jpg 753w, https:\/\/semmelweis.hu\/minoseg\/files\/2024\/09\/MIR-FEL-3.jpg 1280w\" ><\/a><\/div>\r\n                    <\/span>\r\n\r\n                <\/div>\r\n\r\n            <\/div>\r\n\r\n            <span class=\"gallery-item\"><div class=\"hidden\"><a href=\"https:\/\/semmelweis.hu\/minoseg\/files\/2024\/09\/MIR-FEL-4.jpg\">\r\n        <img src=https:\/\/semmelweis.hu\/minoseg\/files\/2024\/09\/MIR-FEL-4.jpg alt=\"\" class=\"attachment-sote-gallery-big size-sote-gallery-big\" srcset=\"https:\/\/semmelweis.hu\/minoseg\/files\/2024\/09\/MIR-FEL-4-400x225.jpg 400w, https:\/\/semmelweis.hu\/minoseg\/files\/2024\/09\/MIR-FEL-4-1024x576.jpg 1024w, https:\/\/semmelweis.hu\/minoseg\/files\/2024\/09\/MIR-FEL-4-768x432.jpg 768w, https:\/\/semmelweis.hu\/minoseg\/files\/2024\/09\/MIR-FEL-4-753x424.jpg 753w, https:\/\/semmelweis.hu\/minoseg\/files\/2024\/09\/MIR-FEL-4.jpg 1280w\" >\r\n        <\/a><\/div><\/span><span class=\"gallery-item\"><div class=\"hidden\"><a href=\"https:\/\/semmelweis.hu\/minoseg\/files\/2024\/09\/MIR-FEL-5.jpg\">\r\n        <img src=https:\/\/semmelweis.hu\/minoseg\/files\/2024\/09\/MIR-FEL-5.jpg alt=\"\" class=\"attachment-sote-gallery-big size-sote-gallery-big\" srcset=\"https:\/\/semmelweis.hu\/minoseg\/files\/2024\/09\/MIR-FEL-5-400x225.jpg 400w, https:\/\/semmelweis.hu\/minoseg\/files\/2024\/09\/MIR-FEL-5-1024x576.jpg 1024w, https:\/\/semmelweis.hu\/minoseg\/files\/2024\/09\/MIR-FEL-5-768x432.jpg 768w, https:\/\/semmelweis.hu\/minoseg\/files\/2024\/09\/MIR-FEL-5-753x424.jpg 753w, https:\/\/semmelweis.hu\/minoseg\/files\/2024\/09\/MIR-FEL-5.jpg 1280w\" >\r\n        <\/a><\/div><\/span><span class=\"gallery-item\"><div class=\"hidden\"><a href=\"https:\/\/semmelweis.hu\/minoseg\/files\/2024\/09\/MIR-FEL-6.jpg\">\r\n        <img src=https:\/\/semmelweis.hu\/minoseg\/files\/2024\/09\/MIR-FEL-6.jpg alt=\"\" class=\"attachment-sote-gallery-big size-sote-gallery-big\" srcset=\"https:\/\/semmelweis.hu\/minoseg\/files\/2024\/09\/MIR-FEL-6-400x225.jpg 400w, https:\/\/semmelweis.hu\/minoseg\/files\/2024\/09\/MIR-FEL-6-1024x576.jpg 1024w, https:\/\/semmelweis.hu\/minoseg\/files\/2024\/09\/MIR-FEL-6-768x432.jpg 768w, https:\/\/semmelweis.hu\/minoseg\/files\/2024\/09\/MIR-FEL-6-753x424.jpg 753w, https:\/\/semmelweis.hu\/minoseg\/files\/2024\/09\/MIR-FEL-6.jpg 1280w\" >\r\n        <\/a><\/div><\/span><span class=\"gallery-item\"><div class=\"hidden\"><a href=\"https:\/\/semmelweis.hu\/minoseg\/files\/2024\/09\/MIR-FEL-7.jpg\">\r\n        <img src=https:\/\/semmelweis.hu\/minoseg\/files\/2024\/09\/MIR-FEL-7.jpg alt=\"\" class=\"attachment-sote-gallery-big size-sote-gallery-big\" srcset=\"https:\/\/semmelweis.hu\/minoseg\/files\/2024\/09\/MIR-FEL-7-400x225.jpg 400w, https:\/\/semmelweis.hu\/minoseg\/files\/2024\/09\/MIR-FEL-7-1024x576.jpg 1024w, https:\/\/semmelweis.hu\/minoseg\/files\/2024\/09\/MIR-FEL-7-768x432.jpg 768w, https:\/\/semmelweis.hu\/minoseg\/files\/2024\/09\/MIR-FEL-7-753x424.jpg 753w, https:\/\/semmelweis.hu\/minoseg\/files\/2024\/09\/MIR-FEL-7.jpg 1280w\" >\r\n        <\/a><\/div><\/span><span class=\"gallery-item\"><div class=\"hidden\"><a href=\"https:\/\/semmelweis.hu\/minoseg\/files\/2024\/09\/MIR-FEL-8.jpg\">\r\n        <img src=https:\/\/semmelweis.hu\/minoseg\/files\/2024\/09\/MIR-FEL-8.jpg alt=\"\" class=\"attachment-sote-gallery-big size-sote-gallery-big\" srcset=\"https:\/\/semmelweis.hu\/minoseg\/files\/2024\/09\/MIR-FEL-8-400x225.jpg 400w, https:\/\/semmelweis.hu\/minoseg\/files\/2024\/09\/MIR-FEL-8-1024x576.jpg 1024w, https:\/\/semmelweis.hu\/minoseg\/files\/2024\/09\/MIR-FEL-8-768x432.jpg 768w, https:\/\/semmelweis.hu\/minoseg\/files\/2024\/09\/MIR-FEL-8-753x424.jpg 753w, https:\/\/semmelweis.hu\/minoseg\/files\/2024\/09\/MIR-FEL-8.jpg 1280w\" >\r\n        <\/a><\/div><\/span><span class=\"gallery-item\"><div class=\"hidden\"><a href=\"https:\/\/semmelweis.hu\/minoseg\/files\/2024\/09\/MIR-FEL-9.jpg\">\r\n        <img src=https:\/\/semmelweis.hu\/minoseg\/files\/2024\/09\/MIR-FEL-9.jpg alt=\"\" class=\"attachment-sote-gallery-big size-sote-gallery-big\" srcset=\"https:\/\/semmelweis.hu\/minoseg\/files\/2024\/09\/MIR-FEL-9-400x225.jpg 400w, https:\/\/semmelweis.hu\/minoseg\/files\/2024\/09\/MIR-FEL-9-1024x576.jpg 1024w, https:\/\/semmelweis.hu\/minoseg\/files\/2024\/09\/MIR-FEL-9-768x432.jpg 768w, https:\/\/semmelweis.hu\/minoseg\/files\/2024\/09\/MIR-FEL-9-753x424.jpg 753w, https:\/\/semmelweis.hu\/minoseg\/files\/2024\/09\/MIR-FEL-9.jpg 1280w\" >\r\n        <\/a><\/div><\/span><span class=\"gallery-item\"><div class=\"hidden\"><a href=\"https:\/\/semmelweis.hu\/minoseg\/files\/2024\/09\/MIR-FEL-10.jpg\">\r\n        <img src=https:\/\/semmelweis.hu\/minoseg\/files\/2024\/09\/MIR-FEL-10.jpg alt=\"\" class=\"attachment-sote-gallery-big size-sote-gallery-big\" srcset=\"https:\/\/semmelweis.hu\/minoseg\/files\/2024\/09\/MIR-FEL-10-400x225.jpg 400w, https:\/\/semmelweis.hu\/minoseg\/files\/2024\/09\/MIR-FEL-10-1024x576.jpg 1024w, https:\/\/semmelweis.hu\/minoseg\/files\/2024\/09\/MIR-FEL-10-768x432.jpg 768w, https:\/\/semmelweis.hu\/minoseg\/files\/2024\/09\/MIR-FEL-10-753x424.jpg 753w, https:\/\/semmelweis.hu\/minoseg\/files\/2024\/09\/MIR-FEL-10.jpg 1280w\" >\r\n        <\/a><\/div><\/span><span class=\"gallery-item\"><div class=\"hidden\"><a href=\"https:\/\/semmelweis.hu\/minoseg\/files\/2024\/09\/MIR-FEL-11.jpg\">\r\n        <img src=https:\/\/semmelweis.hu\/minoseg\/files\/2024\/09\/MIR-FEL-11.jpg alt=\"\" class=\"attachment-sote-gallery-big size-sote-gallery-big\" srcset=\"https:\/\/semmelweis.hu\/minoseg\/files\/2024\/09\/MIR-FEL-11-400x225.jpg 400w, https:\/\/semmelweis.hu\/minoseg\/files\/2024\/09\/MIR-FEL-11-1024x576.jpg 1024w, https:\/\/semmelweis.hu\/minoseg\/files\/2024\/09\/MIR-FEL-11-768x432.jpg 768w, https:\/\/semmelweis.hu\/minoseg\/files\/2024\/09\/MIR-FEL-11-753x424.jpg 753w, https:\/\/semmelweis.hu\/minoseg\/files\/2024\/09\/MIR-FEL-11.jpg 1280w\" >\r\n        <\/a><\/div><\/span>\r\n            <\/div>\r\n\r\n            [\/slb_exclude]\r\n\t\n","protected":false},"excerpt":{"rendered":"<p>MIR-felk\u00e9sz\u00edt\u00e9s \u00fajonnan csatlakoz\u00f3 szervezeti egys\u00e9geknek.<\/p>\n","protected":false},"author":326,"featured_media":0,"parent":13853,"menu_order":4,"comment_status":"closed","ping_status":"closed","template":"template-fullwidth.php","meta":{"_acf_changed":false,"footnotes":""},"categories":[],"tags":[],"class_list":["post-18431","page","type-page","status-publish","hentry"],"acf":[],"_links":{"self":[{"href":"https:\/\/semmelweis.hu\/minoseg\/wp-json\/wp\/v2\/pages\/18431","targetHints":{"allow":["GET"]}}],"collection":[{"href":"https:\/\/semmelweis.hu\/minoseg\/wp-json\/wp\/v2\/pages"}],"about":[{"href":"https:\/\/semmelweis.hu\/minoseg\/wp-json\/wp\/v2\/types\/page"}],"author":[{"embeddable":true,"href":"https:\/\/semmelweis.hu\/minoseg\/wp-json\/wp\/v2\/users\/326"}],"replies":[{"embeddable":true,"href":"https:\/\/semmelweis.hu\/minoseg\/wp-json\/wp\/v2\/comments?post=18431"}],"version-history":[{"count":8,"href":"https:\/\/semmelweis.hu\/minoseg\/wp-json\/wp\/v2\/pages\/18431\/revisions"}],"predecessor-version":[{"id":18570,"href":"https:\/\/semmelweis.hu\/minoseg\/wp-json\/wp\/v2\/pages\/18431\/revisions\/18570"}],"up":[{"embeddable":true,"href":"https:\/\/semmelweis.hu\/minoseg\/wp-json\/wp\/v2\/pages\/13853"}],"wp:attachment":[{"href":"https:\/\/semmelweis.hu\/minoseg\/wp-json\/wp\/v2\/media?parent=18431"}],"wp:term":[{"taxonomy":"category","embeddable":true,"href":"https:\/\/semmelweis.hu\/minoseg\/wp-json\/wp\/v2\/categories?post=18431"},{"taxonomy":"post_tag","embeddable":true,"href":"https:\/\/semmelweis.hu\/minoseg\/wp-json\/wp\/v2\/tags?post=18431"}],"curies":[{"name":"wp","href":"https:\/\/api.w.org\/{rel}","templated":true}]}}