{"id":17039,"date":"2023-01-20T12:09:19","date_gmt":"2023-01-20T11:09:19","guid":{"rendered":"https:\/\/semmelweis.hu\/minoseg\/?page_id=17039"},"modified":"2025-04-01T13:41:45","modified_gmt":"2025-04-01T11:41:45","slug":"brand-es-marketing-igazgatosag","status":"publish","type":"page","link":"https:\/\/semmelweis.hu\/minoseg\/mir-dokumentacio\/kozponti-szervezeti-egysegek\/marketing-es-kommunikacios-foigazgatosag\/brand-es-marketing-igazgatosag\/","title":{"rendered":"Brand \u00e9s Marketing Igazgat\u00f3s\u00e1g"},"content":{"rendered":"<p><strong>Min\u0151s\u00e9g\u00fcgyi dokumentumok<\/strong><\/p>\n<ul>\n<li><a href=\"https:\/\/semmelweis.hu\/minoseg\/files\/2023\/01\/SE-SBMI-MU-01-2022-11-29.docx\">SE-SBMI-MU-01 &#8211; Vezet\u0151i projektmenedzseri \u00e9s titk\u00e1rn\u0151i feladatok<\/a><br \/>\n<a href=\"https:\/\/semmelweis.hu\/minoseg\/files\/2023\/01\/SE-SBMI-MU-01-fedlap-2022-11-29.pdf\">SE-SBMI-MU-01 &#8211; fedlap<\/a><\/li>\n<\/ul>\n","protected":false},"excerpt":{"rendered":"<p>Min\u0151s\u00e9g\u00fcgyi dokumentumok.<\/p>\n","protected":false},"author":326,"featured_media":0,"parent":103,"menu_order":1,"comment_status":"closed","ping_status":"closed","template":"","meta":{"_acf_changed":false,"footnotes":""},"categories":[],"tags":[],"class_list":["post-17039","page","type-page","status-publish","hentry"],"acf":[],"_links":{"self":[{"href":"https:\/\/semmelweis.hu\/minoseg\/wp-json\/wp\/v2\/pages\/17039","targetHints":{"allow":["GET"]}}],"collection":[{"href":"https:\/\/semmelweis.hu\/minoseg\/wp-json\/wp\/v2\/pages"}],"about":[{"href":"https:\/\/semmelweis.hu\/minoseg\/wp-json\/wp\/v2\/types\/page"}],"author":[{"embeddable":true,"href":"https:\/\/semmelweis.hu\/minoseg\/wp-json\/wp\/v2\/users\/326"}],"replies":[{"embeddable":true,"href":"https:\/\/semmelweis.hu\/minoseg\/wp-json\/wp\/v2\/comments?post=17039"}],"version-history":[{"count":6,"href":"https:\/\/semmelweis.hu\/minoseg\/wp-json\/wp\/v2\/pages\/17039\/revisions"}],"predecessor-version":[{"id":19862,"href":"https:\/\/semmelweis.hu\/minoseg\/wp-json\/wp\/v2\/pages\/17039\/revisions\/19862"}],"up":[{"embeddable":true,"href":"https:\/\/semmelweis.hu\/minoseg\/wp-json\/wp\/v2\/pages\/103"}],"wp:attachment":[{"href":"https:\/\/semmelweis.hu\/minoseg\/wp-json\/wp\/v2\/media?parent=17039"}],"wp:term":[{"taxonomy":"category","embeddable":true,"href":"https:\/\/semmelweis.hu\/minoseg\/wp-json\/wp\/v2\/categories?post=17039"},{"taxonomy":"post_tag","embeddable":true,"href":"https:\/\/semmelweis.hu\/minoseg\/wp-json\/wp\/v2\/tags?post=17039"}],"curies":[{"name":"wp","href":"https:\/\/api.w.org\/{rel}","templated":true}]}}