{"id":17016,"date":"2023-01-18T11:11:49","date_gmt":"2023-01-18T10:11:49","guid":{"rendered":"https:\/\/semmelweis.hu\/minoseg\/?page_id=17016"},"modified":"2025-04-01T13:42:07","modified_gmt":"2025-04-01T11:42:07","slug":"rendezvenyszervezesi-igazgatosag","status":"publish","type":"page","link":"https:\/\/semmelweis.hu\/minoseg\/mir-dokumentacio\/kozponti-szervezeti-egysegek\/marketing-es-kommunikacios-foigazgatosag\/rendezvenyszervezesi-igazgatosag\/","title":{"rendered":"Rendezv\u00e9nyszervez\u00e9si Igazgat\u00f3s\u00e1g"},"content":{"rendered":"<p><strong>Min\u0151s\u00e9g\u00fcgyi dokumentum &#8211; munkautas\u00edt\u00e1s<\/strong><\/p>\n<ul style=\"list-style-type: disc\">\n<li><a href=\"https:\/\/semmelweis.hu\/minoseg\/files\/2023\/01\/SE-RI-MU-01-2022-03-01.docx\">SE-RI-MU-01 &#8211; Rendezv\u00e9nyszervez\u00e9s<\/a><span style=\"text-decoration: underline\"><span style=\"color: #0000ff;text-decoration: underline\"><br \/>\n<\/span><\/span><a href=\"https:\/\/semmelweis.hu\/minoseg\/files\/2023\/01\/SE-RI-MU-01-fedlap-2022-03-01.pdf\">SE-RI-MU-01 &#8211; fedlap<\/a><br \/>\n<a href=\"https:\/\/semmelweis.hu\/minoseg\/files\/2023\/01\/SE-RI-MU-01-M01.xls\">SE-RI-MU-01-M01 &#8211; Dies Academicus \u00fctemterv<\/a><br \/>\n<a href=\"https:\/\/semmelweis.hu\/minoseg\/files\/2023\/01\/SE-RI-MU-01-M02.xlsx\">SE-RI-MU-01-M02 &#8211; Az 1848-49-es forradalom \u00e9s szabads\u00e1gharc \u00e9vfordul\u00f3ja alkalm\u00e1b\u00f3l rendezett \u00fcnneps\u00e9g \u00fctemterve<\/a><br \/>\n<a href=\"https:\/\/semmelweis.hu\/minoseg\/files\/2023\/01\/SE-RI-MU-01-M03.xlsx\">SE-RI-MU-01-M03 &#8211; Semmelweis Nap \u00fctemterv<\/a><br \/>\n<a href=\"https:\/\/semmelweis.hu\/minoseg\/files\/2023\/01\/SE-RI-MU-01-M04.xlsx\">SE-RI-MU-01-M04 &#8211; Tan\u00e9vnyit\u00f3 \u00fctemterv<\/a><\/li>\n<\/ul>\n","protected":false},"excerpt":{"rendered":"<p>Min\u0151s\u00e9g\u00fcgyi dokumentumok.<\/p>\n","protected":false},"author":326,"featured_media":0,"parent":103,"menu_order":3,"comment_status":"closed","ping_status":"closed","template":"","meta":{"_acf_changed":false,"footnotes":""},"categories":[],"tags":[],"class_list":["post-17016","page","type-page","status-publish","hentry"],"acf":[],"_links":{"self":[{"href":"https:\/\/semmelweis.hu\/minoseg\/wp-json\/wp\/v2\/pages\/17016","targetHints":{"allow":["GET"]}}],"collection":[{"href":"https:\/\/semmelweis.hu\/minoseg\/wp-json\/wp\/v2\/pages"}],"about":[{"href":"https:\/\/semmelweis.hu\/minoseg\/wp-json\/wp\/v2\/types\/page"}],"author":[{"embeddable":true,"href":"https:\/\/semmelweis.hu\/minoseg\/wp-json\/wp\/v2\/users\/326"}],"replies":[{"embeddable":true,"href":"https:\/\/semmelweis.hu\/minoseg\/wp-json\/wp\/v2\/comments?post=17016"}],"version-history":[{"count":9,"href":"https:\/\/semmelweis.hu\/minoseg\/wp-json\/wp\/v2\/pages\/17016\/revisions"}],"predecessor-version":[{"id":19865,"href":"https:\/\/semmelweis.hu\/minoseg\/wp-json\/wp\/v2\/pages\/17016\/revisions\/19865"}],"up":[{"embeddable":true,"href":"https:\/\/semmelweis.hu\/minoseg\/wp-json\/wp\/v2\/pages\/103"}],"wp:attachment":[{"href":"https:\/\/semmelweis.hu\/minoseg\/wp-json\/wp\/v2\/media?parent=17016"}],"wp:term":[{"taxonomy":"category","embeddable":true,"href":"https:\/\/semmelweis.hu\/minoseg\/wp-json\/wp\/v2\/categories?post=17016"},{"taxonomy":"post_tag","embeddable":true,"href":"https:\/\/semmelweis.hu\/minoseg\/wp-json\/wp\/v2\/tags?post=17016"}],"curies":[{"name":"wp","href":"https:\/\/api.w.org\/{rel}","templated":true}]}}