{"id":1697,"date":"2011-03-29T10:07:36","date_gmt":"2011-03-29T08:07:36","guid":{"rendered":"http:\/\/wp.localhost\/?p=73"},"modified":"2021-11-03T15:35:21","modified_gmt":"2021-11-03T14:35:21","slug":"molekularis-genetikai-laboratorium","status":"publish","type":"page","link":"https:\/\/semmelweis.hu\/minoseg\/mir-dokumentacio\/aok-intezetek\/biokemiai-es-molekularis-biologiai-intezet\/molekularis-biologiai-tanszek\/molekularis-genetikai-laboratorium\/","title":{"rendered":"Molekul\u00e1ris Genetikai Laborat\u00f3rium"},"content":{"rendered":"<p><strong>Min\u0151s\u00e9g\u00fcgyi dokumentum &#8211; Egys\u00e9gszint\u0171 M\u0171k\u00f6d\u00e9si Szab\u00e1lyzat<\/strong><\/p>\n<ul>\n<li><a href=\"https:\/\/semmelweis.hu\/minoseg\/files\/2018\/11\/SE-OVI-MGL-DNS-EMSZ.doc\" rel=\"noopener\">SE-OVI-MGL-DNS-EMSZ &#8211; DNS Laborat\u00f3rium<\/a><br \/>\n<a href=\"https:\/\/semmelweis.hu\/minoseg\/files\/2018\/12\/SE-OVI-MGL-DNS-EMSZ-M01.doc\" rel=\"noopener\">SE-OVI-MGL-DNS-EMSZ-M01 &#8211; Organogram<\/a><br \/>\n<a href=\"https:\/\/semmelweis.hu\/minoseg\/files\/2018\/12\/SE-OVI-MGL-DNS-EMSZ-M03.doc\" rel=\"noopener\">SE-OVI-MGL-DNS-EMSZ-M03 &#8211; Munkautas\u00edt\u00e1sok (MU) \u00e9s Metodikai Le\u00edr\u00e1sok (ML) list\u00e1ja<\/a><br \/>\n<a href=\"https:\/\/semmelweis.hu\/minoseg\/files\/2018\/12\/SE-OVI-MGL-DNS-EMSZ-M04.pdf\" target=\"_blank\" rel=\"noopener noreferrer\">SE-OVI-MGL-DNS-EMSZ-M04 &#8211; Etikai enged\u00e9ly DNS vizsg\u00e1latra<\/a><br \/>\n<a href=\"https:\/\/semmelweis.hu\/minoseg\/files\/2018\/12\/SE-OVI-MGL-DNS-EMSZ-M05.pdf\" target=\"_blank\" rel=\"noopener noreferrer\">SE-OVI-MGL-DNS-EMSZ-M05 &#8211; OTKA kutat\u00e1si t\u00e1mogat\u00e1s szerz\u0151d\u00e9se<\/a><\/li>\n<\/ul>\n<p><strong>Min\u0151s\u00e9g\u00fcgyi dokumentum &#8211; Egys\u00e9gszint\u0171 M\u0171k\u00f6d\u00e9si Szab\u00e1lyzat<\/strong><\/p>\n<ul>\n<li><a href=\"https:\/\/semmelweis.hu\/minoseg\/files\/2018\/12\/SE-OVI-MGL-ELF-EMSZ.doc\" rel=\"noopener\">SE-OVI-MGL-ELF-EMSZ &#8211; Elektrofor\u00e9zis Laborat\u00f3rium<\/a><br \/>\n<a href=\"https:\/\/semmelweis.hu\/minoseg\/files\/2018\/12\/SE-OVI-MGL-ELF-EMSZ-M01.doc\" rel=\"noopener\">SE-OVI-MGL-ELF-EMSZ-M01 &#8211; Organogram<\/a><br \/>\n<a href=\"https:\/\/semmelweis.hu\/minoseg\/files\/2018\/12\/SE-OVI-MGL-ELF-EMSZ-M03.doc\" rel=\"noopener\">SE-OVI-MGL-ELF-EMSZ-M03 &#8211; Munkautas\u00edt\u00e1sok (MU) \u00e9s Metodikai Le\u00edr\u00e1sok (ML) list\u00e1ja<\/a><\/li>\n<\/ul>\n<ul>\n<li><a href=\"https:\/\/semmelweis.hu\/minoseg\/files\/2018\/12\/SE-OVI-MGL-PCR-EMSZ.doc\" rel=\"noopener\">SE-OVI-MGL-PCR-EMSZ &#8211; PCR Laborat\u00f3rium<\/a><br \/>\n<a href=\"https:\/\/semmelweis.hu\/minoseg\/files\/2018\/12\/SE-OVI-MGL-PCR-EMSZ-M01.doc\" rel=\"noopener\">SE-OVI-MGL-PCR-EMSZ-M01 &#8211; Organogram<\/a><br \/>\n<a href=\"https:\/\/semmelweis.hu\/minoseg\/files\/2018\/12\/SE-OVI-MGL-PCR-EMSZ-M03.doc\" rel=\"noopener\">SE-OVI-MGL-PCR-EMSZ-M03 &#8211; Munkautas\u00edt\u00e1sok (MU) \u00e9s Metodikai Le\u00edr\u00e1sok (ML) list\u00e1ja<\/a><\/li>\n<\/ul>\n<p>&nbsp;<\/p>\n<p><strong>Min\u0151s\u00e9g\u00fcgyi dokumentum &#8211; Metodikai le\u00edr\u00e1s<\/strong><\/p>\n<ul>\n<li><a href=\"https:\/\/semmelweis.hu\/minoseg\/files\/2018\/12\/SE-OVI-MGL-PCR-ML-01.doc\" rel=\"noopener\">SE-OVI-MGL-PCR-ML-01 &#8211; PCR Amplifik\u00e1ci\u00f3<\/a><br \/>\n<a href=\"https:\/\/semmelweis.hu\/minoseg\/files\/2018\/12\/SE-OVI-MGL-PCR-ML-01-M01.pdf\" rel=\"noopener\">SE-OVI-MGL-PCR-ML-01-M01 &#8211; HotStarTaq PCR rendszer k\u00e9zik\u00f6nyv<\/a><br \/>\n<a href=\"https:\/\/semmelweis.hu\/minoseg\/files\/2018\/12\/SE-OVI-MGL-PCR-ML-01-M02.pdf\" target=\"_blank\" rel=\"noopener noreferrer\">SE-OVI-MGL-PCR-ML-01-M02 &#8211; TaqMan SNP genotipiz\u00e1l\u00e1s assay<\/a><br \/>\n<a href=\"https:\/\/semmelweis.hu\/minoseg\/files\/2018\/12\/SE-OVI-MGL-PCR-ML-01-M03.pdf\" target=\"_blank\" rel=\"noopener noreferrer\">SE-OVI-MLG-PCR-ML-01-M03 &#8211; TaqMan SNP genotipiz\u00e1l\u00e1s Mastermix<\/a><br \/>\n<a href=\"https:\/\/semmelweis.hu\/minoseg\/files\/2018\/12\/SE-OVI-MGL-PCR-ML-01-M04.pdf\" target=\"_blank\" rel=\"noopener noreferrer\">SE-OVI-MGL-PCR-ML-01-M04 &#8211; OpenArray berendez\u00e9s<\/a><br \/>\n<a href=\"https:\/\/semmelweis.hu\/minoseg\/files\/2018\/12\/SE-OVI-MGL-PCR-ML-01-M05.pdf\" target=\"_blank\" rel=\"noopener noreferrer\">SE-OVI-MGL-PCR-ML-01-M05 &#8211; OpenArray munkafolyamat<\/a><br \/>\n<a href=\"https:\/\/semmelweis.hu\/minoseg\/files\/2018\/12\/SE-OVI-MGL-PCR-ML-01-M06.pdf\" target=\"_blank\" rel=\"noopener noreferrer\">SE-OVI-MGL-PCR-ML-01-M06 &#8211; OpenArray inform\u00e1ci\u00f3<\/a><br \/>\n<a href=\"https:\/\/semmelweis.hu\/minoseg\/files\/2018\/12\/SE-OVI-MGL-PCR-ML-01-M07.pdf\" target=\"_blank\" rel=\"noopener noreferrer\">SE-OVI-MGL-PCR-ML-01-M07 &#8211; OpenArray \u00fczembehelyez\u00e9s \u00e9s garancia <\/a><\/li>\n<\/ul>\n","protected":false},"excerpt":{"rendered":"<p>Min\u0151s\u00e9g\u00fcgyi dokumentumok.<\/p>\n","protected":false},"author":158,"featured_media":0,"parent":4644,"menu_order":1,"comment_status":"closed","ping_status":"closed","template":"","meta":{"_acf_changed":false,"footnotes":""},"categories":[],"tags":[],"class_list":["post-1697","page","type-page","status-publish","hentry"],"acf":[],"_links":{"self":[{"href":"https:\/\/semmelweis.hu\/minoseg\/wp-json\/wp\/v2\/pages\/1697","targetHints":{"allow":["GET"]}}],"collection":[{"href":"https:\/\/semmelweis.hu\/minoseg\/wp-json\/wp\/v2\/pages"}],"about":[{"href":"https:\/\/semmelweis.hu\/minoseg\/wp-json\/wp\/v2\/types\/page"}],"author":[{"embeddable":true,"href":"https:\/\/semmelweis.hu\/minoseg\/wp-json\/wp\/v2\/users\/158"}],"replies":[{"embeddable":true,"href":"https:\/\/semmelweis.hu\/minoseg\/wp-json\/wp\/v2\/comments?post=1697"}],"version-history":[{"count":10,"href":"https:\/\/semmelweis.hu\/minoseg\/wp-json\/wp\/v2\/pages\/1697\/revisions"}],"predecessor-version":[{"id":14394,"href":"https:\/\/semmelweis.hu\/minoseg\/wp-json\/wp\/v2\/pages\/1697\/revisions\/14394"}],"up":[{"embeddable":true,"href":"https:\/\/semmelweis.hu\/minoseg\/wp-json\/wp\/v2\/pages\/4644"}],"wp:attachment":[{"href":"https:\/\/semmelweis.hu\/minoseg\/wp-json\/wp\/v2\/media?parent=1697"}],"wp:term":[{"taxonomy":"category","embeddable":true,"href":"https:\/\/semmelweis.hu\/minoseg\/wp-json\/wp\/v2\/categories?post=1697"},{"taxonomy":"post_tag","embeddable":true,"href":"https:\/\/semmelweis.hu\/minoseg\/wp-json\/wp\/v2\/tags?post=1697"}],"curies":[{"name":"wp","href":"https:\/\/api.w.org\/{rel}","templated":true}]}}