{"id":16917,"date":"2023-01-11T08:29:43","date_gmt":"2023-01-11T07:29:43","guid":{"rendered":"https:\/\/semmelweis.hu\/minoseg\/?page_id=16917"},"modified":"2025-03-25T14:28:12","modified_gmt":"2025-03-25T13:28:12","slug":"doktori-iskola","status":"publish","type":"page","link":"https:\/\/semmelweis.hu\/minoseg\/mir-dokumentacio\/doktori-iskola\/","title":{"rendered":"DOKTORI ISKOLA"},"content":{"rendered":"<p><strong>Min\u0151s\u00e9g\u00fcgyi dokumentum &#8211; munkautas\u00edt\u00e1s<\/strong><\/p>\n<ul>\n<li><a href=\"https:\/\/semmelweis.hu\/minoseg\/files\/2007\/09\/SE-DOKHIV-MU-01.docx\">SE-DOKHIV-MU-01 &#8211; A Doktori Iskola Hivatal\u00e1nak tanulm\u00e1nyi \u00fcgyint\u00e9z\u0151ire vonatkoz\u00f3 munkautas\u00edt\u00e1sok<\/a><br \/>\n<a href=\"https:\/\/semmelweis.hu\/minoseg\/files\/2007\/09\/SE-DOKHIV-MU-01-fedlap.pdf\">SE-DOKHIV-MU-01 &#8211; fedlap<\/a><\/li>\n<\/ul>\n<ul>\n<li><a href=\"https:\/\/semmelweis.hu\/minoseg\/files\/2007\/09\/SE-DOKHIV-MU-02.docx\">SE-DOKHIV-MU-02 &#8211; Gazdas\u00e1gi \u00fcgyint\u00e9z\u0151 munkafolyamatai<\/a><br \/>\n<a href=\"https:\/\/semmelweis.hu\/minoseg\/files\/2007\/09\/SE-DOKHIV-MU-02-fedlap.pdf\">SE-DOKHIV-MU-02 &#8211; fedlap<\/a><\/li>\n<\/ul>\n","protected":false},"excerpt":{"rendered":"<p>Min\u0151s\u00e9g\u00fcgyi dokumentumok.<\/p>\n","protected":false},"author":326,"featured_media":0,"parent":123,"menu_order":11,"comment_status":"closed","ping_status":"closed","template":"","meta":{"_acf_changed":false,"footnotes":""},"categories":[],"tags":[],"class_list":["post-16917","page","type-page","status-publish","hentry"],"acf":[],"_links":{"self":[{"href":"https:\/\/semmelweis.hu\/minoseg\/wp-json\/wp\/v2\/pages\/16917","targetHints":{"allow":["GET"]}}],"collection":[{"href":"https:\/\/semmelweis.hu\/minoseg\/wp-json\/wp\/v2\/pages"}],"about":[{"href":"https:\/\/semmelweis.hu\/minoseg\/wp-json\/wp\/v2\/types\/page"}],"author":[{"embeddable":true,"href":"https:\/\/semmelweis.hu\/minoseg\/wp-json\/wp\/v2\/users\/326"}],"replies":[{"embeddable":true,"href":"https:\/\/semmelweis.hu\/minoseg\/wp-json\/wp\/v2\/comments?post=16917"}],"version-history":[{"count":8,"href":"https:\/\/semmelweis.hu\/minoseg\/wp-json\/wp\/v2\/pages\/16917\/revisions"}],"predecessor-version":[{"id":19657,"href":"https:\/\/semmelweis.hu\/minoseg\/wp-json\/wp\/v2\/pages\/16917\/revisions\/19657"}],"up":[{"embeddable":true,"href":"https:\/\/semmelweis.hu\/minoseg\/wp-json\/wp\/v2\/pages\/123"}],"wp:attachment":[{"href":"https:\/\/semmelweis.hu\/minoseg\/wp-json\/wp\/v2\/media?parent=16917"}],"wp:term":[{"taxonomy":"category","embeddable":true,"href":"https:\/\/semmelweis.hu\/minoseg\/wp-json\/wp\/v2\/categories?post=16917"},{"taxonomy":"post_tag","embeddable":true,"href":"https:\/\/semmelweis.hu\/minoseg\/wp-json\/wp\/v2\/tags?post=16917"}],"curies":[{"name":"wp","href":"https:\/\/api.w.org\/{rel}","templated":true}]}}