{"id":16855,"date":"2022-12-20T09:09:06","date_gmt":"2022-12-20T08:09:06","guid":{"rendered":"https:\/\/semmelweis.hu\/minoseg\/?page_id=16855"},"modified":"2025-04-01T13:41:56","modified_gmt":"2025-04-01T11:41:56","slug":"kommunikacios-igazgatosag","status":"publish","type":"page","link":"https:\/\/semmelweis.hu\/minoseg\/mir-dokumentacio\/kozponti-szervezeti-egysegek\/marketing-es-kommunikacios-foigazgatosag\/kommunikacios-igazgatosag\/","title":{"rendered":"Kommunik\u00e1ci\u00f3s Igazgat\u00f3s\u00e1g"},"content":{"rendered":"<p><strong>Min\u0151s\u00e9g\u00fcgyi dokumentum &#8211; munkautas\u00edt\u00e1s<\/strong><\/p>\n<ul>\n<li><a href=\"https:\/\/semmelweis.hu\/minoseg\/files\/2023\/01\/SE-KI-MU-01.docx\">SE-KI-MU-01 &#8211; Alhonlapok k\u00e9sz\u00edt\u00e9se \u00e9s fel\u00fcgyelete a k\u00f6zponti honlaprendszerben<\/a><br \/>\n<a href=\"https:\/\/semmelweis.hu\/minoseg\/files\/2023\/01\/SE-KI-MU-01-fedlap.pdf\">SE-KI-MU-01- fedlap<\/a><\/li>\n<\/ul>\n<ul>\n<li><a href=\"https:\/\/semmelweis.hu\/minoseg\/files\/2023\/01\/SE-KI-MU-02.docx\">SE-KI-MU-02- Sajt\u00f3figyel\u00e9s<\/a><br \/>\n<a href=\"https:\/\/semmelweis.hu\/minoseg\/files\/2023\/01\/SE-KI-MU-02-fedlap.pdf\">SE-KI-MU-02 &#8211; fedlap<\/a><\/li>\n<\/ul>\n<ul>\n<li><a href=\"https:\/\/semmelweis.hu\/minoseg\/files\/2023\/01\/SE-KI-MU-03.docx\">SE-KI-MU-03 &#8211; Sajt\u00f3megkeres\u00e9sek kezel\u00e9se<\/a><br \/>\n<a href=\"https:\/\/semmelweis.hu\/minoseg\/files\/2023\/01\/SE-KI-MU-03-fedlap.pdf\">SE-KI-MU-03 &#8211; fedlap<\/a><\/li>\n<\/ul>\n<ul>\n<li><a href=\"https:\/\/semmelweis.hu\/minoseg\/files\/2023\/01\/SE-KI-MU-04.docx\">SE-KI-MU-04 &#8211; Sajt\u00f3t\u00e1j\u00e9koztat\u00f3k szervez\u00e9se<\/a><br \/>\n<a href=\"https:\/\/semmelweis.hu\/minoseg\/files\/2023\/01\/SE-KI-MU-04-fedlap.pdf\">SE-KI-MU-04 &#8211; fedlap<\/a><\/li>\n<\/ul>\n<ul>\n<li><a href=\"https:\/\/semmelweis.hu\/minoseg\/files\/2023\/01\/SE-KI-MU-05.docx\">SE-KI-MU-05 &#8211; Cikk\u00edr\u00e1s \u00e9s a H\u00edrport\u00e1l tartalmi m\u0171k\u00f6dtet\u00e9se<\/a><br \/>\n<a href=\"https:\/\/semmelweis.hu\/minoseg\/files\/2023\/01\/SE-KI-MU-05-fedlap.pdf\">SE-KI-MU-05 &#8211; fedlap<\/a><br \/>\n<a href=\"https:\/\/semmelweis.hu\/minoseg\/files\/2023\/01\/SE-KI-MU-05-M01.docx\">SE-KI-MU-05-M01 &#8211; Cikk\u00edr\u00e1si \u00fatmutat\u00f3<\/a><\/li>\n<\/ul>\n<ul>\n<li><a href=\"https:\/\/semmelweis.hu\/minoseg\/files\/2023\/01\/SE-KI-MU-06.docx\">SE-KI-MU-06 &#8211; A Semmelweis Egyetem \u00fajs\u00e1g k\u00e9sz\u00edt\u00e9se<\/a><br \/>\n<a href=\"https:\/\/semmelweis.hu\/minoseg\/files\/2023\/01\/SE-KI-MU-06-fedlap.pdf\">SE-KI-MU-06 &#8211; fedlap<\/a><\/li>\n<\/ul>\n<ul>\n<li><a href=\"https:\/\/semmelweis.hu\/minoseg\/files\/2023\/01\/SE-KI-MU-07.docx\">SE-KI-MU-07 &#8211; K\u00f6zponti fot\u00f3z\u00e1s \u00e9s az egyetemi fot\u00f3arch\u00edvum m\u0171k\u00f6dtet\u00e9se<\/a><br \/>\n<a href=\"https:\/\/semmelweis.hu\/minoseg\/files\/2023\/01\/SE-KI-MU-07-fedlap.pdf\">SE-KI-MU-07- fedlap<\/a><\/li>\n<\/ul>\n","protected":false},"excerpt":{"rendered":"<p>Min\u0151s\u00e9g\u00fcgyi dokumentumok.<\/p>\n","protected":false},"author":326,"featured_media":0,"parent":103,"menu_order":2,"comment_status":"closed","ping_status":"closed","template":"","meta":{"_acf_changed":false,"footnotes":""},"categories":[],"tags":[],"class_list":["post-16855","page","type-page","status-publish","hentry"],"acf":[],"_links":{"self":[{"href":"https:\/\/semmelweis.hu\/minoseg\/wp-json\/wp\/v2\/pages\/16855","targetHints":{"allow":["GET"]}}],"collection":[{"href":"https:\/\/semmelweis.hu\/minoseg\/wp-json\/wp\/v2\/pages"}],"about":[{"href":"https:\/\/semmelweis.hu\/minoseg\/wp-json\/wp\/v2\/types\/page"}],"author":[{"embeddable":true,"href":"https:\/\/semmelweis.hu\/minoseg\/wp-json\/wp\/v2\/users\/326"}],"replies":[{"embeddable":true,"href":"https:\/\/semmelweis.hu\/minoseg\/wp-json\/wp\/v2\/comments?post=16855"}],"version-history":[{"count":10,"href":"https:\/\/semmelweis.hu\/minoseg\/wp-json\/wp\/v2\/pages\/16855\/revisions"}],"predecessor-version":[{"id":19860,"href":"https:\/\/semmelweis.hu\/minoseg\/wp-json\/wp\/v2\/pages\/16855\/revisions\/19860"}],"up":[{"embeddable":true,"href":"https:\/\/semmelweis.hu\/minoseg\/wp-json\/wp\/v2\/pages\/103"}],"wp:attachment":[{"href":"https:\/\/semmelweis.hu\/minoseg\/wp-json\/wp\/v2\/media?parent=16855"}],"wp:term":[{"taxonomy":"category","embeddable":true,"href":"https:\/\/semmelweis.hu\/minoseg\/wp-json\/wp\/v2\/categories?post=16855"},{"taxonomy":"post_tag","embeddable":true,"href":"https:\/\/semmelweis.hu\/minoseg\/wp-json\/wp\/v2\/tags?post=16855"}],"curies":[{"name":"wp","href":"https:\/\/api.w.org\/{rel}","templated":true}]}}