{"id":1669,"date":"2013-04-02T14:17:52","date_gmt":"2013-04-02T12:17:52","guid":{"rendered":"http:\/\/wp.localhost\/?p=111"},"modified":"2025-04-02T13:25:43","modified_gmt":"2025-04-02T11:25:43","slug":"bor-nemikortani-es-boronkologiai-klinika","status":"publish","type":"page","link":"https:\/\/semmelweis.hu\/minoseg\/mir-dokumentacio\/aok-klinikak\/bor-nemikortani-es-boronkologiai-klinika\/","title":{"rendered":"B\u0151r-, Nemik\u00f3rtani \u00e9s B\u0151ronkol\u00f3giai Klinika"},"content":{"rendered":"<p><strong>Min\u0151s\u00e9g\u00fcgyi dokumentum &#8211; elj\u00e1r\u00e1s<\/strong><\/p>\n<ul>\n<li><a href=\"https:\/\/semmelweis.hu\/minoseg\/files\/2022\/04\/SE-BOR-ME-01.docx\">SE-BOR-ME-01 &#8211; Fekv\u0151beteg-ell\u00e1t\u00e1s fel\u00fcgyelete<\/a> <br \/>\n<a href=\"https:\/\/semmelweis.hu\/minoseg\/files\/2022\/04\/SE-BOR-ME-01-fedlap.pdf\">SE-BOR-ME-01 &#8211; fedlap<\/a><\/li>\n<\/ul>\n<ul>\n<li><a href=\"https:\/\/semmelweis.hu\/minoseg\/files\/2022\/05\/SE-BOR-ME-02.docx\">SE-BOR-ME-02 &#8211; J\u00e1r\u00f3beteg-ell\u00e1t\u00e1s fel\u00fcgyelete<\/a><br \/>\n<a href=\"https:\/\/semmelweis.hu\/minoseg\/files\/2022\/05\/SE-BOR-ME-02-fedlap.pdf\">SE-BOR-ME-02 &#8211; fedlap<\/a><\/li>\n<\/ul>\n<ul>\n<li><a href=\"https:\/\/semmelweis.hu\/minoseg\/files\/2022\/04\/SE-BOR-ME-03-2022-03-30.pdf\">SE-BOR-ME-03 &#8211; Az oktat\u00e1si tev\u00e9kenys\u00e9g fel\u00fcgyelete<\/a><br \/>\n<a href=\"https:\/\/semmelweis.hu\/minoseg\/files\/2022\/04\/SE-BOR-ME-03-fedlap-2022-03-30.pdf\">SE-BOR-ME-03- fedlap<\/a><br \/>\n<a href=\"https:\/\/semmelweis.hu\/minoseg\/files\/2022\/04\/SE-BOR-ME-03-M01.pdf\">SE-BOR-ME-03-M01 &#8211; Turnus ambul\u00e1ns beoszt\u00e1s minta<\/a><br \/>\n<a href=\"https:\/\/semmelweis.hu\/minoseg\/files\/2022\/04\/SE-BOR-ME-03-M02.pdf\">SE-BOR-ME-03-M02 &#8211; Turnus \u00f3rarend minta<\/a><br \/>\n<a href=\"https:\/\/semmelweis.hu\/minoseg\/files\/2022\/04\/SE-BOR-ME-03-M03.pdf\">SE-BOR-ME-03-M03 &#8211; \u00c1OK magyar el\u0151ad\u00e1s PBL jelenl\u00e9ti \u00edv minta<\/a><br \/>\n<a href=\"https:\/\/semmelweis.hu\/minoseg\/files\/2022\/04\/SE-BOR-ME-03-M04.pdf\">SE-BOR-ME-03-M04 &#8211; Jelenl\u00e9ti igazol\u00f3 minta<\/a><br \/>\n<a href=\"https:\/\/semmelweis.hu\/minoseg\/files\/2022\/04\/SE-BOR-ME-03-M05.pdf\">SE-BOR-ME-03-M05 &#8211; AOK magyar oszt\u00e1lyos csoportok minta<\/a><br \/>\n<a href=\"https:\/\/semmelweis.hu\/minoseg\/files\/2022\/04\/SE-BOR-ME-03-M06.pdf\">SE-BOR-ME-03-M06 &#8211; Vizsgalap<\/a><br \/>\n<a href=\"https:\/\/semmelweis.hu\/minoseg\/files\/2022\/04\/SE-BOR-ME-03-M07.pdf\">SE-BOR-ME-03-M07 &#8211; Rezidens \u00e9s szakorvosk\u00e9pz\u00e9s be \u00e9s kil\u00e9p\u00e9si nyomtatv\u00e1ny<\/a><\/li>\n<\/ul>\n<ul>\n<li><a href=\"https:\/\/semmelweis.hu\/minoseg\/files\/2022\/04\/SE-BOR-ME-04.pdf\">SE-BOR-ME-04 &#8211; Kutat\u00e1si tev\u00e9kenys\u00e9g fel\u00fcgyelete<\/a><br \/>\n<a href=\"https:\/\/semmelweis.hu\/minoseg\/files\/2022\/04\/SE-BOR-ME-04-fedlap.pdf\">SE-BOR-ME-04 &#8211; fedlap<\/a><\/p>\n<\/li>\n<\/ul>\n<p><strong>Min\u0151s\u00e9g\u00fcgyi dokumentum &#8211; Egys\u00e9gszint\u0171 M\u0171k\u00f6d\u00e9si Szab\u00e1lyzat<\/strong><\/p>\n<ul>\n<li><a href=\"https:\/\/semmelweis.hu\/minoseg\/files\/2022\/05\/SE-BOR-AMB-EMSZ.docx\">SE-BOR-AMB-EMSZ &#8211; \u00c1ltal\u00e1nos Ambulancia Egys\u00e9gszint\u0171 M\u0171k\u00f6d\u00e9si Szab\u00e1lyzat<\/a><br \/>\n<a href=\"https:\/\/semmelweis.hu\/minoseg\/files\/2022\/05\/SE-BOR-AMB-EMSZ-fedlap.pdf\">SE-BOR-AMB-EMSZ &#8211; fedlap<\/a><br \/>\n<a href=\"https:\/\/semmelweis.hu\/minoseg\/files\/2022\/04\/SE-BOR-AMB-EMSZ-M02.pdf\">SE-BOR-AMB-EMSZ-M02 &#8211; Metodikai le\u00edr\u00e1s\/Protokollok list\u00e1ja<\/a><\/li>\n<\/ul>\n<ul>\n<li><a href=\"https:\/\/semmelweis.hu\/minoseg\/files\/2022\/04\/SE-BOR-ABFO-EMSZ.pdf\">SE-BOR-ABFO-EMSZ &#8211; \u00c1ltal\u00e1nos B\u0151rgy\u00f3gy\u00e1szati Fekv\u0151beteg Oszt\u00e1ly<\/a><br \/>\n<a href=\"https:\/\/semmelweis.hu\/minoseg\/files\/2022\/04\/SE-BOR-ABFO-EMSZ-fedlap.pdf\">SE-BOR-ABFO-EMSZ &#8211; fedlap<\/a><br \/>\n<a href=\"https:\/\/semmelweis.hu\/minoseg\/files\/2022\/04\/SE-BOR-ABFO-EMSZ-M02.pdf\">SE-BOR-ABFO-EMSZ-M02 &#8211; Metodikai le\u00edr\u00e1s\/Protokollok list\u00e1ja<\/a><\/li>\n<\/ul>\n<ul>\n<li><a href=\"https:\/\/semmelweis.hu\/minoseg\/files\/2022\/04\/SE-BOR-AIO-EMSZ.pdf\">SE-BOR-AIO-EMSZ &#8211; Allergol\u00f3giai \u00e9s Immunol\u00f3giai Fekv\u0151beteg Oszt\u00e1ly<\/a><br \/>\n<a href=\"https:\/\/semmelweis.hu\/minoseg\/files\/2022\/04\/SE-BOR-AIO-EMSZ-fedlap.pdf\">SE-BOR-AIO-EMSZ &#8211; fedlap<\/a><br \/>\n<a href=\"https:\/\/semmelweis.hu\/minoseg\/files\/2022\/04\/SE-BOR-AIO-EMSZ-M02.pdf\">SE-BOR-AIO-EMSZ-M02 &#8211; Metodikai le\u00edr\u00e1s\/Protokollok list\u00e1ja<\/a><\/li>\n<\/ul>\n<ul>\n<li><a href=\"https:\/\/semmelweis.hu\/minoseg\/files\/2022\/04\/SE-BOR-ALL-EMSZ.pdf\">SE-BOR-ALL-EMSZ &#8211; K\u00f6zponti Allergol\u00f3giai Laborat\u00f3rium \u00e9s Szakambulancia<\/a><br \/>\n<a href=\"https:\/\/semmelweis.hu\/minoseg\/files\/2022\/04\/SE-BOR-ALL-EMSZ-fedlap.pdf\">SE-BOR-ALL-EMSZ &#8211; fedlap<\/a><br \/>\n<a href=\"https:\/\/semmelweis.hu\/minoseg\/files\/2022\/04\/SE-BOR-ALL-EMSZ-M02-.pdf\">SE-BOR-ALL-EMSZ-M02 &#8211; Metodikai le\u00edr\u00e1s\/Protokollok list\u00e1ja<\/a><\/li>\n<\/ul>\n<ul>\n<li><a href=\"https:\/\/semmelweis.hu\/minoseg\/files\/2022\/04\/SE-BOR-FENY-EMSZ.pdf\">SE-BOR-FENY-EMSZ &#8211; F\u00e9nyter\u00e1pi\u00e1s Ambulancia<\/a><br \/>\n<a href=\"https:\/\/semmelweis.hu\/minoseg\/files\/2022\/04\/SE-BOR-FENY-EMSZ-fedlap.pdf\">SE-BOR-FENY-EMSZ &#8211; fedlap<\/a><br \/>\n<a href=\"https:\/\/semmelweis.hu\/minoseg\/files\/2022\/04\/SE-BOR-FENY-EMSZ-M02-.pdf\">SE-BOR-FENY-EMSZ-M02 &#8211; Metodikai le\u00edr\u00e1s\/Protokollok list\u00e1ja<\/a><\/li>\n<\/ul>\n<ul>\n<li><a href=\"https:\/\/semmelweis.hu\/minoseg\/files\/2022\/04\/SE-BOR-GENL-EMSZ.pdf\">SE-BOR-GENL-EMSZ &#8211; Genetikai Laborat\u00f3rium<\/a><br \/>\n<a href=\"https:\/\/semmelweis.hu\/minoseg\/files\/2022\/04\/SE-BOR-GENL-EMSZ-fedlap.pdf\">SE-BOR-GENL-EMSZ &#8211; fedlap<\/a><br \/>\n<a href=\"https:\/\/semmelweis.hu\/minoseg\/files\/2022\/04\/SE-BOR-GENL-EMSZ-M02.pdf\">SE-BOR-GENL-EMSZ-M02 &#8211; Metodikai le\u00edr\u00e1s\/protokollok list\u00e1ja<\/a><\/li>\n<\/ul>\n<ul>\n<li><a href=\"https:\/\/semmelweis.hu\/minoseg\/files\/2022\/04\/SE-BOR-GYEREK-EMSZ.pdf\">SE-BOR-GYER-EMSZ &#8211; Gyermekb\u0151rgy\u00f3gy\u00e1szati Szakambulancia<\/a><br \/>\n<a href=\"https:\/\/semmelweis.hu\/minoseg\/files\/2022\/04\/SE-BOR-GYEREK-EMSZ-fedlap.pdf\">SE-BOR-GYER-EMSZ &#8211; fedlap<\/a><\/li>\n<\/ul>\n<ul>\n<li><a href=\"https:\/\/semmelweis.hu\/minoseg\/files\/2022\/05\/SE-BOR-GYT-EMSZ-2022-05-09.docx\">SE-BOR-GYT-EMSZ &#8211; Klinikai Gy\u00f3gyszert\u00e1r<\/a><br \/>\n<a href=\"https:\/\/semmelweis.hu\/minoseg\/files\/2022\/05\/SE-BOR-GYT-EMSZ-fedlap-2022-05-09.pdf\">SE-BOR-GYT-EMSZ &#8211; fedlap<\/a><\/li>\n<\/ul>\n<ul>\n<li><a href=\"https:\/\/semmelweis.hu\/minoseg\/files\/2022\/04\/SE-BOR-IFL-EMSZ.pdf\">SE-BOR-IFL-EMSZ &#8211; Immunfluoreszcens Kutat\u00f3 \u00e9s Diagnosztikai Laborat\u00f3rium<\/a><br \/>\n<a href=\"https:\/\/semmelweis.hu\/minoseg\/files\/2022\/04\/SE-BOR-IFL-EMSZ-fedlap.pdf\">SE-BOR-IFL-EMSZ &#8211; fedlap<\/a><\/li>\n<\/ul>\n<ul>\n<li><a href=\"https:\/\/semmelweis.hu\/minoseg\/files\/2022\/04\/SE-BOR-KOZM-EMSZ-2022-03-30.pdf\">SE-BOR-KOZM-EMSZ &#8211; Kozmetol\u00f3giai Szakrendel\u00e9s<\/a><br \/>\n<a href=\"https:\/\/semmelweis.hu\/minoseg\/files\/2022\/04\/SE-BOR-KOZM-EMSZ-fedlap-2022-03-30.pdf\">SE-BOR-KOZM-EMSZ -fedlap<\/a><br \/>\n<a href=\"https:\/\/semmelweis.hu\/minoseg\/files\/2022\/04\/SE-BOR-KOZM-EMSZ-M02.pdf\">SE-BOR-KOZM-EMSZ-M02 &#8211; Metodikai le\u00edr\u00e1s\/Protokollok list\u00e1ja<\/a><\/li>\n<\/ul>\n<ul>\n<li><a href=\"https:\/\/semmelweis.hu\/minoseg\/files\/2022\/04\/SE-BOR-MIK-EMSZ.pdf\">SE-BOR-MIK-EMSZ &#8211; Mikrobiol\u00f3giai Laborat\u00f3rium<\/a><br \/>\n<a href=\"https:\/\/semmelweis.hu\/minoseg\/files\/2022\/04\/SE-BOR-MIK-EMSZ-fedlap.pdf\">SE-BOR-MIK-EMSZ &#8211; fedlap<\/a><br \/>\n<a href=\"https:\/\/semmelweis.hu\/minoseg\/files\/2022\/04\/SE-BOR-MIK-EMSZ-M02.docx\">SE-BOR-MIK-EMSZ-M02 &#8211; Mikrobiol\u00f3giai laborat\u00f3rium metodikai le\u00edr\u00e1sok list\u00e1ja<\/a><br \/>\n<a href=\"https:\/\/semmelweis.hu\/minoseg\/files\/2022\/04\/SE-BOR-MIK-EMSZ-M03.docx\">SE-BOR-MIK-EMSZ-M03 &#8211; Mikrobiol\u00f3giai laborat\u00f3rium \u00e1ltal v\u00e9gzet vizsg\u00e1latok list\u00e1ja<\/a><br \/>\n<a href=\"https:\/\/semmelweis.hu\/minoseg\/files\/2022\/04\/SE-BOR-MIK-EMSZ-M04-.docx\">SE-BOR-MIK-EMSZ-M04 &#8211; Riaszt\u00f3 \u00e9rt\u00e9kek<\/a><\/li>\n<\/ul>\n<ul>\n<li><a href=\"https:\/\/semmelweis.hu\/minoseg\/files\/2022\/04\/SE-BOR-MUTO-EMSZ.pdf\">SE-BOR-MUTO-EMSZ &#8211; M\u0171t\u0151 \u00e9s K\u00f6zponti Steriliz\u00e1l\u00f3<\/a><br \/>\n<a href=\"https:\/\/semmelweis.hu\/minoseg\/files\/2022\/04\/SE-BOR-MUTO-EMSZ-fedlap.pdf\">SE-BOR-MUTO-EMSZ &#8211; fedlap<\/a><br \/>\n<a href=\"https:\/\/semmelweis.hu\/minoseg\/files\/2022\/04\/SE-BOR-MUTO-EMSZ-M02.pdf\">SE-BOR-MUTO-EMSZ-M02 &#8211; Metodikai le\u00edr\u00e1s\/Protokollok list\u00e1ja<\/a><\/li>\n<\/ul>\n<ul>\n<li><a href=\"https:\/\/semmelweis.hu\/minoseg\/files\/2022\/04\/SE-BOR-ONKA-EMSZ.pdf\">SE-BOR-ONKA-EMSZ &#8211; Onkodermatol\u00f3giai Szakambulancia<\/a><br \/>\n<a href=\"https:\/\/semmelweis.hu\/minoseg\/files\/2022\/04\/SE-BOR-ONKA-EMSZ-fedlap.pdf\">SE-BOR-ONKA-EMSZ &#8211; fedlap<\/a><br \/>\n<a href=\"https:\/\/semmelweis.hu\/minoseg\/files\/2022\/04\/SE-BOR-ONKA-EMSZ-M02.pdf\">SE-BOR-ONKA-EMSZ-M02 &#8211; Metodikai le\u00edr\u00e1s\/Protokollok list\u00e1ja<\/a><\/li>\n<\/ul>\n<ul>\n<li><a href=\"https:\/\/semmelweis.hu\/minoseg\/files\/2022\/04\/SE-BOR-ONKO-EMSZ.pdf\">SE-BOR-ONKO-EMSZ &#8211; Onkodermatol\u00f3giai fekv\u0151beteg oszt\u00e1ly<\/a><br \/>\n<a href=\"https:\/\/semmelweis.hu\/minoseg\/files\/2022\/04\/SE-BOR-ONKO-EMSZ-fedlap.pdf\">SE-BOR-ONKO-EMSZ &#8211; fedlap<\/a><br \/>\n<a href=\"https:\/\/semmelweis.hu\/minoseg\/files\/2022\/04\/SE-BOR-ONKO-EMSZ-M02.pdf\">SE-BOR-ONKO-EMSZ-M02 &#8211; Metodikai le\u00edr\u00e1s\/Protokollok list\u00e1ja<\/a><\/li>\n<\/ul>\n<ul>\n<li><a href=\"https:\/\/semmelweis.hu\/minoseg\/files\/2022\/04\/SE-BOR-PSZO-EMSZ.pdf\">SE-BOR-PSZO-EMSZ &#8211; Pszori\u00e1zis ambulancia<\/a><br \/>\n<a href=\"https:\/\/semmelweis.hu\/minoseg\/files\/2022\/04\/SE-BOR-PSZO-EMSZ-fedlap.pdf\">SE-BOR-PSZO-EMSZ &#8211; fedlap<\/a><br \/>\n<a href=\"https:\/\/semmelweis.hu\/minoseg\/files\/2022\/04\/SE-BOR-PSZO-EMSZ-M02.docx\">SE-BOR-PSZO-EMSZ-M02 &#8211; Metodikai le\u00edr\u00e1s\/Protokollok list\u00e1ja<\/a><\/li>\n<\/ul>\n<ul>\n<li><a href=\"https:\/\/semmelweis.hu\/minoseg\/files\/2022\/04\/SE-BOR-SUG-EMSZ.pdf\">SE-BOR-SUG-EMSZ &#8211; Sug\u00e1rter\u00e1pi\u00e1s Szakambulancia<\/a><br \/>\n<a href=\"https:\/\/semmelweis.hu\/minoseg\/files\/2022\/04\/SE-BOR-SUG-EMSZ-fedlap.pdf\">SE-BOR-SUG-EMSZ &#8211; fedlap<\/a><br \/>\n<a href=\"https:\/\/semmelweis.hu\/minoseg\/files\/2022\/04\/SE-BOR-SUG-EMSZ-M02.pdf\">SE-BOR-SUG-EMSZ-M02 &#8211; Metodikai le\u00edr\u00e1s\/Protokollok list\u00e1ja<\/a><\/li>\n<\/ul>\n<ul style=\"list-style-type: disc\">\n<li><a href=\"https:\/\/semmelweis.hu\/minoseg\/files\/2022\/04\/SE-BOR-STD-EMSZ.pdf\">SE-BOR-STD-EMSZ &#8211; STD Centrum<\/a><br \/>\n<a href=\"https:\/\/semmelweis.hu\/minoseg\/files\/2022\/04\/SE-BOR-STD-EMSZ-fedlap.pdf\">SE-BOR-STD-EMSZ &#8211; fedlap<\/a><\/li>\n<\/ul>\n<ul>\n<li><a href=\"https:\/\/semmelweis.hu\/minoseg\/files\/2022\/04\/SE-BOR-SZOV-EMSZ.pdf\">SE-BOR-SZOV-EMSZ &#8211; Sz\u00f6vettani Laborat\u00f3rium<\/a><br \/>\n<a href=\"https:\/\/semmelweis.hu\/minoseg\/files\/2022\/04\/SE-BOR-SZOV-EMSZ-fedlap.pdf\">SE-BOR-SZOV-EMSZ &#8211; fedlap<\/a><br \/>\n<a href=\"https:\/\/semmelweis.hu\/minoseg\/files\/2022\/04\/SE-BOR-SZOV-BA-03.doc\">SE-BOR-SZOV-BA-03 &#8211; Magas kock\u00e1zat\u00fa lelet \u00e1tad\u00f3<\/a><\/li>\n<\/ul>\n<ul>\n<li><a href=\"https:\/\/semmelweis.hu\/minoseg\/files\/2022\/04\/SE-BOR-UH-EMSZ.pdf\">SE-BOR-UH-EMSZ &#8211; Ultrahang diagnosztika<\/a><br \/>\n<a href=\"https:\/\/semmelweis.hu\/minoseg\/files\/2022\/04\/SE-BOR-UH-EMSZ-fedlap.pdf\">SE-BOR-UH-EMSZ &#8211; fedlap<\/a><br \/>\n<a href=\"https:\/\/semmelweis.hu\/minoseg\/files\/2018\/12\/SE-BOR-UH-EMSZ-M02.doc\" rel=\"noopener\">SE-BOR-UH-EMSZ-M02 &#8211; Metodikai le\u00edr\u00e1sok\/Protokollok list\u00e1ja<\/a><\/li>\n<\/ul>\n<p>&nbsp;<\/p>\n<p>&nbsp;<\/p>\n","protected":false},"excerpt":{"rendered":"<p>Min\u0151s\u00e9g\u00fcgyi dokumentumok.<\/p>\n","protected":false},"author":158,"featured_media":0,"parent":147,"menu_order":4,"comment_status":"closed","ping_status":"closed","template":"","meta":{"_acf_changed":false,"footnotes":""},"categories":[],"tags":[],"class_list":["post-1669","page","type-page","status-publish","hentry"],"acf":[],"_links":{"self":[{"href":"https:\/\/semmelweis.hu\/minoseg\/wp-json\/wp\/v2\/pages\/1669","targetHints":{"allow":["GET"]}}],"collection":[{"href":"https:\/\/semmelweis.hu\/minoseg\/wp-json\/wp\/v2\/pages"}],"about":[{"href":"https:\/\/semmelweis.hu\/minoseg\/wp-json\/wp\/v2\/types\/page"}],"author":[{"embeddable":true,"href":"https:\/\/semmelweis.hu\/minoseg\/wp-json\/wp\/v2\/users\/158"}],"replies":[{"embeddable":true,"href":"https:\/\/semmelweis.hu\/minoseg\/wp-json\/wp\/v2\/comments?post=1669"}],"version-history":[{"count":10,"href":"https:\/\/semmelweis.hu\/minoseg\/wp-json\/wp\/v2\/pages\/1669\/revisions"}],"predecessor-version":[{"id":19928,"href":"https:\/\/semmelweis.hu\/minoseg\/wp-json\/wp\/v2\/pages\/1669\/revisions\/19928"}],"up":[{"embeddable":true,"href":"https:\/\/semmelweis.hu\/minoseg\/wp-json\/wp\/v2\/pages\/147"}],"wp:attachment":[{"href":"https:\/\/semmelweis.hu\/minoseg\/wp-json\/wp\/v2\/media?parent=1669"}],"wp:term":[{"taxonomy":"category","embeddable":true,"href":"https:\/\/semmelweis.hu\/minoseg\/wp-json\/wp\/v2\/categories?post=1669"},{"taxonomy":"post_tag","embeddable":true,"href":"https:\/\/semmelweis.hu\/minoseg\/wp-json\/wp\/v2\/tags?post=1669"}],"curies":[{"name":"wp","href":"https:\/\/api.w.org\/{rel}","templated":true}]}}