{"id":1668,"date":"2013-03-04T09:43:12","date_gmt":"2013-03-04T08:43:12","guid":{"rendered":"http:\/\/wp.localhost\/?p=109"},"modified":"2025-04-02T13:33:43","modified_gmt":"2025-04-02T11:33:43","slug":"varosmajori-sziv-es-ergyogyaszati-klinika","status":"publish","type":"page","link":"https:\/\/semmelweis.hu\/minoseg\/mir-dokumentacio\/aok-klinikak\/varosmajori-sziv-es-ergyogyaszati-klinika\/","title":{"rendered":"V\u00e1rosmajori Sz\u00edv- \u00e9s \u00c9rgy\u00f3gy\u00e1szati Klinika"},"content":{"rendered":"<p><strong>Min\u0151s\u00e9g\u00fcgyi dokumentum &#8211; elj\u00e1r\u00e1s<\/strong><\/p>\n<ul>\n<li><a href=\"https:\/\/semmelweis.hu\/minoseg\/files\/2013\/03\/SE-VSZEK-ME-01.doc\">SE-VSZEK-ME-01 &#8211; Fekv\u0151beteg-ell\u00e1t\u00e1s fel\u00fcgyelete <\/a><\/li>\n<\/ul>\n<ul>\n<li><a href=\"https:\/\/semmelweis.hu\/minoseg\/files\/2013\/03\/SE-VSZEK-ME-02.doc\">SE-VSZEK-ME-02 &#8211; J\u00e1r\u00f3beteg-ell\u00e1t\u00e1s fel\u00fcgyelete<\/a><\/li>\n<\/ul>\n<p><strong>Min\u0151s\u00e9g\u00fcgyi dokumentum &#8211; Egys\u00e9gszint\u0171 M\u0171k\u00f6d\u00e9si Szab\u00e1lyzat<\/strong><\/p>\n<ul>\n<li><a href=\"https:\/\/semmelweis.hu\/minoseg\/files\/2022\/11\/SE-AOK-VSZEK-ADMIN-EMSZ-2022-10-03.doc\">SE-VSZEK-ADMIN-EMSZ &#8211; Betegforgalmi \u00e9s Finansz\u00edroz\u00e1si Oszt\u00e1ly<\/a><br \/>\n<a href=\"https:\/\/semmelweis.hu\/minoseg\/files\/2022\/11\/SE-AOK-VSZEK-ADMIN-EMSZ-2022-10-03.pdf\">SE-VSZEK-ADMIN-EMSZ &#8211; fedlap<\/a><\/li>\n<\/ul>\n<ul>\n<li><a href=\"https:\/\/semmelweis.hu\/minoseg\/files\/2019\/08\/SE-AOK-VSZEK-EFL-EMSZ.docx\">SE-AOK-VSZEK-EFL-EMSZ &#8211; Elektrofiziol\u00f3giai Labor Egys\u00e9gszint\u0171 M\u0171k\u00f6d\u00e9si Szab\u00e1lyzat<\/a><br \/>\n<a href=\"https:\/\/semmelweis.hu\/minoseg\/files\/2019\/08\/SE-AOK-VSZEK-EFL-EMSZ.pdf\">SE-AOK-VSZEK-EFL-EMSZ &#8211; fedlap<\/a><br \/>\n<a href=\"https:\/\/semmelweis.hu\/minoseg\/files\/2019\/08\/SE-AOK-VSZEK-EFL-EMSZ-M01.doc\">SE-AOK-VSZEK-EFL-EMSZ-M01 &#8211; Munkautas\u00edt\u00e1sok list\u00e1ja<\/a><\/li>\n<\/ul>\n<ul>\n<li><a href=\"https:\/\/semmelweis.hu\/minoseg\/files\/2019\/08\/SE-AOK-VSZEK-ERSEB-AMB-EMSZ.docx\">SE-AOK-VSZEK-ERSEB-AMB-EMSZ &#8211; Ambulancia<\/a> <br \/>\n<a href=\"https:\/\/semmelweis.hu\/minoseg\/files\/2019\/08\/SE-AOK-VSZEK-ERSEB-AMB-EMSZ.pdf\">SE-AOK-VSZEK-ERSEB-AMB-EMSZ &#8211; fedlap<\/a><\/li>\n<\/ul>\n<ul>\n<li><a href=\"https:\/\/semmelweis.hu\/minoseg\/files\/2019\/08\/SE-AOK-VSZEK-ERSEB-F-EMSZ.docx\">SE-AOK-VSZEK-ERSEB-F-EMSZ &#8211; \u00c9rseb\u00e9szeti Fekv\u0151beteg Oszt\u00e1lyok Egys\u00e9gszint\u0171 M\u0171k\u00f6d\u00e9si szab\u00e1lyzat<\/a><br \/>\n<a href=\"https:\/\/semmelweis.hu\/minoseg\/files\/2019\/08\/SE-AOK-VSZEK-ERSEB-F-EMSZ.pdf\">SE-AOK-VSZEK-ERSEB-F-EMSZ &#8211; fedlap<\/a><br \/>\n<a href=\"https:\/\/semmelweis.hu\/minoseg\/files\/2019\/11\/SE-AOK-VSZEK-ERSEB-F-EMSZ-M01.doc\">SE-AOK-VSZEK-ERSEB-F-EMSZ-M01 &#8211; Munkautas\u00edt\u00e1sok list\u00e1ja<\/a><\/li>\n<\/ul>\n<ul>\n<li><a href=\"https:\/\/semmelweis.hu\/minoseg\/files\/2019\/08\/SE-AOK-VSZEK-HAEM-EMSZ.docx\">SE-AOK-VSZEK-HAEM-EMSZ &#8211; Intervenci\u00f3s kardiol\u00f3giai \u00e9s radiol\u00f3giai laborok Egys\u00e9gszint\u0171 M\u0171k\u00f6d\u00e9si Szab\u00e1lyzat<\/a><br \/>\n<a href=\"https:\/\/semmelweis.hu\/minoseg\/files\/2019\/08\/SE-AOK-VSZEK-HAEM-EMSZ.pdf\">SE-AOK-VSZEK-HAEM-EMSZ &#8211; fedlap<\/a><br \/>\n<a href=\"https:\/\/semmelweis.hu\/minoseg\/files\/2019\/08\/SE-AOK-VSZEK-HAEM-EMSZ-M01.doc\">SE-AOK-VSZEK-HAEM-EMSZ-M01 &#8211; Munkautas\u00edt\u00e1sok list\u00e1ja<\/a><\/li>\n<\/ul>\n<ul>\n<li><a href=\"https:\/\/semmelweis.hu\/minoseg\/files\/2024\/06\/SE-AOK-VSZEK-KM-EMSZ-2024-05-01.docx\">SE-AOK-VSZEK-KM-EMSZ &#8211; K\u00f6zponti M\u0171t\u0151 Egys\u00e9gszint\u0171 M\u0171k\u00f6d\u00e9si Szab\u00e1lyzat<\/a><br \/>\n<a href=\"https:\/\/semmelweis.hu\/minoseg\/files\/2024\/06\/SE-AOK-VSZEK-KM-EMSZ-fedlap-2024-05.01.pdf\">SE-AOK-VSZEK-KM-EMSZ &#8211; fedlap<\/a><\/li>\n<\/ul>\n<ul>\n<li><a href=\"https:\/\/semmelweis.hu\/minoseg\/files\/2021\/08\/SE-AOK-VSZEK-LAB-EMSZ.docx\">SE-AOK-VSZEK-LAB-EMSZ &#8211; K\u00f6zponti Laborat\u00f3rium Egys\u00e9gszint\u0171 M\u0171k\u00f6d\u00e9si Szab\u00e1lyzat<\/a><br \/>\n<a href=\"https:\/\/semmelweis.hu\/minoseg\/files\/2021\/08\/SE-AOK-VSZEK-LAB-EMSZ-fedlap.pdf\">SE-AOK-VESZEK-LAB-EMSZ &#8211; fedlap<\/a><br \/>\n<a href=\"https:\/\/semmelweis.hu\/minoseg\/files\/2021\/08\/SE-AOK-VSZEK-LAB-EMSZ-M01.doc\">SE-AOK-VSZEK-LAB-EMSZ-M01 &#8211; Munkautas\u00edt\u00e1sok list\u00e1ja<\/a><br \/>\n<a href=\"https:\/\/semmelweis.hu\/minoseg\/files\/2021\/08\/SE-AOK-VSZEK-LAB-EMSZ-M02.doc\">SE-AOK-VSZEK-LAB-EMSZ-M02 &#8211; Elj\u00e1r\u00e1s felt\u00e9telezett preanalitikai mintacsere eset\u00e9n<\/a><br \/>\n<a href=\"https:\/\/semmelweis.hu\/minoseg\/files\/2021\/08\/SE-AOK-VSZEK-LAB-EMSZ-M03.doc\">SE-AOK-VSZEK-LAB-EMSZ-M03 &#8211; Preanalitikai t\u00e1j\u00e9koztat\u00f3<\/a><\/li>\n<\/ul>\n<ul>\n<li><a href=\"https:\/\/semmelweis.hu\/minoseg\/files\/2019\/08\/SE-AOK-VSZEK-KARD-F-EMSZ.docx\">SE-AOK-VSZEK-KARD-F-EMSZ &#8211; Kardiol\u00f3giai Fekv\u0151beteg-ell\u00e1t\u00e1si r\u00e9szleg<\/a><br \/>\n<a href=\"https:\/\/semmelweis.hu\/minoseg\/files\/2019\/08\/SE-AOK-VSZEK-KARD-F-EMSZ.pdf\">SE-AOK-VSZEK-KARD-FE-EMSZ &#8211; fedlap<\/a><br \/>\n<a href=\"https:\/\/semmelweis.hu\/minoseg\/files\/2019\/08\/SE-AOK-VSZEK-KARD-F-EMSZ-M01.doc\">SE-AOK-VSZEK-KARD-F-EMSZ-M01 &#8211; Munkautas\u00edt\u00e1sok list\u00e1ja<\/a><\/li>\n<\/ul>\n<ul>\n<li><a href=\"https:\/\/semmelweis.hu\/minoseg\/files\/2021\/08\/SE-AOK-VSZEK-KARD-J-EMSZ.docx\">SE-AOK-VSZEK-KARD-J-EMSZ &#8211; Kardiol\u00f3giai Szakambulanci\u00e1k Egys\u00e9gszint\u0171 M\u0171k\u00f6d\u00e9si Szab\u00e1lyzat<\/a><br \/>\n<a href=\"https:\/\/semmelweis.hu\/minoseg\/files\/2021\/08\/SE-AOK-VSZEK-KARD-J-EMSZ-fedlap.pdf\">SE-AOK-VSZEK-KARD-J-EMSZ-fedlap<\/a><br \/>\n<a href=\"https:\/\/semmelweis.hu\/minoseg\/files\/2021\/08\/SE-AOK-VSZEK-KARD-J-EMSZ-M01.doc\">SE-AOK-VSZEK-KARD-J-EMSZ-M01 &#8211; Munkautas\u00edt\u00e1sok list\u00e1ja<\/a><\/li>\n<\/ul>\n<ul>\n<li><a href=\"https:\/\/semmelweis.hu\/minoseg\/files\/2024\/06\/SE-AOK-VSZEK-KDR-EMSZ-2024-05-02.docx\">SE-AOK-VSZEK-KDR-EMSZ &#8211; Noninvaz\u00edv K\u00e9palkot\u00f3 Diagnosztika Egys\u00e9gszint\u0171 M\u0171k\u00f6d\u00e9si Szab\u00e1lyzat<\/a><br \/>\n<a href=\"https:\/\/semmelweis.hu\/minoseg\/files\/2024\/06\/SE-AOK-VSZEK-KDR-EMSZ-fedlap-2024-05-02.pdf\">SE-AOK-VSZEK-KDR-EMSZ &#8211; fedlap<\/a><br \/>\n<a href=\"https:\/\/semmelweis.hu\/minoseg\/files\/2024\/06\/SE-AOK-VSZEK-KDR-EMSZ-M01-2024-05-02.doc\">SE-AOK-VSZEK-KDR-EMSZ-M01 &#8211; Munkautas\u00edt\u00e1sok list\u00e1ja<\/a><br \/>\n<a href=\"https:\/\/semmelweis.hu\/minoseg\/files\/2024\/06\/SE-AOK-VSZEK-KDR-EMSZ-M02-2024-05-02.doc\">SE-AOK-VSZEK-KDR-EMSZ-M02 &#8211; M\u0171szerek list\u00e1ja<\/a><\/li>\n<\/ul>\n<ul>\n<li><a href=\"https:\/\/semmelweis.hu\/minoseg\/files\/2023\/06\/SE-AOK-VSZEK-KKL-EMSZ-2023-01-12.pdf\">SE-AOK-VSZEK-KKL-EMSZ &#8211; Juh\u00e1sz-Nagy S\u00e1ndor Tudom\u00e1nyos Kutat\u00f3laborat\u00f3rium<\/a><br \/>\n<a href=\"https:\/\/semmelweis.hu\/minoseg\/files\/2023\/06\/SE-AOK-VSZEK-KKL-EMSZ-fedlap-2023-01-12.pdf\">SE-AOK-VSZEK-KKL-EMSZ &#8211; fedlap<\/a><br \/>\n<a href=\"https:\/\/semmelweis.hu\/minoseg\/files\/2023\/06\/SE-AOK-VSZEK-KKL-EMSZ-M01.docx\">SE-AOK-VSZEK-KKL-EMSZ-M01 &#8211; Mikrobiol\u00f3giai Fel\u00fcgyeleti Program<\/a><\/li>\n<\/ul>\n<ul>\n<li><a href=\"https:\/\/semmelweis.hu\/minoseg\/files\/2023\/11\/SE-AOK-VSZEK-OSSEJT-LMR.docx\">SE-AOK-VSZEK-OSSEJT-LMR &#8211; \u0150ssejt Laborat\u00f3riumi M\u0171k\u00f6d\u00e9si Rend<\/a><br \/>\n<a href=\"https:\/\/semmelweis.hu\/minoseg\/files\/2023\/11\/SE-AOK-VSZEK-OSSEJT-LMR-fedlap.pdf\">SE-AOK-VSZEK-OSSEJT-LMR-fedlap<\/a><\/li>\n<\/ul>\n<ul>\n<li><a href=\"https:\/\/semmelweis.hu\/minoseg\/files\/2019\/08\/SE-AOK-VSZEK-PMM-EMSZ.docx\">SE-AOK-VSZEK-PMM-EMSZ &#8211; Pacemaker M\u0171t\u0151 Egys\u00e9gszint\u0171 M\u0171k\u00f6d\u00e9si Szab\u00e1lyzat<\/a><br \/>\n<a href=\"https:\/\/semmelweis.hu\/minoseg\/files\/2019\/08\/SE-AOK-VSZEK-PMM-EMSZ.pdf\">SE-AOK-VSZEK-PMM-EMSZ &#8211; fedlap<\/a><a href=\"https:\/\/semmelweis.hu\/minoseg\/files\/2013\/03\/SE-VSZEK-PMM-EMSZ.doc\"><br \/>\n<\/a><a href=\"https:\/\/semmelweis.hu\/minoseg\/files\/2019\/08\/SE-AOK-VSZEK-PMM-EMSZ-M01.doc\">SE-AOK-VSZEK-PMM-EMSZ-M01 &#8211; Munkautas\u00edt\u00e1sok list\u00e1ja<\/a><\/li>\n<\/ul>\n<ul>\n<li><a href=\"https:\/\/semmelweis.hu\/minoseg\/files\/2021\/02\/SE-AOK-VSZEK-SZIV-F-EMSZ.doc\">SE-AOK-VSZEK-SZIV-F-EMSZ &#8211; Sz\u00edvseb\u00e9szeti fekv\u0151beteg-ell\u00e1t\u00f3 r\u00e9szleg Egys\u00e9gszint\u0171 M\u0171k\u00f6d\u00e9si Szab\u00e1lyzat<\/a><br \/>\n<a href=\"https:\/\/semmelweis.hu\/minoseg\/files\/2021\/02\/SE-AOK-VSZEK-SZIV-F-EMSZ-fedlap-2021-02-01.pdf\">SE-AOK-VSZEK-SZIV-F-EMSZ &#8211; fedlap<\/a><br \/>\n<a href=\"https:\/\/semmelweis.hu\/minoseg\/files\/2021\/02\/SE-AOK-VSZEK-SZIV-F-EMSZ-M01.doc\">SE-AOK-VSZEK-SZIV-F-EMSZ-M01 &#8211; Munkautas\u00edt\u00e1sok list\u00e1ja<\/a><\/li>\n<\/ul>\n<ul>\n<li><a href=\"https:\/\/semmelweis.hu\/minoseg\/files\/2021\/08\/SE-AOK-VSZEK-SZIV-J-EMSZ.docx\">SE-AOK-VSZEK-SZIV-J-EMSZ &#8211; Sz\u00edvseb\u00e9szeti Szakambulancia Egys\u00e9gszint\u0171 M\u0171k\u00f6d\u00e9si Szab\u00e1lyzat<\/a><br \/>\n<a href=\"https:\/\/semmelweis.hu\/minoseg\/files\/2021\/08\/SE-AOK-VSZEK-SZIV-J-EMSZ-fedlap.pdf\">SE-AOK-VSZEK-SZIV-J-EMSZ-fedlap<\/a><\/li>\n<\/ul>\n<ul>\n<li><a href=\"https:\/\/semmelweis.hu\/minoseg\/files\/2020\/03\/SE-AOK-VSZEK-S-EMSZ.docx\">SE-AOK-VSZEK-S-EMSZ &#8211; K\u00f6zponti Steriliz\u00e1l\u00f3<\/a><br \/>\n<a href=\"https:\/\/semmelweis.hu\/minoseg\/files\/2020\/03\/SE-AOK-VSZEK-S-EMSZ.pdf\">SE-AOK-VSZEK-S-EMSZ-fedlap<\/a><\/li>\n<\/ul>\n<ul>\n<li><a href=\"https:\/\/semmelweis.hu\/minoseg\/files\/2019\/01\/SE-VSZEK-SEJT-EMSZ1.doc\" rel=\"noopener\">SE-VSZEK-SEJT-EMSZ &#8211; Sejtbiol\u00f3giai Laborat\u00f3rium Egys\u00e9gszint\u0171 M\u0171k\u00f6d\u00e9si Szab\u00e1lyzat<\/a><br \/>\n<a href=\"https:\/\/semmelweis.hu\/minoseg\/files\/2018\/11\/SE-VSZEK-SEJT-EMSZ-fedlap.jpg\" target=\"_blank\" rel=\"noopener noreferrer\">SE-VSZEK-SEJT-EMSZ-fedlap<\/a><br \/>\n<a href=\"https:\/\/semmelweis.hu\/minoseg\/files\/2013\/03\/SE-VSZEK-SEJT-EMSZ-M01.doc\">SE-VSZEK-SEJT-EMSZ-M01 &#8211; Munkautas\u00edt\u00e1sok list\u00e1ja<\/a><\/li>\n<\/ul>\n<ul>\n<li><a href=\"https:\/\/semmelweis.hu\/minoseg\/files\/2021\/08\/SE-AOK-VSZEK-V-EMSZ.docx\">SE-AOK-VSZEK-V-EMSZ &#8211; V\u00e9rell\u00e1t\u00f3<\/a><br \/>\n<a href=\"https:\/\/semmelweis.hu\/minoseg\/files\/2021\/08\/SE-AOK-VSZEK-V-EMSZ-fedlap.pdf\">SE-AOK-VSZEK-V-EMSZ-fedlap<\/a><br \/>\n<a href=\"https:\/\/semmelweis.hu\/minoseg\/files\/2021\/08\/SE-AOK-VSZEK-V-MUSZER.xlsx\">SE-AOK-VSZEK-V-MUSZER- Eszk\u00f6z\/m\u0171szer nyilv\u00e1ntart\u00f3<\/a><br \/>\n<a href=\"https:\/\/semmelweis.hu\/minoseg\/files\/2021\/08\/SE-AOK-VSZEK-V-VERMELEGITO.xlsx\">SE-AOK-VSZEK-V-VERMELEGITO &#8211; V\u00e9rmeleg\u00edt\u0151 biztons\u00e1gi adatlap<\/a><br \/>\n<a href=\"https:\/\/semmelweis.hu\/minoseg\/files\/2021\/08\/SE-AOK-VSZEK-V-HUTOELL.doc\">SE-AOK-VSZEK-V-HUTOELL &#8211; H\u0151m\u00e9rs\u00e9klet ellen\u0151rz\u0151 lap\/H\u0171t\u0151<\/a><br \/>\n<a href=\"https:\/\/semmelweis.hu\/minoseg\/files\/2021\/08\/SE-AOK-VSZEK-V-FFPELL.doc\">SE-AOK-VSZEK-V-FFPELL &#8211; H\u0151m\u00e9rs\u00e9klet ellen\u0151rz\u0151 lap\/FFP<\/a><\/li>\n<\/ul>\n","protected":false},"excerpt":{"rendered":"<p>Min\u0151s\u00e9g\u00fcgyi dokumentumok.<\/p>\n","protected":false},"author":158,"featured_media":0,"parent":147,"menu_order":20,"comment_status":"closed","ping_status":"closed","template":"","meta":{"_acf_changed":false,"footnotes":""},"categories":[],"tags":[],"class_list":["post-1668","page","type-page","status-publish","hentry"],"acf":[],"_links":{"self":[{"href":"https:\/\/semmelweis.hu\/minoseg\/wp-json\/wp\/v2\/pages\/1668","targetHints":{"allow":["GET"]}}],"collection":[{"href":"https:\/\/semmelweis.hu\/minoseg\/wp-json\/wp\/v2\/pages"}],"about":[{"href":"https:\/\/semmelweis.hu\/minoseg\/wp-json\/wp\/v2\/types\/page"}],"author":[{"embeddable":true,"href":"https:\/\/semmelweis.hu\/minoseg\/wp-json\/wp\/v2\/users\/158"}],"replies":[{"embeddable":true,"href":"https:\/\/semmelweis.hu\/minoseg\/wp-json\/wp\/v2\/comments?post=1668"}],"version-history":[{"count":10,"href":"https:\/\/semmelweis.hu\/minoseg\/wp-json\/wp\/v2\/pages\/1668\/revisions"}],"predecessor-version":[{"id":19642,"href":"https:\/\/semmelweis.hu\/minoseg\/wp-json\/wp\/v2\/pages\/1668\/revisions\/19642"}],"up":[{"embeddable":true,"href":"https:\/\/semmelweis.hu\/minoseg\/wp-json\/wp\/v2\/pages\/147"}],"wp:attachment":[{"href":"https:\/\/semmelweis.hu\/minoseg\/wp-json\/wp\/v2\/media?parent=1668"}],"wp:term":[{"taxonomy":"category","embeddable":true,"href":"https:\/\/semmelweis.hu\/minoseg\/wp-json\/wp\/v2\/categories?post=1668"},{"taxonomy":"post_tag","embeddable":true,"href":"https:\/\/semmelweis.hu\/minoseg\/wp-json\/wp\/v2\/tags?post=1668"}],"curies":[{"name":"wp","href":"https:\/\/api.w.org\/{rel}","templated":true}]}}