{"id":1667,"date":"2013-01-09T15:58:08","date_gmt":"2013-01-09T14:58:08","guid":{"rendered":"http:\/\/wp.localhost\/?p=103"},"modified":"2025-04-01T12:25:08","modified_gmt":"2025-04-01T10:25:08","slug":"vszek-ersebeszeti-tanszek","status":"publish","type":"page","link":"https:\/\/semmelweis.hu\/minoseg\/mir-dokumentacio\/aok-klinikak\/varosmajori-sziv-es-ergyogyaszati-klinika\/vszek-ersebeszeti-tanszek\/","title":{"rendered":"VSZEK \u00c9rseb\u00e9szeti \u00e9s Endovaszkul\u00e1ris Tansz\u00e9k"},"content":{"rendered":"<p><strong>Min\u0151s\u00e9g\u00fcgyi dokumentum &#8211; elj\u00e1r\u00e1s<\/strong><\/p>\n<ul>\n<li><a href=\"https:\/\/semmelweis.hu\/minoseg\/files\/2020\/09\/SE-AOK-ERSEB-ME-02.pdf\">SE-AOK-ERSEB-ME-02 &#8211; Kutat\u00e1si tev\u00e9kenys\u00e9g fel\u00fcgyelete<\/a><br \/>\n<a href=\"https:\/\/semmelweis.hu\/minoseg\/files\/2020\/09\/SE-AOK-ERSEB-ME-02-2020-07-01-fedlap.pdf\">SE-AOK-ERSEB-ME-02 &#8211; fedlap<\/a><\/li>\n<\/ul>\n<ul>\n<li><a href=\"https:\/\/semmelweis.hu\/minoseg\/files\/2013\/01\/SE-ERSEB-ME-03-01m.doc\">SE-ERSEB-ME-03 &#8211; Oktat\u00e1si tev\u00e9kenys\u00e9g fel\u00fcgyelete<\/a><br \/>\n<a href=\"https:\/\/semmelweis.hu\/minoseg\/files\/2013\/01\/SE-ERSEB-ME-03-01m.jpg\" target=\"_blank\" rel=\"noopener noreferrer\">SE-ERSEB-ME-03-fedlap<\/a><br \/>\n<a href=\"https:\/\/semmelweis.hu\/minoseg\/files\/2013\/01\/SE-ERSEB-ME-03-M01.doc\">SE-ERSEB-ME-03-M01 &#8211; Seb\u00e9szet III\/\u00c9rseb\u00e9szet tant\u00e1rgy le\u00edr\u00e1sa<\/a><br \/>\n<a href=\"https:\/\/semmelweis.hu\/minoseg\/files\/2013\/01\/SE-ERSEB-ME-03-M02.doc\">SE-ERSEB-ME-03-M02 &#8211; Description of Surgery III.\/Vascular surgery subject<\/a><br \/>\n<a href=\"https:\/\/semmelweis.hu\/minoseg\/files\/2013\/01\/SE-ERSEB-ME-03-M03.doc\">SE-ERSEB-ME-03-M03 &#8211; \u00c9rseb\u00e9szet Szigorl\u00f3\u00e9vi gyakorlati tematika<\/a><br \/>\n<a href=\"https:\/\/semmelweis.hu\/minoseg\/files\/2013\/01\/SE-ERSEB-ME-03-M04.docx\">SE-ERSEB-ME-03-M04\u00a0 &#8211;\u00a0Vascular surgery \u2013 Programme of clinical for last year students<br \/>\n<\/a><a href=\"https:\/\/semmelweis.hu\/minoseg\/files\/2013\/01\/SE-ERSEB-ME-03-M05.doc\">SE-ERSEB-ME-03-M05\u00a0 &#8211; Gef\u00e4sschirurgie \u2013 Thematik des Praktikums f\u00fcr 6. Studentjahr<\/a><br \/>\n<a href=\"https:\/\/semmelweis.hu\/minoseg\/files\/2013\/01\/SE-ERSEB-ME-03-M06.doc\">SE-ERSEB-ME-03-M06 &#8211; Vascularis medicina, k\u00f6telez\u0151en v\u00e1laszthat\u00f3 tant\u00e1rgy tematika<br \/>\n<\/a><a href=\"https:\/\/semmelweis.hu\/minoseg\/files\/2013\/01\/SE-ERSEB-ME-03-M07.doc\">SE-ERSEB-ME-03-M07 &#8211; Gef\u00e4\u00dfchirurgie III. \/ Beschreibung des Faches Gef\u00e4\u00dfchirurgie<\/a><\/li>\n<\/ul>\n","protected":false},"excerpt":{"rendered":"<p>Min\u0151s\u00e9g\u00fcgyi dokumentumok.<\/p>\n","protected":false},"author":158,"featured_media":0,"parent":1668,"menu_order":1,"comment_status":"closed","ping_status":"closed","template":"","meta":{"_acf_changed":false,"footnotes":""},"categories":[],"tags":[],"class_list":["post-1667","page","type-page","status-publish","hentry"],"acf":[],"_links":{"self":[{"href":"https:\/\/semmelweis.hu\/minoseg\/wp-json\/wp\/v2\/pages\/1667","targetHints":{"allow":["GET"]}}],"collection":[{"href":"https:\/\/semmelweis.hu\/minoseg\/wp-json\/wp\/v2\/pages"}],"about":[{"href":"https:\/\/semmelweis.hu\/minoseg\/wp-json\/wp\/v2\/types\/page"}],"author":[{"embeddable":true,"href":"https:\/\/semmelweis.hu\/minoseg\/wp-json\/wp\/v2\/users\/158"}],"replies":[{"embeddable":true,"href":"https:\/\/semmelweis.hu\/minoseg\/wp-json\/wp\/v2\/comments?post=1667"}],"version-history":[{"count":10,"href":"https:\/\/semmelweis.hu\/minoseg\/wp-json\/wp\/v2\/pages\/1667\/revisions"}],"predecessor-version":[{"id":19925,"href":"https:\/\/semmelweis.hu\/minoseg\/wp-json\/wp\/v2\/pages\/1667\/revisions\/19925"}],"up":[{"embeddable":true,"href":"https:\/\/semmelweis.hu\/minoseg\/wp-json\/wp\/v2\/pages\/1668"}],"wp:attachment":[{"href":"https:\/\/semmelweis.hu\/minoseg\/wp-json\/wp\/v2\/media?parent=1667"}],"wp:term":[{"taxonomy":"category","embeddable":true,"href":"https:\/\/semmelweis.hu\/minoseg\/wp-json\/wp\/v2\/categories?post=1667"},{"taxonomy":"post_tag","embeddable":true,"href":"https:\/\/semmelweis.hu\/minoseg\/wp-json\/wp\/v2\/tags?post=1667"}],"curies":[{"name":"wp","href":"https:\/\/api.w.org\/{rel}","templated":true}]}}