{"id":1666,"date":"2011-03-01T14:10:51","date_gmt":"2011-03-01T13:10:51","guid":{"rendered":"http:\/\/wp.localhost\/?p=71"},"modified":"2025-04-01T12:27:58","modified_gmt":"2025-04-01T10:27:58","slug":"i-sz-szueleszeti-es-nogyogyaszati-klinika-2","status":"publish","type":"page","link":"https:\/\/semmelweis.hu\/minoseg\/mir-dokumentacio\/aok-klinikak\/szuleszeti-es-nogyogyaszati-klinika\/i-sz-szueleszeti-es-nogyogyaszati-klinika-2\/","title":{"rendered":"Sz\u00fcl\u00e9szeti \u00e9s N\u0151gy\u00f3gy\u00e1szati Klinika &#8211; I.sz. r\u00e9szleg"},"content":{"rendered":"<p><strong>Min\u0151s\u00e9g\u00fcgyi dokumentum &#8211; elj\u00e1r\u00e1s<\/strong><\/p>\n<ul>\n<li><a href=\"https:\/\/semmelweis.hu\/minoseg\/files\/2018\/12\/SE-NOI1-ME-01.doc\" rel=\"noopener\">SE-NOI1-ME-01 &#8211; Fekv\u0151beteg-ell\u00e1t\u00e1s fel\u00fcgyelete<\/a><\/li>\n<\/ul>\n<ul>\n<li><a href=\"https:\/\/semmelweis.hu\/minoseg\/files\/2018\/12\/SE-NOI1-ME-02.doc\" rel=\"noopener\">SE-NOI1-ME-M02 &#8211; J\u00e1r\u00f3beteg-ell\u00e1t\u00e1s fel\u00fcgyelete<\/a><\/li>\n<\/ul>\n<ul>\n<li><a href=\"https:\/\/semmelweis.hu\/minoseg\/files\/2018\/12\/SE-NOI1-ME-03.doc\" rel=\"noopener\">SE-NOI1-ME-M03 &#8211; Az oktat\u00e1si tev\u00e9kenys\u00e9g fel\u00fcgyelete<\/a><\/li>\n<\/ul>\n<ul>\n<li><a href=\"https:\/\/semmelweis.hu\/minoseg\/files\/2018\/04\/SE-NOI1-ME-04.doc\">SE-NOI1-ME-04 &#8211; Kutat\u00e1si tev\u00e9kenys\u00e9g fel\u00fcgyelete<\/a><br \/>\n<a href=\"https:\/\/semmelweis.hu\/minoseg\/files\/2018\/04\/SE-NOI1-ME-04.pdf\" target=\"_blank\" rel=\"noopener noreferrer\">SE-NOI1-ME-04 &#8211; fedlap<\/a><\/li>\n<\/ul>\n<p><strong>Min\u0151s\u00e9g\u00fcgyi dokumentum &#8211; Egys\u00e9gszint\u0171 M\u0171k\u00f6d\u00e9si Szab\u00e1lyzat<\/strong><\/p>\n<ul>\n<li><a href=\"https:\/\/semmelweis.hu\/minoseg\/files\/2018\/04\/SE-NOI1-APVEZ-EMSZ.doc\">SE-NOI1-APVEZ-EMSZ &#8211; \u00c1pol\u00e1svezet\u00e9s Egys\u00e9gszint\u0171 M\u0171k\u00f6d\u00e9si Szab\u00e1lyzat<\/a><br \/>\n<a href=\"https:\/\/semmelweis.hu\/minoseg\/files\/2018\/04\/SE-NOI1-APVEZ-EMSZ-fedlap.pdf\" target=\"_blank\" rel=\"noopener noreferrer\">SE-NOI1-APVEZ-EMSZ &#8211; fedlap<\/a><br \/>\n<a href=\"https:\/\/semmelweis.hu\/minoseg\/files\/2018\/04\/SE-NOI1-APVEZ-EMSZ-M01.docx\">SE-NOI1-APVEZ-EMSZ-M01 &#8211; Klinik\u00e1n haszn\u00e1lt munkautas\u00edt\u00e1sok list\u00e1ja<\/a><br \/>\n<a href=\"https:\/\/semmelweis.hu\/minoseg\/files\/2018\/04\/SE-NOI1-APVEZ-EMSZ-M02.docx\">SE-NOI1-APVEZ-EMSZ-M02 &#8211; T\u00e1j\u00e9koztat\u00f3 \u00faj bel\u00e9p\u0151 dolgoz\u00f3knak<\/a><br \/>\n<a href=\"https:\/\/semmelweis.hu\/minoseg\/files\/2018\/04\/SE-NOI1-APVEZ-EMSZ-M03.docx\">SE-NOI1-APVEZ-EMSZ-M03 &#8211; Szem\u00e9lyi adatlap (szakdolgoz\u00f3knak)<\/a><br \/>\n<a href=\"https:\/\/semmelweis.hu\/minoseg\/files\/2018\/04\/SE-NOI1-APVEZ-EMSZ-M04.docx\">SE-NOI1-APVEZ-EMSZ-M04 &#8211; Szem\u00e9lyi adatlap (nem szakdolgoz\u00f3knak)<\/a><br \/>\n<a href=\"https:\/\/semmelweis.hu\/minoseg\/files\/2018\/04\/SE-NOI1-APVEZ-EMSZ-M05.docx\">SE-NOI1-APVEZ-EMSZ-M05 &#8211; \u00daj dolgoz\u00f3k vezet\u0151i v\u00e9lem\u00e9nyez\u00e9se<\/a><\/li>\n<\/ul>\n<ul>\n<li><a href=\"https:\/\/semmelweis.hu\/minoseg\/files\/2018\/12\/SE-NOI1-GAZD-EMSZ.doc\" rel=\"noopener\">SE-NOI1-GAZD-EMSZ &#8211; Gazdas\u00e1gi Csoport Egys\u00e9gszint\u0171 M\u0171k\u00f6d\u00e9si Szab\u00e1lyzat<\/a><\/li>\n<\/ul>\n<ul>\n<li><a href=\"https:\/\/semmelweis.hu\/minoseg\/files\/2018\/12\/SE-NOI1-MUSZ-EMSZ.doc\" rel=\"noopener\">SE-NOI1-MUSZ-EMSZ &#8211; M\u0171szaki Csoport Egys\u00e9gszint\u0171 M\u0171k\u00f6d\u00e9si Szab\u00e1lyzat<\/a><\/li>\n<\/ul>\n<ul>\n<li><a href=\"https:\/\/semmelweis.hu\/minoseg\/files\/2019\/01\/SE-NOI1-CYTO-EMSZ.doc\" rel=\"noopener\">SE-NOI1-CYTO-EMSZ &#8211; Cytol\u00f3giai Laborat\u00f3rium Egys\u00e9gszint\u0171 M\u0171k\u00f6d\u00e9si Szab\u00e1lyzat<\/a><\/li>\n<\/ul>\n<ul>\n<li><a href=\"https:\/\/semmelweis.hu\/minoseg\/files\/2018\/12\/SE-NOI1-GENL-EMSZ.doc\" rel=\"noopener\">SE-NOI1-GENL-EMSZ &#8211; Genetikai Laborat\u00f3rium Egys\u00e9gszint\u0171 M\u0171k\u00f6d\u00e9si Szab\u00e1lyzat <\/a><\/li>\n<\/ul>\n<ul>\n<li><a href=\"https:\/\/semmelweis.hu\/minoseg\/files\/2018\/12\/SE-NOI1-OKL-EMSZ.doc\" rel=\"noopener\">SE-NOI1-OKL-EMSZ &#8211; Orvosi K\u00e9miai Laborat\u00f3rium Egys\u00e9gszint\u0171 M\u0171k\u00f6d\u00e9si Szab\u00e1lyzat<\/a><\/li>\n<\/ul>\n<ul>\n<li><a href=\"https:\/\/semmelweis.hu\/minoseg\/files\/2018\/12\/SE-NOI1-SZOVL-EMSZ.doc\" rel=\"noopener\">SE-NOI1-SZOVL-EMSZ &#8211; Sz\u00f6vettani Laborat\u00f3rium Egys\u00e9gszint\u0171 M\u0171k\u00f6d\u00e9si Szab\u00e1lyzat<\/a><\/li>\n<\/ul>\n<ul>\n<li><a href=\"https:\/\/semmelweis.hu\/minoseg\/files\/2018\/04\/SE-NOI1-UH-EMSZ.doc\">SE-NOI1-UH-EMSZ &#8211; Ultrahang-Diagnoszitikai Laborat\u00f3rium Egys\u00e9gszint\u0171 M\u0171k\u00f6d\u00e9si Szab\u00e1lyzat<\/a><br \/>\n<a href=\"https:\/\/semmelweis.hu\/minoseg\/files\/2018\/04\/SE-NOI1-UH-EMSZ-fedlap.pdf\" target=\"_blank\" rel=\"noopener noreferrer\">SE-NOI1-UH-EMSZ &#8211; fedlap<\/a><\/li>\n<\/ul>\n<ul>\n<li><a href=\"https:\/\/semmelweis.hu\/minoseg\/files\/2018\/04\/SE-NOI1-GENT-EMSZ.doc\">SE-NOI1-GENT-EMSZ &#8211; Genetikai Tan\u00e1csad\u00e1s Ambulancia Egys\u00e9gszint\u0171 M\u0171k\u00f6d\u00e9si Szab\u00e1lyzat<\/a><br \/>\n<a href=\"https:\/\/semmelweis.hu\/minoseg\/files\/2018\/04\/SE-NOI1-GENT-EMSZ-fedlap.pdf\" target=\"_blank\" rel=\"noopener noreferrer\">SE-NOI1-GENT-EMSZ &#8211; fedlap<\/a><\/li>\n<\/ul>\n<ul>\n<li><a href=\"https:\/\/semmelweis.hu\/minoseg\/files\/2018\/04\/SE-NOI1-NAMB-EMSZ.doc\" rel=\"noopener\">SE-NOI1-NAMB-EMSZ &#8211; N\u0151gy\u00f3gy\u00e1szati Ambulanci\u00e1k Egys\u00e9gszint\u0171 M\u0171k\u00f6d\u00e9si Szab\u00e1lyzat<\/a><br \/>\n<a href=\"https:\/\/semmelweis.hu\/minoseg\/files\/2018\/04\/SE-NOI1-NAMB-EMSZ-fedlap.pdf\" target=\"_blank\" rel=\"noopener noreferrer\">SE-NOI1-NAMB-EMSZ &#8211; fedlap<\/a><\/li>\n<\/ul>\n<ul>\n<li><a href=\"https:\/\/semmelweis.hu\/minoseg\/files\/2018\/04\/SE-NOI1-TAMB-EMSZ.doc\">SE-NOI1-TAMB-EMSZ &#8211; Terhes ambulancia Egys\u00e9gszint\u0171 M\u0171k\u00f6d\u00e9si Szab\u00e1lyzat<\/a><br \/>\n<a href=\"https:\/\/semmelweis.hu\/minoseg\/files\/2018\/04\/SE-NOI1-TAMB-EMSZ-fedlap.pdf\" target=\"_blank\" rel=\"noopener noreferrer\">SE-NOI1-TAMB-EMSZ &#8211; fedlap<\/a><\/li>\n<\/ul>\n<ul>\n<li><a href=\"https:\/\/semmelweis.hu\/minoseg\/files\/2018\/12\/SE-NOI1-ARO-EMSZ.docx\" rel=\"noopener\">SE-NOI1-ARO-EMSZ &#8211; Assziszt\u00e1lt Reprodukci\u00f3s Oszt\u00e1ly Egys\u00e9gszint\u0171 M\u0171k\u00f6d\u00e9si Szab\u00e1lyzat<\/a><\/li>\n<\/ul>\n<ul>\n<li><a href=\"https:\/\/semmelweis.hu\/minoseg\/files\/2018\/12\/SE-NOI1-GYA-EMSZ.doc\" rel=\"noopener\">SE-NOI1-GYA-EMSZ &#8211; Gyermek\u00e1gyas Oszt\u00e1ly Egys\u00e9gszint\u0171 M\u0171k\u00f6d\u00e9si Szab\u00e1lyzat<\/a><\/li>\n<\/ul>\n<ul>\n<li><a href=\"https:\/\/semmelweis.hu\/minoseg\/files\/2018\/04\/SE-NOI1-MUTO-EMSZ.doc\"> SE-NOI1-MUTO-EMSZ &#8211; M\u0171t\u0151 R\u00e9szleg Egys\u00e9gszint\u0171 M\u0171k\u00f6d\u00e9si Szab\u00e1lyzat<\/a><br \/>\n<a href=\"https:\/\/semmelweis.hu\/minoseg\/files\/2018\/04\/SE-NOI1-MUTO-EMSZ-fedlap.pdf\" target=\"_blank\" rel=\"noopener noreferrer\">SE-NOI1-MUTO-EMSZ &#8211; fedlap<\/a><\/li>\n<\/ul>\n<ul>\n<li><a href=\"https:\/\/semmelweis.hu\/minoseg\/files\/2018\/04\/SE-NOI1-NIC-EMSZ.doc\">SE-NOI1-NIC-EMSZ &#8211; Neonatalis Intenz\u00edv Centrum Egys\u00e9gszint\u0171 M\u0171k\u00f6d\u00e9si Szab\u00e1lyzat<\/a><br \/>\n<a href=\"https:\/\/semmelweis.hu\/minoseg\/files\/2018\/04\/SE-NOI1-NIC-EMSZ-fedlap.pdf\" target=\"_blank\" rel=\"noopener noreferrer\">SE-NOI1-NIC-EMSZ &#8211; fedlap<\/a><\/li>\n<\/ul>\n<ul>\n<li><a href=\"https:\/\/semmelweis.hu\/minoseg\/files\/2018\/04\/SE-NOI1-NOO-EMSZ.doc\">SE-NOI1-NOO-EMSZ &#8211; N\u0151gy\u00f3gy\u00e1szati Oszt\u00e1ly Egys\u00e9gszint\u0171 M\u0171k\u00f6d\u00e9si Szab\u00e1lyzat<\/a><br \/>\n<a href=\"https:\/\/semmelweis.hu\/minoseg\/files\/2018\/04\/SE-NOI1-NOO-EMSZ-fedlap.pdf\" target=\"_blank\" rel=\"noopener noreferrer\">SE-NOI1-NOO-EMSZ &#8211; fedlap<\/a><\/li>\n<\/ul>\n<ul>\n<li><a href=\"https:\/\/semmelweis.hu\/minoseg\/files\/2018\/04\/SE-NOI1-POO-EMSZ.doc\">SE-NOI1-POO-EMSZ &#8211; Posztoperat\u00edv \u0150rz\u0151 Oszt\u00e1ly Egys\u00e9gszint\u0171 M\u0171k\u00f6d\u00e9si Szab\u00e1lyzat<\/a><br \/>\n<a href=\"https:\/\/semmelweis.hu\/minoseg\/files\/2018\/04\/SE-NOI1-POO-EMSZ-fedlap.pdf\" target=\"_blank\" rel=\"noopener noreferrer\"> SE-NOI1-POO-EMSZ &#8211; fedlap<\/a><\/li>\n<\/ul>\n<ul>\n<li><a href=\"https:\/\/semmelweis.hu\/minoseg\/files\/2018\/04\/SE-NOI1-PAV1-EMSZ.doc\">SE-NOI1-PAV1-EMSZ &#8211; Onkol\u00f3giai Oszt\u00e1ly Egys\u00e9gszint\u0171 M\u0171k\u00f6d\u00e9si Szab\u00e1lyzat<\/a><br \/>\n<a href=\"https:\/\/semmelweis.hu\/minoseg\/files\/2018\/04\/SE-NOI1-PAV1-EMSZ-fedlap.pdf\" target=\"_blank\" rel=\"noopener noreferrer\">SE-NOI1-PAV1-EMSZ &#8211; fedlap<\/a><\/li>\n<\/ul>\n<ul>\n<li><a href=\"https:\/\/semmelweis.hu\/minoseg\/files\/2018\/12\/SE-NOI1-PAV2-EMSZ.doc\" rel=\"noopener\">SE-NOI1-PAV2-EMSZ &#8211; Pavilon II.emeleti Speci\u00e1lis Sz\u00fcl\u00e9szeti \u00e9s N\u0151gy\u00f3gy\u00e1szati Oszt\u00e1ly Egys\u00e9gszint\u0171 M\u0171k\u00f6d\u00e9si Szab\u00e1lyzat<\/a><\/li>\n<\/ul>\n<ul>\n<li><a href=\"https:\/\/semmelweis.hu\/minoseg\/files\/2018\/12\/SE-NOI1-STERIL-EMSZ.docx\" rel=\"noopener\">SE-NOI1-STERIL-EMSZ &#8211; K\u00f6zponti Steriliz\u00e1l\u00f3 Egys\u00e9gszint\u0171 M\u0171k\u00f6d\u00e9si Szab\u00e1lyzat<\/a><\/li>\n<\/ul>\n<ul>\n<li><a href=\"https:\/\/semmelweis.hu\/minoseg\/files\/2018\/12\/SE-NOI1-TER-EMSZ.doc\" rel=\"noopener\">SE-NOI1-TER-EMSZ &#8211; Terhes Oszt\u00e1ly Egys\u00e9gszint\u0171 M\u0171k\u00f6d\u00e9si Szab\u00e1lyzat<\/a><\/li>\n<\/ul>\n<ul>\n<li><a href=\"https:\/\/semmelweis.hu\/minoseg\/files\/2018\/04\/SE-NOI1-SZSZ-EMSZ.doc\">SE-NOI1-SZSZ-EMSZ &#8211; Sz\u00fcl\u0151szoba Egys\u00e9gszint\u0171 M\u0171k\u00f6d\u00e9si Szab\u00e1lyzat<\/a><br \/>\n<a href=\"https:\/\/semmelweis.hu\/minoseg\/files\/2018\/04\/SE-NOI1-SZSZ-EMSZ-fedlap.pdf\" target=\"_blank\" rel=\"noopener noreferrer\">SE-NOI1-SZSZ-EMSZ &#8211; fedlap<\/a><\/li>\n<\/ul>\n<ul>\n<li><a href=\"https:\/\/semmelweis.hu\/minoseg\/files\/2018\/04\/SE-NOI1-UJO-EMSZ.doc\"> SE-NOI1-UJO-EMSZ &#8211; \u00dajsz\u00fcl\u00f6tt Oszt\u00e1ly Egys\u00e9gszint\u0171 M\u0171k\u00f6d\u00e9si Szab\u00e1lyzat<\/a><br \/>\n<a href=\"https:\/\/semmelweis.hu\/minoseg\/files\/2018\/04\/SE-NOI1-UJO-EMSZ-fedlap.pdf\" target=\"_blank\" rel=\"noopener noreferrer\">SE-NOI1-UJO-EMSZ &#8211; fedlap<\/a><\/li>\n<\/ul>\n","protected":false},"excerpt":{"rendered":"<p>Min\u0151s\u00e9g\u00fcgyi dokumentumok.<\/p>\n","protected":false},"author":158,"featured_media":0,"parent":8835,"menu_order":1,"comment_status":"closed","ping_status":"closed","template":"","meta":{"_acf_changed":false,"footnotes":""},"categories":[],"tags":[],"class_list":["post-1666","page","type-page","status-publish","hentry"],"acf":[],"_links":{"self":[{"href":"https:\/\/semmelweis.hu\/minoseg\/wp-json\/wp\/v2\/pages\/1666","targetHints":{"allow":["GET"]}}],"collection":[{"href":"https:\/\/semmelweis.hu\/minoseg\/wp-json\/wp\/v2\/pages"}],"about":[{"href":"https:\/\/semmelweis.hu\/minoseg\/wp-json\/wp\/v2\/types\/page"}],"author":[{"embeddable":true,"href":"https:\/\/semmelweis.hu\/minoseg\/wp-json\/wp\/v2\/users\/158"}],"replies":[{"embeddable":true,"href":"https:\/\/semmelweis.hu\/minoseg\/wp-json\/wp\/v2\/comments?post=1666"}],"version-history":[{"count":10,"href":"https:\/\/semmelweis.hu\/minoseg\/wp-json\/wp\/v2\/pages\/1666\/revisions"}],"predecessor-version":[{"id":19630,"href":"https:\/\/semmelweis.hu\/minoseg\/wp-json\/wp\/v2\/pages\/1666\/revisions\/19630"}],"up":[{"embeddable":true,"href":"https:\/\/semmelweis.hu\/minoseg\/wp-json\/wp\/v2\/pages\/8835"}],"wp:attachment":[{"href":"https:\/\/semmelweis.hu\/minoseg\/wp-json\/wp\/v2\/media?parent=1666"}],"wp:term":[{"taxonomy":"category","embeddable":true,"href":"https:\/\/semmelweis.hu\/minoseg\/wp-json\/wp\/v2\/categories?post=1666"},{"taxonomy":"post_tag","embeddable":true,"href":"https:\/\/semmelweis.hu\/minoseg\/wp-json\/wp\/v2\/tags?post=1666"}],"curies":[{"name":"wp","href":"https:\/\/api.w.org\/{rel}","templated":true}]}}