{"id":166,"date":"2014-05-15T17:30:14","date_gmt":"2014-05-15T15:30:14","guid":{"rendered":"http:\/\/semmelweis.hu\/minoseg\/?page_id=166"},"modified":"2025-07-30T13:40:45","modified_gmt":"2025-07-30T11:40:45","slug":"se-me-eljarasok","status":"publish","type":"page","link":"https:\/\/semmelweis.hu\/minoseg\/mir-dokumentacio\/se-me-eljarasok\/","title":{"rendered":"SE-ME ELJ\u00c1R\u00c1SOK"},"content":{"rendered":"<div class=\"keretes w-100\">\n<h4 style=\"text-align: center\"><strong>Integr\u00e1lt Ir\u00e1ny\u00edt\u00e1si K\u00e9zik\u00f6nyv <\/strong><br \/>\n<strong>hat\u00e1lyon <span style=\"font-size: 1rem\">k\u00edv\u00fcl helyezve 2023. m\u00e1jus 3.<\/span><\/strong><\/h4>\n<\/div>\n<ul style=\"list-style-type: disc\">\n<li><a href=\"https:\/\/semmelweis.hu\/jogigfoig\/files\/2023\/05\/29_2023_4-sz-melleklet.pdf\">A Semmelweis Egyetem\u00a0Szen\u00e1tus\u00e1nak\u00a029\/2023. (IV.24.) sz\u00e1m\u00fa hat\u00e1rozata\u00a0a Szervezeti \u00e9s M\u0171k\u00f6d\u00e9si Szab\u00e1lyzat egyes rendelkez\u00e9seinek m\u00f3dos\u00edt\u00e1s\u00e1r\u00f3l \u2013 4. sz\u00e1m\u00fa mell\u00e9klet<\/a><\/li>\n<\/ul>\n<div class=\"responsive-tabs\">\n<h2 class=\"tabtitle\">K\u00f6rnyezetir\u00e1ny\u00edt\u00e1s<\/h2>\n<div class=\"tabcontent\">\n\n<ul style=\"list-style-type: disc\">\n<li><a href=\"https:\/\/semmelweis.hu\/minoseg\/files\/2014\/05\/SE-ME-04.doc\">SE-ME-04 &#8211; Jogszab\u00e1lyi \u00e9s egy\u00e9b k\u00f6vetelm\u00e9nyek azonos\u00edt\u00e1sa, nyilv\u00e1ntart\u00e1sa \u00e9s megfelel\u0151s\u00e9g\u00e9nek ki\u00e9rt\u00e9kel\u00e9se<\/a><br \/>\n<a href=\"https:\/\/semmelweis.hu\/minoseg\/files\/2014\/05\/SE-ME-04.pdf\" target=\"_blank\" rel=\"noopener noreferrer\">SE-ME-04 &#8211; fedlap<\/a><\/li>\n<\/ul>\n<hr \/>\n<ul style=\"list-style-type: disc\">\n<li><a href=\"https:\/\/semmelweis.hu\/minoseg\/files\/2014\/05\/SE-ME-05.doc\">SE-ME-05 &#8211; A k\u00f6rnyezeti t\u00e9nyez\u0151k azonos\u00edt\u00e1sa, \u00e9rt\u00e9kel\u00e9se \u00e9s nyilv\u00e1ntart\u00e1sa<\/a><br \/>\n<a href=\"https:\/\/semmelweis.hu\/minoseg\/files\/2014\/05\/SE-ME-05.pdf\" target=\"_blank\" rel=\"noopener noreferrer\">SE-ME-05 &#8211; fedlap<\/a><br \/>\n<a href=\"https:\/\/semmelweis.hu\/minoseg\/files\/2014\/05\/SE-ME-05-A01.doc\" rel=\"noopener\">SE-ME-05-A01 &#8211; K\u00f6rnyezeti t\u00e9nyez\u0151k \u00e9s hat\u00e1sok nyilv\u00e1ntart\u00e1sa<\/a><\/li>\n<\/ul>\n<hr \/>\n<ul style=\"list-style-type: disc\">\n<li><a href=\"https:\/\/semmelweis.hu\/minoseg\/files\/2014\/05\/SE-ME-06.doc\" rel=\"noopener\">SE-ME-06 &#8211; Felk\u00e9sz\u00fcl\u00e9s \u00e9s reag\u00e1l\u00e1s v\u00e9szhelyzetre<\/a><br \/>\n<a href=\"https:\/\/semmelweis.hu\/minoseg\/files\/2014\/05\/SE-ME-06.pdf\" target=\"_blank\" rel=\"noopener noreferrer\">SE-ME-06 &#8211; fedlap<\/a><\/li>\n<\/ul>\n\n<\/div><h2 class=\"tabtitle\">Energiair\u00e1ny\u00edt\u00e1s<\/h2>\n<div class=\"tabcontent\">\n\n<ul>\n<li><a href=\"https:\/\/semmelweis.hu\/minoseg\/files\/2014\/05\/SE-ME-10.doc\">SE-ME-10 &#8211; Az energetikai t\u00e9nyez\u0151k azonos\u00edt\u00e1sa, \u00e9rt\u00e9kel\u00e9se \u00e9s nyilv\u00e1ntart\u00e1sa<\/a><br \/>\n<a href=\"https:\/\/semmelweis.hu\/minoseg\/files\/2014\/05\/SE-ME-10-fedlap.pdf\" target=\"_blank\" rel=\"noopener noreferrer\">SE-ME-10 &#8211; fedlap<\/a><br \/>\n<a href=\"https:\/\/semmelweis.hu\/minoseg\/files\/2014\/05\/SE-ME-10-A1-1.docx\" target=\"_blank\" rel=\"noopener noreferrer\">SE-ME-10-A01-1 &#8211; Energetikai koncepci\u00f3 jegyz\u0151k\u00f6nyve<\/a><br \/>\n<a href=\"https:\/\/semmelweis.hu\/minoseg\/files\/2014\/05\/SE-ME-10-A01-2.pdf\">SE-ME-10-A01-2 &#8211; Energiafelm\u00e9r\u00e9si alap\u00e1llapot, ETM-ek<\/a><\/li>\n<\/ul>\n<hr \/>\n<ul>\n<li><a href=\"https:\/\/semmelweis.hu\/minoseg\/files\/2014\/05\/SE-ME-11.doc\">SE-ME-11 &#8211; Az energetikai ir\u00e1ny\u00edt\u00e1si folyamat \u00e9s nyilv\u00e1ntart\u00e1sa<\/a><br \/>\n<a href=\"https:\/\/semmelweis.hu\/minoseg\/files\/2014\/05\/SE-ME-11-fedlap.pdf\" target=\"_blank\" rel=\"noopener noreferrer\">SE-ME-11 &#8211; fedlap<\/a><br \/>\n<a href=\"https:\/\/semmelweis.hu\/minoseg\/files\/2014\/05\/SE-ME-11-A01.xlsx\">SE-ME-11-A01 &#8211; Jogszab\u00e1ly k\u00f6vet\u00e9s \u00e9s megfelel\u0151s\u00e9g (EIR)<\/a><br \/>\n<a href=\"https:\/\/semmelweis.hu\/minoseg\/files\/2014\/05\/SE-ME-11-A02.xlsx\">SE-ME-11-A02 &#8211; M\u00e9r\u00e9si pontok (SE)<\/a><br \/>\n<a href=\"https:\/\/semmelweis.hu\/minoseg\/files\/2014\/05\/SE-ME-11-M01.docx\">SE-ME-11-M01 &#8211; EIR kommunik\u00e1ci\u00f3s terv m\u00f3dszertana (SE)<\/a><br \/>\n<a href=\"https:\/\/semmelweis.hu\/minoseg\/files\/2014\/05\/SE-ME-11-M02.docx\">SE-ME-11-M02 &#8211; EIR oktat\u00e1si terv m\u00f3dszertana (SE)<\/a><\/li>\n<\/ul>\n<hr \/>\n<ul>\n<li><a href=\"https:\/\/semmelweis.hu\/minoseg\/files\/2014\/05\/SE-ME-12.doc\">SE-ME-12 &#8211; Energiair\u00e1ny\u00edt\u00e1si bels\u0151 audit<\/a><br \/>\n<a href=\"https:\/\/semmelweis.hu\/minoseg\/files\/2014\/05\/SE-ME-12-fedlap.pdf\" target=\"_blank\" rel=\"noopener noreferrer\">SE-ME-12 &#8211; fedlap<\/a><br \/>\n<a href=\"https:\/\/semmelweis.hu\/minoseg\/files\/2014\/05\/SE-ME-12-M01.doc\">SE-ME-12-M01 &#8211; Energiair\u00e1ny\u00edt\u00e1si bels\u0151 audit menete<\/a><br \/>\n<a href=\"https:\/\/semmelweis.hu\/minoseg\/files\/2014\/05\/SE-ME-12-A01.doc\">SE-ME-12-A01 &#8211; Bels\u0151 auditterv, audit nyilv\u00e1ntart\u00e1s<\/a><br \/>\n<a href=\"https:\/\/semmelweis.hu\/minoseg\/files\/2014\/05\/SE-ME-12-A02.doc\">SE-ME-12-A02 &#8211; Bels\u0151 audit jegyz\u0151k\u00f6nyv<\/a><br \/>\n<a href=\"https:\/\/semmelweis.hu\/minoseg\/files\/2014\/05\/SE-ME-12-A03.doc\">SE-ME-12-A03 &#8211; Bels\u0151 audit \u00f6sszefoglal\u00f3 jelent\u00e9s<\/a><\/li>\n<\/ul>\n<\/div><\/div>\n","protected":false},"excerpt":{"rendered":"<p>KIR-EIR dokumentumok.<\/p>\n","protected":false},"author":326,"featured_media":0,"parent":123,"menu_order":2,"comment_status":"closed","ping_status":"closed","template":"","meta":{"_acf_changed":false,"footnotes":""},"categories":[],"tags":[],"class_list":["post-166","page","type-page","status-publish","hentry"],"acf":[],"_links":{"self":[{"href":"https:\/\/semmelweis.hu\/minoseg\/wp-json\/wp\/v2\/pages\/166","targetHints":{"allow":["GET"]}}],"collection":[{"href":"https:\/\/semmelweis.hu\/minoseg\/wp-json\/wp\/v2\/pages"}],"about":[{"href":"https:\/\/semmelweis.hu\/minoseg\/wp-json\/wp\/v2\/types\/page"}],"author":[{"embeddable":true,"href":"https:\/\/semmelweis.hu\/minoseg\/wp-json\/wp\/v2\/users\/326"}],"replies":[{"embeddable":true,"href":"https:\/\/semmelweis.hu\/minoseg\/wp-json\/wp\/v2\/comments?post=166"}],"version-history":[{"count":12,"href":"https:\/\/semmelweis.hu\/minoseg\/wp-json\/wp\/v2\/pages\/166\/revisions"}],"predecessor-version":[{"id":20323,"href":"https:\/\/semmelweis.hu\/minoseg\/wp-json\/wp\/v2\/pages\/166\/revisions\/20323"}],"up":[{"embeddable":true,"href":"https:\/\/semmelweis.hu\/minoseg\/wp-json\/wp\/v2\/pages\/123"}],"wp:attachment":[{"href":"https:\/\/semmelweis.hu\/minoseg\/wp-json\/wp\/v2\/media?parent=166"}],"wp:term":[{"taxonomy":"category","embeddable":true,"href":"https:\/\/semmelweis.hu\/minoseg\/wp-json\/wp\/v2\/categories?post=166"},{"taxonomy":"post_tag","embeddable":true,"href":"https:\/\/semmelweis.hu\/minoseg\/wp-json\/wp\/v2\/tags?post=166"}],"curies":[{"name":"wp","href":"https:\/\/api.w.org\/{rel}","templated":true}]}}