{"id":1618,"date":"2007-11-25T16:16:57","date_gmt":"2007-11-25T15:16:57","guid":{"rendered":"http:\/\/wp.localhost\/?page_id=40"},"modified":"2025-04-01T13:46:30","modified_gmt":"2025-04-01T11:46:30","slug":"szak-es-tovabbkepzesi-kozpont","status":"publish","type":"page","link":"https:\/\/semmelweis.hu\/minoseg\/mir-dokumentacio\/kozponti-szervezeti-egysegek\/szak-es-tovabbkepzesi-kozpont\/","title":{"rendered":"Szak- \u00e9s Tov\u00e1bbk\u00e9pz\u00e9si K\u00f6zpont"},"content":{"rendered":"<p><strong>Min\u0151s\u00e9g\u00fcgyi dokumentum &#8211; munkautas\u00edt\u00e1sok<\/strong><\/p>\n<ul>\n<li><a href=\"https:\/\/semmelweis.hu\/minoseg\/files\/2018\/02\/SE-SZTI-FTO-MU-01-04.pdf\">SE-SZTI-FTO-MU-01-MU-04 &#8211; Munkautas\u00edt\u00e1sok<\/a><br \/>\n(01-Regisztr\u00e1ci\u00f3, nyilv\u00e1ntart\u00e1s, <br \/>\n02-P\u00e9nz\u00fcgyi tev\u00e9kenys\u00e9g, <br \/>\n03-Tov\u00e1bbk\u00e9pz\u00e9si Teljes\u00edt\u00e9si Igazol\u00e1s ki\u00e1ll\u00edt\u00e1sa, <br \/>\n04-Tanfolyamok min\u0151s\u00edt\u00e9s)<\/li>\n<\/ul>\n","protected":false},"excerpt":{"rendered":"<p>Min\u0151s\u00e9g\u00fcgyi dokumentumok.<\/p>\n","protected":false},"author":158,"featured_media":0,"parent":1621,"menu_order":15,"comment_status":"closed","ping_status":"closed","template":"","meta":{"_acf_changed":false,"footnotes":""},"categories":[],"tags":[],"class_list":["post-1618","page","type-page","status-publish","hentry"],"acf":[],"_links":{"self":[{"href":"https:\/\/semmelweis.hu\/minoseg\/wp-json\/wp\/v2\/pages\/1618","targetHints":{"allow":["GET"]}}],"collection":[{"href":"https:\/\/semmelweis.hu\/minoseg\/wp-json\/wp\/v2\/pages"}],"about":[{"href":"https:\/\/semmelweis.hu\/minoseg\/wp-json\/wp\/v2\/types\/page"}],"author":[{"embeddable":true,"href":"https:\/\/semmelweis.hu\/minoseg\/wp-json\/wp\/v2\/users\/158"}],"replies":[{"embeddable":true,"href":"https:\/\/semmelweis.hu\/minoseg\/wp-json\/wp\/v2\/comments?post=1618"}],"version-history":[{"count":10,"href":"https:\/\/semmelweis.hu\/minoseg\/wp-json\/wp\/v2\/pages\/1618\/revisions"}],"predecessor-version":[{"id":19899,"href":"https:\/\/semmelweis.hu\/minoseg\/wp-json\/wp\/v2\/pages\/1618\/revisions\/19899"}],"up":[{"embeddable":true,"href":"https:\/\/semmelweis.hu\/minoseg\/wp-json\/wp\/v2\/pages\/1621"}],"wp:attachment":[{"href":"https:\/\/semmelweis.hu\/minoseg\/wp-json\/wp\/v2\/media?parent=1618"}],"wp:term":[{"taxonomy":"category","embeddable":true,"href":"https:\/\/semmelweis.hu\/minoseg\/wp-json\/wp\/v2\/categories?post=1618"},{"taxonomy":"post_tag","embeddable":true,"href":"https:\/\/semmelweis.hu\/minoseg\/wp-json\/wp\/v2\/tags?post=1618"}],"curies":[{"name":"wp","href":"https:\/\/api.w.org\/{rel}","templated":true}]}}