{"id":1617,"date":"2007-09-05T10:28:34","date_gmt":"2007-09-05T08:28:34","guid":{"rendered":"http:\/\/wp.localhost\/?page_id=35"},"modified":"2025-04-01T13:39:18","modified_gmt":"2025-04-01T11:39:18","slug":"jogi-es-igazgatasi-foigazgatosag","status":"publish","type":"page","link":"https:\/\/semmelweis.hu\/minoseg\/mir-dokumentacio\/kozponti-szervezeti-egysegek\/jogi-es-igazgatasi-foigazgatosag\/","title":{"rendered":"Jogi \u00e9s Igazgat\u00e1si F\u0151igazgat\u00f3s\u00e1g"},"content":{"rendered":"<p><strong>JOGI \u00c9S IGAZGAT\u00c1SI F\u0150IGAZGAT\u00d3S\u00c1G<\/strong><\/p>\n<p><strong>Min\u0151s\u00e9g\u00fcgyi dokumentum &#8211; munkautas\u00edt\u00e1s<\/strong><\/p>\n<ul>\n<li><a href=\"https:\/\/semmelweis.hu\/minoseg\/files\/2007\/09\/SE-JIF-MU-04.pdf\" rel=\"noopener\">SE-JIF-MU-04 &#8211; Szerz\u0151d\u00e9sek v\u00e9lem\u00e9nyez\u00e9s\u00e9nek rendje<\/a><\/li>\n<\/ul>\n<hr \/>\n<p><span style=\"text-decoration: underline\"><strong>SZERVEZ\u00c9SI \u00c9S IGAZGAT\u00c1SI K\u00d6ZPONT<br \/>\n<\/strong><\/span><\/p>\n<p><strong>Min\u0151s\u00e9g\u00fcgyi dokumentum &#8211; munkautas\u00edt\u00e1s<\/strong><\/p>\n<ul>\n<li><a href=\"https:\/\/semmelweis.hu\/minoseg\/files\/2007\/09\/SE-JIF-III-MU-01.doc\" rel=\"noopener\">SE-JIF-III-MU-01 &#8211; Iratk\u00f6lcs\u00f6nz\u00e9sek kezel\u00e9se a K\u00f6zponti Iratt\u00e1rban<\/a><br \/>\n<a href=\"https:\/\/semmelweis.hu\/minoseg\/files\/2007\/09\/SE-JIF-III-MU-01-M01.docx\" rel=\"noopener\">SE-JIF-III-MU-01-M01 &#8211; \u00dcgyiratp\u00f3tl\u00f3 lap<\/a><br \/>\n<a href=\"https:\/\/semmelweis.hu\/minoseg\/files\/2007\/09\/SE-JIF-III-MU-01-M02.docx\" rel=\"noopener\">SE-JIF-III-MU-01-M02 &#8211; \u0150rjegy<\/a><br \/>\n<a href=\"https:\/\/semmelweis.hu\/minoseg\/files\/2007\/09\/SE-JIF-III-MU-01-M03.doc\" rel=\"noopener\">SE-JIF-III-MU-01-M03 &#8211; Megismer\u00e9si nyilatkozat<\/a><\/li>\n<\/ul>\n<ul>\n<li><a href=\"https:\/\/semmelweis.hu\/minoseg\/files\/2007\/09\/SE-JIF-MU-05.docx\">SE-JIF-MU-05 &#8211; A K\u00f6zponti Post\u00e1z\u00f3 m\u0171k\u00f6d\u00e9si rendj\u00e9r\u0151l<\/a><br \/>\n<a href=\"https:\/\/semmelweis.hu\/minoseg\/files\/2007\/09\/SE-JIF-MU-05-fedlap.pdf\">SE-JIF-MU-05-fedlap<\/a><br \/>\n<a href=\"https:\/\/semmelweis.hu\/minoseg\/files\/2007\/09\/SE-JIF-MU-05-M01.docx\">SE-JIF-MU-05-M01 \u2012 Nem bonthat\u00f3 k\u00fcldem\u00e9nyek<\/a><br \/>\n<a href=\"https:\/\/semmelweis.hu\/minoseg\/files\/2007\/09\/SE-JIF-MU-05-M02.xlsx\">SE-JIF-MU-05-M02 \u2012 Iratkezel\u00e9si rendszer el\u00e9rhetetlens\u00e9ge eset\u00e9n alkalmazand\u00f3 t\u00e1bl\u00e1zat<\/a><br \/>\n<a href=\"https:\/\/semmelweis.hu\/minoseg\/files\/2007\/09\/SE-JIF-MU-05-M03.docx\">SE-JIF-MU-05-M03 \u2012 T\u00e1j\u00e9koztat\u00f3 lev\u00e9l nem bonthat\u00f3 k\u00fcldem\u00e9nyek kezel\u00e9si rendj\u00e9r\u0151l<\/a><br \/>\n<a href=\"https:\/\/semmelweis.hu\/minoseg\/files\/2007\/09\/SE-JIF-MU-05-M04.xlsx\">SE-JIF-MU-05-M04 \u2012 Megismer\u00e9si nyilatkozat<\/a><\/li>\n<\/ul>\n<ul>\n<li><a href=\"https:\/\/semmelweis.hu\/minoseg\/files\/2007\/09\/SE-JIF-MU-06.docx\">SE-JIF-MU-06 &#8211; Iratok \u00e1tad\u00e1s-\u00e1tv\u00e9tel\u00e9nek rendje a K\u00f6zponti Iratt\u00e1r r\u00e9sz\u00e9re<\/a><br \/>\n<a href=\"https:\/\/semmelweis.hu\/minoseg\/files\/2007\/09\/SE-JIF-MU-06-fedlap.pdf\">SE-JIF-MU-06-fedlap<\/a><br \/>\n<a href=\"https:\/\/semmelweis.hu\/minoseg\/files\/2007\/09\/SE-JIF-MU-06-M01.docx\">SE-JIF-MU-06-M01 &#8211; \u00c1tad\u00e1s-\u00e1tv\u00e9teli jegyz\u0151k\u00f6nyv \u2013 minta<\/a><br \/>\n<a href=\"https:\/\/semmelweis.hu\/minoseg\/files\/2007\/09\/SE-JIF-MU-06-M02.xlsx\" rel=\"noopener\">SE-JIF-MU-06-M02 &#8211; Iratjegyz\u00e9k \u2013 minta<\/a><\/li>\n<\/ul>\n<p>&nbsp;<\/p>\n","protected":false},"excerpt":{"rendered":"<p>Min\u0151s\u00e9g\u00fcgyi dokumentumok.<\/p>\n","protected":false},"author":158,"featured_media":0,"parent":1621,"menu_order":5,"comment_status":"closed","ping_status":"closed","template":"","meta":{"_acf_changed":false,"footnotes":""},"categories":[],"tags":[],"class_list":["post-1617","page","type-page","status-publish","hentry"],"acf":[],"_links":{"self":[{"href":"https:\/\/semmelweis.hu\/minoseg\/wp-json\/wp\/v2\/pages\/1617","targetHints":{"allow":["GET"]}}],"collection":[{"href":"https:\/\/semmelweis.hu\/minoseg\/wp-json\/wp\/v2\/pages"}],"about":[{"href":"https:\/\/semmelweis.hu\/minoseg\/wp-json\/wp\/v2\/types\/page"}],"author":[{"embeddable":true,"href":"https:\/\/semmelweis.hu\/minoseg\/wp-json\/wp\/v2\/users\/158"}],"replies":[{"embeddable":true,"href":"https:\/\/semmelweis.hu\/minoseg\/wp-json\/wp\/v2\/comments?post=1617"}],"version-history":[{"count":10,"href":"https:\/\/semmelweis.hu\/minoseg\/wp-json\/wp\/v2\/pages\/1617\/revisions"}],"predecessor-version":[{"id":19820,"href":"https:\/\/semmelweis.hu\/minoseg\/wp-json\/wp\/v2\/pages\/1617\/revisions\/19820"}],"up":[{"embeddable":true,"href":"https:\/\/semmelweis.hu\/minoseg\/wp-json\/wp\/v2\/pages\/1621"}],"wp:attachment":[{"href":"https:\/\/semmelweis.hu\/minoseg\/wp-json\/wp\/v2\/media?parent=1617"}],"wp:term":[{"taxonomy":"category","embeddable":true,"href":"https:\/\/semmelweis.hu\/minoseg\/wp-json\/wp\/v2\/categories?post=1617"},{"taxonomy":"post_tag","embeddable":true,"href":"https:\/\/semmelweis.hu\/minoseg\/wp-json\/wp\/v2\/tags?post=1617"}],"curies":[{"name":"wp","href":"https:\/\/api.w.org\/{rel}","templated":true}]}}